{"id":905,"date":"2022-04-29T07:45:35","date_gmt":"2022-04-29T07:45:35","guid":{"rendered":"https:\/\/y2mate.me\/twitter-video-indir"},"modified":"2022-04-29T07:45:35","modified_gmt":"2022-04-29T07:45:35","slug":"twitter-video-indir","status":"publish","type":"page","link":"https:\/\/y2mate.me\/tr\/twitter-video-indir","title":{"rendered":"Twitter Video Indir"},"content":{"rendered":"\n<p>Kullanmak i\u00e7in s\u00fcper h\u0131zl\u0131 ve verimli bir tweet \u0130ndirici mi ar\u0131yorsunuz, ancak hangisinin en iyisi oldu\u011funa karar veremiyor musunuz? Bu g\u00fcnlerde internette \u00e7ok fazla Ymate video indiricisi oldu\u011fu do\u011fru ama \u015fimdi do\u011fru web sitesine geldiniz! Y2mate Twitter Video Downloader mp4 HD, \u00e7e\u015fitli sosyal medya sitelerinden Twitter&#8217;dan video indirme \u00fccretsiz olarak video indirmenize izin veren ak\u0131ll\u0131 bir \u00e7evrimi\u00e7i ara\u00e7t\u0131r ve <a href=\"https:\/\/twitter.com\/?lang=en\">Twitter<\/a> da bunlardan biridir. Di\u011fer sosyal payla\u015f\u0131m siteleri gibi Twitter da videolar\u0131n\u0131 indirmenize izin vermiyor ama biz bunun i\u00e7in buraday\u0131z. <em>Ymate<\/em> video indirici, kullan\u0131c\u0131lar\u0131n\u0131n en sevdikleri Twitter mate indirici videolar\u0131n\u0131 \u00e7e\u015fitli bi\u00e7imlerde (MP4, M4A ve 3GP, WEBM, MP3 ve JPG) ve kalitelerde (HD, SD) indirmelerine izin veren harika bir sunucudur.<\/p>\n\n<figure class=\"wp-block-image size-large\"><img fetchpriority=\"high\" decoding=\"async\" width=\"1024\" height=\"576\" src=\"https:\/\/y2mate.me\/wp-content\/uploads\/2022\/03\/twitter-1024x576.jpg\" alt=\"\" class=\"wp-image-763\" srcset=\"https:\/\/y2mate.me\/wp-content\/uploads\/2022\/03\/twitter-1024x576.jpg 1024w, https:\/\/y2mate.me\/wp-content\/uploads\/2022\/03\/twitter-300x169.jpg 300w, https:\/\/y2mate.me\/wp-content\/uploads\/2022\/03\/twitter-768x432.jpg 768w, https:\/\/y2mate.me\/wp-content\/uploads\/2022\/03\/twitter.jpg 1280w\" sizes=\"(max-width: 1024px) 100vw, 1024px\" \/><\/figure>\n\n<h2 class=\"wp-block-heading\" id=\"how-to-use-a-twitter-video-downloader-online\">Twitter&#8217;dan video nas\u0131l indirilir? <\/h2>\n\n<p>Twitter videolar\u0131n\u0131 indirmek i\u00e7in \u015fu basit ad\u0131mlar\u0131 uygulaman\u0131z yeterlidir:<\/p>\n\n<ul class=\"wp-block-list\"><li>twitter.com&#8217;a git<\/li><li>\u0130ndirmek istedi\u011finiz Twitter videosunun URL&#8217;sini kopyalay\u0131n.<\/li><li>Kopyalad\u0131\u011f\u0131n\u0131z URL&#8217;yi Y2mate twitter indiricisinin alan kutusuna yap\u0131\u015ft\u0131r\u0131n. <\/li><li>Twitter&#8217;\u0131 mp3 video indirmeye kaydetmek i\u00e7in &#8216;indir&#8217; d\u00fc\u011fmesine veya simgesine t\u0131klay\u0131n. <\/li><\/ul>\n\n<div class=\"schema-how-to wp-block-yoast-how-to-block\"><p class=\"schema-how-to-total-time\"><span class=\"schema-how-to-duration-time-text\">Gerekli s\u00fcre:<\/span> 1 dakika. <\/p><p class=\"schema-how-to-description\"><strong>Y2 mate-Twitter Video Downloader kullanarak Twitter Videolar\u0131n\u0131 Ad\u0131m Ad\u0131m nas\u0131l indirebilirim? <\/strong><br><em>Y2mate- Twitter Video Downloader<\/em> , Twitter videolar\u0131n\u0131 kesintisiz olarak indirmek isteyenler i\u00e7in en iyisidir. Bu ara\u00e7 her t\u00fcr cihaz\u0131 destekler. Tek yapman\u0131z gereken a\u015fa\u011f\u0131da listelenen birka\u00e7 talimat\u0131 takip etmektir ve i\u015finiz birka\u00e7 saniye i\u00e7inde yap\u0131lacakt\u0131r. <br><\/p> <ol class=\"schema-how-to-steps\"><li class=\"schema-how-to-step\" id=\"how-to-step-1638943837347\"><strong class=\"schema-how-to-step-name\"><strong>\u0130stedi\u011finiz videolar\u0131 bulun<\/strong> :<\/strong> <p class=\"schema-how-to-step-text\">Twitter.com&#8217;a giri\u015f yap\u0131n.<\/p> <\/li><li class=\"schema-how-to-step\" id=\"how-to-step-1638943948583\"><strong class=\"schema-how-to-step-name\">URL&#8217;yi kopyalay\u0131n:<\/strong> <p class=\"schema-how-to-step-text\">Ard\u0131ndan, indirmek istedi\u011finiz videoyu i\u00e7eren Twittermate sayfas\u0131na gidin ve URL&#8217;sini kopyalay\u0131n. <\/p> <\/li><li class=\"schema-how-to-step\" id=\"how-to-step-1638943986226\"><strong class=\"schema-how-to-step-name\">URL&#8217;yi yap\u0131\u015ft\u0131r\u0131n:<\/strong> <p class=\"schema-how-to-step-text\">\u015eimdi, URL&#8217;yi <a href=\"https:\/\/y2mate.me\/tr\/twitter-video-indir\">y2mate.me\/twitter-video-downloader<\/a> giri\u015f metin kutusuna (yukar\u0131da) yap\u0131\u015ft\u0131r\u0131n ve &#8216;\u0130ndir&#8217; simgesine t\u0131klay\u0131n.<\/p> <\/li><li class=\"schema-how-to-step\" id=\"how-to-step-1638944008523\"><strong class=\"schema-how-to-step-name\">Bi\u00e7imi se\u00e7in:<\/strong> <p class=\"schema-how-to-step-text\">Y2mate-Twitter video indirme daha sonra videonun y\u00fcksek kaliteli twitter mp4 indir video ba\u011flant\u0131lar\u0131n\u0131 \u00e7\u0131karacak ve size videonuzu kaydetmek istedi\u011finiz kaliteyi se\u00e7me se\u00e7ene\u011fi sunacakt\u0131r. (HD veya SD). <\/p> <\/li><li class=\"schema-how-to-step\" id=\"how-to-step-1638944046331\"><strong class=\"schema-how-to-step-name\">Videolar indir:<\/strong> <p class=\"schema-how-to-step-text\">Cihaz\u0131n\u0131zda kay\u0131tl\u0131 indirilen Twitter videosunu g\u00f6r\u00fcnt\u00fcleyin. <\/p> <\/li><\/ol><\/div>\n\n<h2 class=\"wp-block-heading\" id=\"what-is-twitter\">Twitter nedir? <\/h2>\n\n<p><em>Twitter<\/em> , insanlar\u0131n &#8216;tweet&#8217; olarak bilinen mesajlar\u0131 payla\u015ft\u0131\u011f\u0131 ve etkile\u015fimde bulundu\u011fu pop\u00fcler bir Amerikan mikroblog ve sosyal a\u011f hizmetidir. Kay\u0131tl\u0131 kullan\u0131c\u0131lar\u0131n tweet&#8217;leri be\u011fenebildi\u011fi, yorumlayabildi\u011fi, payla\u015fabildi\u011fi ve retweetleyebildi\u011fi en b\u00fcy\u00fck platformlardan biridir. 2006&#8217;da ba\u015flat\u0131lan Twitter&#8217;\u0131n \u015fu anda 320 milyondan fazla ayl\u0131k aktif kullan\u0131c\u0131s\u0131 var. Twitter&#8217;\u0131n sadece basit metin tabanl\u0131 i\u00e7erikle dolu oldu\u011fu bir zaman vard\u0131, ancak \u015fimdi videolar da dahil olmak \u00fczere ba\u015fka se\u00e7enekler de ekledi. <\/p>\n\n<p>D\u00fcnyan\u0131n d\u00f6rt bir yan\u0131ndan h\u0131zl\u0131 haberler ve videolar istiyorsan\u0131z, Tweet indirici kesinlikle g\u00fcvenece\u011finiz yerdir. Ama ne yaz\u0131k ki, videolar\u0131 daha sonra kullanmak i\u00e7in kullanamayaca\u011f\u0131n\u0131z \u015fekilde g\u00f6m\u00fcl\u00fcd\u00fcr. Bir\u00e7ok kullan\u0131c\u0131 Twitter videolar\u0131n\u0131 mp4\/twitter mp4 indir indirip cihazlar\u0131na kaydetmek istiyor ama yapam\u0131yor. Bu nedenle, size yeni teknoloji ve geli\u015fmi\u015f \u00f6zelliklerle zenginle\u015ftirilmi\u015f en iyi deneyimi sunacak <em>twitter video indirme program\u0131 tan\u0131tt\u0131k<\/em>. <\/p>\n\n<p><em>Ymate video indirme<\/em> , kullan\u0131c\u0131lar\u0131n\u0131 her zaman memnun eden hatas\u0131z bir indirme deneyimi sunmay\u0131 ama\u00e7lamaktad\u0131r. Kullan\u0131c\u0131lar\u0131n\u0131n se\u00e7tikleri Twitter videolar\u0131n\u0131 indirmelerini sa\u011flar.<em> <\/em>\u00e7evrimd\u0131\u015f\u0131 olduklar\u0131nda bile daha sonra izleyin. Yapman\u0131z gereken tek \u015fey Twitter&#8217;da online olarak indirmek istedi\u011finiz videonun &#8216;URL&#8217;sini kopyalay\u0131p verilen arama kutusuna yap\u0131\u015ft\u0131rmak ve yandaki &#8216;indir simgesine&#8217; t\u0131klamak. \u0130ndiricimiz, bu web sitesini kullanmak i\u00e7in herhangi bir yaz\u0131l\u0131m veya eklenti indirmeyi veya y\u00fcklemeyi bile gerektirmez. Minimum internet verisini t\u00fcketecek \u015fekilde tasarlanm\u0131\u015ft\u0131r, ancak size en iyi kaliteyi sa\u011flayacakt\u0131r. <\/p>\n\n<p>\u00c7ok tekno bir insan olmasan\u0131z bile, bu ara\u00e7 \u015f\u00fcphesiz sizin i\u00e7in do\u011fru yer. Peki, ne var? \u0130nan\u0131lmaz <a href=\"https:\/\/y2mate.me\/tr\">Y2mate video indiricimizin<\/a> keyfini \u00e7\u0131kar\u0131n ve twitter videonuzu birka\u00e7 saniye i\u00e7inde cihazlar\u0131n\u0131za kaydedin. <\/p>\n\n<h2 class=\"wp-block-heading\" id=\"download-videos-by-using-twitter-video-download-online\">Video \u0130ndir Twitter&#8217;\u0131 Kullanarak Videolar\u0131 \u0130ndirin:<\/h2>\n\n<p>\u00c7evrimi\u00e7i twitter video indir ios HD, size en yeni teknoloji ve t\u00fcm geli\u015fmi\u015f \u00f6zelliklerle zenginle\u015ftirilmi\u015f en iyi deneyimi sunar. \u00c7evrimi\u00e7i arac\u0131m\u0131z, kullan\u0131c\u0131s\u0131na onlar\u0131 tatmin edecek hatas\u0131z bir indirme deneyimi sunmay\u0131 ama\u00e7lamaktad\u0131r. \u00dcCRETS\u0130Z olarak Twitter y2mate \u00e7evrimi\u00e7i indirme videosunu indirmelerine izin verir, b\u00f6ylece<strong> <\/strong>cihazlar\u0131nda internet ba\u011flant\u0131s\u0131 olmad\u0131\u011f\u0131nda bile onlar\u0131 daha sonra izleyin.<\/p>\n\n<p>Bu \u00e7evrimi\u00e7i ara\u00e7la Twitter videolar\u0131n\u0131 indirmek i\u00e7in, indirmek istedi\u011finiz videonun &#8216;URL&#8217;sini kopyalay\u0131p yukar\u0131da verilen metin kutusuna yap\u0131\u015ft\u0131rman\u0131z yeterlidir. \u015eimdi, yan taraftaki &#8216;indirme simgesine&#8217; dokunun. Web tabanl\u0131 y2 indiricimiz tamamen \u00fccretsizdir ve kullan\u0131c\u0131lar\u0131ndan \u00f6nceden herhangi bir yaz\u0131l\u0131m veya eklenti y\u00fcklemelerini bile istemez. Sunucusunu, kullan\u0131c\u0131lar\u0131m\u0131z\u0131n minimum internet verisini t\u00fcketecek \u015fekilde tasarlad\u0131k, ancak size en iyi kaliteyi sunacak.<\/p>\n\n<p>Do\u011fru web sitesini kullanm\u0131yorsan\u0131z, y2mate \u00e7evrimi\u00e7i video indiricisini kullanmak bazen olduk\u00e7a zor olabilir. Birden fazla ad\u0131m ve reklam nedeniyle, di\u011fer ara\u00e7lar indirme i\u015flemini karma\u015f\u0131kla\u015ft\u0131r\u0131r. Aksine, arac\u0131m\u0131z kullan\u0131c\u0131lar\u0131m\u0131z\u0131n Twitter videolar\u0131n\u0131 indirmesini \u00e7ok daha kolay hale getiriyor. Bilgisayar merakl\u0131s\u0131 olmasan\u0131z veya bu konuda \u00e7ok yeni olsan\u0131z bile, bu ara\u00e7 sizin i\u00e7in do\u011fru hedef olacakt\u0131r.<\/p>\n\n<p>Peki, \u015fimdi ne bekliyorsun? En iyi y2 video indiricimizin keyfini \u00e7\u0131kar\u0131n ve Twitter videosunu saniyeler i\u00e7inde do\u011frudan cihazlar\u0131n\u0131za kaydedin!<\/p>\n\n<h2 class=\"wp-block-heading\" id=\"frequently-asked-questions-faqs\">S\u0131k\u00e7a Sorulan Sorular- SSS:<\/h2>\n\n<div class=\"schema-faq wp-block-yoast-faq-block\"><div class=\"schema-faq-section\" id=\"faq-question-1638944247061\"><strong class=\"schema-faq-question\">1. Bu Twitter Downloader HD \u00fccretsiz mi? <\/strong> <p class=\"schema-faq-answer\">Evet, Y2mate- Twitter Video downloader, istedi\u011finiz Twitter videolar\u0131n\u0131 herhangi bir rahats\u0131zl\u0131k duymadan birka\u00e7 saniye i\u00e7inde indirmenizi sa\u011flayan \u00fccretsiz bir hizmettir. Web sitemizin yaz\u0131l\u0131m\u0131 platformdan ba\u011f\u0131ms\u0131z oldu\u011fu i\u00e7in Android, Mac, Linux PC ve hatta IOS (iPhone) ile kullanabilirsiniz. <\/p> <\/div> <div class=\"schema-faq-section\" id=\"faq-question-1638944286240\"><strong class=\"schema-faq-question\">2. \u00c7evrimi\u00e7i video indirici y2mate indirdi\u011fim videolar\u0131n bir kopyas\u0131n\u0131 tutar m\u0131? <\/strong> <p class=\"schema-faq-answer\">Hay\u0131r, tweeter i\u00e7in Y2mate-Ymate indiricisi indirdi\u011finiz videolar\u0131 saklamaz ve web sitemiz videonun herhangi bir kopyas\u0131n\u0131 tutmaz. Kullan\u0131c\u0131lar\u0131n indirme ge\u00e7mi\u015flerini takip etmedi\u011fimiz i\u00e7in Y2mate&#8217;i kullanmak tamamen g\u00fcvenli ve anonimdir.<\/p> <\/div> <div class=\"schema-faq-section\" id=\"faq-question-1638944305864\"><strong class=\"schema-faq-question\">3. Videolar\u0131m\u0131 Twitter klip \u0130ndirici&#8217;yi kullanarak indirdikten sonra nereye kaydedilecek? <\/strong> <p class=\"schema-faq-answer\">\u0130stedi\u011finiz videolar genellikle &#8216;varsay\u0131lan&#8217; olarak belirledi\u011finiz klas\u00f6re kaydedilir. Cep telefonlar\u0131n\u0131zda video, telefonunuzun &#8216;indirilenler klas\u00f6r\u00fcne&#8217; veya galerisine kaydedilir. Ancak Twitter Video indirme kullanarak Twitter videolar\u0131n\u0131 indirmek i\u00e7in bilgisayar\u0131n\u0131z\u0131 kullanaca\u011f\u0131n\u0131z zaman, bunlar bilgisayar\u0131n\u0131z\u0131n &#8216;\u0130ndirilenler&#8217; klas\u00f6r\u00fcne kaydedilir. <\/p> <\/div> <div class=\"schema-faq-section\" id=\"faq-question-1638944328590\"><strong class=\"schema-faq-question\">4. Twitter&#8217;dan Y2mate video indiricisi di\u011fer siteleri de destekliyor mu? <\/strong> <p class=\"schema-faq-answer\">Evet, ger\u00e7ekten de Y2mate \u015fu anda Likee, Instagram, Facebook, TikTok, Bandcamp, Break, Flickr, ESPN ve \u00e7ok daha fazlas\u0131 dahil olmak \u00fczere 30&#8217;dan fazla siteyi internette bulabilece\u011finiz en iyi verimlilikle desteklemektedir. Hepsi en yeni ve benzersiz \u00f6zelliklerle kullan\u0131c\u0131 dostudur.<\/p> <\/div> <div class=\"schema-faq-section\" id=\"faq-question-1638944367552\"><strong class=\"schema-faq-question\">5. <strong>Neden bu Tw<\/strong> ee <strong>t Video Downloader<\/strong> mp4&#8217;\u00fc kullanmal\u0131y\u0131m <strong>?<\/strong><br><\/strong> <p class=\"schema-faq-answer\">Bu Twitter \u0130ndiricisini \u00e7evrimi\u00e7i olarak di\u011ferlerinden farkl\u0131 k\u0131lan \u015feylerin bir listesi:<br>1. \u00dccretsiz kullan\u0131m.<br>2. Kullan\u0131c\u0131 dostu aray\u00fcz.<br>3. Videolar\u0131 HD kalitesinde indirir.<br>4. Do\u011frudan ba\u011flant\u0131 reklamlar\u0131 dahil de\u011fildir.<br>5. H\u0131zl\u0131 ve kolay.<br>6. \u00d6zel Twitter hesaplar\u0131ndan da video indirebilir.<\/p> <\/div> <\/div>\n","protected":false},"excerpt":{"rendered":"<p>Kullanmak i\u00e7in s\u00fcper h\u0131zl\u0131 ve verimli bir tweet \u0130ndirici mi ar\u0131yorsunuz, ancak hangisinin en iyisi [&#8230;..]<\/p>\n","protected":false},"author":1,"featured_media":763,"parent":0,"menu_order":0,"comment_status":"closed","ping_status":"closed","template":"","meta":{"footnotes":""},"class_list":["post-905","page","type-page","status-publish","has-post-thumbnail","hentry"],"acf":[],"aioseo_notices":[],"_links":{"self":[{"href":"https:\/\/y2mate.me\/tr\/wp-json\/wp\/v2\/pages\/905","targetHints":{"allow":["GET"]}}],"collection":[{"href":"https:\/\/y2mate.me\/tr\/wp-json\/wp\/v2\/pages"}],"about":[{"href":"https:\/\/y2mate.me\/tr\/wp-json\/wp\/v2\/types\/page"}],"author":[{"embeddable":true,"href":"https:\/\/y2mate.me\/tr\/wp-json\/wp\/v2\/users\/1"}],"replies":[{"embeddable":true,"href":"https:\/\/y2mate.me\/tr\/wp-json\/wp\/v2\/comments?post=905"}],"version-history":[{"count":1,"href":"https:\/\/y2mate.me\/tr\/wp-json\/wp\/v2\/pages\/905\/revisions"}],"predecessor-version":[{"id":906,"href":"https:\/\/y2mate.me\/tr\/wp-json\/wp\/v2\/pages\/905\/revisions\/906"}],"wp:featuredmedia":[{"embeddable":true,"href":"https:\/\/y2mate.me\/tr\/wp-json\/wp\/v2\/media\/763"}],"wp:attachment":[{"href":"https:\/\/y2mate.me\/tr\/wp-json\/wp\/v2\/media?parent=905"}],"curies":[{"name":"wp","href":"https:\/\/api.w.org\/{rel}","templated":true}]}}