{"id":498,"date":"2022-01-10T11:21:10","date_gmt":"2022-01-10T11:21:10","guid":{"rendered":"https:\/\/y2mate.me\/pinterest-video-indir"},"modified":"2022-01-10T11:21:12","modified_gmt":"2022-01-10T11:21:12","slug":"pinterest-video-indir","status":"publish","type":"page","link":"https:\/\/y2mate.me\/tr\/pinterest-video-indir","title":{"rendered":"Pinterest Video Indir"},"content":{"rendered":"\n<h2 class=\"wp-block-heading\">\u00dccretsiz \u00c7evrimi\u00e7i Pinterest Video \u0130ndiricisi: <\/h2>\n\n<p>Etkili bir Pinterest Video \u0130ndiricisi ararken sorun mu ya\u015f\u0131yorsunuz? Eh, \u015fimdi sonunda do\u011fru web sitesine geldiniz. Pinterest, bu g\u00fcnlerde sosyal medya ak\u0131\u015f platformlar\u0131nda en \u00f6nde gelen isimlerden biridir. Y2mate &#8211; Downloader, Pinterest&#8217;ten kolayl\u0131kla video indirmenize izin veren \u00fccretsiz bir \u00e7evrimi\u00e7i video indirme Pinterest arac\u0131d\u0131r. Bu harika indiricinin en iyi yan\u0131, sizden tek bir kuru\u015f talep etmeyecek olmas\u0131d\u0131r. Kullan\u0131c\u0131lar\u0131n\u0131n favori formatlar\u0131n\u0131 (MP4, M4A, 3GP, WEBM ve JPG) ve kalitelerini (HD, SD) indirmelerini sa\u011flayan basit bir web hizmetidir. Bu arac\u0131 kullanmak i\u00e7in herhangi bir yaz\u0131l\u0131m veya eklenti indirmeniz veya y\u00fcklemeniz bile gerekmez.<\/p>\n\n<h2 class=\"wp-block-heading\">Y2mate &#8211; Pinterest Video Downloader&#8217;\u0131 kullanarak videolar\u0131 nas\u0131l indirebilirim?<\/h2>\n\n<p>Kullan\u0131c\u0131lar\u0131m\u0131z\u0131n bildi\u011fi gibi, Y2mate internette bulabilece\u011finiz en geli\u015fmi\u015f \u00f6zellikleri ger\u00e7ekle\u015ftiren inan\u0131lmaz bir Pinterest \u0130ndiricisidir. Kullan\u0131c\u0131lar\u0131m\u0131za bir sonraki seviye arac\u0131 kullanma deneyimi sunar. S\u00fcper h\u0131z\u0131 ile hizmetten herkes memnun kalacak. Bu birka\u00e7 basit ad\u0131m\u0131 izlerseniz, en sevdi\u011finiz Pinterest videolar\u0131n\u0131 bu \u0130ndirici arac\u0131l\u0131\u011f\u0131yla herhangi bir zorluk \u00e7ekmeden kolayca indirebilirsiniz.<\/p>\n\n<ol class=\"wp-block-list\"><li><strong>Siteyi a\u00e7\u0131n:<\/strong><\/li><\/ol>\n\n<p>Ard\u0131ndan, indirmek istedi\u011finiz videoyu i\u00e7eren Pinterest&#8217;teki o belirli sayfaya gitmelisiniz.<\/p>\n\n<ol class=\"wp-block-list\" start=\"2\"><li><strong>URL&#8217;yi kopyalay\u0131n:<\/strong><\/li><\/ol>\n\n<p>Ba\u011flant\u0131y\u0131 s\u00f6z konusu Pinterest video ba\u011flant\u0131s\u0131 indirmesine kopyalay\u0131n. <\/p>\n\n<ol class=\"wp-block-list\" start=\"3\"><li><strong>\u0130ndiriciyi a\u00e7\u0131n:<\/strong><\/li><\/ol>\n\n<p>Bu ba\u011flant\u0131y\u0131 <a href=\"https:\/\/y2mate.me\/tr\/pinterest-video-indir\">y2mate.me\/Pinterest-video-downloader&#8217;da<\/a> a\u00e7\u0131n<\/p>\n\n<ol class=\"wp-block-list\" start=\"4\"><li><strong>URL&#8217;yi yap\u0131\u015ft\u0131r\u0131n:<\/strong><\/li><\/ol>\n\n<p>URL&#8217;yi (Pinterest&#8217;ten kopyalad\u0131\u011f\u0131n\u0131z ba\u011flant\u0131) yukar\u0131daki arama kutusuna yap\u0131\u015ft\u0131r\u0131n.<\/p>\n\n<ol class=\"wp-block-list\" start=\"5\"><li><strong>Format\u0131 Se\u00e7in ve Videoyu \u0130ndirin:<\/strong><\/li><\/ol>\n\n<p>Tek yapman\u0131z gereken sa\u011f tarafta verilen &#8216;indirme simgesine&#8217; t\u0131klamak. Ard\u0131ndan, Pinterest indirici se\u00e7ilen videonun y\u00fcksek kaliteli MP4 video ba\u011flant\u0131lar\u0131n\u0131 \u00e7\u0131karacak ve size videonuzu kaydetmek istedi\u011finiz kaliteyi se\u00e7me se\u00e7ene\u011fi sunacakt\u0131r. (SD veya HD).<\/p>\n\n<h2 class=\"wp-block-heading\">Pinterest Video \u0130ndiricisinin \u00d6zellikleri:<\/h2>\n\n<p>Pinterest&#8217;ten favori videolar\u0131n\u0131z\u0131 indirmek i\u00e7in bu harika ara\u00e7, a\u015fa\u011f\u0131daki benzersiz \u00f6zellikleri nedeniyle benzersizdir:<\/p>\n\n<h4 class=\"wp-block-heading\">H\u0131zl\u0131 H\u0131zl\u0131 \u0130ndirici:<\/h4>\n\n<p>Bu, Pinterest&#8217;ten \u00e7ok h\u0131zl\u0131 bir h\u0131zda herhangi bir bekleme ve zaman kayb\u0131 olmadan video indirmek i\u00e7in iyidir.<\/p>\n\n<h4 class=\"wp-block-heading\">Y\u00fcksek Kalite ve \u00c7\u00f6z\u00fcn\u00fcrl\u00fck:<\/h4>\n\n<p>Bu indirici ile HD ve SD videolar gibi y\u00fcksek \u00e7\u00f6z\u00fcn\u00fcrl\u00fckl\u00fc videolar\u0131 sorunsuz bir \u015fekilde indirebilirsiniz. \u0130ndirilen videonun performans\u0131 inan\u0131lmaz derecede s\u00fcper kalitede.<\/p>\n\n<h4 class=\"wp-block-heading\">ta\u015f\u0131nabilirlik:<\/h4>\n\n<p>Bu, indirilen videolar\u0131n ta\u015f\u0131nabilirli\u011fi konusunda b\u00fcy\u00fck \u00f6l\u00e7\u00fcde hemfikirdir. Videonun bu \u00fccretsiz \u00e7evrimi\u00e7i indirici arac\u0131l\u0131\u011f\u0131yla indirilmesiyle videonun \u00f6zellikleri de\u011fi\u015fmeden kal\u0131r.<\/p>\n\n<h4 class=\"wp-block-heading\">\u00dccretsiz:<\/h4>\n\n<p>Bu tamamen \u00fccretsiz bir indiricidir. Pinterest&#8217;teki herhangi bir videoyu herhangi bir miktar harcamadan \u00fccretsiz olarak indirebilirsiniz. Kullan\u0131c\u0131 i\u00e7in \u00fccretsiz ve kullan\u0131m\u0131 kolayd\u0131r.<\/p>\n\n<h4 class=\"wp-block-heading\">Bi\u00e7im:<\/h4>\n\n<p>Bu \u00fccretsiz \u00e7evrimi\u00e7i video indirme Pinterest arac\u0131, bu bi\u00e7imde indirilecek se\u00e7ili video i\u00e7eri\u011finin mp4 bi\u00e7imini se\u00e7menize olanak tan\u0131r. Yani ihtiyac\u0131n\u0131za ve ilginize g\u00f6re istedi\u011finiz videoyu mp4 format\u0131nda sadece birka\u00e7 saniyede indirebilirsiniz. <\/p>\n\n<h2 class=\"wp-block-heading\">S\u0131k\u00e7a Sorulan Sorular:<\/h2>\n\n<div class=\"schema-faq wp-block-yoast-faq-block\"><div class=\"schema-faq-section\" id=\"faq-question-1639379056954\"><strong class=\"schema-faq-question\">Evet! \u0130ndirilen videolar\u0131 ihtiyaca g\u00f6re di\u011fer sosyal a\u011f platformlar\u0131ndan herhangi birinde payla\u015fabilirsiniz. <strong>Y2mate-Pinterest Downloader&#8217;\u0131 kullanmak g\u00fcvenli midir?<\/strong><\/strong> <p class=\"schema-faq-answer\">Evet, Pinterest videolar\u0131n\u0131 sorunsuz bir \u015fekilde cihaz\u0131n\u0131za \u00fccretsiz olarak indirmek ve kaydetmek i\u00e7in Video \u0130ndiricimize g\u00fcvenebilirsiniz. Rehberimizi takip ederek, bu indiricinin kullan\u0131m\u0131ndan kesinlikle memnun kalacaks\u0131n\u0131z. <\/p> <\/div> <div class=\"schema-faq-section\" id=\"faq-question-1639379070227\"><strong class=\"schema-faq-question\"><strong>Pinterest Downloader&#8217;\u0131 kullanarak indirdikten sonra videolar\u0131m cihaz\u0131mda nereye kaydedilecek?<\/strong><\/strong> <p class=\"schema-faq-answer\">\u0130stedi\u011finiz Pinterest videolar\u0131n\u0131 indirmek i\u00e7in Y2mate &#8211; Pinterest Downloader&#8217;\u0131 kulland\u0131\u011f\u0131n\u0131zda, bunlar genellikle &#8216;varsay\u0131lan&#8217; olarak belirledi\u011finiz klas\u00f6re kaydedilir. Video, cep telefonunuzda &#8216;indirilenler klas\u00f6r\u00fcne&#8217; veya telefonunuzun galerisine kaydedilir. Ancak videolar\u0131 indirmek i\u00e7in bilgisayar\u0131n\u0131z\u0131 kulland\u0131\u011f\u0131n\u0131zda, videolar bilgisayar\u0131n\u0131z\u0131n &#8216;\u0130ndirilenler&#8217; klas\u00f6r\u00fcne kaydedilir. <\/p> <\/div> <div class=\"schema-faq-section\" id=\"faq-question-1639379082957\"><strong class=\"schema-faq-question\"><strong>Pinterest videolar\u0131n\u0131 birden fazla bi\u00e7imde indirebilir miyim?<\/strong><\/strong> <p class=\"schema-faq-answer\">Evet, videolar\u0131 birden fazla formatta indirebilirsiniz. MP4, M4A, 3GP, WEBM ve JPG dahil olmak \u00fczere farkl\u0131 formatlarda indirebilirsiniz. Her videoda format a\u00e7\u0131s\u0131ndan size farkl\u0131 se\u00e7enekler sunulacak. Sadece ihtiyac\u0131n\u0131z olan\u0131 t\u0131klay\u0131n ve keyfini \u00e7\u0131kar\u0131n. B\u00fcy\u00fck verimlilikle zamandan ve paradan tasarruf etmenizi sa\u011flar!<\/p> <\/div> <div class=\"schema-faq-section\" id=\"faq-question-1639379094863\"><strong class=\"schema-faq-question\"><strong>Bu ara\u00e7 tamamen \u00fccretsiz mi?<\/strong><\/strong> <p class=\"schema-faq-answer\">Bu \u00e7evrimi\u00e7i video indirici tamamen \u00fccretsizdir. Favori videolar\u0131n\u0131z\u0131 indirmek i\u00e7in herhangi bir para harcaman\u0131za gerek yok.<\/p> <\/div> <div class=\"schema-faq-section\" id=\"faq-question-1639379116112\"><strong class=\"schema-faq-question\"><strong>\u0130ndirilen videolar\u0131 di\u011fer sosyal a\u011f platformlar\u0131ndan herhangi biriyle payla\u015fabilir miyim?<\/strong><\/strong> <p class=\"schema-faq-answer\">Evet! \u0130ndirilen videolar\u0131 ihtiyaca g\u00f6re di\u011fer sosyal a\u011f platformlar\u0131ndan herhangi birinde payla\u015fabilirsiniz.<\/p> <\/div> <\/div>\n","protected":false},"excerpt":{"rendered":"<p>\u00dccretsiz \u00c7evrimi\u00e7i Pinterest Video \u0130ndiricisi: Etkili bir Pinterest Video \u0130ndiricisi ararken sorun mu ya\u015f\u0131yorsunuz? Eh, [&#8230;..]<\/p>\n","protected":false},"author":1,"featured_media":223,"parent":0,"menu_order":0,"comment_status":"closed","ping_status":"closed","template":"pinterest-page.php","meta":{"footnotes":""},"class_list":["post-498","page","type-page","status-publish","has-post-thumbnail","hentry"],"acf":[],"aioseo_notices":[],"_links":{"self":[{"href":"https:\/\/y2mate.me\/tr\/wp-json\/wp\/v2\/pages\/498","targetHints":{"allow":["GET"]}}],"collection":[{"href":"https:\/\/y2mate.me\/tr\/wp-json\/wp\/v2\/pages"}],"about":[{"href":"https:\/\/y2mate.me\/tr\/wp-json\/wp\/v2\/types\/page"}],"author":[{"embeddable":true,"href":"https:\/\/y2mate.me\/tr\/wp-json\/wp\/v2\/users\/1"}],"replies":[{"embeddable":true,"href":"https:\/\/y2mate.me\/tr\/wp-json\/wp\/v2\/comments?post=498"}],"version-history":[{"count":0,"href":"https:\/\/y2mate.me\/tr\/wp-json\/wp\/v2\/pages\/498\/revisions"}],"wp:featuredmedia":[{"embeddable":true,"href":"https:\/\/y2mate.me\/tr\/wp-json\/wp\/v2\/media\/223"}],"wp:attachment":[{"href":"https:\/\/y2mate.me\/tr\/wp-json\/wp\/v2\/media?parent=498"}],"curies":[{"name":"wp","href":"https:\/\/api.w.org\/{rel}","templated":true}]}}