{"id":356,"date":"2021-12-21T10:59:39","date_gmt":"2021-12-21T10:59:39","guid":{"rendered":"https:\/\/y2mate.me\/facebook-video-indir"},"modified":"2022-01-06T10:42:04","modified_gmt":"2022-01-06T10:42:04","slug":"facebook-video-indir","status":"publish","type":"page","link":"https:\/\/y2mate.me\/tr\/facebook-video-indir","title":{"rendered":"Facebook Video \u0130ndirici"},"content":{"rendered":"\n<h2 class=\"wp-block-heading\">\u00dccretsiz \u00c7evrimi\u00e7i Y2Mate Facebook Video \u0130ndirici<\/h2>\n\n<p><strong>Y2mate &#8211; Facebook video indiricisi<\/strong> , be\u011fendi\u011finiz Facebook videolar\u0131n\u0131 FB&#8217;den MP4&#8217;e (video) formatlar\u0131nda indirmenize yard\u0131mc\u0131 olan en iyi \u00fccretsiz \u00e7evrimi\u00e7i video indirme Facebook ara\u00e7lar\u0131ndan biridir. Kullan\u0131c\u0131lar\u0131n\u0131n Facebook videolar\u0131n\u0131 HD kalitesinde cihazlar\u0131na \u00fccretsiz olarak d\u00f6n\u00fc\u015ft\u00fcrmelerine olanak tan\u0131r. Bu hizmet Android, Mac, iPhone&#8217;lar, Windows ve Linux vb. i\u00e7in \u00e7al\u0131\u015f\u0131r.<\/p>\n\n<p>Bu geli\u015fmi\u015f Video \u0130ndirici, o Facebook sayfas\u0131na gider ve istenen videonun MP4 ba\u011flant\u0131lar\u0131n\u0131 do\u011frudan \u00e7\u0131kar\u0131r. Eklenti veya yaz\u0131l\u0131m y\u00fcklemeye gerek kalmadan Y2mate tamamen maliyetsiz ve sorunsuzdur. \u00d6yleyse, web sitemizi kullanman\u0131n tad\u0131n\u0131 \u00e7\u0131kar\u0131n!<\/p>\n\n<h2 class=\"wp-block-heading\">Facebook Video \u0130ndirme nas\u0131l kullan\u0131l\u0131r?<\/h2>\n\n<ul class=\"wp-block-list\"><li>\u0130ndirmek istedi\u011finiz Facebook video URL&#8217;sini kopyalay\u0131n.<\/li><li>\u0130ndirilen video ba\u011flant\u0131s\u0131n\u0131 verilen alan kutusuna yap\u0131\u015ft\u0131r\u0131n.<\/li><li>FB videosunu kaydetmek i\u00e7in &#8216;\u0130ndir&#8217; d\u00fc\u011fmesine veya simgesine t\u0131klay\u0131n.<\/li><\/ul>\n\n<h3 class=\"wp-block-heading\">Y2 mate Facebook Video indirme kullanarak Facebook videolar\u0131n\u0131 nas\u0131l indirebilirim? <\/h3>\n\n<p>Web sitemizi kullanarak favori Facebook videolar\u0131n\u0131z\u0131 indirmenin basit ad\u0131mlar\u0131 \u015funlard\u0131r: <\/p>\n\n<ol class=\"wp-block-list\"><li><strong>Siteyi A\u00e7\u0131n:<\/strong><br\/><a href=\"https:\/\/y2mate.me\/tr\/facebook-video-indir\">https:\/\/y2mate.me\/facebook-video-downloader<\/a> sitesini a\u00e7\u0131n. Ard\u0131ndan Facebook uygulamas\u0131n\u0131 a\u00e7\u0131n ve indirmek istedi\u011finiz videoyu bulun.<\/li><li><strong>URL&#8217;yi kopyalay\u0131n:<\/strong><\/li><\/ol>\n\n<p>Ard\u0131ndan, indirmek istedi\u011finiz videoyu i\u00e7eren Facebook&#8217;taki belirli sayfaya gidin ve o FB videosunun ba\u011flant\u0131s\u0131n\u0131 kopyalay\u0131n.<\/p>\n\n<ol class=\"wp-block-list\" start=\"3\"><li><strong>URL&#8217;yi yap\u0131\u015ft\u0131r\u0131n:<\/strong><\/li><\/ol>\n\n<p>\u015eimdi, URL&#8217;yi (kopyalad\u0131\u011f\u0131n\u0131z ba\u011flant\u0131) Y2 mate FB indirici giri\u015f metin kutusuna (yukar\u0131da) yap\u0131\u015ft\u0131r\u0131n ve &#8216;\u0130ndir&#8217; simgesine t\u0131klay\u0131n.<\/p>\n\n<ol class=\"wp-block-list\" start=\"4\"><li><strong>Bi\u00e7imlendir ve Videolar\u0131 \u0130ndir&#8217;i se\u00e7in:<\/strong><\/li><\/ol>\n\n<p>Y2mate FB video indiricimiz daha sonra y\u00fcksek kaliteli MP4 video ba\u011flant\u0131lar\u0131n\u0131 \u00e7\u0131karacak ve size istedi\u011finiz kaliteyi (HD veya SD) se\u00e7me se\u00e7ene\u011fi sunacakt\u0131r. <\/p>\n\n<h2 class=\"wp-block-heading\">Ana \u00d6zellikler:<\/h2>\n\n<p>Web sitemizin kullan\u0131m\u0131 \u00fccretsizdir ve herhangi bir yaz\u0131l\u0131m veya kay\u0131t gerekmez. Keyfini \u00e7\u0131kar\u0131n ve web sitemizden yararlan\u0131n.<\/p>\n\n<h4 class=\"wp-block-heading\">M\u00fckemmel kalite<\/h4>\n\n<p>Facebook videolar\u0131n\u0131 \u00fccretsiz Facebook indiricimizden sesli olarak FULL HD ve 4K olarak indirebilirsiniz. \u015eu anda mevcut ara\u00e7lar\u0131n b\u00fcy\u00fck \u00e7o\u011funlu\u011fu yaln\u0131zca HD videoyu desteklemektedir.<\/p>\n\n<h4 class=\"wp-block-heading\">Kolay<\/h4>\n\n<p>Hangi cihaz (telefon, bilgisayar veya tablet) ve i\u015fletim sistemi i\u00e7in olursa olsun, bir Facebook video indiricisi (Android, IOS) vard\u0131r. Herhangi bir yaz\u0131l\u0131m y\u00fcklemeye gerek yoktur.<\/p>\n\n<h4 class=\"wp-block-heading\">\u00d6zg\u00fcr<\/h4>\n\n<p>Her zaman s\u0131n\u0131rs\u0131z kalacakt\u0131r. Geni\u015flememizi finanse etmeye yard\u0131mc\u0131 olmak i\u00e7in sadece birka\u00e7 reklam yay\u0131nl\u0131yoruz.<\/p>\n\n<h2 class=\"wp-block-heading\">SSS:<\/h2>\n\n<div class=\"schema-faq wp-block-yoast-faq-block\"><div class=\"schema-faq-section\" id=\"faq-question-1639333213941\"><strong class=\"schema-faq-question\"><strong>Facebook videolar\u0131m &#8216;Y2mate FB video indiricisinden&#8217; indirildikten sonra nereye kaydediliyor?<\/strong><\/strong> <p class=\"schema-faq-answer\">Facebook videolar\u0131n\u0131z\u0131 indirmek i\u00e7in web sitemizi kulland\u0131\u011f\u0131n\u0131zda, indirilen videolar &#8216;indirilenler klas\u00f6r\u00fcne ve hatta cep telefonunuzun galerisine kaydedilir. Ancak, genellikle &#8216;varsay\u0131lan&#8217; olarak belirledi\u011finiz klas\u00f6re kaydedilirler. Bilgisayar\u0131n\u0131za Facebook videosunu indirmek i\u00e7in bilgisayar\u0131n\u0131z\u0131 kulland\u0131ysan\u0131z, video bilgisayar\u0131n\u0131z\u0131n &#8216;\u0130ndirilenler&#8217; klas\u00f6r\u00fcne kaydedilir.<\/p> <\/div> <div class=\"schema-faq-section\" id=\"faq-question-1639333245949\"><strong class=\"schema-faq-question\"><strong>Canl\u0131 Facebook videolar\u0131 nas\u0131l indirilir?<\/strong><\/strong> <p class=\"schema-faq-answer\">FB indiricimizi kullanarak Canl\u0131 Facebook videolar\u0131n\u0131 da kolayca indirebilirsiniz. Tek yapman\u0131z gereken, ak\u0131\u015f\u0131n bitmesini beklemek ve bundan sonra, indirme video ba\u011flant\u0131s\u0131n\u0131 kopyalayarak ve ard\u0131ndan metin kutusuna canl\u0131 FB videosunun URL&#8217;sini girerek ve \u00fczerine t\u0131klayarak Canl\u0131 videoyu di\u011fer Facebook videolar\u0131 gibi indirebilirsiniz. &#8216;\u0130ndir&#8217; simgesi. <\/p> <\/div> <div class=\"schema-faq-section\" id=\"faq-question-1639333263634\"><strong class=\"schema-faq-question\"><strong>Y2mate fesbuk indir indirilen videolar\u0131 m\u0131 yoksa bir kopyas\u0131n\u0131 m\u0131 sakl\u0131yor?<\/strong><\/strong> <p class=\"schema-faq-answer\">Hay\u0131r, Y2mate Facebook Video indirici videolar\u0131 saklamaz ve web sitemiz de indirdi\u011finiz Facebook videolar\u0131n\u0131n kopyalar\u0131n\u0131 saklamaz. Kullan\u0131c\u0131n\u0131n indirme FB video ge\u00e7mi\u015flerini takip etmedi\u011fimiz i\u00e7in Y2mate&#8217;i kullanmak g\u00fcvenli ve anonimdir.<\/p> <\/div> <\/div>\n","protected":false},"excerpt":{"rendered":"<p>\u00dccretsiz \u00c7evrimi\u00e7i Y2Mate Facebook Video \u0130ndirici Y2mate &#8211; Facebook video indiricisi , be\u011fendi\u011finiz Facebook videolar\u0131n\u0131 [&#8230;..]<\/p>\n","protected":false},"author":1,"featured_media":211,"parent":0,"menu_order":0,"comment_status":"closed","ping_status":"closed","template":"facebook-page.php","meta":{"footnotes":""},"class_list":["post-356","page","type-page","status-publish","has-post-thumbnail","hentry"],"acf":[],"aioseo_notices":[],"_links":{"self":[{"href":"https:\/\/y2mate.me\/tr\/wp-json\/wp\/v2\/pages\/356","targetHints":{"allow":["GET"]}}],"collection":[{"href":"https:\/\/y2mate.me\/tr\/wp-json\/wp\/v2\/pages"}],"about":[{"href":"https:\/\/y2mate.me\/tr\/wp-json\/wp\/v2\/types\/page"}],"author":[{"embeddable":true,"href":"https:\/\/y2mate.me\/tr\/wp-json\/wp\/v2\/users\/1"}],"replies":[{"embeddable":true,"href":"https:\/\/y2mate.me\/tr\/wp-json\/wp\/v2\/comments?post=356"}],"version-history":[{"count":0,"href":"https:\/\/y2mate.me\/tr\/wp-json\/wp\/v2\/pages\/356\/revisions"}],"wp:featuredmedia":[{"embeddable":true,"href":"https:\/\/y2mate.me\/tr\/wp-json\/wp\/v2\/media\/211"}],"wp:attachment":[{"href":"https:\/\/y2mate.me\/tr\/wp-json\/wp\/v2\/media?parent=356"}],"curies":[{"name":"wp","href":"https:\/\/api.w.org\/{rel}","templated":true}]}}