{"id":328,"date":"2021-12-21T06:30:21","date_gmt":"2021-12-21T06:30:21","guid":{"rendered":"https:\/\/y2mate.me\/tiktok-video-indir"},"modified":"2022-04-29T06:44:20","modified_gmt":"2022-04-29T06:44:20","slug":"tiktok-video-indir","status":"publish","type":"page","link":"https:\/\/y2mate.me\/tr\/tiktok-video-indir","title":{"rendered":"TikTok Video \u0130ndirici"},"content":{"rendered":"\n<p>TikTok, komik dudak senkronizasyonu videolar\u0131 yapmaktan ve bunlar\u0131 arkada\u015flar\u0131 ve aileleriyle payla\u015fmaktan ho\u015flananlar i\u00e7in alt\u0131n de\u011ferinde. G\u00fcn\u00fcm\u00fczde internette dola\u015fan pek \u00e7ok video oldu\u011fu i\u00e7in hangi <em>TikTok Video \u0130ndiricinin<\/em> kullan\u0131laca\u011f\u0131na karar vermek zor olabilir. Ayn\u0131 ikilemdeyseniz endi\u015felenmeyin \u00e7\u00fcnk\u00fc \u015fimdi do\u011fru web sitesine geldiniz! <em>Y2mate TikTok Video \u0130ndirici<\/em> , favori TikTok videolar\u0131n\u0131z\u0131 istedi\u011finiz bi\u00e7imde indirmenize izin veren en iyi \u00fccretsiz \u00e7evrimi\u00e7i ara\u00e7t\u0131r. Bununla ilgili en inan\u0131lmaz \u015fey, herhangi bir yaz\u0131l\u0131m\u0131n veya herhangi bir eklentinin y\u00fcklenmesini gerektirmemesidir. Birisi belki de \u00e7ok tekno bir insan de\u011filse, o zaman bu y2mate TikTok video indiricisi, en sevdikleri TikTok videolar\u0131n\u0131 herhangi bir sorun ya\u015famadan indirmelerini sa\u011flad\u0131\u011f\u0131 i\u00e7in onlar i\u00e7in olan\u0131d\u0131r.<\/p>\n\n<h2 class=\"wp-block-heading\" id=\"looking-for-the-best-tiktok-video-downloader\">En iyi TikTok Video \u0130ndiricisini mi ar\u0131yorsunuz?<\/h2>\n\n<p><strong>Tiktok<\/strong> , kullan\u0131c\u0131s\u0131n\u0131n yakla\u015f\u0131k 15 saniyelik k\u0131sa videolar olu\u015fturmas\u0131n\u0131 ve bu videolar\u0131 arkada\u015flar\u0131 ve hayranlar\u0131yla payla\u015fmas\u0131n\u0131 sa\u011flayan bir k\u0131sa film video payla\u015f\u0131m uygulamas\u0131d\u0131r. Ancak her pop\u00fcler platform gibi Tiktok da kullan\u0131c\u0131lar\u0131n\u0131n \u00fczerinde bulunan i\u00e7erikleri do\u011frudan indirmesine izin vermiyor. Videolar\u0131n\u0131 indirmek ve cihazlar\u0131m\u0131za kaydetmek i\u00e7in eri\u015fim sa\u011flamaz. Ancak, TikTok \u0130ndiriciler Uygulamas\u0131 gibi \u00fc\u00e7\u00fcnc\u00fc taraf ara\u00e7lar bunun i\u00e7indir!<\/p>\n\n<p>Her t\u00fcrl\u00fc TikTok videosunu indirmemizi sa\u011flar, b\u00f6ylece sadece<strong> <\/strong>onlar\u0131 daha sonra \u00e7evrimd\u0131\u015f\u0131 oldu\u011fumuzda bile izleyin. Yaln\u0131zca indirmek istedi\u011fimiz videonun &#8216;URL&#8217;sini kopyalamam\u0131z\u0131 ve daha sonraki i\u015flemler i\u00e7in arac\u0131n web sitesine yap\u0131\u015ft\u0131rmam\u0131z\u0131 gerektirir. TikTok Videolar\u0131n\u0131 indirmekle ilgili en sevdi\u011fimiz \u015fey, bu \u00e7evrimi\u00e7i hizmeti kullanmak i\u00e7in herhangi bir yaz\u0131l\u0131m veya eklenti indirmenize veya y\u00fcklemenize bile gerek olmamas\u0131d\u0131r. Se\u00e7ti\u011finiz videonun video (Mp4) linklerini direkt olarak ay\u0131klayarak en iyi hizmeti vermektedir. Bu site yard\u0131mc\u0131 olabilir ve i\u015fi garantili yapacakt\u0131r!<\/p>\n\n<h2 class=\"wp-block-heading\" id=\"how-to-use-a-tiktok-video-downloader\">TikTok Video \u0130ndirici nas\u0131l kullan\u0131l\u0131r? <\/h2>\n\n<ul class=\"wp-block-list\"><li>\u0130ndirmek istedi\u011finiz TikTok videosunun URL&#8217;sini kopyalay\u0131n.<\/li><li>Kopyalad\u0131\u011f\u0131n\u0131z URL&#8217;yi yanda verilen alan kutusuna yap\u0131\u015ft\u0131r\u0131n. <\/li><li>TikTok videosunu kaydetmek i\u00e7in &#8216;indir&#8217; d\u00fc\u011fmesine veya simgesine t\u0131klay\u0131n. <\/li><\/ul>\n\n<div class=\"schema-how-to wp-block-yoast-how-to-block\"><p class=\"schema-how-to-total-time\"><span class=\"schema-how-to-duration-time-text\">Gerekli s\u00fcre:<\/span> 1 dakika. <\/p><p class=\"schema-how-to-description\">Y2mate <strong>TikTok Video<\/strong> <strong>\u0130ndiriciyi kullanarak TikTok videolar\u0131n\u0131 nas\u0131l indirebilirim<\/strong> ? <br>Bu \u00e7ok basit bir ara\u00e7t\u0131r ve buradan TikTok videolar\u0131n\u0131z\u0131 indirmeye bir ad\u0131m daha yak\u0131ns\u0131n\u0131z ve bu da herhangi bir yaz\u0131l\u0131m veya eklenti y\u00fcklemenize gerek kalmadan. Tek yapman\u0131z gereken a\u015fa\u011f\u0131da listelenen birka\u00e7 talimat\u0131 takip etmektir ve i\u015finiz birka\u00e7 saniye i\u00e7inde yap\u0131lacakt\u0131r. <\/p> <ol class=\"schema-how-to-steps\"><li class=\"schema-how-to-step\" id=\"how-to-step-1638940679578\"><strong class=\"schema-how-to-step-name\">Siteyi A\u00e7\u0131n:<\/strong> <p class=\"schema-how-to-step-text\"><a href=\"https:\/\/y2mate.me\/tr\/tiktok-video-indir\">https:\/\/y2mate.me\/tiktok-video-downloader<\/a> sitesini a\u00e7\u0131n. TikTok uygulamas\u0131n\u0131 a\u00e7\u0131n ve indirmek istedi\u011finiz videoyu bulun.<\/p> <\/li><li class=\"schema-how-to-step\" id=\"how-to-step-1638940835252\"><strong class=\"schema-how-to-step-name\">URL&#8217;yi kopyalay\u0131n:<\/strong> <p class=\"schema-how-to-step-text\">Bu TikTok Videonun URL&#8217;sini kopyalay\u0131n.<\/p> <\/li><li class=\"schema-how-to-step\" id=\"how-to-step-1638940865355\"><strong class=\"schema-how-to-step-name\">URL&#8217;yi yap\u0131\u015ft\u0131r\u0131n:<\/strong> <p class=\"schema-how-to-step-text\">\u015eimdi URL&#8217;yi y2 mate TikTok giri\u015f metin kutusuna (yukar\u0131da) yap\u0131\u015ft\u0131r\u0131n ve &#8216;\u0130ndir&#8217; simgesine t\u0131klay\u0131n.<\/p> <\/li><li class=\"schema-how-to-step\" id=\"how-to-step-1638940899875\"><strong class=\"schema-how-to-step-name\">Bi\u00e7imlendir ve Videolar\u0131 \u0130ndir&#8217;i se\u00e7in:<\/strong> <p class=\"schema-how-to-step-text\">Y2mate-TikTok video indirme daha sonra videonun y\u00fcksek kaliteli MP4 video ba\u011flant\u0131lar\u0131n\u0131 \u00e7\u0131karacak ve size videonuzu kaydetmek istedi\u011finiz kaliteyi se\u00e7me se\u00e7ene\u011fi sunacakt\u0131r. (HD veya SD). <br>Videonuz ba\u015far\u0131yla indirilecek ve cihaz\u0131n\u0131za kaydedilecektir. <\/p> <\/li><\/ol><\/div>\n\n<h2 class=\"wp-block-heading\" id=\"key-features\">Ana \u00d6zellikler:<\/h2>\n\n<h3 class=\"wp-block-heading\" id=\"1-unlimited-downloads\">1. S\u0131n\u0131rs\u0131z \u0130ndirme:<\/h3>\n\n<p>Kullan\u0131c\u0131lar\u0131 bu harika \u00e7evrimi\u00e7i y2mate TikTok indirmesini kullanmaya devam etmeye \u00e7eken ana \u00f6zelliklerden biri, kullan\u0131m miktar\u0131na herhangi bir k\u0131s\u0131tlama veya s\u0131n\u0131rlama getirmemesidir. \u00d6nceki indirmeler hakk\u0131nda endi\u015felenmeden s\u0131n\u0131rs\u0131z video indirin ve bu e\u015fsiz f\u0131rsattan yararlan\u0131n!<\/p>\n\n<h3 class=\"wp-block-heading\" id=\"2-free-service\"><strong>2.<\/strong> \u00dccretsiz hizmet:<\/h3>\n\n<p><strong><a href=\"https:\/\/www.tiktok.com\/\">Tiktok<\/a><\/strong> videolar\u0131n\u0131 \u00e7evrimi\u00e7i olarak tamamen \u00fccretsiz indirin! PC ve diz\u00fcst\u00fc bilgisayarlardan ak\u0131ll\u0131 telefonlara, sevdi\u011finiz Tiktok videolar\u0131n\u0131z\u0131 bir kuru\u015f harcamadan indirmek i\u00e7in bu \u00f6zel web sitesini tercih edin.<\/p>\n\n<h3 class=\"wp-block-heading\" id=\"3-fast-speed\"><strong>3.<\/strong> H\u0131zl\u0131 h\u0131z:<\/h3>\n\n<p>Bu ara\u00e7, bug\u00fcn internette kar\u015f\u0131la\u015faca\u011f\u0131n\u0131z en h\u0131zl\u0131 ara\u00e7lardan biridir. \u00c7\u0131kar\u0131lan ba\u011flant\u0131lardan birka\u00e7 saniye i\u00e7inde videolar\u0131 d\u00f6n\u00fc\u015ft\u00fcrme ve indirme g\u00fcc\u00fcne sahiptir.<\/p>\n\n<h3 class=\"wp-block-heading\" id=\"4-downloads-y2mate-mp4-tiktok-without-a-watermark\"><strong>4.<\/strong> Filigran olmadan y2mate mp4 TikTok&#8217;u indirir:<\/h3>\n\n<p>\u00c7evrimi\u00e7i \u0130ndirilen Tiktok videolar\u0131n\u0131n \u00e7o\u011fu, kullan\u0131c\u0131lar\u0131n\u0131n \u00fczerlerinde filigran olmadan videolar\u0131 indirmelerine izin vermez. Neyse ki hizmetimiz, videolar\u0131n\u0131 filigran olmadan Tiktok kaydetmelerine izin veriyor!<\/p>\n\n<h2 class=\"wp-block-heading\" id=\"ways-to-find-the-best-tiktok-videos-to-download\">\u0130ndirilecek en iyi TikTok videolar\u0131n\u0131 bulman\u0131n yollar\u0131:<\/h2>\n\n<p>TikTok y2mate videosunu indirmek istedi\u011finiz Tiktok hesab\u0131n\u0131 a\u00e7\u0131n ve sayfada verilen \u201c <strong>Payla\u015f<\/strong> \u201d simgesine basarak ba\u011flant\u0131s\u0131n\u0131 kopyalay\u0131n. Ancak, indirmek i\u00e7in akl\u0131n\u0131zda belirli bir video yoksa, hashtag \u00f6zelli\u011fini kullanarak ilgin\u00e7 Tiktok videolar\u0131 da arayabilirsiniz. Art\u0131k \u00fcnl\u00fc Tiktok videolar\u0131n\u0131, \u00f6rne\u011fin trend videolar, araba videolar\u0131, basketbol videolar\u0131 vb. gibi arama etiketlerinin yard\u0131m\u0131yla arayabilirsiniz. Kullan\u0131c\u0131lar, &#8220;Tiktok trendleri&#8221; gibi ifadeleri kullanarak en yeni videolar\u0131 bulmak i\u00e7in bir Google aramas\u0131 bile yapabilir.<\/p>\n\n<h2 class=\"wp-block-heading\" id=\"frequently-asked-questions-faqs\">S\u0131k\u00e7a Sorulan Sorular- SSS:<\/h2>\n\n<div class=\"schema-faq wp-block-yoast-faq-block\"><div class=\"schema-faq-section\" id=\"faq-question-1638940146576\"><strong class=\"schema-faq-question\">1. <strong>Bu ara\u00e7 neden Tiktok videolar\u0131m\u0131 indirmiyor?<\/strong><\/strong> <p class=\"schema-faq-answer\">Tiktok Videolar\u0131n\u0131 \u00fccretsiz olarak indirmek i\u00e7in harika bir ara\u00e7t\u0131r. Ancak, bu ara\u00e7ta en sevdi\u011finiz TikTok videolar\u0131n\u0131 indirirken sorun ya\u015f\u0131yorsan\u0131z, bunun ba\u015fl\u0131ca nedenleri \u015funlar olabilir:<br>1. Sahibi videoyu Tiktok hesab\u0131ndan kald\u0131rm\u0131\u015ft\u0131r.<br>2. Tiktok videosu \u00fclkenizde mevcut de\u011fil.<br>3. Se\u00e7ti\u011finiz videolar \u00f6zeldir.<br>4. \u0130ndirme ba\u011flant\u0131lar\u0131 do\u011fru \u015fekilde kopyalanmam\u0131\u015ft\u0131r.<\/p> <\/div> <div class=\"schema-faq-section\" id=\"faq-question-1638940278209\"><strong class=\"schema-faq-question\">2. <strong>Tiktok videolar\u0131m nereye kaydedilecek?<\/strong><\/strong> <p class=\"schema-faq-answer\">\u0130ndirdi\u011finiz videolar\u0131n kaydedildikten sonra nereye gidece\u011fini d\u00fc\u015f\u00fcn\u00fcyorsan\u0131z, i\u015fte cevab\u0131n\u0131z: Videolar\u0131n\u0131z\u0131 indirmek i\u00e7in bu y2 mate TikTok video indirmeyi kulland\u0131\u011f\u0131n\u0131zda, indirilen dosyalar genellikle telefonunuzun &#8216;varsay\u0131lan&#8217; olarak belirledi\u011finiz klas\u00f6re kaydedilir. . Cep telefonlar\u0131ndan bahsetmi\u015fken, video &#8216;indirilenler klas\u00f6r\u00fcne&#8217; veya do\u011frudan telefonunuzun galerisine kaydedilecektir. Ancak TikTok y2mate videosunu indirmek i\u00e7in bilgisayar\u0131n\u0131z\u0131 kullan\u0131yorsan\u0131z, muhtemelen bilgisayar\u0131n\u0131z\u0131n &#8216;\u0130ndirilenler&#8217; klas\u00f6r\u00fcne kaydedilirler.<\/p> <\/div> <div class=\"schema-faq-section\" id=\"faq-question-1638940304976\"><strong class=\"schema-faq-question\">3. <strong>Bu ara\u00e7 di\u011fer siteleri de destekliyor mu?<\/strong><\/strong> <p class=\"schema-faq-answer\">Evet, \u015fu anda arac\u0131m\u0131z Facebook, Instagram, Twitter, Snack video, Snapchat ve di\u011ferleri dahil olmak \u00fczere 30&#8217;dan fazla sosyal medya web sitesini desteklemektedir.<\/p> <\/div> <div class=\"schema-faq-section\" id=\"faq-question-1638940333832\"><strong class=\"schema-faq-question\">4. <strong>y2mate tik tok kullanmak g\u00fcvenli midir?<\/strong><\/strong> <p class=\"schema-faq-answer\">Evet, m\u00fc\u015fterilerimizin g\u00fcvenli\u011fini \u00f6nemsiyoruz. Bu nedenle, kullan\u0131c\u0131lar\u0131m\u0131z\u0131n ge\u00e7mi\u015flerini veya indirilen dosyalar\u0131 asla takip etmedi\u011fimiz i\u00e7in web sitemizi kullanman\u0131n tamamen g\u00fcvenli oldu\u011funu s\u00f6ylemekten gurur duyuyoruz. Bu, kimli\u011finizin anonim kalaca\u011f\u0131 anlam\u0131na gelir ve b\u00f6ylece herhangi bir engel olmadan s\u0131n\u0131rs\u0131z TikTok videosunu g\u00fcvenle indirebilirsiniz.<\/p> <\/div> <div class=\"schema-faq-section\" id=\"faq-question-1638940403578\"><strong class=\"schema-faq-question\">5. <strong>Bu ara\u00e7 \u00fccretsiz bir hizmet midir?<\/strong><\/strong> <p class=\"schema-faq-answer\">Evet, <strong>TikTok indiricimiz<\/strong> tamamen \u00fccretsizdir ve milyonlarca kullan\u0131c\u0131n\u0131n favori TikTok videolar\u0131n\u0131 do\u011frudan cihazlar\u0131na indirmesine olanak tan\u0131r. Sunucumuz platformdan ba\u011f\u0131ms\u0131z m\u00fckemmel bir yaz\u0131l\u0131m kulland\u0131\u011f\u0131ndan, onu Android, Mac, Linux PC ve IOS (iPhone) ile kullanabilirsiniz. Hatta indirdi\u011finiz videolar\u0131 takip\u00e7ileriniz ve arkada\u015flar\u0131n\u0131zla payla\u015fabilirsiniz. y2mate tik tok mp3 olarak da kullan\u0131lmaktad\u0131r.<\/p> <\/div> <\/div>\n","protected":false},"excerpt":{"rendered":"<p>TikTok, komik dudak senkronizasyonu videolar\u0131 yapmaktan ve bunlar\u0131 arkada\u015flar\u0131 ve aileleriyle payla\u015fmaktan ho\u015flananlar i\u00e7in alt\u0131n [&#8230;..]<\/p>\n","protected":false},"author":1,"featured_media":10574,"parent":0,"menu_order":0,"comment_status":"closed","ping_status":"closed","template":"","meta":{"footnotes":""},"class_list":["post-328","page","type-page","status-publish","has-post-thumbnail","hentry"],"acf":[],"aioseo_notices":[],"_links":{"self":[{"href":"https:\/\/y2mate.me\/tr\/wp-json\/wp\/v2\/pages\/328","targetHints":{"allow":["GET"]}}],"collection":[{"href":"https:\/\/y2mate.me\/tr\/wp-json\/wp\/v2\/pages"}],"about":[{"href":"https:\/\/y2mate.me\/tr\/wp-json\/wp\/v2\/types\/page"}],"author":[{"embeddable":true,"href":"https:\/\/y2mate.me\/tr\/wp-json\/wp\/v2\/users\/1"}],"replies":[{"embeddable":true,"href":"https:\/\/y2mate.me\/tr\/wp-json\/wp\/v2\/comments?post=328"}],"version-history":[{"count":2,"href":"https:\/\/y2mate.me\/tr\/wp-json\/wp\/v2\/pages\/328\/revisions"}],"predecessor-version":[{"id":892,"href":"https:\/\/y2mate.me\/tr\/wp-json\/wp\/v2\/pages\/328\/revisions\/892"}],"wp:featuredmedia":[{"embeddable":true,"href":"https:\/\/y2mate.me\/tr\/wp-json\/wp\/v2\/media\/10574"}],"wp:attachment":[{"href":"https:\/\/y2mate.me\/tr\/wp-json\/wp\/v2\/media?parent=328"}],"curies":[{"name":"wp","href":"https:\/\/api.w.org\/{rel}","templated":true}]}}