{"id":317,"date":"2021-12-21T05:39:18","date_gmt":"2021-12-21T05:39:18","guid":{"rendered":"https:\/\/y2mate.me\/instagram-reels-indirici"},"modified":"2022-01-06T05:19:02","modified_gmt":"2022-01-06T05:19:02","slug":"instagram-reels-indirici","status":"publish","type":"page","link":"https:\/\/y2mate.me\/tr\/instagram-reels-indirici","title":{"rendered":"Instagram Reels \u0130ndirici"},"content":{"rendered":"\n<p>Bu g\u00fcnlerde yeni trend olan Instagram reels, kullan\u0131c\u0131lar\u0131n Insta Uygulamas\u0131 i\u00e7inde ilgin\u00e7 k\u0131sa klipleri kolayl\u0131kla payla\u015fmas\u0131na olanak tan\u0131yor. TikTok videolar\u0131na olduk\u00e7a benzer, ancak bu videolar\u0131n kullan\u0131c\u0131lar\u0131 ak\u0131ll\u0131 telefonlar\u0131na ba\u011fl\u0131 tutmas\u0131 muhtemeldir. Siz de Instagram makaralar\u0131n\u0131n hayran\u0131 m\u0131s\u0131n\u0131z ve bunlar\u0131 arkada\u015flar\u0131n\u0131zla payla\u015fmak i\u00e7in cihaz\u0131n\u0131za kaydetmek mi istiyorsunuz? \u0130ndirdi\u011finiz dosyalar\u0131 di\u011fer sosyal medya platformlar\u0131nda da sorunsuz bir \u015fekilde kullanabilirsiniz. Ancak bunlar\u0131 nas\u0131l indirebilirim?<\/p>\n\n<p>En sevdi\u011finiz Instagram videolar\u0131n\u0131 do\u011frudan telefonunuzun galerisine indirmenin bir yolunu ar\u0131yorsan\u0131z, o zaman bu makaral\u0131 indirici Insta araman\u0131z\u0131n burada sona erdi\u011fini bilmekten memnun olacaks\u0131n\u0131z! <\/p>\n\n<p>Instagram Reels Video indir <strong>\u00fccretsiz ve h\u0131zl\u0131<\/strong> web tabanl\u0131 bir ara\u00e7t\u0131r. Bu, her g\u00fcn binlerce kullan\u0131c\u0131n\u0131n Instagram Videolar\u0131n\u0131 do\u011frudan ak\u0131ll\u0131 telefonlar\u0131na, tabletlerine ve diz\u00fcst\u00fc bilgisayarlar\u0131na indirmesini sa\u011flar. Makaral\u0131 indirme Instagram&#8217;\u0131n en iyi yan\u0131, bu web sitesini kullanmak i\u00e7in herhangi bir ek paket yaz\u0131l\u0131m y\u00fcklemenize veya bir hesaba kaydolman\u0131za gerek olmamas\u0131d\u0131r. <\/p>\n\n<h2 class=\"wp-block-heading\">Makaralar\u0131 \u0130ndirme <\/h2>\n\n<p>Instagram koruyucu videolar\u0131 tercih etti\u011finiz Instagram reels indirdikten sonra, Instagram videolar\u0131n\u0131 indirerek di\u011fer b\u00fcy\u00fck sosyal medya platformlar\u0131nda da payla\u015fabilirsiniz.<\/p>\n\n<p>\u0130ndirmek istedi\u011finiz makaran\u0131n URL adresini Instagram video koruyucusunu kopyalay\u0131n ve sorunsuz bir indirme prosed\u00fcr\u00fc i\u00e7in arac\u0131m\u0131za yap\u0131\u015ft\u0131r\u0131n. Bu, Insta foto\u011fraflar\u0131n\u0131 kaydetme y\u00f6ntemi, Instagram reels HD kalitesinde indirmenin en basit yoludur.<\/p>\n\n<h2 class=\"wp-block-heading\">Instagram Reels nas\u0131l indirilir?<\/h2>\n\n<h3 class=\"wp-block-heading\">Bu ara\u00e7la Instagram&#8217;dan herhangi bir makaray\u0131 indirmek i\u00e7in \u015fu h\u0131zl\u0131 ad\u0131mlar\u0131 izleyin:<\/h3>\n\n<ul class=\"wp-block-list\"><li>Taray\u0131c\u0131n\u0131zda veya uygulamada <strong>Instagram.com&#8217;u<\/strong> a\u00e7\u0131n.<\/li><li>\u0130ndirmek istedi\u011finiz videolar\u0131 aray\u0131n.<\/li><li>S\u00f6z konusu makaran\u0131n ba\u011flant\u0131 adresini <strong>kopyalamak<\/strong> i\u00e7in \u00fczerine dokunun.<\/li><li>\u015eimdi, Insta Reels Downloader \u00e7evrimi\u00e7i web sitemize gidin ve daha \u00f6nce kopyalad\u0131\u011f\u0131n\u0131z ba\u011flant\u0131y\u0131 arac\u0131n sayfas\u0131nda verilen metin kutusuna <strong>yap\u0131\u015ft\u0131r\u0131n<\/strong> .<\/li><li>\u201c <strong>\u0130ndir<\/strong> \u201d simgesine bas\u0131n.<\/li><li>Videolar\u0131 do\u011frudan Android cihaz\u0131n\u0131za kaydetmek i\u00e7in istedi\u011finiz format\u0131, boyutu ve kaliteyi girin.<\/li><li>PC i\u00e7in (Windows veya Mac).<\/li><\/ul>\n\n<h3 class=\"wp-block-heading\">Arac\u0131m\u0131z yard\u0131m\u0131yla Instagram reels bilgisayar\u0131n\u0131za indirmek istiyorsan\u0131z bu verilen talimatlar\u0131 izleyin;<\/h3>\n\n<ul class=\"wp-block-list\"><li>Instagram.com&#8217;u a\u00e7\u0131n ve istedi\u011finiz videolar\u0131 kaydedin.<\/li><li>Ba\u011flant\u0131s\u0131n\u0131 ekran\u0131n\u0131z\u0131n \u00fcst\u00fcnde verilen adres kutusundan kopyalay\u0131n.<\/li><li>Ard\u0131ndan, taray\u0131c\u0131n\u0131zdaki Instagram Reels \u0130ndirme arac\u0131m\u0131za gidin ve ba\u011flant\u0131y\u0131 bu sayfada yukar\u0131da verilen metin kutusuna yap\u0131\u015ft\u0131r\u0131n.<\/li><li>\u015eimdi, &#8220;\u0130ndir&#8221; d\u00fc\u011fmesine bas\u0131n.<\/li><li>Yerinde yeni bir sekme a\u00e7\u0131lacak ve size aralar\u0131ndan se\u00e7im yapabilece\u011finiz farkl\u0131 dosya nitelikleri, boyutlar\u0131 ve bi\u00e7imlerinin bir listesini sunacak.<\/li><li>Gereksinimlerinize en uygun olanlara dokunun ve makara dosyas\u0131 videolar saniyeler i\u00e7inde PC&#8217;nize kaydedilecektir.<\/li><li>IOS cihazlar\u0131 i\u00e7in:<\/li><\/ul>\n\n<h3 class=\"wp-block-heading\">IOS cihazlar\u0131 i\u00e7in Instagram reels indirmek veya d\u00f6n\u00fc\u015ft\u00fcrmek, android cihazlardan \u00e7ok farkl\u0131 de\u011fildir.<\/h3>\n\n<ul class=\"wp-block-list\"><li>Kullanmakta oldu\u011funuz herhangi bir taray\u0131c\u0131da Instagram.com&#8217;u a\u00e7\u0131n ve indirmek istedi\u011finiz videoyu aray\u0131n.<\/li><li>Yak\u0131ndan bakarsan\u0131z, ekran\u0131n\u0131z\u0131n sa\u011f \u00fcst taraf\u0131nda \u00fc\u00e7 nokta bulacaks\u0131n\u0131z \u201cBa\u011flant\u0131y\u0131 kopyala\u201d se\u00e7ene\u011fini se\u00e7in.<\/li><li>\u015eimdi Instagram Video \u0130ndirmemize gidin ve kopyalanan URL adresini arac\u0131m\u0131z\u0131n alan metin kutusuna yap\u0131\u015ft\u0131r\u0131n.<\/li><li>\u0130stedi\u011finiz format\u0131 (mp3 veya mp4) ve kaliteyi (HD veya SD) se\u00e7in.<\/li><li>Videonun IOS cihaz\u0131n\u0131za kaydedilmesi i\u00e7in \u201c\u0130ndir\u201d d\u00fc\u011fmesine t\u0131klay\u0131n.<\/li><\/ul>\n\n<h2 class=\"wp-block-heading\">Ana \u00d6zellikler:<\/h2>\n\n<p><strong>\u0130\u015fte bu \u00e7evrimi\u00e7i Instagram Reels Downloader&#8217;\u0131n ana \u00f6zelliklerinin ayr\u0131nt\u0131l\u0131 bir listesi<\/strong> :<\/p>\n\n<p><strong>Y\u0131ld\u0131r\u0131m h\u0131z\u0131nda:<\/strong> Art\u0131k, arac\u0131m\u0131z hepsini ultra h\u0131zl\u0131 bir h\u0131zda yapt\u0131\u011f\u0131 i\u00e7in t\u00fcm favori <span style=\"font-size: revert; color: initial;\">videolar\u0131n\u0131z\u0131<\/span> indirme reels y\u00fcklemek i\u00e7in saatler harcamak zorunda kalmayacaks\u0131n\u0131z. Ayr\u0131ca Instagram Reels&#8217;i indirmek i\u00e7in video indirme Insta bant geni\u015fli\u011fini s\u0131n\u0131rlam\u0131yoruz.<\/p>\n\n<ul class=\"wp-block-list\"><li><strong>Korumal\u0131 ve g\u00fcvenli: <\/strong><\/li><\/ul>\n\n<p>Arac\u0131m\u0131z\u0131, cihazlar\u0131m\u0131z\u0131n korumas\u0131n\u0131 g\u00f6z \u00f6n\u00fcnde bulundurarak Instagram Reels Download&#8217;\u0131 kurtarmak i\u00e7in tasarlad\u0131k. Bu nedenle, makara indiricide herhangi bir k\u00f6t\u00fc ama\u00e7l\u0131 yaz\u0131l\u0131m veya vir\u00fcs riski konusunda endi\u015felenmenize gerek yok. Arac\u0131m\u0131z\u0131 kulland\u0131\u011f\u0131n\u0131zda sisteminizde. Instagram videolar\u0131, en iyi HTTPS protokol\u00fcyle kullan\u0131m\u0131 tamamen g\u00fcvenli ve g\u00fcvenli olan web tabanl\u0131 yaz\u0131l\u0131m\u0131 indirir. <\/p>\n\n<ul class=\"wp-block-list\"><li><strong>HD Kalitesinde dosyalar: <\/strong><\/li><\/ul>\n\n<p>Insta makaras\u0131n\u0131 kaydet, bizim verimli Insta indiricimizi kullanman\u0131n keyfini \u00e7\u0131kar. Instagram foto\u011fraflar\u0131n\u0131 kaydeden Instagram Reel Video indirmesini kaydedin. \u0130ndirme makaralar\u0131 olarak \u00e7ok say\u0131da farkl\u0131 kalite ve format sunar. Basit\u00e7e makaral\u0131 Instagram indirme, yukar\u0131da verilen \u00e7evrimi\u00e7i Instagram videolar\u0131 indirme ad\u0131mlar\u0131n\u0131 takip edin ve dosyalar\u0131n\u0131z\u0131 orijinal kalitelerini kaybetmeden indirin.<\/p>\n\n<ul class=\"wp-block-list\"><li><strong>Tamamen bedava: <\/strong><\/li><\/ul>\n\n<p>\u015eu anda hizmetimiz herkes i\u00e7in tamamen \u00fccretsizdir! Hizmetimizi kullanmak i\u00e7in hi\u00e7bir kullan\u0131c\u0131dan indirme makaralar\u0131 indirme \u00fccreti almad\u0131k ve onlardan maliyetli abonelikler veya oturum a\u00e7ma bilgileri istemiyoruz. Bu nedenle, \u00fccretsiz \u00e7evrimi\u00e7i indiricimizle istedi\u011finiz Instagram Makaralar\u0131n\u0131 indirdi\u011finizden emin olun!<\/p>\n\n<ul class=\"wp-block-list\"><li><strong>Kullan\u0131c\u0131 dostu aray\u00fcz: <\/strong><\/li><\/ul>\n\n<p>Reel indirme Insta, bir bilgisayar merakl\u0131s\u0131 de\u011fil mi? Web sitesinin kullan\u0131c\u0131 dostu ve kullan\u0131m\u0131 kolay aray\u00fcz videolar\u0131 Insta indirmeleri, onu Insta indiricileri i\u00e7in g\u00fcnl\u00fck kullan\u0131m i\u00e7in ideal k\u0131lar. G\u00f6revinin tamamlanmas\u0131 i\u00e7in sadece birka\u00e7 ad\u0131m i\u00e7erir.<\/p>\n\n<h2 class=\"wp-block-heading\">Instagram reels i\u00e7in URL&#8217;yi nas\u0131l kopyalayabilirim?<\/h2>\n\n<p><strong>Instagram Reels i\u00e7in URL adresini \u015fu \u015fekilde kopyalayabilirsiniz: <\/strong><\/p>\n\n<ol class=\"wp-block-list\"><li>Instagram uygulamas\u0131n\u0131 veya web sitesini a\u00e7\u0131n.<\/li><li>\u0130ndirmeyi planlad\u0131\u011f\u0131n\u0131z Makaray\u0131 a\u00e7\u0131n.<\/li><li>Ekran\u0131n\u0131z\u0131n sa\u011f \u00fcst k\u00f6\u015fesinde 3 nokta simgesi olacakt\u0131r.<\/li><li>T\u0131klad\u0131ktan sonra bir a\u00e7\u0131l\u0131r men\u00fc belirecektir.<\/li><li>Oradan, ba\u011flant\u0131y\u0131 panonuza kaydetmek i\u00e7in \u201cBa\u011flant\u0131y\u0131 Kopyala\u201d se\u00e7ene\u011fine dokunun.<\/li><\/ol>\n\n<h2 class=\"wp-block-heading\">Neden Instagram Reels Video indir kullanmal\u0131s\u0131n\u0131z?<\/h2>\n\n<p>Bug\u00fcnlerde internette, gereksiz ad\u0131mlar\u0131n b\u00fcy\u00fck bir listesini kullanan ve kullan\u0131c\u0131lar\u0131n \u00e7evrimi\u00e7i video indirmelerini zorla\u015ft\u0131ran bir\u00e7ok ara\u00e7 var. Aksine, \u00e7evrimi\u00e7i Instagram makaras\u0131 indirme arac\u0131m\u0131z, indirme makaralar\u0131ndaki t\u00fcm zor i\u015fleri kendi ba\u015f\u0131na halledecektir. \u00c7evrimi\u00e7i Instagram makara indiricisi h\u0131zl\u0131 ve \u00fccretsizdir, filigran olmadan y\u00fcksek \u00e7\u00f6z\u00fcn\u00fcrl\u00fckl\u00fc sonu\u00e7lar sa\u011flar. Instagram video indirmenin benzersiz \u00f6zellikleri ve h\u0131zl\u0131 h\u0131z\u0131, onu g\u00fcnl\u00fck kullan\u0131m i\u00e7in kullan\u0131c\u0131n\u0131n ilk tercihi yapar. Bir dahaki sefere kayd\u0131r\u0131rken komik veya kullan\u0131\u015fl\u0131 bir Instagram indirme makaras\u0131 bulursunuz. Birinci s\u0131n\u0131f sonu\u00e7lar elde etmek i\u00e7in en iyi Insta video indiricimizi kullanarak makaralar\u0131 Insta it&#8217;te indirmekten \u00e7ekinmeyin!<\/p>\n\n<h2 class=\"wp-block-heading\">SIK\u00c7A SORULAN SORULAR- SSS:<\/h2>\n\n<div class=\"schema-faq wp-block-yoast-faq-block\"><div class=\"schema-faq-section\" id=\"faq-question-1638270810280\"><strong class=\"schema-faq-question\"><strong>Instagram&#8217;da makaralar nas\u0131l kaydedilir?<\/strong><\/strong> <p class=\"schema-faq-answer\">Bir Instagram hesab\u0131 gizliyse, o profilin gizlili\u011fini korumak ad\u0131na Reels Insta&#8217;y\u0131 do\u011frudan o hesaptan indirmenize izin veremeyece\u011fimizi bilmek \u00f6nemlidir. Ancak, i\u00e7eriklerini a\u00e7\u0131k bir \u015fekilde kullanmas\u0131na izin veren herkese a\u00e7\u0131k hesaplardan s\u0131n\u0131rs\u0131z Instagram Reel indirebilirsiniz. <\/p> <\/div> <div class=\"schema-faq-section\" id=\"faq-question-1638270850019\"><strong class=\"schema-faq-question\"><strong>Instagram&#8217;dan Reels indirirsem hesaplar bilgilendirilecek mi? <\/strong> <\/strong> <p class=\"schema-faq-answer\">Hay\u0131r, insta makaralar\u0131 indiricilerinin hesaplar\u0131n\u0131n, kullan\u0131c\u0131lar onlardan makara indirdi\u011finde bilgilendirilmemesini sa\u011fl\u0131yoruz. Ak\u0131ll\u0131 Insta videolar\u0131m\u0131z\u0131n yard\u0131m\u0131yla \u00c7evrimi\u00e7i indirin, makaralar\u0131 anonim olarak kaydedebilirsiniz. Sahiplerin \u00f6\u011frenmesi konusunda endi\u015felenmeden, indirdi\u011finiz videolar\u0131n keyfini tam bir anonimlik i\u00e7inde \u00e7\u0131karabilirsiniz.<\/p> <\/div> <div class=\"schema-faq-section\" id=\"faq-question-1638270885623\"><strong class=\"schema-faq-question\"><strong>Instagram Reels \u00e7evrimi\u00e7i olarak nas\u0131l indirilir? <\/strong> <\/strong> <p class=\"schema-faq-answer\">Instagram Reels videosunu indirmek i\u00e7in, makaran\u0131n URL&#8217;sini arac\u0131m\u0131z\u0131n metin kutusuna kopyalay\u0131p yap\u0131\u015ft\u0131r\u0131n ve \u201c <strong>\u0130ndir<\/strong> \u201d d\u00fc\u011fmesine t\u0131klay\u0131n. Instagram makaral\u0131 video indirme dosyalar\u0131 otomatik olarak ak\u0131ll\u0131 telefonlar\u0131n\u0131za, tabletlerinize, diz\u00fcst\u00fc bilgisayarlar\u0131n\u0131za veya IOS cihazlar\u0131n\u0131za kaydedilir, bu nedenle \u00fccretsiz \u00e7evrimi\u00e7i Instagram videolar\u0131m\u0131z\u0131 a\u00e7\u0131n \u0130ndirin ve ba\u015flay\u0131n! <\/p> <\/div> <div class=\"schema-faq-section\" id=\"faq-question-1638270924323\"><strong class=\"schema-faq-question\"><strong>Instagram Reel&#8217;i \u00e7evrimi\u00e7i olarak HD Kalitesinde indirebilir miyim? <\/strong> <\/strong> <p class=\"schema-faq-answer\">Evet, arac\u0131m\u0131z Instagram Reels&#8217;in d\u00f6n\u00fc\u015ft\u00fcr\u00fclmesi i\u00e7in \u00e7ok \u00e7e\u015fitli bi\u00e7imleri destekler, ancak en pop\u00fcler olan\u0131 HD kalitesidir. Ayr\u0131ca, videonun orijinal olarak Instagram&#8217;a y\u00fcklendi\u011fi kalitede reels Instagram&#8217;dan indirebilirsiniz. Bu web sitesi her seferinde HD kalitesinde indirmeler sa\u011flar!<\/p> <\/div> <div class=\"schema-faq-section\" id=\"faq-question-1638270954117\"><strong class=\"schema-faq-question\"><strong>Instagram Reels Videolar\u0131n\u0131 \u00e7evrimi\u00e7i olarak indirmek yasa d\u0131\u015f\u0131 m\u0131? <\/strong> <\/strong> <p class=\"schema-faq-answer\">Adil olmak gerekirse, insta reels indiricisinin o videonun telif haklar\u0131na sahip olman\u0131z ko\u015fuluyla, herkese a\u00e7\u0131k sayfalardan Instagram Reels&#8217;i indirmenin veya d\u00f6n\u00fc\u015ft\u00fcrmenin \u00f6nemli olmad\u0131\u011f\u0131n\u0131 bilmek sizi olduk\u00e7a \u015fa\u015f\u0131rtacakt\u0131r. \u0130ndirilen dosyalar\u0131 ki\u015fisel kullan\u0131m i\u00e7in kullanmak istiyorsan\u0131z, bu da yasa d\u0131\u015f\u0131 say\u0131lmaz. Ancak, bu videoyu giri\u015fimci veya ticari ama\u00e7larla kullanmay\u0131 planlayan Insta reels indirmeyi planl\u0131yorsan\u0131z, makaran\u0131n sahibinden telif hakk\u0131 izni almal\u0131s\u0131n\u0131z.<\/p> <\/div> <div class=\"schema-faq-section\" id=\"faq-question-1638270978704\"><strong class=\"schema-faq-question\"><strong>Bu ara\u00e7la ka\u00e7 tane Instagram Makaras\u0131 indirebilirim? <\/strong> <br><\/strong> <p class=\"schema-faq-answer\">Bu ola\u011fan\u00fcst\u00fc arac\u0131n en \u015fa\u015f\u0131rt\u0131c\u0131 yan\u0131, her kullan\u0131c\u0131 i\u00e7in s\u0131n\u0131rs\u0131z indirme olana\u011f\u0131 sunmas\u0131d\u0131r! K\u0131s\u0131tlamalar hakk\u0131nda endi\u015felenmeyi b\u0131rakman\u0131n ve bir g\u00fcnde y\u00fckleyebildi\u011finiz kadar \u00e7ok Instagram makaras\u0131 y\u00fckl\u00fc insta makara indiricisini \u00f6zg\u00fcrce kullanmaya ba\u015flaman\u0131n zaman\u0131 geldi. Haftan\u0131n 7 g\u00fcn\u00fc 7\/24 hizmet verme e\u011filimindeyiz ve ayn\u0131 zamanda tamamen \u00dcCRETS\u0130Z. Ne kadar harika<\/p> <\/div> <\/div>\n\n<h2 class=\"wp-block-heading\">\u00c7\u00f6z\u00fcm:<\/h2>\n\n<p>Art\u0131k Instagram reels ve nas\u0131l \u00e7al\u0131\u015ft\u0131klar\u0131 hakk\u0131nda her ayr\u0131nt\u0131y\u0131 biliyorsunuz. Bu kadar ilgin\u00e7 ve ilgi \u00e7ekici Instagram reels yaratman\u0131n ana s\u0131rr\u0131 nihayet ortaya \u00e7\u0131kt\u0131 ve bunu ilk \u00f6nce sizinle payla\u015ft\u0131\u011f\u0131m\u0131z i\u00e7in mutluyuz. Bu m\u00fckemmel Instagram Reels Downloader&#8217;\u0131 kullanarak, videolar\u0131 daha sonra \u00e7evrimd\u0131\u015f\u0131 olarak izleyebilece\u011finiz favorileriniz i\u00e7in Instagram&#8217;a kaydedebilirsiniz. \u0130ndirilen videolar\u0131 indirme i\u015flemi tamamland\u0131ktan sonra Insta, d\u00f6n\u00fc\u015ft\u00fcr\u00fclen dosyay\u0131 Facebook, Snapchat, TikTok ve hatta Whatsapp dahil olmak \u00fczere istedi\u011finiz herhangi bir sosyal medya platformunda payla\u015fabilirsiniz. Bu nedenle, herhangi bir k\u0131s\u0131tlama veya s\u0131n\u0131rlama olmaks\u0131z\u0131n web sitemizi kullanarak istedi\u011finiz kadar Instagram makaras\u0131 indirin. Peki, ne bekliyorsun? Trene atlay\u0131p epik Insta reels yaratman\u0131n zaman\u0131 geldi! \u0130yi \u015fanlar!<\/p>\n","protected":false},"excerpt":{"rendered":"<p>Bu g\u00fcnlerde yeni trend olan Instagram reels, kullan\u0131c\u0131lar\u0131n Insta Uygulamas\u0131 i\u00e7inde ilgin\u00e7 k\u0131sa klipleri kolayl\u0131kla [&#8230;..]<\/p>\n","protected":false},"author":1,"featured_media":610,"parent":0,"menu_order":0,"comment_status":"closed","ping_status":"closed","template":"","meta":{"footnotes":""},"class_list":["post-317","page","type-page","status-publish","has-post-thumbnail","hentry"],"acf":[],"aioseo_notices":[],"_links":{"self":[{"href":"https:\/\/y2mate.me\/tr\/wp-json\/wp\/v2\/pages\/317","targetHints":{"allow":["GET"]}}],"collection":[{"href":"https:\/\/y2mate.me\/tr\/wp-json\/wp\/v2\/pages"}],"about":[{"href":"https:\/\/y2mate.me\/tr\/wp-json\/wp\/v2\/types\/page"}],"author":[{"embeddable":true,"href":"https:\/\/y2mate.me\/tr\/wp-json\/wp\/v2\/users\/1"}],"replies":[{"embeddable":true,"href":"https:\/\/y2mate.me\/tr\/wp-json\/wp\/v2\/comments?post=317"}],"version-history":[{"count":0,"href":"https:\/\/y2mate.me\/tr\/wp-json\/wp\/v2\/pages\/317\/revisions"}],"wp:featuredmedia":[{"embeddable":true,"href":"https:\/\/y2mate.me\/tr\/wp-json\/wp\/v2\/media\/610"}],"wp:attachment":[{"href":"https:\/\/y2mate.me\/tr\/wp-json\/wp\/v2\/media?parent=317"}],"curies":[{"name":"wp","href":"https:\/\/api.w.org\/{rel}","templated":true}]}}