{"id":270,"date":"2021-12-20T16:48:40","date_gmt":"2021-12-20T16:48:40","guid":{"rendered":"https:\/\/y2mate.me\/youtube-shorts-indirici"},"modified":"2022-01-03T11:05:50","modified_gmt":"2022-01-03T11:05:50","slug":"youtube-shorts-indirici","status":"publish","type":"page","link":"https:\/\/y2mate.me\/tr\/youtube-shorts-indirici","title":{"rendered":"YouTube Shorts \u0130ndir"},"content":{"rendered":"\n<h2 class=\"wp-block-heading\">YouTube Shorts \u0130ndirici Hakk\u0131nda<\/h2>\n\n<p>Basit bir deyi\u015fle, YouTube short yukleme, kullan\u0131c\u0131lar\u0131n youtube shorts herhangi bir g\u00fc\u00e7l\u00fck \u00e7ekmeden do\u011frudan cihazlar\u0131na indirmelerini sa\u011flayan bir ara\u00e7t\u0131r. Bu zahmetsiz bir s\u00fcre\u00e7tir. Yapman\u0131z gereken tek \u015fey, yukar\u0131da bahsedilen youtube shorts indirme ad\u0131mlar\u0131n\u0131 iyice anlamakt\u0131r. Anlad\u0131ktan sonra en sevdi\u011finiz youtube shorts bir dakika i\u00e7inde cihaz\u0131n\u0131za indirebilirsiniz. <\/p>\n\n<h3 class=\"wp-block-heading\">YouTube Shorts Downloader&#8217;\u0131n Temel \u00d6zellikleri<\/h3>\n\n<p>Bilmeniz gereken short indiricisinin temel \u00f6zellikleri \u015funlard\u0131r:<\/p>\n\n<ul class=\"wp-block-list\"><li><strong>Vir\u00fcss\u00fcz<\/strong><br\/>Bu arac\u0131 kullanman\u0131n cihaz\u0131n\u0131za zarar verebilece\u011fini merak ediyorsan\u0131z, endi\u015felenecek bir \u015fey yok \u00e7\u00fcnk\u00fc YT shorts indiricisi vir\u00fcss\u00fczd\u00fcr. Bu ara\u00e7 tamamen g\u00fcvenli oldu\u011fu i\u00e7in ili\u015fkili k\u00f6t\u00fc ama\u00e7l\u0131 yaz\u0131l\u0131m riski yoktur.<\/li><\/ul>\n\n<ul class=\"wp-block-list\"><li><strong>Kaliteden taviz yok<\/strong><br\/>Youtube shorts bu ara\u00e7 arac\u0131l\u0131\u011f\u0131yla HD kalitesinde indirilecektir. Orijinali ile kar\u015f\u0131la\u015ft\u0131r\u0131ld\u0131\u011f\u0131nda indirilen youtube shorts kalitesinde en ufak bir fark bile yoktur. <\/li><\/ul>\n\n<ul class=\"wp-block-list\"><li><strong>\u00dccretsiz Bir Ara\u00e7<\/strong><br\/>Bu \u00fccretsiz bir ara\u00e7t\u0131r, yani bu arac\u0131 kullanmak ve \u00e7evrimd\u0131\u015f\u0131 youtube shorts keyfini \u00e7\u0131karmak i\u00e7in tek bir kuru\u015f \u00f6demek zorunda kalmayacaks\u0131n\u0131z. <\/li><\/ul>\n\n<ul class=\"wp-block-list\"><li><strong>Kullan\u0131m\u0131 Kolay<\/strong><br\/>Bu arac\u0131 kullanmak, onu kullan\u0131c\u0131 dostu yapan hi\u00e7bir teknik \u00f6zellik i\u00e7ermemektedir. Youtube shorts indirmek i\u00e7in birka\u00e7 basit ad\u0131m\u0131 uygulaman\u0131z yeterli ve i\u015finiz bitti. <\/li><\/ul>\n","protected":false},"excerpt":{"rendered":"<p>YouTube Shorts \u0130ndirici Hakk\u0131nda Basit bir deyi\u015fle, YouTube short yukleme, kullan\u0131c\u0131lar\u0131n youtube shorts herhangi bir [&#8230;..]<\/p>\n","protected":false},"author":1,"featured_media":750,"parent":0,"menu_order":0,"comment_status":"closed","ping_status":"closed","template":"","meta":{"footnotes":""},"class_list":["post-270","page","type-page","status-publish","has-post-thumbnail","hentry"],"acf":[],"aioseo_notices":[],"_links":{"self":[{"href":"https:\/\/y2mate.me\/tr\/wp-json\/wp\/v2\/pages\/270","targetHints":{"allow":["GET"]}}],"collection":[{"href":"https:\/\/y2mate.me\/tr\/wp-json\/wp\/v2\/pages"}],"about":[{"href":"https:\/\/y2mate.me\/tr\/wp-json\/wp\/v2\/types\/page"}],"author":[{"embeddable":true,"href":"https:\/\/y2mate.me\/tr\/wp-json\/wp\/v2\/users\/1"}],"replies":[{"embeddable":true,"href":"https:\/\/y2mate.me\/tr\/wp-json\/wp\/v2\/comments?post=270"}],"version-history":[{"count":0,"href":"https:\/\/y2mate.me\/tr\/wp-json\/wp\/v2\/pages\/270\/revisions"}],"wp:featuredmedia":[{"embeddable":true,"href":"https:\/\/y2mate.me\/tr\/wp-json\/wp\/v2\/media\/750"}],"wp:attachment":[{"href":"https:\/\/y2mate.me\/tr\/wp-json\/wp\/v2\/media?parent=270"}],"curies":[{"name":"wp","href":"https:\/\/api.w.org\/{rel}","templated":true}]}}