{"id":189,"date":"2021-12-08T05:18:13","date_gmt":"2021-12-08T05:18:13","guid":{"rendered":"https:\/\/y2mate.me\/y2mate-video-downloader"},"modified":"2021-12-08T05:18:13","modified_gmt":"2021-12-08T05:18:13","slug":"y2mate-video-downloader","status":"publish","type":"page","link":"https:\/\/y2mate.me\/tr","title":{"rendered":"Y2mate Video Downloader"},"content":{"rendered":"\n<h2 class=\"wp-block-heading\">Y2mate.me; \u00dccretsiz \u00c7evrimi\u00e7i Video \u0130ndirici; Videolar\u0131 Y\u00fcksek Kaliteli \u00c7evrimi\u00e7i Olarak \u0130ndirin<\/h2>\n\n<p>G\u00fcn\u00fcm\u00fczde herkes dijital bir d\u00fcnyada ya\u015f\u0131yor. Her an, e\u011flenceli videolardan \u00f6\u011fretici videolara kadar \u00e7e\u015fitli video payla\u015f\u0131m sitelerine binlerce video y\u00fckleniyor. Milyarlarca kullan\u0131c\u0131 bu videolar\u0131 d\u00fcnyan\u0131n her yerinden izliyor.<\/p>\n\n<p>Video payla\u015f\u0131m siteleri s\u0131n\u0131rl\u0131 oldu\u011fu i\u00e7in, her seferinde bir grup kullan\u0131c\u0131 bu siteleri ziyaret ediyor. Ancak bu video payla\u015f\u0131m platformlar\u0131, insanlar\u0131n videoyu yaln\u0131zca izlemesine izin veriyor, indirmesine izin vermiyor. Birisi belirli bir videoyu be\u011fenirse, o videoyu izlemek i\u00e7in tekrar tekrar geri gitmesi gerekir. \u0130nsanlar bu konuda h\u00fcsrana u\u011frarlar ve bu hantal soruna bir \u00e7\u00f6z\u00fcm isterler. <\/p>\n\n<p>En sevdi\u011finiz videolar\u0131 indirmenize izin veren ve istedi\u011finiz zaman izleyebilece\u011finiz bir sistem oldu\u011funu s\u00f6ylesek. Art\u0131k video indiricimiz ile herhangi bir k\u0131s\u0131tlama olmaks\u0131z\u0131n videolar\u0131 indirebilirsiniz.<\/p>\n\n<p><a href=\"https:\/\/y2mate.me\/tr\">y2mate.me (\u00dccretsiz \u00c7evrimi\u00e7i Video \u0130ndirici) ile herhangi bir sosyal medya platformundan istedi\u011finiz kadar video indirebilirsiniz.<\/a> T\u00fcm videolar, herhangi bir ek gereksinim olmaks\u0131z\u0131n sorunsuz bir i\u015flemle indirilebilir. Kullan\u0131c\u0131lar\u0131n en sevdikleri videonun URL&#8217;sini kopyalay\u0131p yap\u0131\u015ft\u0131rmalar\u0131 yeterlidir ve indirilen videoyu an\u0131nda al\u0131rlar. <\/p>\n\n<h2 class=\"wp-block-heading\">\u00dccretsiz \u00c7evrimi\u00e7i Video \u0130ndirici Hakk\u0131nda<\/h2>\n\n<p>Free Online Video Downloader (y2mate.me taraf\u0131ndan), kullan\u0131c\u0131lar\u0131n kendi se\u00e7tikleri videolar\u0131 indirmelerine izin veren \u00fccretsiz bir indiricidir. Bu indiricinin aray\u00fcz\u00fc kullan\u0131c\u0131 dostudur ve kullan\u0131m\u0131 kolayd\u0131r. <\/p>\n\n<p>Bu y2mate &#8211; video indirici, y\u00fcksek h\u0131zda y\u00fcksek kaliteli indirme sunar. Etkili i\u015flevsellik ve \u015f\u0131k bir aray\u00fcz ile bu video indirici, kullan\u0131c\u0131lara en iyi hizmetleri sa\u011flamak i\u00e7in tasarlanm\u0131\u015ft\u0131r. Videolar MP4, M4A, 3gp vb. gibi birden \u00e7ok bi\u00e7imde indirilebilir.<\/p>\n\n<p>Birka\u00e7 videoyu ayn\u0131 anda ve y\u00fcksek \u00e7\u00f6z\u00fcn\u00fcrl\u00fckte indirmek istiyorsan\u0131z, Free Online Video Downloader sizin i\u00e7in en iyi se\u00e7imdir. Herhangi bir videoyu birka\u00e7 dakika i\u00e7inde indirebilir ve \u00e7evrimd\u0131\u015f\u0131yken bile izlemenin keyfini \u00e7\u0131karabilirsiniz. <\/p>\n","protected":false},"excerpt":{"rendered":"<p>Y2mate.me; \u00dccretsiz \u00c7evrimi\u00e7i Video \u0130ndirici; Videolar\u0131 Y\u00fcksek Kaliteli \u00c7evrimi\u00e7i Olarak \u0130ndirin G\u00fcn\u00fcm\u00fczde herkes dijital bir [&#8230;..]<\/p>\n","protected":false},"author":1,"featured_media":0,"parent":0,"menu_order":0,"comment_status":"closed","ping_status":"closed","template":"font-home.php","meta":{"footnotes":""},"class_list":["post-189","page","type-page","status-publish","hentry"],"acf":[],"aioseo_notices":[],"_links":{"self":[{"href":"https:\/\/y2mate.me\/tr\/wp-json\/wp\/v2\/pages\/189","targetHints":{"allow":["GET"]}}],"collection":[{"href":"https:\/\/y2mate.me\/tr\/wp-json\/wp\/v2\/pages"}],"about":[{"href":"https:\/\/y2mate.me\/tr\/wp-json\/wp\/v2\/types\/page"}],"author":[{"embeddable":true,"href":"https:\/\/y2mate.me\/tr\/wp-json\/wp\/v2\/users\/1"}],"replies":[{"embeddable":true,"href":"https:\/\/y2mate.me\/tr\/wp-json\/wp\/v2\/comments?post=189"}],"version-history":[{"count":0,"href":"https:\/\/y2mate.me\/tr\/wp-json\/wp\/v2\/pages\/189\/revisions"}],"wp:attachment":[{"href":"https:\/\/y2mate.me\/tr\/wp-json\/wp\/v2\/media?parent=189"}],"curies":[{"name":"wp","href":"https:\/\/api.w.org\/{rel}","templated":true}]}}