{"id":907,"date":"2022-04-29T07:56:18","date_gmt":"2022-04-29T07:56:18","guid":{"rendered":"https:\/\/y2mate.me\/baixar-video-do-twitter"},"modified":"2022-04-29T07:56:18","modified_gmt":"2022-04-29T07:56:18","slug":"baixar-video-do-twitter","status":"publish","type":"page","link":"https:\/\/y2mate.me\/pt-br\/baixar-video-do-twitter","title":{"rendered":"Baixar Video Do Twitter"},"content":{"rendered":"\n<p>Procurando um downloader de tweets super r\u00e1pido e eficiente para usar, mas n\u00e3o consegue decidir qual \u00e9 o melhor? \u00c9 verdade que existem tantos downloaders de v\u00eddeo Ymate na internet hoje em dia, mas agora, voc\u00ea veio ao site certo! Y2mate Twitter Video Downloader mp4 HD \u00e9 uma ferramenta online inteligente que permite baixar v\u00eddeos Twitter gratuitamente de v\u00e1rios sites de m\u00eddia social e o <a href=\"https:\/\/twitter.com\/?lang=en\">Twitter<\/a> \u00e9 um deles. Como outros sites de redes sociais, o Twitter tamb\u00e9m n\u00e3o permite que voc\u00ea baixe seus v\u00eddeos, mas \u00e9 para isso que estamos aqui. <em>Ymate<\/em> video downloader \u00e9 um servidor fant\u00e1stico que permite que seus usu\u00e1rios baixem seus v\u00eddeos favoritos do Twitter mate downloader em v\u00e1rios formatos (MP4, M4A e 3GP, WEBM, MP3 e JPG) e qualidades (HD, SD).<\/p>\n\n<figure class=\"wp-block-image size-large\"><img fetchpriority=\"high\" decoding=\"async\" width=\"1024\" height=\"576\" src=\"https:\/\/y2mate.me\/wp-content\/uploads\/2022\/03\/twitter-1024x576.jpg\" alt=\"\" class=\"wp-image-760\" srcset=\"https:\/\/y2mate.me\/wp-content\/uploads\/2022\/03\/twitter-1024x576.jpg 1024w, https:\/\/y2mate.me\/wp-content\/uploads\/2022\/03\/twitter-300x169.jpg 300w, https:\/\/y2mate.me\/wp-content\/uploads\/2022\/03\/twitter-768x432.jpg 768w, https:\/\/y2mate.me\/wp-content\/uploads\/2022\/03\/twitter.jpg 1280w\" sizes=\"(max-width: 1024px) 100vw, 1024px\" \/><\/figure>\n\n<h2 class=\"wp-block-heading\" id=\"how-to-use-a-twitter-video-downloader-online\">Como usar o Twitter Video Downloader online? <\/h2>\n\n<p>Para baixar video do twitter online, basta seguir estes passos simples:<\/p>\n\n<ul class=\"wp-block-list\"><li>Acesse o twitter.com<\/li><li>Copie o URL do v\u00eddeo do Twitter que voc\u00ea deseja baixar.<\/li><li>Cole o URL que voc\u00ea copiou na caixa de campo do downloader do twitter Y2mate. <\/li><li>Clique no bot\u00e3o ou \u00edcone &#8216;download&#8217; para salvar o Twitter para download de v\u00eddeo mp3. <\/li><\/ul>\n\n<div class=\"schema-how-to wp-block-yoast-how-to-block\"><p class=\"schema-how-to-total-time\"><span class=\"schema-how-to-duration-time-text\">Tempo necess\u00e1rio:<\/span> 1 minuto. <\/p><p class=\"schema-how-to-description\"><strong>Como baixar v\u00eddeos Twitter passo a passo usando o Y2 mate- Twitter Video Downloader? <\/strong><br><em>Y2mate- Twitter Video Downloader<\/em> \u00e9 o melhor para quem quer baixar v\u00eddeos do Twitter sem nenhuma interrup\u00e7\u00e3o. Esta ferramenta suporta todos os tipos de dispositivos. Tudo o que voc\u00ea precisa fazer \u00e9 seguir as poucas instru\u00e7\u00f5es listadas abaixo e seu trabalho ser\u00e1 feito em quest\u00e3o de segundos. <br><\/p> <ol class=\"schema-how-to-steps\"><li class=\"schema-how-to-step\" id=\"how-to-step-1638943837347\"><strong class=\"schema-how-to-step-name\"><strong>Encontre os v\u00eddeos desejados<\/strong> :<\/strong> <p class=\"schema-how-to-step-text\">Fa\u00e7a login no Twitter.com.<\/p> <\/li><li class=\"schema-how-to-step\" id=\"how-to-step-1638943948583\"><strong class=\"schema-how-to-step-name\">Copie o URL:<\/strong> <p class=\"schema-how-to-step-text\">Em seguida, v\u00e1 para aquela determinada p\u00e1gina no Twittermate que cont\u00e9m o v\u00eddeo que voc\u00ea deseja baixar e copie seu URL. <\/p> <\/li><li class=\"schema-how-to-step\" id=\"how-to-step-1638943986226\"><strong class=\"schema-how-to-step-name\">Cole o URL:<\/strong> <p class=\"schema-how-to-step-text\">Agora, cole o URL na caixa de texto de entrada <a href=\"https:\/\/y2mate.me\/pt-br\/baixar-video-do-twitter\">y2mate.me\/twitter-video-downloader<\/a> (acima) e clique no \u00edcone &#8216;Download&#8217;.<\/p> <\/li><li class=\"schema-how-to-step\" id=\"how-to-step-1638944008523\"><strong class=\"schema-how-to-step-name\">Selecione o Formato:<\/strong> <p class=\"schema-how-to-step-text\">Nosso downloader de v\u00eddeo Y2mate-Twitter extrair\u00e1 links de v\u00eddeo MP4 de alta qualidade do v\u00eddeo e lhe dar\u00e1 a op\u00e7\u00e3o de escolher a qualidade em que voc\u00ea deseja salvar seu v\u00eddeo. (HD ou SD). <\/p> <\/li><li class=\"schema-how-to-step\" id=\"how-to-step-1638944046331\"><strong class=\"schema-how-to-step-name\">Baixar Twitter videos:<\/strong> <p class=\"schema-how-to-step-text\">Veja o v\u00eddeo do Twitter baixado salvo no seu dispositivo. <\/p> <\/li><\/ol><\/div>\n\n<h2 class=\"wp-block-heading\" id=\"what-is-twitter\">O que \u00e9 o Twitter? <\/h2>\n\n<p><em>O Twitter<\/em> \u00e9 um servi\u00e7o popular de microblog e rede social americano no qual as pessoas interagem e compartilham mensagens conhecidas como &#8216;tweets&#8217;. \u00c9 uma das maiores plataformas onde usu\u00e1rios registrados podem curtir, comentar, compartilhar e retweetar tweets. Lan\u00e7ado em 2006, o Twitter j\u00e1 tem mais de 320 milh\u00f5es de usu\u00e1rios ativos mensais. Houve um tempo em que o Twitter era preenchido apenas com conte\u00fado baseado em texto simples, mas agora ele adicionou outras op\u00e7\u00f5es, incluindo v\u00eddeos. <\/p>\n\n<p>Se voc\u00ea deseja not\u00edcias e v\u00eddeos r\u00e1pidos de todo o mundo, o downloader de tweets \u00e9 certamente o lugar para depender. Mas, infelizmente, seus v\u00eddeos s\u00e3o incorporados de tal forma que voc\u00ea n\u00e3o pode us\u00e1-los posteriormente. Muitos usu\u00e1rios querem baixar v\u00eddeos mp4 do Twitter e salv\u00e1-los em seus dispositivos, mas n\u00e3o conseguem. \u00c9 por isso que apresentamos o <em>Y2mate Twitter Video Downloader<\/em> y2, que fornecer\u00e1 a melhor experi\u00eancia enriquecida com novas tecnologias e recursos avan\u00e7ados. <\/p>\n\n<p><em>O download de v\u00eddeo Ymate<\/em> visa fornecer uma experi\u00eancia de download sem erros que sempre satisfez seus usu\u00e1rios. Ele permite que seus usu\u00e1rios baixem os v\u00eddeos do Twitter de sua escolha para que possam<em> <\/em>assista-os mais tarde, mesmo quando estiverem offline. Tudo o que voc\u00ea precisa fazer \u00e9 copiar o &#8216;URL&#8217; do v\u00eddeo que deseja baixar no v\u00eddeo do Twitter online e col\u00e1-lo na caixa de pesquisa fornecida e clicar no &#8216;\u00edcone de download&#8217; ao lado. Nosso downloader n\u00e3o requer o download ou instala\u00e7\u00e3o de qualquer tipo de software ou plugin para usar este site. Ele foi projetado para consumir o m\u00ednimo de dados da Internet, mas fornecer\u00e1 a melhor qualidade. <\/p>\n\n<p>Mesmo que voc\u00ea n\u00e3o seja uma pessoa muito techno, esta ferramenta \u00e9 sem d\u00favida o destino certo para voc\u00ea. Ent\u00e3o, qual \u00e9 a espera? Aproveite o uso do nosso incr\u00edvel downloader de <a href=\"https:\/\/y2mate.me\/pt-br\">v\u00eddeo Y2mate<\/a> e salve seu v\u00eddeo do twitter em seus dispositivos em alguns segundos. <\/p>\n\n<h2 class=\"wp-block-heading\" id=\"download-videos-by-using-twitter-video-download-online\">Baixe v\u00eddeos usando o Twitter Download de v\u00eddeos:<\/h2>\n\n<p>O downloader de v\u00eddeo online do twitter HD oferece a melhor experi\u00eancia enriquecida com a mais nova tecnologia e todos os recursos avan\u00e7ados. Nossa ferramenta online visa fornecer ao usu\u00e1rio uma experi\u00eancia de download sem erros que os satisfa\u00e7a. Ele permite que eles baixem v\u00eddeos do Twitter y2mate online de sua escolha GRATUITAMENTE, para que eles possam<strong> <\/strong>assista-os mais tarde, mesmo quando eles n\u00e3o tiverem uma conex\u00e3o com a Internet em seus dispositivos.<\/p>\n\n<p>Para baixar v\u00eddeos do Twitter com esta ferramenta online, basta copiar o &#8216;URL&#8217; do v\u00eddeo que deseja baixar e col\u00e1-lo na caixa de texto fornecida acima. Agora, toque no &#8216;\u00edcone de download&#8217; ao lado. Nosso downloader y2 baseado na web \u00e9 totalmente gratuito e nem sequer solicita que seus usu\u00e1rios instalem qualquer tipo de software ou plug-in de antem\u00e3o. Projetamos seu servidor para consumir o m\u00ednimo de dados da Internet de nossos usu\u00e1rios e fornecer a melhor qualidade.<\/p>\n\n<p>Usar o downloader de v\u00eddeo online y2mate \u00e0s vezes pode ser bastante dif\u00edcil se voc\u00ea n\u00e3o estiver usando o site certo. Por causa das v\u00e1rias etapas e an\u00fancios, outras ferramentas complicam o processo de download. Pelo contr\u00e1rio, nossa ferramenta torna muito mais f\u00e1cil para nossos usu\u00e1rios baixar v\u00eddeos do Twitter. Mesmo que voc\u00ea n\u00e3o seja um geek de computador ou seja muito novo nisso, essa ferramenta ser\u00e1 o destino certo para voc\u00ea.<\/p>\n\n<p>Ent\u00e3o o que voc\u00ea est\u00e1 esperando agora? Aproveite o uso do nosso melhor downloader de v\u00eddeo y2 e salve v\u00eddeos do Twitter diretamente em seus dispositivos em segundos!<\/p>\n\n<h2 class=\"wp-block-heading\" id=\"frequently-asked-questions-faqs\">Perguntas frequentes &#8211; FAQs:<\/h2>\n\n<div class=\"schema-faq wp-block-yoast-faq-block\"><div class=\"schema-faq-section\" id=\"faq-question-1638944247061\"><strong class=\"schema-faq-question\">1. Este Twitter Downloader HD \u00e9 gratuito? <\/strong> <p class=\"schema-faq-answer\">Sim, o Y2mate- Twitter Video downloader \u00e9 um servi\u00e7o gratuito que permite baixar seus v\u00eddeos do Twitter desejados sem nenhum inconveniente em apenas alguns segundos. Como o software do nosso site \u00e9 independente de plataforma, voc\u00ea pode us\u00e1-lo com seu PC Android, Mac, Linux e at\u00e9 IOS (iPhone). <\/p> <\/div> <div class=\"schema-faq-section\" id=\"faq-question-1638944286240\"><strong class=\"schema-faq-question\">2. O downloader de v\u00eddeos online y2mate mant\u00e9m uma c\u00f3pia dos meus v\u00eddeos baixados? <\/strong> <p class=\"schema-faq-answer\">N\u00e3o, o downloader Y2mate-Ymate para tweeter n\u00e3o armazena os v\u00eddeos que voc\u00ea baixou nem nosso site mant\u00e9m qualquer c\u00f3pia do v\u00eddeo. Como n\u00e3o monitoramos os hist\u00f3ricos de download do usu\u00e1rio, o uso do Y2mate \u00e9 totalmente seguro e an\u00f4nimo.<\/p> <\/div> <div class=\"schema-faq-section\" id=\"faq-question-1638944305864\"><strong class=\"schema-faq-question\">3. Onde meus v\u00eddeos ser\u00e3o salvos depois de baix\u00e1-los usando o Twitter clip Downloader? <\/strong> <p class=\"schema-faq-answer\">Seus v\u00eddeos desejados geralmente s\u00e3o salvos em qualquer pasta que voc\u00ea definiu como seu &#8216;padr\u00e3o&#8217;. No caso de seus telefones celulares, o v\u00eddeo ser\u00e1 salvo na &#8216;pasta de downloads&#8217; ou na galeria do seu telefone. Mas quando voc\u00ea usar seu PC para baixar os v\u00eddeos do Twitter usando nosso downloader de v\u00eddeos do Twitter, eles ser\u00e3o salvos na pasta &#8216;Downloads&#8217; do seu computador. <\/p> <\/div> <div class=\"schema-faq-section\" id=\"faq-question-1638944328590\"><strong class=\"schema-faq-question\">4. O downloader de v\u00eddeo Y2mate do Twitter tamb\u00e9m suporta outros sites? <\/strong> <p class=\"schema-faq-answer\">Sim, de fato, o Y2mate atualmente suporta mais de 30 sites, incluindo Likee, Instagram, Facebook, TikTok, Bandcamp, Break, Flickr, ESPN e muitos outros com a melhor efici\u00eancia que voc\u00ea encontrar\u00e1 na internet. Todos eles s\u00e3o f\u00e1ceis de usar com os recursos mais recentes e exclusivos.<\/p> <\/div> <div class=\"schema-faq-section\" id=\"faq-question-1638944367552\"><strong class=\"schema-faq-question\">5. <strong>Por que devo usar este Tw<\/strong> ee <strong>t Video Downloade<\/strong> r mp4 <strong>?<\/strong><br><\/strong> <p class=\"schema-faq-answer\">Aqui est\u00e1 uma lista de coisas que fazem este Twitter Downloader online se destacar do resto:<br>1. Livre para usar.<br>2. Interface amig\u00e1vel.<br>3. Baixa v\u00eddeos em qualidade HD.<br>4. Nenhum an\u00fancio de link direto inclu\u00eddo.<br>5. R\u00e1pido e f\u00e1cil.<br>6. Tamb\u00e9m pode baixar do Twitter v\u00eddeos de contas privadas do Twitter.<\/p> <\/div> <\/div>\n","protected":false},"excerpt":{"rendered":"<p>Procurando um downloader de tweets super r\u00e1pido e eficiente para usar, mas n\u00e3o consegue decidir [&#8230;..]<\/p>\n","protected":false},"author":1,"featured_media":760,"parent":0,"menu_order":0,"comment_status":"closed","ping_status":"closed","template":"","meta":{"footnotes":""},"class_list":["post-907","page","type-page","status-publish","has-post-thumbnail","hentry"],"acf":[],"aioseo_notices":[],"_links":{"self":[{"href":"https:\/\/y2mate.me\/pt-br\/wp-json\/wp\/v2\/pages\/907","targetHints":{"allow":["GET"]}}],"collection":[{"href":"https:\/\/y2mate.me\/pt-br\/wp-json\/wp\/v2\/pages"}],"about":[{"href":"https:\/\/y2mate.me\/pt-br\/wp-json\/wp\/v2\/types\/page"}],"author":[{"embeddable":true,"href":"https:\/\/y2mate.me\/pt-br\/wp-json\/wp\/v2\/users\/1"}],"replies":[{"embeddable":true,"href":"https:\/\/y2mate.me\/pt-br\/wp-json\/wp\/v2\/comments?post=907"}],"version-history":[{"count":1,"href":"https:\/\/y2mate.me\/pt-br\/wp-json\/wp\/v2\/pages\/907\/revisions"}],"predecessor-version":[{"id":908,"href":"https:\/\/y2mate.me\/pt-br\/wp-json\/wp\/v2\/pages\/907\/revisions\/908"}],"wp:featuredmedia":[{"embeddable":true,"href":"https:\/\/y2mate.me\/pt-br\/wp-json\/wp\/v2\/media\/760"}],"wp:attachment":[{"href":"https:\/\/y2mate.me\/pt-br\/wp-json\/wp\/v2\/media?parent=907"}],"curies":[{"name":"wp","href":"https:\/\/api.w.org\/{rel}","templated":true}]}}