{"id":455,"date":"2022-01-05T22:38:47","date_gmt":"2022-01-05T22:38:47","guid":{"rendered":"https:\/\/y2mate.me\/pinterest-video-downloader"},"modified":"2022-01-05T22:38:47","modified_gmt":"2022-01-05T22:38:47","slug":"pinterest-video-downloader","status":"publish","type":"page","link":"https:\/\/y2mate.me\/pt-br\/pinterest-video-downloader","title":{"rendered":"Pinterest Video Downloader"},"content":{"rendered":"\n<h2 class=\"wp-block-heading\">Downloader de v\u00eddeo online gratuito do Pinterest: <\/h2>\n\n<p>Est\u00e1 com problemas para encontrar um downloader de v\u00eddeo eficiente no Pinterest? Bem, agora voc\u00ea finalmente acessou o site certo. O Pinterest \u00e9 um dos nomes mais importantes em plataformas de streaming de m\u00eddia social atualmente. Y2mate &#8211; Downloader \u00e9 uma ferramenta de download de v\u00eddeos online gratuita do Pinterest que permite que voc\u00ea baixe v\u00eddeos do Pinterest com facilidade. A melhor parte deste incr\u00edvel downloader \u00e9 que ele n\u00e3o cobra um \u00fanico centavo. \u00c9 um servi\u00e7o web simples que permite que seus usu\u00e1rios baixem seus formatos favoritos (MP4, M4A, 3GP, WEBM e JPG) e qualidades (HD, SD). Para usar esta ferramenta, voc\u00ea nem precisa baixar ou instalar nenhum tipo de software ou plugin.<\/p>\n\n<h2 class=\"wp-block-heading\">Como posso baixar v\u00eddeos usando Y2mate &#8211; Pinterest Video Downloader?<\/h2>\n\n<p>Como nossos usu\u00e1rios sabem, o Y2mate \u00e9 um downloader incr\u00edvel do Pinterest que realiza as fun\u00e7\u00f5es mais avan\u00e7adas que voc\u00ea encontrar\u00e1 na internet. Ele d\u00e1 aos nossos usu\u00e1rios a experi\u00eancia de usar uma ferramenta de pr\u00f3ximo n\u00edvel. Com sua supervelocidade, qualquer pessoa ficar\u00e1 satisfeita com seu atendimento. Se voc\u00ea seguir essas etapas simples, poder\u00e1 baixar facilmente seus v\u00eddeos favoritos do Pinterest sem qualquer dificuldade por meio deste Downloader.<\/p>\n\n<ol class=\"wp-block-list\"><li><strong>Abra o site:<\/strong><\/li><\/ol>\n\n<p>Ent\u00e3o, voc\u00ea tem que ir para aquela p\u00e1gina espec\u00edfica no Pinterest que cont\u00e9m o v\u00eddeo que voc\u00ea deseja baixar.<\/p>\n\n<ol class=\"wp-block-list\" start=\"2\"><li><strong>Copie o URL:<\/strong><\/li><\/ol>\n\n<p>Copie o link para o download desse link de v\u00eddeo espec\u00edfico do Pinterest. <\/p>\n\n<ol class=\"wp-block-list\" start=\"3\"><li><strong>Abra o Downloader:<\/strong><\/li><\/ol>\n\n<p>Abra este link em <a href=\"https:\/\/y2mate.me\/pt-br\/pinterest-video-downloader\">y2mate.me\/Pinterest-video-downloader<\/a><\/p>\n\n<ol class=\"wp-block-list\" start=\"4\"><li><strong>Cole o URL:<\/strong><\/li><\/ol>\n\n<p>Cole o URL (o link que voc\u00ea copiou do Pinterest) na caixa de pesquisa acima.<\/p>\n\n<ol class=\"wp-block-list\" start=\"5\"><li><strong>Selecione o formato e baixe o v\u00eddeo:<\/strong><\/li><\/ol>\n\n<p>Tudo que voc\u00ea precisa fazer \u00e9 clicar no &#8216;\u00edcone de download&#8217; fornecido no lado direito. Em seguida, o downloader do Pinterest extrair\u00e1 links de v\u00eddeo MP4 de alta qualidade do v\u00eddeo escolhido e lhe dar\u00e1 a op\u00e7\u00e3o de escolher a qualidade em que deseja salvar seu v\u00eddeo. (SD ou HD).<\/p>\n\n<h2 class=\"wp-block-heading\">Recursos do Pinterest Video Downloader:<\/h2>\n\n<p>Esta incr\u00edvel ferramenta para baixar seus v\u00eddeos favoritos do Pinterest \u00e9 \u00fanica devido aos seguintes recursos exclusivos:<\/p>\n\n<h4 class=\"wp-block-heading\">Downloader de alta velocidade:<\/h4>\n\n<p>Isso \u00e9 bom para baixar v\u00eddeos do Pinterest em uma velocidade muito r\u00e1pida, sem qualquer espera e perda de tempo.<\/p>\n\n<h4 class=\"wp-block-heading\">Alta qualidade e resolu\u00e7\u00e3o:<\/h4>\n\n<p>Voc\u00ea pode baixar v\u00eddeos de alta resolu\u00e7\u00e3o com este downloader como v\u00eddeos HD e SD sem nenhum problema. O desempenho do v\u00eddeo baixado \u00e9 surpreendentemente de alta qualidade.<\/p>\n\n<h4 class=\"wp-block-heading\">Portabilidade:<\/h4>\n\n<p>Isso \u00e9 altamente consensual quanto \u00e0 portabilidade dos v\u00eddeos baixados. Os recursos do v\u00eddeo permanecem inalterados baixando o v\u00eddeo atrav\u00e9s deste downloader online gratuito.<\/p>\n\n<h4 class=\"wp-block-heading\">Livre de custos:<\/h4>\n\n<p>Este \u00e9 um downloader totalmente gratuito. Voc\u00ea pode baixar gratuitamente qualquer um dos v\u00eddeos do Pinterest sem gastar qualquer quantia. \u00c9 gratuito e f\u00e1cil de usar para o usu\u00e1rio.<\/p>\n\n<h4 class=\"wp-block-heading\">Formato:<\/h4>\n\n<p>Esta ferramenta de download online gratuita do Pinterest permite que voc\u00ea selecione o formato mp4 do conte\u00fado de v\u00eddeo selecionado a ser baixado nesse formato. Assim, de acordo com a sua necessidade e interesse, voc\u00ea poder\u00e1 baixar o v\u00eddeo desejado no formato mp4 em apenas alguns segundos. <\/p>\n\n<h2 class=\"wp-block-heading\">Perguntas frequentes:<\/h2>\n\n<div class=\"schema-faq wp-block-yoast-faq-block\"><div class=\"schema-faq-section\" id=\"faq-question-1639379056954\"><strong class=\"schema-faq-question\">Sim! Voc\u00ea pode compartilhar os v\u00eddeos baixados em qualquer uma das outras plataformas de redes sociais de acordo com a necessidade. <strong>O Y2mate- Pinterest Downloader \u00e9 seguro para usar?<\/strong><\/strong> <p class=\"schema-faq-answer\">Sim, voc\u00ea pode contar com nosso Video Downloader para baixar e salvar v\u00eddeos do Pinterest de forma segura e gratuita em seu dispositivo, sem complica\u00e7\u00f5es. Seguindo nosso guia, voc\u00ea certamente ficar\u00e1 satisfeito com o uso deste downloader. <\/p> <\/div> <div class=\"schema-faq-section\" id=\"faq-question-1639379070227\"><strong class=\"schema-faq-question\"><strong>Onde meus v\u00eddeos ser\u00e3o salvos no meu dispositivo depois de baix\u00e1-los usando o Pinterest Downloader?<\/strong><\/strong> <p class=\"schema-faq-answer\">Quando voc\u00ea usa o Y2mate &#8211; Pinterest Downloader para baixar seus v\u00eddeos do Pinterest desejados, eles geralmente s\u00e3o salvos em qualquer pasta que voc\u00ea tenha definido como &#8216;padr\u00e3o&#8217;. No seu celular, o v\u00eddeo ser\u00e1 salvo na &#8216;pasta de downloads&#8217; ou na galeria do seu telefone. Mas quando voc\u00ea usa seu PC para baixar os v\u00eddeos, eles ser\u00e3o salvos na pasta &#8216;Downloads&#8217; do seu computador. <\/p> <\/div> <div class=\"schema-faq-section\" id=\"faq-question-1639379082957\"><strong class=\"schema-faq-question\"><strong>Posso baixar os v\u00eddeos do Pinterest em mais de um formato?<\/strong><\/strong> <p class=\"schema-faq-answer\">Sim, voc\u00ea pode baixar os v\u00eddeos em mais de um formato. Voc\u00ea pode baix\u00e1-lo em diferentes formatos, incluindo MP4, M4A, 3GP, WEBM e JPG. Voc\u00ea ter\u00e1 diferentes op\u00e7\u00f5es dispon\u00edveis em cada v\u00eddeo em termos de formato. Basta clicar naquele que voc\u00ea precisa e aproveitar. Isso economiza seu dinheiro e tempo com grande efici\u00eancia!<\/p> <\/div> <div class=\"schema-faq-section\" id=\"faq-question-1639379094863\"><strong class=\"schema-faq-question\"><strong>Esta ferramenta \u00e9 totalmente gratuita?<\/strong><\/strong> <p class=\"schema-faq-answer\">Este downloader de v\u00eddeo online \u00e9 totalmente gratuito. Voc\u00ea n\u00e3o precisa gastar nenhuma quantia para baixar seus v\u00eddeos favoritos.<\/p> <\/div> <div class=\"schema-faq-section\" id=\"faq-question-1639379116112\"><strong class=\"schema-faq-question\"><strong>Posso compartilhar os v\u00eddeos baixados com qualquer uma das outras plataformas de rede social?<\/strong><\/strong> <p class=\"schema-faq-answer\">Sim! Voc\u00ea pode compartilhar os v\u00eddeos baixados em qualquer uma das outras plataformas de redes sociais de acordo com a necessidade.<\/p> <\/div> <\/div>\n","protected":false},"excerpt":{"rendered":"<p>Downloader de v\u00eddeo online gratuito do Pinterest: Est\u00e1 com problemas para encontrar um downloader de [&#8230;..]<\/p>\n","protected":false},"author":1,"featured_media":220,"parent":0,"menu_order":0,"comment_status":"closed","ping_status":"closed","template":"pinterest-page.php","meta":{"footnotes":""},"class_list":["post-455","page","type-page","status-publish","has-post-thumbnail","hentry"],"acf":[],"aioseo_notices":[],"_links":{"self":[{"href":"https:\/\/y2mate.me\/pt-br\/wp-json\/wp\/v2\/pages\/455","targetHints":{"allow":["GET"]}}],"collection":[{"href":"https:\/\/y2mate.me\/pt-br\/wp-json\/wp\/v2\/pages"}],"about":[{"href":"https:\/\/y2mate.me\/pt-br\/wp-json\/wp\/v2\/types\/page"}],"author":[{"embeddable":true,"href":"https:\/\/y2mate.me\/pt-br\/wp-json\/wp\/v2\/users\/1"}],"replies":[{"embeddable":true,"href":"https:\/\/y2mate.me\/pt-br\/wp-json\/wp\/v2\/comments?post=455"}],"version-history":[{"count":0,"href":"https:\/\/y2mate.me\/pt-br\/wp-json\/wp\/v2\/pages\/455\/revisions"}],"wp:featuredmedia":[{"embeddable":true,"href":"https:\/\/y2mate.me\/pt-br\/wp-json\/wp\/v2\/media\/220"}],"wp:attachment":[{"href":"https:\/\/y2mate.me\/pt-br\/wp-json\/wp\/v2\/media?parent=455"}],"curies":[{"name":"wp","href":"https:\/\/api.w.org\/{rel}","templated":true}]}}