{"id":352,"date":"2021-12-21T10:50:52","date_gmt":"2021-12-21T10:50:52","guid":{"rendered":"https:\/\/y2mate.me\/baixar-video-facebook"},"modified":"2022-01-06T10:41:49","modified_gmt":"2022-01-06T10:41:49","slug":"baixar-video-facebook","status":"publish","type":"page","link":"https:\/\/y2mate.me\/pt-br\/baixar-video-facebook","title":{"rendered":"Downloader de v\u00eddeo do Facebook"},"content":{"rendered":"\n<h2 class=\"wp-block-heading\">Baixar video do facebook online gr\u00e1tis online Y2Mate para Facebook<\/h2>\n\n<p><strong>Y2mate &#8211; downloader de v\u00eddeo do Facebook<\/strong> \u00e9 uma das melhores ferramentas de download de v\u00eddeo online gr\u00e1tis do Facebook que o ajuda a baixar os v\u00eddeos do Facebook de sua prefer\u00eancia nos formatos FB para MP4 (v\u00eddeo). Ele permite que seus usu\u00e1rios convertam v\u00eddeos do Facebook em qualidade HD para seus dispositivos gratuitamente. Este servi\u00e7o funciona para Android, Mac, iPhones, Windows e Linux, etc.<\/p>\n\n<p>Este downloader de v\u00eddeo avan\u00e7ado vai para a p\u00e1gina do Facebook e extrai diretamente os links MP4 do v\u00eddeo desejado. Sem ter que instalar plugins ou software, o Y2mate \u00e9 totalmente gratuito e sem complica\u00e7\u00f5es. Portanto, aproveite o uso do nosso site!<\/p>\n\n<h2 class=\"wp-block-heading\">Como usar um downloader de v\u00eddeo do Facebook?<\/h2>\n\n<ul class=\"wp-block-list\"><li>Copie o URL do v\u00eddeo do Facebook que voc\u00ea gostaria de baixar.<\/li><li>Cole o link de download do v\u00eddeo na caixa de campo fornecida.<\/li><li>Clique no bot\u00e3o ou \u00edcone &#8216;Download&#8217; para salvar o v\u00eddeo do FB.<\/li><\/ul>\n\n<h3 class=\"wp-block-heading\">Como baixar video do facebook online usando o Y2 mate baixar v\u00eddeos do facebook? <\/h3>\n\n<p>Aqui est\u00e3o as etapas simples para baixar seus v\u00eddeos favoritos do Facebook usando nosso site: <\/p>\n\n<ol class=\"wp-block-list\"><li><strong>Abra o site:<\/strong><br\/>Abra o site <a href=\"https:\/\/y2mate.me\/pt-br\/baixar-video-facebook\">https:\/\/y2mate.me\/facebook-video-downloader<\/a> . Em seguida, abra o aplicativo do Facebook e encontre o v\u00eddeo que deseja baixar.<\/li><li><strong>Copie o URL:<\/strong><\/li><\/ol>\n\n<p>Em seguida, v\u00e1 para a p\u00e1gina espec\u00edfica no Facebook que cont\u00e9m o v\u00eddeo que voc\u00ea gostaria de baixar e copie o link desse v\u00eddeo FB.<\/p>\n\n<ol class=\"wp-block-list\" start=\"3\"><li><strong>Cole o URL:<\/strong><\/li><\/ol>\n\n<p>Agora, cole o URL (o link que voc\u00ea copiou) na caixa de texto do downloader do Y2 mate FB (acima) e clique no \u00edcone &#8216;Download&#8217;.<\/p>\n\n<ol class=\"wp-block-list\" start=\"4\"><li><strong>Selecione Formatar e baixar v\u00eddeos:<\/strong><\/li><\/ol>\n\n<p>Nosso downloader de v\u00eddeo Y2mate FB extrair\u00e1 links de v\u00eddeo MP4 de alta qualidade e lhe dar\u00e1 a op\u00e7\u00e3o de escolher a qualidade desejada (HD ou SD). <\/p>\n\n<h2 class=\"wp-block-heading\">Caracter\u00edsticas principais:<\/h2>\n\n<p>Nosso site \u00e9 de uso gratuito e nenhum software ou registro \u00e9 necess\u00e1rio. Divirta-se e fa\u00e7a uso do nosso site.<\/p>\n\n<h4 class=\"wp-block-heading\">Qualidade excelente<\/h4>\n\n<p>Voc\u00ea pode baixar v\u00eddeos do Facebook em FULL HD e 4K com som de nosso downloader gratuito do Facebook. A grande maioria das ferramentas dispon\u00edveis atualmente suporta apenas v\u00eddeo HD.<\/p>\n\n<h4 class=\"wp-block-heading\">F\u00e1cil<\/h4>\n\n<p>Para qualquer dispositivo (telefone, PC ou tablet) e sistema operacional, existe um downloader de v\u00eddeo do Facebook (Android, IOS). N\u00e3o h\u00e1 necessidade de instalar nenhum software.<\/p>\n\n<h4 class=\"wp-block-heading\">Livre<\/h4>\n\n<p>Ele permanecer\u00e1 livre o tempo todo. Para ajudar a financiar nossa expans\u00e3o, apenas exibimos alguns an\u00fancios.<\/p>\n\n<h2 class=\"wp-block-heading\">FAQ&#8217;s:<\/h2>\n\n<div class=\"schema-faq wp-block-yoast-faq-block\"><div class=\"schema-faq-section\" id=\"faq-question-1639333213941\"><strong class=\"schema-faq-question\"><strong>Onde meus v\u00eddeos do Facebook s\u00e3o salvos depois de serem baixados do &#8216;downloader de v\u00eddeo Y2mate FB&#8217;?<\/strong><\/strong> <p class=\"schema-faq-answer\">Quando voc\u00ea usa nosso site para baixar seus v\u00eddeos do Facebook, os v\u00eddeos baixados s\u00e3o salvos na pasta de downloads e at\u00e9 mesmo na galeria do seu celular. No entanto, eles geralmente s\u00e3o salvos em qualquer pasta que voc\u00ea definiu como seu &#8216;padr\u00e3o&#8217;. Se voc\u00ea usou seu PC para baixar v\u00eddeos do Facebook para o seu computador, o v\u00eddeo ser\u00e1 salvo na pasta &#8216;Downloads&#8217; do seu computador.<\/p> <\/div> <div class=\"schema-faq-section\" id=\"faq-question-1639333245949\"><strong class=\"schema-faq-question\"><strong>Como baixar v\u00eddeos ao vivo no Facebook?<\/strong><\/strong> <p class=\"schema-faq-answer\">Voc\u00ea tamb\u00e9m pode baixar facilmente v\u00eddeos ao vivo do Facebook usando nosso downloader FB. Tudo que voc\u00ea precisa fazer \u00e9 esperar que o streaming termine e depois disso, voc\u00ea pode baixar o v\u00eddeo ao vivo como os outros v\u00eddeos do Facebook, copiando o link de download do v\u00eddeo e inserindo a URL do v\u00eddeo FB ao vivo na caixa de texto e clicando em o \u00edcone &#8216;Download&#8217;. <\/p> <\/div> <div class=\"schema-faq-section\" id=\"faq-question-1639333263634\"><strong class=\"schema-faq-question\"><strong>O Y2mate Facebook Downloader armazena os v\u00eddeos baixados ou mant\u00e9m uma c\u00f3pia deles?<\/strong><\/strong> <p class=\"schema-faq-answer\">N\u00e3o, o downloader de v\u00eddeos do Facebook Y2mate n\u00e3o armazena os v\u00eddeos e nem o nosso site mant\u00e9m as c\u00f3pias dos v\u00eddeos do Facebook que voc\u00ea baixou. Como n\u00e3o monitoramos as hist\u00f3rias de v\u00eddeo do FB de download do usu\u00e1rio, o uso do Y2mate \u00e9 seguro e an\u00f4nimo.<\/p> <\/div> <\/div>\n","protected":false},"excerpt":{"rendered":"<p>Baixar video do facebook online gr\u00e1tis online Y2Mate para Facebook Y2mate &#8211; downloader de v\u00eddeo [&#8230;..]<\/p>\n","protected":false},"author":1,"featured_media":208,"parent":0,"menu_order":0,"comment_status":"closed","ping_status":"closed","template":"facebook-page.php","meta":{"footnotes":""},"class_list":["post-352","page","type-page","status-publish","has-post-thumbnail","hentry"],"acf":[],"aioseo_notices":[],"_links":{"self":[{"href":"https:\/\/y2mate.me\/pt-br\/wp-json\/wp\/v2\/pages\/352","targetHints":{"allow":["GET"]}}],"collection":[{"href":"https:\/\/y2mate.me\/pt-br\/wp-json\/wp\/v2\/pages"}],"about":[{"href":"https:\/\/y2mate.me\/pt-br\/wp-json\/wp\/v2\/types\/page"}],"author":[{"embeddable":true,"href":"https:\/\/y2mate.me\/pt-br\/wp-json\/wp\/v2\/users\/1"}],"replies":[{"embeddable":true,"href":"https:\/\/y2mate.me\/pt-br\/wp-json\/wp\/v2\/comments?post=352"}],"version-history":[{"count":0,"href":"https:\/\/y2mate.me\/pt-br\/wp-json\/wp\/v2\/pages\/352\/revisions"}],"wp:featuredmedia":[{"embeddable":true,"href":"https:\/\/y2mate.me\/pt-br\/wp-json\/wp\/v2\/media\/208"}],"wp:attachment":[{"href":"https:\/\/y2mate.me\/pt-br\/wp-json\/wp\/v2\/media?parent=352"}],"curies":[{"name":"wp","href":"https:\/\/api.w.org\/{rel}","templated":true}]}}