{"id":326,"date":"2021-12-21T06:21:06","date_gmt":"2021-12-21T06:21:06","guid":{"rendered":"https:\/\/y2mate.me\/baixar-videos-do-tiktok"},"modified":"2022-04-29T06:43:08","modified_gmt":"2022-04-29T06:43:08","slug":"baixar-videos-do-tiktok","status":"publish","type":"page","link":"https:\/\/y2mate.me\/pt-br\/baixar-videos-do-tiktok","title":{"rendered":"Downloader de v\u00eddeo TikTok"},"content":{"rendered":"\n<p>O TikTok \u00e9 ouro para quem gosta de fazer v\u00eddeos engra\u00e7ados de sincroniza\u00e7\u00e3o labial e compartilh\u00e1-los com seus amigos e familiares. Decidir qual <em>TikTok Video Downloader<\/em> usar pode ser dif\u00edcil, pois h\u00e1 tantos deles flutuando na internet hoje em dia. Se voc\u00ea est\u00e1 no mesmo dilema, n\u00e3o se preocupe, porque agora voc\u00ea veio ao site certo! O <em>Y2mate TikTok Video Downloader<\/em> \u00e9 a melhor ferramenta online gratuita que permite baixar seus v\u00eddeos favoritos do TikTok no formato de sua escolha. O mais incr\u00edvel \u00e9 que n\u00e3o requer a instala\u00e7\u00e3o de nenhum software ou plug-in. Se algu\u00e9m talvez n\u00e3o seja uma pessoa muito techno, ent\u00e3o este downloader de v\u00eddeo y2mate TikTok \u00e9 o ideal para eles, pois permite que eles baixem seus v\u00eddeos favoritos do TikTok sem nenhum tipo de problema.<\/p>\n\n<h2 class=\"wp-block-heading\" id=\"looking-for-the-best-tiktok-video-downloader\">Procurando o melhor baixador de v\u00eddeo TikTok?<\/h2>\n\n<p><strong>Tiktok<\/strong> \u00e9 um aplicativo de compartilhamento de v\u00eddeos de curta-metragem que permite ao usu\u00e1rio criar v\u00eddeos curtos por cerca de 15 segundos e compartilh\u00e1-los com seus amigos e f\u00e3s. No entanto, assim como qualquer outra plataforma popular, o Tiktok tamb\u00e9m n\u00e3o permite que seus usu\u00e1rios baixem diretamente o conte\u00fado dispon\u00edvel nele. Ele n\u00e3o fornece acesso para baixar seus v\u00eddeos e salv\u00e1-los em nossos dispositivos. Mas \u00e9 para isso que servem as ferramentas de terceiros, como o TikTok Downloaders App!<\/p>\n\n<p>Ele nos permite baixar v\u00eddeo Do TikTok de qualquer tipo para que possamos apenas<strong> <\/strong>assista-os mais tarde, mesmo quando estivermos offline. Exige apenas que copiemos o &#8216;URL&#8217; do v\u00eddeo que desejamos baixar e colemos no site da ferramenta para processamento posterior. O que mais gostamos em baixar V\u00eddeos TikTok \u00e9 que voc\u00ea nem precisa baixar ou instalar qualquer tipo de software ou plugin para usar este servi\u00e7o online. Ele fornece o melhor servi\u00e7o, extraindo diretamente os links de v\u00eddeo (Mp4) do v\u00eddeo que voc\u00ea selecionar. Este site pode ajudar e far\u00e1 o trabalho garantido!<\/p>\n\n<h2 class=\"wp-block-heading\" id=\"how-to-use-a-tiktok-video-downloader\">Como usar um downloader de v\u00eddeo TikTok? <\/h2>\n\n<ul class=\"wp-block-list\"><li>Copie a URL do v\u00eddeo TikTok que deseja baixar.<\/li><li>Cole o URL que voc\u00ea copiou na caixa de campo fornecida ao lado. <\/li><li>Clique no bot\u00e3o ou \u00edcone &#8216;download&#8217; para salvar v\u00eddeos do tiktok. <\/li><\/ul>\n\n<div class=\"schema-how-to wp-block-yoast-how-to-block\"><p class=\"schema-how-to-total-time\"><span class=\"schema-how-to-duration-time-text\">Tempo necess\u00e1rio:<\/span> 1 minuto. <\/p><p class=\"schema-how-to-description\"><strong>Como posso baixar v\u00eddeos do TikTok usando o Y2mate<\/strong> <strong>TikTok Video Downloader?<\/strong> <br>Esta \u00e9 uma ferramenta muito simples e a partir daqui, voc\u00ea est\u00e1 um passo mais perto de baixar seus v\u00eddeos TikTok e tamb\u00e9m sem ter que instalar nenhum software ou add-ons. Tudo o que voc\u00ea precisa fazer \u00e9 seguir as poucas instru\u00e7\u00f5es listadas abaixo e seu trabalho estar\u00e1 conclu\u00eddo em alguns segundos. <\/p> <ol class=\"schema-how-to-steps\"><li class=\"schema-how-to-step\" id=\"how-to-step-1638940679578\"><strong class=\"schema-how-to-step-name\">Abra o site:<\/strong> <p class=\"schema-how-to-step-text\">Abra o site <a href=\"https:\/\/y2mate.me\/pt-br\/baixar-videos-do-tiktok\">https:\/\/y2mate.me\/tiktok-video-downloader<\/a> . Abra o aplicativo TikTok e encontre o v\u00eddeo que deseja baixar.<\/p> <\/li><li class=\"schema-how-to-step\" id=\"how-to-step-1638940835252\"><strong class=\"schema-how-to-step-name\">Copie o URL:<\/strong> <p class=\"schema-how-to-step-text\">Copie o URL desse v\u00eddeo TikTok.<\/p> <\/li><li class=\"schema-how-to-step\" id=\"how-to-step-1638940865355\"><strong class=\"schema-how-to-step-name\">Cole o URL:<\/strong> <p class=\"schema-how-to-step-text\">Agora, cole o URL na caixa de texto de entrada do y2 mate TikTok (acima) e clique no \u00edcone &#8216;Download&#8217;.<\/p> <\/li><li class=\"schema-how-to-step\" id=\"how-to-step-1638940899875\"><strong class=\"schema-how-to-step-name\">Selecione Formatar e baixar v\u00eddeos:<\/strong> <p class=\"schema-how-to-step-text\">Nosso downloader de v\u00eddeo Y2mate- TikTok extrair\u00e1 links de v\u00eddeo MP4 de alta qualidade do v\u00eddeo e lhe dar\u00e1 a op\u00e7\u00e3o de escolher a qualidade em que deseja salvar v\u00eddeos do tiktok. (HD ou SD). <br>Seu v\u00eddeo ser\u00e1 baixado com sucesso e salvo em seu dispositivo. <\/p> <\/li><\/ol><\/div>\n\n<h2 class=\"wp-block-heading\" id=\"key-features\">Caracter\u00edsticas principais:<\/h2>\n\n<h3 class=\"wp-block-heading\" id=\"1-unlimited-downloads\">1. Downloads ilimitados:<\/h3>\n\n<p>Um dos principais recursos que atraem os usu\u00e1rios a continuar usando este fant\u00e1stico download online do y2mate TikTok \u00e9 que ele n\u00e3o imp\u00f5e restri\u00e7\u00f5es ou limita\u00e7\u00f5es \u00e0 quantidade de uso. Baixe v\u00eddeos ilimitados sem se preocupar com os downloads anteriores e aproveite esta oportunidade \u00fanica!<\/p>\n\n<h3 class=\"wp-block-heading\" id=\"2-free-service\"><strong>2.<\/strong> Servi\u00e7o gratuito:<\/h3>\n\n<p>Baixe v\u00eddeos do <strong><a href=\"https:\/\/www.tiktok.com\/\">Tiktok<\/a><\/strong> online de gra\u00e7a! De PCs e laptops a smartphones, basta optar por este site dedicado para baixar seus amados v\u00eddeos do Tiktok sem ter que gastar um centavo.<\/p>\n\n<h3 class=\"wp-block-heading\" id=\"3-fast-speed\"><strong>3.<\/strong> Velocidade r\u00e1pida:<\/h3>\n\n<p>Esta ferramenta \u00e9 uma das ferramentas mais r\u00e1pidas que voc\u00ea encontrar\u00e1 na Internet hoje. Ele tem o poder de converter e baixar v\u00eddeos de links extra\u00eddos em quest\u00e3o de segundos.<\/p>\n\n<h3 class=\"wp-block-heading\" id=\"4-downloads-y2mate-mp4-tiktok-without-a-watermark\"><strong>4.<\/strong> Baixa o y2mate mp4 TikTok sem marca d&#8217;\u00e1gua:<\/h3>\n\n<p>A maioria dos v\u00eddeos de Download Tiktok online n\u00e3o permite que seus usu\u00e1rios baixem v\u00eddeos sem uma marca d&#8217;\u00e1gua neles. Felizmente, nosso servi\u00e7o permite que salvem v\u00eddeos do Tiktok sem marca d&#8217;\u00e1gua!<\/p>\n\n<h2 class=\"wp-block-heading\" id=\"ways-to-find-the-best-tiktok-videos-to-download\">Maneiras de encontrar os melhores v\u00eddeos TikTok para baixar:<\/h2>\n\n<p>Abra a conta do Tiktok da qual voc\u00ea deseja baixar o v\u00eddeo TikTok y2mate e copie seu link pressionando o \u00edcone &#8221; <strong>Compartilhar<\/strong> &#8221; fornecido na p\u00e1gina. Mas, se voc\u00ea n\u00e3o tem nenhum v\u00eddeo espec\u00edfico em mente para baixar, voc\u00ea tamb\u00e9m pode pesquisar por v\u00eddeos interessantes do Tiktok usando o recurso de hashtag. Agora, voc\u00ea pode pesquisar v\u00eddeos famosos de Tiktok com a ajuda de tags de pesquisa, por exemplo, v\u00eddeos de tend\u00eancias, v\u00eddeos de carros, v\u00eddeos de basquete, etc. Os usu\u00e1rios podem at\u00e9 fazer uma pesquisa no Google para descobrir os v\u00eddeos mais recentes usando frases como \u201ctend\u00eancias do Tiktok\u201d.<\/p>\n\n<h2 class=\"wp-block-heading\" id=\"frequently-asked-questions-faqs\">Perguntas frequentes &#8211; FAQs:<\/h2>\n\n<div class=\"schema-faq wp-block-yoast-faq-block\"><div class=\"schema-faq-section\" id=\"faq-question-1638940146576\"><strong class=\"schema-faq-question\">1. <strong>Por que essa ferramenta n\u00e3o est\u00e1 baixando meus v\u00eddeos do Tiktok?<\/strong><\/strong> <p class=\"schema-faq-answer\">\u00c9 uma \u00f3tima ferramenta para baixar v\u00eddeos do Tiktok gratuitamente. No entanto, se voc\u00ea estiver enfrentando problemas para baixar seus v\u00eddeos favoritos do TikTok nesta ferramenta, estas podem ser as principais causas:<br>1. O propriet\u00e1rio removeu o v\u00eddeo de sua conta Tiktok.<br>2. O v\u00eddeo Tiktok n\u00e3o est\u00e1 dispon\u00edvel em seu pa\u00eds.<br>3. Os v\u00eddeos que voc\u00ea selecionou s\u00e3o privados.<br>4. Os links de download n\u00e3o s\u00e3o copiados com precis\u00e3o.<\/p> <\/div> <div class=\"schema-faq-section\" id=\"faq-question-1638940278209\"><strong class=\"schema-faq-question\">2. <strong>Onde meus v\u00eddeos do Tiktok ser\u00e3o salvos?<\/strong><\/strong> <p class=\"schema-faq-answer\">Se voc\u00ea est\u00e1 pensando em onde seus v\u00eddeos baixados ir\u00e3o depois de serem salvos, aqui est\u00e1 sua resposta: Quando voc\u00ea usa este download de v\u00eddeo do y2 mate TikTok para baixar seus v\u00eddeos, os arquivos baixados geralmente s\u00e3o salvos em qualquer pasta que voc\u00ea definiu como &#8216;padr\u00e3o&#8217; do seu telefone . Falando em celulares, o v\u00eddeo ficar\u00e1 salvo na &#8216;pasta de downloads&#8217; ou direto para a galeria do seu celular. Mas se voc\u00ea estiver usando seu PC para baixar o v\u00eddeo TikTok y2mate, eles provavelmente ser\u00e3o salvos na pasta &#8216;Downloads&#8217; do seu computador.<\/p> <\/div> <div class=\"schema-faq-section\" id=\"faq-question-1638940304976\"><strong class=\"schema-faq-question\">3. <strong>Esta ferramenta tamb\u00e9m suporta outros sites?<\/strong><\/strong> <p class=\"schema-faq-answer\">Sim, atualmente nossa ferramenta oferece suporte a mais de 30 sites de m\u00eddia social, incluindo Facebook, Instagram, Twitter, Snack video, Snapchat e muitos outros.<\/p> <\/div> <div class=\"schema-faq-section\" id=\"faq-question-1638940333832\"><strong class=\"schema-faq-question\">4. <strong>O uso do y2mate tik tok \u00e9 seguro?<\/strong><\/strong> <p class=\"schema-faq-answer\">Sim, nos preocupamos com a seguran\u00e7a de nossos clientes. \u00c9 por isso que temos o orgulho de dizer que usar nosso site \u00e9 totalmente seguro, pois nunca rastreamos o hist\u00f3rico de nossos usu\u00e1rios ou arquivos baixados. Isso significa que sua identidade permanecer\u00e1 an\u00f4nima e, portanto, voc\u00ea pode baixar v\u00eddeos TikTok com seguran\u00e7a e sem nenhum tipo de obst\u00e1culo.<\/p> <\/div> <div class=\"schema-faq-section\" id=\"faq-question-1638940403578\"><strong class=\"schema-faq-question\">5. <strong>Esta ferramenta \u00e9 um servi\u00e7o gratuito?<\/strong><\/strong> <p class=\"schema-faq-answer\">Sim, nosso <strong>downloader TikTok<\/strong> \u00e9 totalmente gratuito e permite que milh\u00f5es de usu\u00e1rios baixem seus v\u00eddeos favoritos do TikTok diretamente em seus dispositivos. Como nosso servidor usa software independente de plataforma brilhante, voc\u00ea pode us\u00e1-lo com Android, Mac, Linux PC e IOS (iPhone). Voc\u00ea pode at\u00e9 mesmo compartilhar os v\u00eddeos baixados com seus seguidores e amigos. Tamb\u00e9m \u00e9 usado como y2mate tiktok mp3.<\/p> <\/div> <\/div>\n","protected":false},"excerpt":{"rendered":"<p>O TikTok \u00e9 ouro para quem gosta de fazer v\u00eddeos engra\u00e7ados de sincroniza\u00e7\u00e3o labial e [&#8230;..]<\/p>\n","protected":false},"author":1,"featured_media":10571,"parent":0,"menu_order":0,"comment_status":"closed","ping_status":"closed","template":"","meta":{"footnotes":""},"class_list":["post-326","page","type-page","status-publish","has-post-thumbnail","hentry"],"acf":[],"aioseo_notices":[],"_links":{"self":[{"href":"https:\/\/y2mate.me\/pt-br\/wp-json\/wp\/v2\/pages\/326","targetHints":{"allow":["GET"]}}],"collection":[{"href":"https:\/\/y2mate.me\/pt-br\/wp-json\/wp\/v2\/pages"}],"about":[{"href":"https:\/\/y2mate.me\/pt-br\/wp-json\/wp\/v2\/types\/page"}],"author":[{"embeddable":true,"href":"https:\/\/y2mate.me\/pt-br\/wp-json\/wp\/v2\/users\/1"}],"replies":[{"embeddable":true,"href":"https:\/\/y2mate.me\/pt-br\/wp-json\/wp\/v2\/comments?post=326"}],"version-history":[{"count":2,"href":"https:\/\/y2mate.me\/pt-br\/wp-json\/wp\/v2\/pages\/326\/revisions"}],"predecessor-version":[{"id":886,"href":"https:\/\/y2mate.me\/pt-br\/wp-json\/wp\/v2\/pages\/326\/revisions\/886"}],"wp:featuredmedia":[{"embeddable":true,"href":"https:\/\/y2mate.me\/pt-br\/wp-json\/wp\/v2\/media\/10571"}],"wp:attachment":[{"href":"https:\/\/y2mate.me\/pt-br\/wp-json\/wp\/v2\/media?parent=326"}],"curies":[{"name":"wp","href":"https:\/\/api.w.org\/{rel}","templated":true}]}}