{"id":300,"date":"2021-12-21T05:21:38","date_gmt":"2021-12-21T05:21:38","guid":{"rendered":"https:\/\/y2mate.me\/baixar-instagram-reels"},"modified":"2022-01-06T05:07:16","modified_gmt":"2022-01-06T05:07:16","slug":"baixar-instagram-reels","status":"publish","type":"page","link":"https:\/\/y2mate.me\/pt-br\/baixar-instagram-reels","title":{"rendered":"Baixar Instagram Reels"},"content":{"rendered":"\n<p>Instagram Reels s\u00e3o a nova tend\u00eancia nos dias de hoje, permitindo aos usu\u00e1rios compartilhar clipes curtos interessantes dentro do Insta App com facilidade. \u00c9 bastante semelhante aos v\u00eddeos do TikTok, mas esses v\u00eddeos provavelmente manter\u00e3o os usu\u00e1rios grudados em seus smartphones. Voc\u00ea tamb\u00e9m \u00e9 f\u00e3 dos carret\u00e9is do Instagram e quer salv\u00e1-los em seu dispositivo para compartilh\u00e1-los com seus amigos? Voc\u00ea tamb\u00e9m pode usar os arquivos baixados em outras plataformas de m\u00eddia social sem problemas. Mas, como posso baix\u00e1-los?<\/p>\n\n<p>Se voc\u00ea estava procurando uma maneira de baixar seus v\u00eddeos favoritos do Instagram diretamente para a galeria do seu telefone, ent\u00e3o voc\u00ea ficar\u00e1 encantado em saber que o downloader de carret\u00e9is Insta sua busca termina aqui! <\/p>\n\n<p>Nosso Instagram Reels Video Downloader \u00e9 uma ferramenta <strong>gratuita e r\u00e1pida<\/strong> baseada na web. Isso permite que milhares de usu\u00e1rios todos os dias baixem v\u00eddeos do Instagram diretamente em seus smartphones, tablets e laptops. A melhor parte dos downloads reels Instagram \u00e9 que voc\u00ea n\u00e3o precisa instalar nenhum pacote de software extra ou se inscrever em uma conta para usar este site. <\/p>\n\n<h2 class=\"wp-block-heading\">Baixando Momentos <\/h2>\n\n<p>Assim que terminar de baixar seus v\u00eddeos protetores do Instagram, por meio do download de v\u00eddeos do Instagram, voc\u00ea tamb\u00e9m pode compartilh\u00e1-los em outras plataformas de m\u00eddia social.<\/p>\n\n<p>Basta copiar o endere\u00e7o de URL do salvador de v\u00eddeos do Instagram do reel que deseja baixar e col\u00e1-lo em nossa ferramenta para um procedimento de download tranquilo. Este m\u00e9todo salva fotos Insta \u00e9 a maneira mais simples de baixar rolos do Instagram em qualidade HD.<\/p>\n\n<h2 class=\"wp-block-heading\">Como fazer o download do Instagram Reels?<\/h2>\n\n<h3 class=\"wp-block-heading\">Siga estas etapas r\u00e1pidas para baixar qualquer rolo do Instagram com esta ferramenta:<\/h3>\n\n<ul class=\"wp-block-list\"><li>Abra <strong>Instagram.com<\/strong> em seu navegador ou aplicativo.<\/li><li>Pesquise os v\u00eddeos que deseja baixar.<\/li><li>Toque nele para <strong>copiar<\/strong> o endere\u00e7o do link dessa bobina em particular.<\/li><li>Agora, v\u00e1 para o nosso site salvar Insta Reels Downloader online e <strong>cole<\/strong> o link que voc\u00ea copiou anteriormente na caixa de texto fornecida na p\u00e1gina da ferramenta.<\/li><li>Clique no \u00edcone \u201c <strong>Download<\/strong> \u201d.<\/li><li>Insira o formato, o tamanho e a qualidade de sua escolha para guardar os v\u00eddeos diretamente em seu dispositivo Android.<\/li><li>Para PC (Windows ou Mac).<\/li><\/ul>\n\n<h3 class=\"wp-block-heading\">Siga estas instru\u00e7\u00f5es fornecidas se voc\u00ea deseja fazer o download reels Instagram em seu PC com a ajuda de nossa ferramenta;<\/h3>\n\n<ul class=\"wp-block-list\"><li>Abra Instagram.com e encontre seus v\u00eddeos salvos desejados.<\/li><li>Copie o link da caixa de endere\u00e7o fornecida na parte superior da tela.<\/li><li>Em seguida, acesse nossa ferramenta de download reels Instagram em seu navegador e cole o link na caixa de texto fornecida acima nesta p\u00e1gina.<\/li><li>Agora, pressione o bot\u00e3o \u201cDownload\u201d.<\/li><li>Uma nova guia ser\u00e1 aberta no local, oferecendo a voc\u00ea uma lista de diferentes qualidades, tamanhos e formatos de arquivo para escolher.<\/li><li>Toque naqueles que mais se adaptam aos seus requisitos e o arquivo do rolo ser\u00e1 salvo em seus v\u00eddeos em segundos.<\/li><li>Para dispositivos IOS:<\/li><\/ul>\n\n<h3 class=\"wp-block-heading\">Baixar ou converter bobinas do Instagram para dispositivos IOS n\u00e3o \u00e9 t\u00e3o diferente de dispositivos Android.<\/h3>\n\n<ul class=\"wp-block-list\"><li>Abra Instagram.com em qualquer navegador que estiver usando e pesquise o v\u00eddeo que deseja baixar.<\/li><li>Se voc\u00ea olhar de perto, voc\u00ea encontrar\u00e1 tr\u00eas pontos no lado superior direito da tela Escolha a op\u00e7\u00e3o \u201cCopiar link\u201c.<\/li><li>Agora, v\u00e1 para o nosso Instagram Video Download e cole o endere\u00e7o URL copiado na caixa de texto do campo de nossa ferramenta.<\/li><li>Escolha o formato desejado (mp3 ou mp4) e a qualidade (HD ou SD).<\/li><li>Clique no bot\u00e3o \u201cDownload\u201d para que o v\u00eddeo seja salvo no seu dispositivo IOS.<\/li><\/ul>\n\n<h2 class=\"wp-block-heading\">Caracter\u00edsticas principais:<\/h2>\n\n<p><strong>Aqui est\u00e1 uma lista detalhada das principais caracter\u00edsticas deste Instagram Reels Downloader online<\/strong> :<\/p>\n\n<p>Velocidade ultra <strong>-r\u00e1pida:<\/strong> agora, voc\u00ea n\u00e3o ter\u00e1 que passar horas tentando fazer o download instant\u00e2neo de todos os seus <span style=\"font-size: revert; color: initial;\">v\u00eddeos<\/span> favoritos, porque nossa ferramenta faz tudo isso em velocidade ultrarr\u00e1pida. Tamb\u00e9m n\u00e3o limitamos os v\u00eddeos de download de largura de banda Insta para download de Instagram Reels.<\/p>\n\n<ul class=\"wp-block-list\"><li><strong>Protegido e seguro: <\/strong><\/li><\/ul>\n\n<p>Projetamos nossa ferramenta para salvar o Instagram Reels Download tendo em mente a prote\u00e7\u00e3o de nossos dispositivos. Assim, no downloader do carretel, voc\u00ea n\u00e3o precisa se preocupar com o risco de qualquer malware ou v\u00edrus. Em seu sistema quando voc\u00ea usa nossa ferramenta. Os v\u00eddeos do Instagram baixam software baseado na web que \u00e9 totalmente seguro e seguro para usar, com o melhor protocolo HTTPS. <\/p>\n\n<ul class=\"wp-block-list\"><li><strong>Arquivos de qualidade HD: <\/strong><\/li><\/ul>\n\n<p>Salve carretel Insta voc\u00ea aproveite o uso do baixador Insta nosso eficiente. Salve o download do Instagram Reel Video que salva fotos do Instagram. Oferece uma infinidade de diferentes tipos de qualidades e formatos como carret\u00e9is de download. Basta rodar o download do Instagram, seguir as etapas para download de v\u00eddeos do Instagram online fornecidas acima e baixar seus arquivos sem que eles percam a qualidade original.<\/p>\n\n<ul class=\"wp-block-list\"><li><strong>Completamente gr\u00e1tis: <\/strong><\/li><\/ul>\n\n<p>Atualmente, nosso servi\u00e7o \u00e9 totalmente gratuito para todos! Nunca cobramos o download de carret\u00e9is de download de qualquer usu\u00e1rio pela utiliza\u00e7\u00e3o de nosso servi\u00e7o, nem pedimos assinaturas caras ou informa\u00e7\u00f5es de login. Portanto, certifique-se de baixar o carretel do Instagram desejado com nosso downloader online gr\u00e1tis!<\/p>\n\n<ul class=\"wp-block-list\"><li><strong>Interface amig\u00e1vel: <\/strong><\/li><\/ul>\n\n<p>Reel download Insta, n\u00e3o \u00e9 um geek de computador? Os v\u00eddeos de interface amig\u00e1vel e f\u00e1cil de usar do site Os downloads do Insta o tornam ideal para o uso di\u00e1rio para downloaders do Insta. Envolve apenas algumas etapas para a conclus\u00e3o de sua tarefa.<\/p>\n\n<h2 class=\"wp-block-heading\">Como posso copiar o URL para Instagram Reels?<\/h2>\n\n<p><strong>Veja como voc\u00ea pode copiar o endere\u00e7o URL para Instagram Reels: <\/strong><\/p>\n\n<ol class=\"wp-block-list\"><li>Abra o aplicativo ou site do Instagram.<\/li><li>Abra o Momento que pretende baixar.<\/li><li>No canto superior direito da tela, haver\u00e1 o \u00edcone de 3 pontos.<\/li><li>Depois de clicar nele, um menu pop-up aparecer\u00e1.<\/li><li>A partir da\u00ed, toque na op\u00e7\u00e3o \u201cCopiar link\u201d para salvar o link em sua \u00e1rea de transfer\u00eancia.<\/li><\/ol>\n\n<h2 class=\"wp-block-heading\">Por que usar o Instagram Reels Video Downloader?<\/h2>\n\n<p>Atualmente, existem muitas ferramentas na Internet que usam uma grande lista de etapas desnecess\u00e1rias, tornando mais dif\u00edcil para os usu\u00e1rios baixar v\u00eddeos de carret\u00e9is online. Pelo contr\u00e1rio, nossa ferramenta de download online de carret\u00e9is do Instagram vai lidar sozinha com todo o trabalho \u00e1rduo dos carret\u00e9is de download. O downloader online do reel do Instagram \u00e9 r\u00e1pido e gratuito, fornecendo resultados em alta defini\u00e7\u00e3o sem a presen\u00e7a de marca d&#8217;\u00e1gua. Seus recursos exclusivos de download de v\u00eddeo do Instagram online e velocidade r\u00e1pida tornam-no a ferramenta mais utilizada pelo usu\u00e1rio para o uso di\u00e1rio. Da pr\u00f3xima vez que voc\u00ea encontrar um carretel de downloads engra\u00e7ado ou \u00fatil para o Instagram, enquanto rola a tela. Fique \u00e0 vontade para baixar rolos no Insta usando nosso melhor downloader de v\u00eddeos Insta para obter resultados de primeira linha!<\/p>\n\n<h2 class=\"wp-block-heading\">PERGUNTAS FREQUENTES &#8211; FAQs:<\/h2>\n\n<div class=\"schema-faq wp-block-yoast-faq-block\"><div class=\"schema-faq-section\" id=\"faq-question-1638270810280\"><strong class=\"schema-faq-question\"><strong>Como salvar bobinas no Instagram?<\/strong><\/strong> <p class=\"schema-faq-answer\">\u00c9 importante saber que se uma conta do Instagram for privada, n\u00e3o podemos permitir que voc\u00ea baixe o Reels Insta diretamente dessa conta, apenas para proteger a privacidade desse perfil. No entanto, voc\u00ea pode baixar Instagram Reels ilimitados de contas p\u00fablicas que permitiram o uso de seu conte\u00fado abertamente <\/p> <\/div> <div class=\"schema-faq-section\" id=\"faq-question-1638270850019\"><strong class=\"schema-faq-question\"><strong>As contas ser\u00e3o notificadas se eu baixar os Momentos do Instagram? <\/strong> <\/strong> <p class=\"schema-faq-answer\">N\u00e3o, nos certificamos de que as contas de downloaders de reels Insta n\u00e3o sejam notificadas quando os usu\u00e1rios baixarem reels deles. Com a ajuda de nossos v\u00eddeos inteligentes Insta Download online, voc\u00ea pode salvar rolos anonimamente. Voc\u00ea pode desfrutar de seus v\u00eddeos baixados em completo anonimato, sem se preocupar com os propriet\u00e1rios descobrirem.<\/p> <\/div> <div class=\"schema-faq-section\" id=\"faq-question-1638270885623\"><strong class=\"schema-faq-question\"><strong>Como fazer o download do Instagram Reels online? <\/strong> <\/strong> <p class=\"schema-faq-answer\">Para baixar o v\u00eddeo do Instagram Reels, basta copiar \/ colar a URL do reel na caixa de texto da nossa ferramenta e clicar no bot\u00e3o \u201c <strong>Download<\/strong> \u201d. Os arquivos de download de v\u00eddeo do reel do Instagram ser\u00e3o salvos automaticamente em seus smartphones, tablets, laptops ou dispositivos IOS, ent\u00e3o abra nossos v\u00eddeos gratuitos do Instagram. Baixe e comece! <\/p> <\/div> <div class=\"schema-faq-section\" id=\"faq-question-1638270924323\"><strong class=\"schema-faq-question\"><strong>Posso baixar o Instagram Reel online em qualidade HD? <\/strong> <\/strong> <p class=\"schema-faq-answer\">Sim, nossa ferramenta suporta uma grande variedade de formatos para a convers\u00e3o de Instagram Reels, mas o mais popular \u00e9 a qualidade HD. Voc\u00ea tamb\u00e9m pode baixar os rolos do Instagram na qualidade em que o v\u00eddeo foi carregado no Instagram originalmente. Este site garante downloads de qualidade HD todas as vezes!<\/p> <\/div> <div class=\"schema-faq-section\" id=\"faq-question-1638270954117\"><strong class=\"schema-faq-question\"><strong>\u00c9 ilegal baixar v\u00eddeos online do Instagram Reels? <\/strong> <\/strong> <p class=\"schema-faq-answer\">Para ser justo, voc\u00ea ficar\u00e1 bastante surpreso em saber que baixar ou converter Instagram Reels de p\u00e1ginas p\u00fablicas n\u00e3o \u00e9 um grande neg\u00f3cio, desde que o downloader insta reels tenha os direitos autorais desse v\u00eddeo. Se voc\u00ea quiser usar os arquivos baixados para uso pessoal, tamb\u00e9m n\u00e3o \u00e9 considerado ilegal. No entanto, se voc\u00ea est\u00e1 planejando fazer o download do Insta de bobinas e pretende utilizar esse v\u00eddeo para fins empresariais ou comerciais, voc\u00ea deve obter permiss\u00e3o de direitos autorais do propriet\u00e1rio da bobina.<\/p> <\/div> <div class=\"schema-faq-section\" id=\"faq-question-1638270978704\"><strong class=\"schema-faq-question\"><strong>Quantos Instagram Reels posso baixar com esta ferramenta? <\/strong> <br><\/strong> <p class=\"schema-faq-answer\">A parte mais surpreendente sobre esta excelente ferramenta \u00e9 que ela oferece downloads ilimitados para cada usu\u00e1rio! \u00c9 hora de parar de se preocupar com as restri\u00e7\u00f5es e come\u00e7ar a usar livremente o downloader insta reel como muitos carret\u00e9is do Instagram instalados em um dia. Temos tend\u00eancia para fornecer servi\u00e7o 24 horas por dia, 7 dias por semana, 7 dias por semana, sendo tamb\u00e9m totalmente GRATUITO. Que maravilha<\/p> <\/div> <\/div>\n\n<h2 class=\"wp-block-heading\">Conclus\u00e3o:<\/h2>\n\n<p>Agora, voc\u00ea conhece todos os detalhes sobre os carret\u00e9is do Instagram e como eles funcionam. O principal segredo para criar Instagram Reels interessantes e envolventes foi finalmente revelado e estamos muito satisfeitos por t\u00ea-lo compartilhado com voc\u00ea primeiro. Ao usar este excelente Instagram Reels Downloader, voc\u00ea pode salvar v\u00eddeos no Instagram para seus favoritos e assisti-los offline mais tarde. Ap\u00f3s o processo de download dos v\u00eddeos baixados, o Insta \u00e9 conclu\u00eddo, voc\u00ea pode compartilhar o arquivo convertido em qualquer plataforma de m\u00eddia social de sua prefer\u00eancia, incluindo Facebook, Snapchat, TikTok, e at\u00e9 mesmo no Whatsapp. Portanto, baixe quantos rolos do Instagram desejar usando nosso site, sem quaisquer restri\u00e7\u00f5es ou limita\u00e7\u00f5es. Ent\u00e3o, o que voc\u00ea est\u00e1 esperando? \u00c9 hora de voc\u00ea entrar no trem e criar alguns carret\u00e9is \u00e9picos do Insta! Boa sorte!<\/p>\n","protected":false},"excerpt":{"rendered":"<p>Instagram Reels s\u00e3o a nova tend\u00eancia nos dias de hoje, permitindo aos usu\u00e1rios compartilhar clipes [&#8230;..]<\/p>\n","protected":false},"author":1,"featured_media":607,"parent":0,"menu_order":0,"comment_status":"closed","ping_status":"closed","template":"","meta":{"footnotes":""},"class_list":["post-300","page","type-page","status-publish","has-post-thumbnail","hentry"],"acf":[],"aioseo_notices":[],"_links":{"self":[{"href":"https:\/\/y2mate.me\/pt-br\/wp-json\/wp\/v2\/pages\/300","targetHints":{"allow":["GET"]}}],"collection":[{"href":"https:\/\/y2mate.me\/pt-br\/wp-json\/wp\/v2\/pages"}],"about":[{"href":"https:\/\/y2mate.me\/pt-br\/wp-json\/wp\/v2\/types\/page"}],"author":[{"embeddable":true,"href":"https:\/\/y2mate.me\/pt-br\/wp-json\/wp\/v2\/users\/1"}],"replies":[{"embeddable":true,"href":"https:\/\/y2mate.me\/pt-br\/wp-json\/wp\/v2\/comments?post=300"}],"version-history":[{"count":0,"href":"https:\/\/y2mate.me\/pt-br\/wp-json\/wp\/v2\/pages\/300\/revisions"}],"wp:featuredmedia":[{"embeddable":true,"href":"https:\/\/y2mate.me\/pt-br\/wp-json\/wp\/v2\/media\/607"}],"wp:attachment":[{"href":"https:\/\/y2mate.me\/pt-br\/wp-json\/wp\/v2\/media?parent=300"}],"curies":[{"name":"wp","href":"https:\/\/api.w.org\/{rel}","templated":true}]}}