{"id":260,"date":"2021-12-20T16:08:34","date_gmt":"2021-12-20T16:08:34","guid":{"rendered":"https:\/\/y2mate.me\/downloader-shorts-youtube"},"modified":"2022-01-03T10:57:51","modified_gmt":"2022-01-03T10:57:51","slug":"downloader-shorts-youtube","status":"publish","type":"page","link":"https:\/\/y2mate.me\/pt-br\/downloader-shorts-youtube","title":{"rendered":"Download de curtas do YouTube"},"content":{"rendered":"\n<h2 class=\"wp-block-heading\">Sobre o downloader de curtas do YouTube<\/h2>\n\n<p>Em palavras simples, o downloader de shorts do YouTube \u00e9 uma ferramenta que possibilita aos usu\u00e1rios baixar shorts do YouTube diretamente em seus dispositivos, sem complica\u00e7\u00f5es. \u00c9 um processo sem esfor\u00e7o. Tudo que voc\u00ea precisa fazer \u00e9 entender completamente as etapas de download dos shorts do youtube mencionadas acima. Depois de entend\u00ea-lo, voc\u00ea pode baixar seus shorts favoritos do YouTube em um minuto para o seu dispositivo. <\/p>\n\n<h3 class=\"wp-block-heading\">Principais recursos do downloader shorts YouTube<\/h3>\n\n<p>A seguir est\u00e3o os principais recursos do downloader de shorts que voc\u00ea deve conhecer:<\/p>\n\n<ul class=\"wp-block-list\"><li><strong>Sem v\u00edrus<\/strong><br\/>Se voc\u00ea est\u00e1 curioso para saber que o uso desta ferramenta pode causar danos ao seu dispositivo, n\u00e3o h\u00e1 nada com que se preocupar, pois o downloader de shorts do YT n\u00e3o cont\u00e9m v\u00edrus. N\u00e3o h\u00e1 riscos associados de malware porque essa ferramenta \u00e9 totalmente segura.<\/li><\/ul>\n\n<ul class=\"wp-block-list\"><li><strong>Sem comprometer a qualidade<\/strong><br\/>Os shorts do youtube ser\u00e3o baixados em qualidade HD por meio desta ferramenta. N\u00e3o h\u00e1 nem mesmo uma pequena diferen\u00e7a na qualidade dos shorts baixados do youtube em compara\u00e7\u00e3o com o original. <\/li><\/ul>\n\n<ul class=\"wp-block-list\"><li><strong>Uma ferramenta gr\u00e1tis<\/strong><br\/>\u00c9 uma ferramenta gratuita, o que significa que voc\u00ea n\u00e3o ter\u00e1 que pagar um \u00fanico centavo para usar esta ferramenta e desfrutar de shorts do youtube offline. <\/li><\/ul>\n\n<ul class=\"wp-block-list\"><li><strong>F\u00e1cil de lidar<\/strong><br\/>N\u00e3o h\u00e1 detalhes t\u00e9cnicos envolvidos no uso desta ferramenta, o que a torna f\u00e1cil de usar. Voc\u00ea s\u00f3 precisa seguir alguns passos simples para baixar os shorts do youtube e pronto. <\/li><\/ul>\n","protected":false},"excerpt":{"rendered":"<p>Sobre o downloader de curtas do YouTube Em palavras simples, o downloader de shorts do [&#8230;..]<\/p>\n","protected":false},"author":1,"featured_media":747,"parent":0,"menu_order":0,"comment_status":"closed","ping_status":"closed","template":"","meta":{"footnotes":""},"class_list":["post-260","page","type-page","status-publish","has-post-thumbnail","hentry"],"acf":[],"aioseo_notices":[],"_links":{"self":[{"href":"https:\/\/y2mate.me\/pt-br\/wp-json\/wp\/v2\/pages\/260","targetHints":{"allow":["GET"]}}],"collection":[{"href":"https:\/\/y2mate.me\/pt-br\/wp-json\/wp\/v2\/pages"}],"about":[{"href":"https:\/\/y2mate.me\/pt-br\/wp-json\/wp\/v2\/types\/page"}],"author":[{"embeddable":true,"href":"https:\/\/y2mate.me\/pt-br\/wp-json\/wp\/v2\/users\/1"}],"replies":[{"embeddable":true,"href":"https:\/\/y2mate.me\/pt-br\/wp-json\/wp\/v2\/comments?post=260"}],"version-history":[{"count":0,"href":"https:\/\/y2mate.me\/pt-br\/wp-json\/wp\/v2\/pages\/260\/revisions"}],"wp:featuredmedia":[{"embeddable":true,"href":"https:\/\/y2mate.me\/pt-br\/wp-json\/wp\/v2\/media\/747"}],"wp:attachment":[{"href":"https:\/\/y2mate.me\/pt-br\/wp-json\/wp\/v2\/media?parent=260"}],"curies":[{"name":"wp","href":"https:\/\/api.w.org\/{rel}","templated":true}]}}