{"id":877,"date":"2022-04-29T06:41:32","date_gmt":"2022-04-29T06:41:32","guid":{"rendered":"https:\/\/y2mate.me\/pobieranie-wideo-tiktok"},"modified":"2022-04-29T06:41:33","modified_gmt":"2022-04-29T06:41:33","slug":"pobieranie-wideo-tiktok","status":"publish","type":"page","link":"https:\/\/y2mate.me\/pl\/pobieranie-wideo-tiktok","title":{"rendered":"Pobieranie wideo TikTok"},"content":{"rendered":"\n<p>TikTok to z\u0142oto dla tych, kt\u00f3rzy lubi\u0105 tworzy\u0107 \u015bmieszne filmy z synchronizacj\u0105 ust i dzieli\u0107 si\u0119 nimi z przyjaci\u00f3\u0142mi i rodzin\u0105. Podj\u0119cie decyzji, kt\u00f3rego <em>TikTok Video Downloader<\/em> u\u017cy\u0107, mo\u017ce by\u0107 trudne, poniewa\u017c w dzisiejszych czasach jest ich tak wiele w Internecie. Je\u015bli masz ten sam dylemat, nie martw si\u0119, poniewa\u017c teraz trafi\u0142e\u015b na w\u0142a\u015bciw\u0105 stron\u0119! <em>Y2mate TikTok Video Downloader<\/em> to najlepsze darmowe narz\u0119dzie online, kt\u00f3re pozwala pobiera\u0107 ulubione filmy TikTok w wybranym formacie. Najbardziej niesamowit\u0105 rzecz\u0105 jest to, \u017ce nie wymaga instalacji \u017cadnego oprogramowania ani \u017cadnych wtyczek. Je\u015bli kto\u015b mo\u017ce nie jest osob\u0105 bardzo techno, to ten program do pobierania wideo y2mate TikTok jest dla niego odpowiedni, poniewa\u017c umo\u017cliwia bezproblemowe pobieranie ulubionych film\u00f3w TikTok.<\/p>\n\n<h2 class=\"wp-block-heading\" id=\"looking-for-the-best-tiktok-video-downloader\">Szukasz najlepszego programu do pobierania wideo TikTok?<\/h2>\n\n<p><strong>Tiktok<\/strong> to aplikacja do udost\u0119pniania kr\u00f3tkich film\u00f3w, kt\u00f3ra umo\u017cliwia u\u017cytkownikowi tworzenie kr\u00f3tkich film\u00f3w przez oko\u0142o 15 sekund i udost\u0119pnianie ich znajomym i fanom. Jednak, jak ka\u017cda inna popularna platforma, Tiktok r\u00f3wnie\u017c nie pozwala swoim u\u017cytkownikom bezpo\u015brednio pobiera\u0107 dost\u0119pnych na niej tre\u015bci. Nie zapewnia dost\u0119pu do pobierania swoich film\u00f3w i zapisywania ich na naszych urz\u0105dzeniach. Ale do tego s\u0142u\u017c\u0105 narz\u0119dzia innych firm, takie jak aplikacja TikTok Downloaders!<\/p>\n\n<p>Pozwala nam pobiera\u0107 wszelkiego rodzaju filmy TikTok, aby\u015bmy mogli po prostu<strong> <\/strong>ogl\u0105da\u0107 je p\u00f3\u017aniej, nawet gdy jeste\u015bmy offline. Wymaga jedynie skopiowania \u201eURL\u201d filmu, kt\u00f3ry chcemy pobra\u0107, i wklejenia go w witrynie narz\u0119dzia w celu dalszego przetwarzania. To, co najbardziej lubimy w pobieraniu film\u00f3w TikTok, to to, \u017ce nie musisz nawet pobiera\u0107 ani instalowa\u0107 \u017cadnego oprogramowania ani wtyczki, aby korzysta\u0107 z tej us\u0142ugi online. Zapewnia najlepsz\u0105 us\u0142ug\u0119, bezpo\u015brednio wyodr\u0119bniaj\u0105c \u0142\u0105cza wideo (Mp4) z wybranego filmu. Ta strona mo\u017ce pom\u00f3c i wykona prac\u0119 gwarantowan\u0105!<\/p>\n\n<h2 class=\"wp-block-heading\" id=\"how-to-use-a-tiktok-video-downloader\">Jak korzysta\u0107 z narz\u0119dzia do pobierania wideo TikTok? <\/h2>\n\n<ul class=\"wp-block-list\"><li>Skopiuj adres URL filmu TikTok, kt\u00f3ry chcesz pobra\u0107.<\/li><li>Wklej skopiowany adres URL w polu podanym z boku. <\/li><li>Kliknij przycisk lub ikon\u0119 \u201epobierz\u201d, aby zapisa\u0107 wideo TikTok. <\/li><\/ul>\n\n<div class=\"schema-how-to wp-block-yoast-how-to-block\"><p class=\"schema-how-to-total-time\"><span class=\"schema-how-to-duration-time-text\">Potrzebny czas:<\/span> 1 minuta. <\/p><p class=\"schema-how-to-description\"><strong>Jak mog\u0119 pobiera\u0107 filmy TikTok za pomoc\u0105 Y2mate<\/strong> <strong>TikTok Video Downloader?<\/strong> <br>Jest to bardzo proste narz\u0119dzie i st\u0105d jeste\u015b o krok bli\u017cej do pobrania film\u00f3w TikTok, a tak\u017ce bez konieczno\u015bci instalowania jakiegokolwiek oprogramowania lub dodatk\u00f3w. Wszystko, co musisz zrobi\u0107, to post\u0119powa\u0107 zgodnie z kilkoma instrukcjami wymienionymi poni\u017cej, a Twoja praca zostanie wykonana w ci\u0105gu kilku sekund. <\/p> <ol class=\"schema-how-to-steps\"><li class=\"schema-how-to-step\" id=\"how-to-step-1638940679578\"><strong class=\"schema-how-to-step-name\">Otw\u00f3rz witryn\u0119:<\/strong> <p class=\"schema-how-to-step-text\">Otw\u00f3rz stron\u0119 <a href=\"https:\/\/y2mate.me\/pl\/pobieranie-wideo-tiktok\">https:\/\/y2mate.me\/tiktok-video-downloader<\/a> . Otw\u00f3rz aplikacj\u0119 TikTok i znajd\u017a film, kt\u00f3ry chcesz pobra\u0107.<\/p> <\/li><li class=\"schema-how-to-step\" id=\"how-to-step-1638940835252\"><strong class=\"schema-how-to-step-name\">Skopiuj adres URL:<\/strong> <p class=\"schema-how-to-step-text\">Skopiuj adres URL tego filmu TikTok.<\/p> <\/li><li class=\"schema-how-to-step\" id=\"how-to-step-1638940865355\"><strong class=\"schema-how-to-step-name\">Wklej adres URL:<\/strong> <p class=\"schema-how-to-step-text\">Teraz wklej adres URL w polu tekstowym y2 mate TikTok (powy\u017cej) i kliknij ikon\u0119 \u201ePobierz\u201d.<\/p> <\/li><li class=\"schema-how-to-step\" id=\"how-to-step-1638940899875\"><strong class=\"schema-how-to-step-name\">Wybierz Formatuj i Pobierz filmy:<\/strong> <p class=\"schema-how-to-step-text\">Nasz program do pobierania wideo Y2mate-TikTok wyodr\u0119bni wysokiej jako\u015bci \u0142\u0105cza wideo MP4 z wideo i da ci mo\u017cliwo\u015b\u0107 wyboru dowolnej jako\u015bci, w kt\u00f3rej chcesz zapisa\u0107 sw\u00f3j film. (HD lub SD). <br>Tw\u00f3j film zostanie pomy\u015blnie pobrany i zapisany na Twoim urz\u0105dzeniu. <\/p> <\/li><\/ol><\/div>\n\n<h2 class=\"wp-block-heading\" id=\"key-features\">Kluczowe cechy:<\/h2>\n\n<h3 class=\"wp-block-heading\" id=\"1-unlimited-downloads\">1. Nieograniczone pobieranie:<\/h3>\n\n<p>Jedn\u0105 z g\u0142\u00f3wnych cech, kt\u00f3re przyci\u0105gaj\u0105 u\u017cytkownik\u00f3w do dalszego korzystania z tego fantastycznego pobierania online y2mate TikTok, jest to, \u017ce nie nak\u0142ada ono \u017cadnych ogranicze\u0144 ani ogranicze\u0144 dotycz\u0105cych jego wykorzystania. Pobieraj nieograniczon\u0105 liczb\u0119 film\u00f3w, nie martwi\u0105c si\u0119 o poprzednie pobrania i skorzystaj z tej wyj\u0105tkowej okazji!<\/p>\n\n<h3 class=\"wp-block-heading\" id=\"2-free-service\"><strong>2.<\/strong> Us\u0142uga bezp\u0142atna:<\/h3>\n\n<p>Pobierz filmy <strong><a href=\"https:\/\/www.tiktok.com\/\">Tiktok<\/a><\/strong> online ca\u0142kowicie za darmo! Od komputer\u00f3w stacjonarnych i laptop\u00f3w po smartfony, po prostu wybierz t\u0119 dedykowan\u0105 witryn\u0119 internetow\u0105, aby pobra\u0107 swoje ukochane filmy Tiktok bez konieczno\u015bci wydawania ani grosza.<\/p>\n\n<h3 class=\"wp-block-heading\" id=\"3-fast-speed\"><strong>3.<\/strong> Du\u017ca pr\u0119dko\u015b\u0107:<\/h3>\n\n<p>To narz\u0119dzie jest jednym z najszybszych narz\u0119dzi, jakie mo\u017cna znale\u017a\u0107 w Internecie. Ma moc konwertowania i pobierania film\u00f3w z wyodr\u0119bnionych link\u00f3w w ci\u0105gu zaledwie kilku sekund.<\/p>\n\n<h3 class=\"wp-block-heading\" id=\"4-downloads-y2mate-mp4-tiktok-without-a-watermark\"><strong>4.<\/strong> Pobiera y2mate mp4 TikTok bez znaku wodnego:<\/h3>\n\n<p>Wi\u0119kszo\u015b\u0107 internetowych film\u00f3w pobierania Tiktok nie pozwala u\u017cytkownikom na pobieranie film\u00f3w bez znaku wodnego. Na szcz\u0119\u015bcie nasza us\u0142uga pozwala im zapisywa\u0107 filmy Tiktok bez znaku wodnego!<\/p>\n\n<h2 class=\"wp-block-heading\" id=\"ways-to-find-the-best-tiktok-videos-to-download\">Sposoby na znalezienie najlepszych film\u00f3w TikTok do pobrania:<\/h2>\n\n<p>Otw\u00f3rz konto Tiktok, z kt\u00f3rego chcesz pobra\u0107 wideo TikTok y2mate, i skopiuj jego link, naciskaj\u0105c ikon\u0119 \u201e <strong>Udost\u0119pnij<\/strong> \u201d podan\u0105 na stronie. Ale je\u015bli nie masz w g\u0142owie \u017cadnego konkretnego filmu do pobrania, mo\u017cesz tak\u017ce wyszuka\u0107 interesuj\u0105ce filmy Tiktok za pomoc\u0105 funkcji hashtag. Teraz mo\u017cesz wyszukiwa\u0107 s\u0142ynne filmy Tiktok za pomoc\u0105 tag\u00f3w wyszukiwania, na przyk\u0142ad filmy zyskuj\u0105ce popularno\u015b\u0107, filmy samochodowe, filmy koszykarskie itp. U\u017cytkownicy mog\u0105 nawet wyszukiwa\u0107 w Google, aby znale\u017a\u0107 najnowsze filmy, u\u017cywaj\u0105c wyra\u017ce\u0144 takich jak \u201eTrendy Tiktok\u201d.<\/p>\n\n<h2 class=\"wp-block-heading\" id=\"frequently-asked-questions-faqs\">Cz\u0119sto zadawane pytania \u2014 cz\u0119sto zadawane pytania:<\/h2>\n\n<div class=\"schema-faq wp-block-yoast-faq-block\"><div class=\"schema-faq-section\" id=\"faq-question-1638940146576\"><strong class=\"schema-faq-question\">1. <strong>Dlaczego to narz\u0119dzie nie pobiera moich film\u00f3w Tiktok?<\/strong><\/strong> <p class=\"schema-faq-answer\">Jest to \u015bwietne narz\u0119dzie do bezp\u0142atnego pobierania film\u00f3w Tiktok. Je\u015bli jednak masz problemy z pobraniem ulubionych film\u00f3w TikTok za pomoc\u0105 tego narz\u0119dzia, mog\u0105 to by\u0107 g\u0142\u00f3wne przyczyny:<br>1. W\u0142a\u015bciciel usun\u0105\u0142 film ze swojego konta Tiktok.<br>2. Film Tiktok nie jest dost\u0119pny w Twoim kraju.<br>3. Wybrane filmy s\u0105 prywatne.<br>4. Linki do pobrania nie s\u0105 dok\u0142adnie kopiowane.<\/p> <\/div> <div class=\"schema-faq-section\" id=\"faq-question-1638940278209\"><strong class=\"schema-faq-question\">2. <strong>Gdzie zostan\u0105 zapisane moje filmy Tiktok?<\/strong><\/strong> <p class=\"schema-faq-answer\">Je\u015bli zastanawiasz si\u0119, gdzie trafi\u0105 pobrane filmy po zapisaniu, oto Twoja odpowied\u017a: Kiedy u\u017cywasz tego pobierania wideo y2 mate TikTok do pobierania swoich film\u00f3w, pobrane pliki zwykle s\u0105 zapisywane w dowolnym folderze ustawionym jako \u201edomy\u015blny\u201d telefonu . M\u00f3wi\u0105c o telefonach kom\u00f3rkowych, film zostanie zapisany w \u201efolderze pobierania\u201d lub bezpo\u015brednio w galerii Twojego telefonu. Ale je\u015bli u\u017cywasz komputera do pobierania wideo TikTok y2mate, prawdopodobnie zostan\u0105 zapisane w folderze \u201ePobrane\u201d na twoim komputerze.<\/p> <\/div> <div class=\"schema-faq-section\" id=\"faq-question-1638940304976\"><strong class=\"schema-faq-question\">3. <strong>Czy to narz\u0119dzie obs\u0142uguje r\u00f3wnie\u017c inne witryny?<\/strong><\/strong> <p class=\"schema-faq-answer\">Tak, obecnie nasze narz\u0119dzie obs\u0142uguje ponad 30 serwis\u00f3w spo\u0142eczno\u015bciowych, w tym Facebook, Instagram, Twitter, Snack video, Snapchat i wiele innych.<\/p> <\/div> <div class=\"schema-faq-section\" id=\"faq-question-1638940333832\"><strong class=\"schema-faq-question\">4. <strong>Czy korzystanie z y2mate tik tok jest bezpieczne?<\/strong><\/strong> <p class=\"schema-faq-answer\">Tak, dbamy o bezpiecze\u0144stwo naszych klient\u00f3w. Dlatego z dum\u0105 mo\u017cemy powiedzie\u0107, \u017ce korzystanie z naszej strony jest ca\u0142kowicie bezpieczne, poniewa\u017c nigdy nie \u015bledzimy historii naszych u\u017cytkownik\u00f3w ani pobieranych plik\u00f3w. Oznacza to, \u017ce Twoja to\u017csamo\u015b\u0107 pozostanie anonimowa, dzi\u0119ki czemu mo\u017cesz bezpiecznie pobiera\u0107 nieograniczon\u0105 liczb\u0119 film\u00f3w TikTok bez \u017cadnych przeszk\u00f3d.<\/p> <\/div> <div class=\"schema-faq-section\" id=\"faq-question-1638940403578\"><strong class=\"schema-faq-question\">5. <strong>Czy to narz\u0119dzie jest us\u0142ug\u0105 bezp\u0142atn\u0105?<\/strong><\/strong> <p class=\"schema-faq-answer\">Tak, nasz <strong>downloader TikTok<\/strong> jest ca\u0142kowicie darmowy i pozwala milionom u\u017cytkownik\u00f3w pobiera\u0107 ulubione filmy TikTok bezpo\u015brednio na swoje urz\u0105dzenia. Poniewa\u017c nasz serwer korzysta z doskona\u0142ego oprogramowania niezale\u017cnego od platformy, mo\u017cesz go u\u017cywa\u0107 z systemami Android, Mac, Linux PC i IOS (iPhone). Mo\u017cesz nawet udost\u0119pnia\u0107 pobrane filmy swoim obserwatorom i znajomym. Jest r\u00f3wnie\u017c u\u017cywany jako y2mate tiktok mp3.<\/p> <\/div> <\/div>\n","protected":false},"excerpt":{"rendered":"<p>TikTok to z\u0142oto dla tych, kt\u00f3rzy lubi\u0105 tworzy\u0107 \u015bmieszne filmy z synchronizacj\u0105 ust i dzieli\u0107 [&#8230;..]<\/p>\n","protected":false},"author":1,"featured_media":10570,"parent":0,"menu_order":0,"comment_status":"closed","ping_status":"closed","template":"","meta":{"footnotes":""},"class_list":["post-877","page","type-page","status-publish","has-post-thumbnail","hentry"],"acf":[],"aioseo_notices":[],"_links":{"self":[{"href":"https:\/\/y2mate.me\/pl\/wp-json\/wp\/v2\/pages\/877","targetHints":{"allow":["GET"]}}],"collection":[{"href":"https:\/\/y2mate.me\/pl\/wp-json\/wp\/v2\/pages"}],"about":[{"href":"https:\/\/y2mate.me\/pl\/wp-json\/wp\/v2\/types\/page"}],"author":[{"embeddable":true,"href":"https:\/\/y2mate.me\/pl\/wp-json\/wp\/v2\/users\/1"}],"replies":[{"embeddable":true,"href":"https:\/\/y2mate.me\/pl\/wp-json\/wp\/v2\/comments?post=877"}],"version-history":[{"count":1,"href":"https:\/\/y2mate.me\/pl\/wp-json\/wp\/v2\/pages\/877\/revisions"}],"predecessor-version":[{"id":878,"href":"https:\/\/y2mate.me\/pl\/wp-json\/wp\/v2\/pages\/877\/revisions\/878"}],"wp:featuredmedia":[{"embeddable":true,"href":"https:\/\/y2mate.me\/pl\/wp-json\/wp\/v2\/media\/10570"}],"wp:attachment":[{"href":"https:\/\/y2mate.me\/pl\/wp-json\/wp\/v2\/media?parent=877"}],"curies":[{"name":"wp","href":"https:\/\/api.w.org\/{rel}","templated":true}]}}