{"id":510,"date":"2022-01-10T11:26:47","date_gmt":"2022-01-10T11:26:47","guid":{"rendered":"https:\/\/y2mate.me\/pinterest-video-downloader"},"modified":"2022-01-10T11:26:48","modified_gmt":"2022-01-10T11:26:48","slug":"pinterest-video-downloader","status":"publish","type":"page","link":"https:\/\/y2mate.me\/pl\/pinterest-video-downloader","title":{"rendered":"Pinterest Video Downloader"},"content":{"rendered":"\n<h2 class=\"wp-block-heading\">Darmowy internetowy program do pobierania film\u00f3w z Pinteresta: <\/h2>\n\n<p>Masz problem ze znalezieniem wydajnego narz\u0119dzia do pobierania wideo na Pinterest? C\u00f3\u017c, w ko\u0144cu trafi\u0142e\u015b na w\u0142a\u015bciw\u0105 stron\u0119. Pinterest jest obecnie jedn\u0105 z najbardziej wiod\u0105cych marek na platformach do strumieniowego przesy\u0142ania w mediach spo\u0142eczno\u015bciowych. Y2mate &#8211; Downloader to bezp\u0142atne narz\u0119dzie do pobierania wideo online na Pinterest, kt\u00f3re pozwala z \u0142atwo\u015bci\u0105 pobiera\u0107 filmy z Pinteresta. Najlepsze w tym niesamowitym programie do pobierania jest to, \u017ce nie obci\u0105\u017cy on ani grosza. Jest to prosta us\u0142uga sieciowa, kt\u00f3ra umo\u017cliwia u\u017cytkownikom pobieranie ich ulubionych format\u00f3w (MP4, M4A, 3GP, WEBM i JPG) oraz jako\u015bci (HD, SD). Aby korzysta\u0107 z tego narz\u0119dzia, nie musisz nawet pobiera\u0107 ani instalowa\u0107 \u017cadnego oprogramowania ani wtyczki.<\/p>\n\n<h2 class=\"wp-block-heading\">Jak mog\u0119 pobiera\u0107 filmy za pomoc\u0105 Y2mate &#8211; Pinterest Video Downloader?<\/h2>\n\n<p>Poniewa\u017c nasi u\u017cytkownicy wiedz\u0105, \u017ce Y2mate to niesamowity program do pobierania Pinteresta, kt\u00f3ry udost\u0119pnia najbardziej zaawansowane funkcje, jakie znajdziesz w Internecie. Daje naszym u\u017cytkownikom do\u015bwiadczenie korzystania z narz\u0119dzia wy\u017cszego poziomu. Dzi\u0119ki super szybko\u015bci ka\u017cdy b\u0119dzie zadowolony z jej obs\u0142ugi. Je\u015bli wykonasz te kilka prostych krok\u00f3w, mo\u017cesz \u0142atwo pobra\u0107 swoje ulubione filmy z Pinteresta bez \u017cadnych trudno\u015bci za pomoc\u0105 tego narz\u0119dzia do pobierania.<\/p>\n\n<ol class=\"wp-block-list\"><li><strong>Otw\u00f3rz stron\u0119:<\/strong><\/li><\/ol>\n\n<p>Nast\u0119pnie musisz przej\u015b\u0107 do tej konkretnej strony na Pintere\u015bcie, kt\u00f3ra zawiera film, kt\u00f3ry chcesz pobra\u0107.<\/p>\n\n<ol class=\"wp-block-list\" start=\"2\"><li><strong>Skopiuj adres URL:<\/strong><\/li><\/ol>\n\n<p>Skopiuj link do tego konkretnego linku wideo do pobrania na Pinterest. <\/p>\n\n<ol class=\"wp-block-list\" start=\"3\"><li><strong>Otw\u00f3rz program do pobierania:<\/strong><\/li><\/ol>\n\n<p>Otw\u00f3rz ten link w <a href=\"https:\/\/y2mate.me\/pl\/pinterest-video-downloader\">y2mate.me\/Pinterest-video-downloader<\/a><\/p>\n\n<ol class=\"wp-block-list\" start=\"4\"><li><strong>Wklej adres URL:<\/strong><\/li><\/ol>\n\n<p>Wklej adres URL (link skopiowany z Pinteresta) w polu wyszukiwania powy\u017cej.<\/p>\n\n<ol class=\"wp-block-list\" start=\"5\"><li><strong>Wybierz format i pobierz wideo:<\/strong><\/li><\/ol>\n\n<p>Wszystko, co musisz zrobi\u0107, to klikn\u0105\u0107 \u201eikon\u0119 pobierania\u201d podan\u0105 po prawej stronie. Nast\u0119pnie program do pobierania Pinterest wyodr\u0119bni wysokiej jako\u015bci \u0142\u0105cza wideo MP4 z wybranego filmu i umo\u017cliwi wyb\u00f3r dowolnej jako\u015bci, w kt\u00f3rej chcesz zapisa\u0107 sw\u00f3j film. (SD lub HD).<\/p>\n\n<h2 class=\"wp-block-heading\">Funkcje narz\u0119dzia do pobierania wideo na Pinterest:<\/h2>\n\n<p>To niesamowite narz\u0119dzie do pobierania ulubionych film\u00f3w z Pinteresta jest wyj\u0105tkowe ze wzgl\u0119du na nast\u0119puj\u0105ce unikalne funkcje:<\/p>\n\n<h4 class=\"wp-block-heading\">Szybkie pobieranie:<\/h4>\n\n<p>Jest to dobre do pobierania film\u00f3w z Pinteresta z bardzo du\u017c\u0105 pr\u0119dko\u015bci\u0105, bez czekania i marnowania czasu.<\/p>\n\n<h4 class=\"wp-block-heading\">Wysoka jako\u015b\u0107 i rozdzielczo\u015b\u0107:<\/h4>\n\n<p>Za pomoc\u0105 tego programu do pobierania mo\u017cesz bez problemu pobiera\u0107 filmy w wysokiej rozdzielczo\u015bci, takie jak filmy HD i SD. Wydajno\u015b\u0107 pobranego wideo jest zadziwiaj\u0105co super jako\u015bci.<\/p>\n\n<h4 class=\"wp-block-heading\">Ruchliwo\u015b\u0107:<\/h4>\n\n<p>Jest to bardzo zgodne co do mo\u017cliwo\u015bci przenoszenia pobranych film\u00f3w. Funkcje wideo pozostaj\u0105 niezmienione, pobieraj\u0105c wideo za pomoc\u0105 tego bezp\u0142atnego programu do pobierania online.<\/p>\n\n<h4 class=\"wp-block-heading\">Wolne od koszt\u00f3w:<\/h4>\n\n<p>Jest to ca\u0142kowicie darmowy program do pobierania. Mo\u017cesz swobodnie pobiera\u0107 dowolne filmy z Pinteresta, nie wydaj\u0105c \u017cadnych kwot. Jest bezp\u0142atny i \u0142atwy w u\u017cyciu dla u\u017cytkownika.<\/p>\n\n<h4 class=\"wp-block-heading\">Format:<\/h4>\n\n<p>To bezp\u0142atne narz\u0119dzie do pobierania wideo online na Pinterest pozwala wybra\u0107 format mp4 wybranej tre\u015bci wideo do pobrania w tym formacie. W zale\u017cno\u015bci od potrzeb i zainteresowa\u0144 mo\u017cesz pobra\u0107 \u017c\u0105dany film w formacie mp4 w ci\u0105gu zaledwie kilku sekund. <\/p>\n\n<h2 class=\"wp-block-heading\">Cz\u0119sto Zadawane Pytania:<\/h2>\n\n<div class=\"schema-faq wp-block-yoast-faq-block\"><div class=\"schema-faq-section\" id=\"faq-question-1639379056954\"><strong class=\"schema-faq-question\">Tak! W zale\u017cno\u015bci od potrzeb mo\u017cesz udost\u0119pnia\u0107 pobrane filmy na dowolnej innej platformie spo\u0142eczno\u015bciowej. <strong>Czy Y2mate- Pinterest Downloader jest bezpieczny w u\u017cyciu?<\/strong><\/strong> <p class=\"schema-faq-answer\">Tak, mo\u017cesz polega\u0107 na naszym narz\u0119dziu do pobierania film\u00f3w, aby bezpiecznie pobiera\u0107 i zapisywa\u0107 filmy z Pinteresta za darmo na swoim urz\u0105dzeniu bez \u017cadnych k\u0142opot\u00f3w. Post\u0119puj\u0105c zgodnie z naszym przewodnikiem, z pewno\u015bci\u0105 b\u0119dziesz zadowolony z korzystania z tego narz\u0119dzia do pobierania. <\/p> <\/div> <div class=\"schema-faq-section\" id=\"faq-question-1639379070227\"><strong class=\"schema-faq-question\"><strong>Gdzie moje filmy zostan\u0105 zapisane na moim urz\u0105dzeniu po pobraniu ich za pomoc\u0105 Pinterest Downloader?<\/strong><\/strong> <p class=\"schema-faq-answer\">Kiedy u\u017cywasz Y2mate &#8211; Pinterest Downloader do pobierania \u017c\u0105danych film\u00f3w z Pinteresta, zwykle s\u0105 one zapisywane w dowolnym folderze ustawionym jako \u201edomy\u015blny\u201d. W telefonie kom\u00f3rkowym wideo zostanie zapisane w \u201efolderze pobierania\u201d lub galerii telefonu. Ale gdy u\u017cyjesz komputera do pobrania film\u00f3w, zostan\u0105 one zapisane w folderze \u201ePobrane\u201d na komputerze. <\/p> <\/div> <div class=\"schema-faq-section\" id=\"faq-question-1639379082957\"><strong class=\"schema-faq-question\"><strong>Czy mog\u0119 pobiera\u0107 filmy z Pinteresta w wi\u0119cej ni\u017c jednym formacie?<\/strong><\/strong> <p class=\"schema-faq-answer\">Tak, mo\u017cesz pobiera\u0107 filmy w wi\u0119cej ni\u017c jednym formacie. Mo\u017cesz go pobra\u0107 w r\u00f3\u017cnych formatach, w tym MP4, M4A, 3GP, WEBM i JPG. Otrzymasz r\u00f3\u017cne dost\u0119pne opcje dla ka\u017cdego filmu pod wzgl\u0119dem formatu. Po prostu kliknij ten, kt\u00f3rego potrzebujesz i ciesz si\u0119. Oszcz\u0119dza pieni\u0105dze i czas dzi\u0119ki doskona\u0142ej wydajno\u015bci!<\/p> <\/div> <div class=\"schema-faq-section\" id=\"faq-question-1639379094863\"><strong class=\"schema-faq-question\"><strong>Czy to narz\u0119dzie jest ca\u0142kowicie bezp\u0142atne?<\/strong><\/strong> <p class=\"schema-faq-answer\">Ten internetowy program do pobierania film\u00f3w jest ca\u0142kowicie bezp\u0142atny. Nie musisz wydawa\u0107 \u017cadnej kwoty na pobieranie swoich ulubionych film\u00f3w.<\/p> <\/div> <div class=\"schema-faq-section\" id=\"faq-question-1639379116112\"><strong class=\"schema-faq-question\"><strong>Czy mog\u0119 udost\u0119pni\u0107 pobrane filmy innym platformom spo\u0142eczno\u015bciowym?<\/strong><\/strong> <p class=\"schema-faq-answer\">Tak! W zale\u017cno\u015bci od potrzeb mo\u017cesz udost\u0119pnia\u0107 pobrane filmy na dowolnej innej platformie spo\u0142eczno\u015bciowej.<\/p> <\/div> <\/div>\n","protected":false},"excerpt":{"rendered":"<p>Darmowy internetowy program do pobierania film\u00f3w z Pinteresta: Masz problem ze znalezieniem wydajnego narz\u0119dzia do [&#8230;..]<\/p>\n","protected":false},"author":1,"featured_media":219,"parent":0,"menu_order":0,"comment_status":"closed","ping_status":"closed","template":"pinterest-page.php","meta":{"footnotes":""},"class_list":["post-510","page","type-page","status-publish","has-post-thumbnail","hentry"],"acf":[],"aioseo_notices":[],"_links":{"self":[{"href":"https:\/\/y2mate.me\/pl\/wp-json\/wp\/v2\/pages\/510","targetHints":{"allow":["GET"]}}],"collection":[{"href":"https:\/\/y2mate.me\/pl\/wp-json\/wp\/v2\/pages"}],"about":[{"href":"https:\/\/y2mate.me\/pl\/wp-json\/wp\/v2\/types\/page"}],"author":[{"embeddable":true,"href":"https:\/\/y2mate.me\/pl\/wp-json\/wp\/v2\/users\/1"}],"replies":[{"embeddable":true,"href":"https:\/\/y2mate.me\/pl\/wp-json\/wp\/v2\/comments?post=510"}],"version-history":[{"count":0,"href":"https:\/\/y2mate.me\/pl\/wp-json\/wp\/v2\/pages\/510\/revisions"}],"wp:featuredmedia":[{"embeddable":true,"href":"https:\/\/y2mate.me\/pl\/wp-json\/wp\/v2\/media\/219"}],"wp:attachment":[{"href":"https:\/\/y2mate.me\/pl\/wp-json\/wp\/v2\/media?parent=510"}],"curies":[{"name":"wp","href":"https:\/\/api.w.org\/{rel}","templated":true}]}}