{"id":368,"date":"2021-12-21T11:38:50","date_gmt":"2021-12-21T11:38:50","guid":{"rendered":"https:\/\/y2mate.me\/video-facebook-download"},"modified":"2022-01-06T10:41:44","modified_gmt":"2022-01-06T10:41:44","slug":"video-facebook-download","status":"publish","type":"page","link":"https:\/\/y2mate.me\/pl\/video-facebook-download","title":{"rendered":"Pobieracz wideo z Facebooka"},"content":{"rendered":"\n<h2 class=\"wp-block-heading\">Darmowy internetowy program do pobierania wideo Y2Mate z Facebooka<\/h2>\n\n<p><strong>Y2mate &#8211; Facebook Video Downloader<\/strong> to jedno z najlepszych darmowych narz\u0119dzi do pobierania film\u00f3w na Facebooku, kt\u00f3re pomagaj\u0105 pobiera\u0107 filmy z Facebooka, kt\u00f3re Ci si\u0119 podobaj\u0105, w formatach FB do MP4 (wideo). Pozwala u\u017cytkownikom bezp\u0142atnie konwertowa\u0107 filmy z Facebooka w jako\u015bci HD na swoje urz\u0105dzenia. Ta us\u0142uga dzia\u0142a na Androida, Maca, iPhone&#8217;y, Windows i Linux itp.<\/p>\n\n<p>Ten zaawansowany program do pobierania wideo przechodzi na t\u0119 stron\u0119 na Facebooku i bezpo\u015brednio wyodr\u0119bnia \u0142\u0105cza MP4 z \u017c\u0105danego wideo. Bez konieczno\u015bci instalowania wtyczek lub oprogramowania, Y2mate jest ca\u0142kowicie bezproblemowy i kosztowny. \u017byczymy mi\u0142ego korzystania z naszej strony!<\/p>\n\n<h2 class=\"wp-block-heading\">Jak pobra\u0107 film z fb?<\/h2>\n\n<ul class=\"wp-block-list\"><li>Skopiuj adres URL filmu z Facebooka, kt\u00f3ry chcesz pobra\u0107.<\/li><li>Wklej link do pobrania wideo w odpowiednim polu.<\/li><li>Kliknij przycisk lub ikon\u0119 \u201ePobierz\u201d, aby zapisa\u0107 wideo na FB.<\/li><\/ul>\n\n<h3 class=\"wp-block-heading\">Jak mog\u0119 pobiera\u0107 filmy z Facebooka za pomoc\u0105 Y2 mate pobieranie film\u00f3w z fb? <\/h3>\n\n<p>Oto proste kroki, aby pobra\u0107 ulubione filmy z Facebooka za pomoc\u0105 naszej strony internetowej: <\/p>\n\n<ol class=\"wp-block-list\"><li><strong>Otw\u00f3rz witryn\u0119:<\/strong><br\/>Otw\u00f3rz stron\u0119 <a href=\"https:\/\/y2mate.me\/pl\/video-facebook-download\">https:\/\/y2mate.me\/facebook-video-downloader<\/a> . Nast\u0119pnie otw\u00f3rz aplikacj\u0119 Facebook i znajd\u017a film, kt\u00f3ry chcesz pobra\u0107.<\/li><li><strong>Skopiuj adres URL:<\/strong><\/li><\/ol>\n\n<p>Nast\u0119pnie przejd\u017a do okre\u015blonej strony na Facebooku, kt\u00f3ra zawiera film, kt\u00f3ry chcesz pobra\u0107, i skopiuj link do tego filmu FB.<\/p>\n\n<ol class=\"wp-block-list\" start=\"3\"><li><strong>Wklej adres URL:<\/strong><\/li><\/ol>\n\n<p>Teraz wklej adres URL (skopiowany link) w polu tekstowym Y2 mate FB downloader (powy\u017cej) i kliknij ikon\u0119 \u201ePobierz\u201d.<\/p>\n\n<ol class=\"wp-block-list\" start=\"4\"><li><strong>Wybierz Formatuj i Pobierz filmy:<\/strong><\/li><\/ol>\n\n<p>Nasz program do pobierania wideo Y2mate FB wyodr\u0119bni wysokiej jako\u015bci \u0142\u0105cza wideo MP4 i umo\u017cliwi wyb\u00f3r dowolnej jako\u015bci (HD lub SD). <\/p>\n\n<h2 class=\"wp-block-heading\">Kluczowe cechy:<\/h2>\n\n<p>Nasza strona internetowa jest bezp\u0142atna i nie jest wymagane \u017cadne oprogramowanie ani rejestracja. Baw si\u0119 i korzystaj z naszej strony internetowej.<\/p>\n\n<h4 class=\"wp-block-heading\">\u015awietna jako\u015b\u0107<\/h4>\n\n<p>Mo\u017cesz pobiera\u0107 filmy z Facebooka w FULL HD i 4K z d\u017awi\u0119kiem z naszego bezp\u0142atnego downloadera na Facebooku. Zdecydowana wi\u0119kszo\u015b\u0107 dost\u0119pnych obecnie narz\u0119dzi obs\u0142uguje wy\u0142\u0105cznie wideo HD.<\/p>\n\n<h4 class=\"wp-block-heading\">\u0141atwo<\/h4>\n\n<p>Dla dowolnego urz\u0105dzenia (telefonu, komputera lub tabletu) i systemu operacyjnego dost\u0119pny jest program do pobierania film\u00f3w z Facebooka (Android, IOS). Nie ma potrzeby instalowania \u017cadnego oprogramowania.<\/p>\n\n<h4 class=\"wp-block-heading\">Bezp\u0142atny<\/h4>\n\n<p>Pozostanie nieskr\u0119powany przez ca\u0142y czas. Aby pom\u00f3c sfinansowa\u0107 nasz\u0105 ekspansj\u0119, wy\u015bwietlamy tylko kilka reklam.<\/p>\n\n<h2 class=\"wp-block-heading\">Najcz\u0119\u015bciej zadawane pytania:<\/h2>\n\n<div class=\"schema-faq wp-block-yoast-faq-block\"><div class=\"schema-faq-section\" id=\"faq-question-1639333213941\"><strong class=\"schema-faq-question\"><strong>Gdzie s\u0105 zapisywane moje filmy z Facebooka po pobraniu z programu \u201eY2mate pobieranie film\u00f3w z fb\u201d?<\/strong><\/strong> <p class=\"schema-faq-answer\">Gdy korzystasz z naszej witryny do pobierania film\u00f3w z Facebooka, pobrane filmy s\u0105 zapisywane w folderze \u201epobrane pliki\u201d, a nawet w galerii Twojego telefonu kom\u00f3rkowego. Jednak zazwyczaj s\u0105 one zapisywane w dowolnym folderze, kt\u00f3ry ustawi\u0142e\u015b jako \u201edomy\u015blny\u201d. Je\u015bli u\u017cy\u0142e\u015b komputera do pobrania wideo z Facebooka na sw\u00f3j komputer, wideo zostanie zapisane w folderze \u201ePobrane\u201d na komputerze.<\/p> <\/div> <div class=\"schema-faq-section\" id=\"faq-question-1639333245949\"><strong class=\"schema-faq-question\"><strong>Jak pobiera\u0107 filmy na \u017cywo z Facebooka?<\/strong><\/strong> <p class=\"schema-faq-answer\">Mo\u017cesz tak\u017ce \u0142atwo pobiera\u0107 filmy na \u017cywo z Facebooka, korzystaj\u0105c z naszego narz\u0119dzia do pobierania FB. Wszystko, co musisz zrobi\u0107, to poczeka\u0107 na zako\u0144czenie przesy\u0142ania strumieniowego, a nast\u0119pnie mo\u017cesz pobra\u0107 wideo na \u017cywo, podobnie jak inne filmy z Facebooka, kopiuj\u0105c link do pobierania wideo, a nast\u0119pnie wprowadzaj\u0105c adres URL wideo na \u017cywo FB w polu tekstowym i naciskaj\u0105c ikon\u0119 \u201ePobierz\u201d. <\/p> <\/div> <div class=\"schema-faq-section\" id=\"faq-question-1639333263634\"><strong class=\"schema-faq-question\"><strong>Czy Y2mate pobierz film z fb przechowuje pobrane filmy lub przechowuje ich kopi\u0119?<\/strong><\/strong> <p class=\"schema-faq-answer\">Nie, Y2mate pobierz film z fb nie przechowuje film\u00f3w, a nasza witryna nie przechowuje kopii pobranych film\u00f3w z Facebooka. Poniewa\u017c nie \u015bledzimy historii pobierania film\u00f3w z FB u\u017cytkownika, korzystanie z Y2mate jest bezpieczne i anonimowe.<\/p> <\/div> <\/div>\n","protected":false},"excerpt":{"rendered":"<p>Darmowy internetowy program do pobierania wideo Y2Mate z Facebooka Y2mate &#8211; Facebook Video Downloader to [&#8230;..]<\/p>\n","protected":false},"author":1,"featured_media":207,"parent":0,"menu_order":0,"comment_status":"closed","ping_status":"closed","template":"facebook-page.php","meta":{"footnotes":""},"class_list":["post-368","page","type-page","status-publish","has-post-thumbnail","hentry"],"acf":[],"aioseo_notices":[],"_links":{"self":[{"href":"https:\/\/y2mate.me\/pl\/wp-json\/wp\/v2\/pages\/368","targetHints":{"allow":["GET"]}}],"collection":[{"href":"https:\/\/y2mate.me\/pl\/wp-json\/wp\/v2\/pages"}],"about":[{"href":"https:\/\/y2mate.me\/pl\/wp-json\/wp\/v2\/types\/page"}],"author":[{"embeddable":true,"href":"https:\/\/y2mate.me\/pl\/wp-json\/wp\/v2\/users\/1"}],"replies":[{"embeddable":true,"href":"https:\/\/y2mate.me\/pl\/wp-json\/wp\/v2\/comments?post=368"}],"version-history":[{"count":0,"href":"https:\/\/y2mate.me\/pl\/wp-json\/wp\/v2\/pages\/368\/revisions"}],"wp:featuredmedia":[{"embeddable":true,"href":"https:\/\/y2mate.me\/pl\/wp-json\/wp\/v2\/media\/207"}],"wp:attachment":[{"href":"https:\/\/y2mate.me\/pl\/wp-json\/wp\/v2\/media?parent=368"}],"curies":[{"name":"wp","href":"https:\/\/api.w.org\/{rel}","templated":true}]}}