{"id":296,"date":"2021-12-21T05:15:15","date_gmt":"2021-12-21T05:15:15","guid":{"rendered":"https:\/\/y2mate.me\/downloader-reels-instagram"},"modified":"2022-01-06T05:05:47","modified_gmt":"2022-01-06T05:05:47","slug":"downloader-reels-instagram","status":"publish","type":"page","link":"https:\/\/y2mate.me\/pl\/downloader-reels-instagram","title":{"rendered":"Downloader Reels Instagram"},"content":{"rendered":"\n<p>Instagram Reels to obecnie nowy trend, kt\u00f3ry pozwala u\u017cytkownikom z \u0142atwo\u015bci\u0105 udost\u0119pnia\u0107 ciekawe kr\u00f3tkie klipy w aplikacji Insta. Jest do\u015b\u0107 podobny do film\u00f3w TikTok, ale te filmy prawdopodobnie utrzymaj\u0105 u\u017cytkownik\u00f3w przyklejonych do swoich smartfon\u00f3w. Czy jeste\u015b r\u00f3wnie\u017c fanem rolek na Instagramie i chcesz zapisa\u0107 je na swoim urz\u0105dzeniu, aby udost\u0119pni\u0107 je znajomym? Mo\u017cesz r\u00f3wnie\u017c bez problemu korzysta\u0107 z pobranych plik\u00f3w na innych platformach spo\u0142eczno\u015bciowych. Ale jak mog\u0119 je pobra\u0107?<\/p>\n\n<p>Je\u015bli szukasz sposobu na pobranie ulubionych film\u00f3w z Instagrama bezpo\u015brednio do galerii telefonu, z przyjemno\u015bci\u0105 dowiesz si\u0119, \u017ce narz\u0119dzie do pobierania rolek Insta ko\u0144czy si\u0119 tutaj! <\/p>\n\n<p>Nasz Instagram Reels Video Downloader to <strong>bezp\u0142atne i szybkie<\/strong> narz\u0119dzie internetowe. Dzi\u0119ki temu tysi\u0105ce u\u017cytkownik\u00f3w ka\u017cdego dnia mo\u017ce pobiera\u0107 filmy z Instagrama bezpo\u015brednio na smartfony, tablety i laptopy. Najlepsz\u0105 cz\u0119\u015bci\u0105 pobierania reels na Instagram jest to, \u017ce nie musisz instalowa\u0107 \u017cadnego dodatkowego do\u0142\u0105czonego oprogramowania ani zak\u0142ada\u0107 konta, aby korzysta\u0107 z tej witryny. <\/p>\n\n<h2 class=\"wp-block-heading\">Pobieranie rolek <\/h2>\n\n<p>Gdy sko\u0144czysz z filmami wygaszaj\u0105cymi Instagram, pobieraj\u0105cymi preferowane rolki na Instagramie, dzi\u0119ki pobieraniu film\u00f3w z Instagrama mo\u017cesz udost\u0119pnia\u0107 je r\u00f3wnie\u017c na innych g\u0142\u00f3wnych platformach spo\u0142eczno\u015bciowych.<\/p>\n\n<p>Po prostu skopiuj adres URL wygaszacza film\u00f3w na Instagramie z rolki, kt\u00f3r\u0105 chcesz pobra\u0107, i wklej go do naszego narz\u0119dzia, aby uzyska\u0107 p\u0142ynn\u0105 procedur\u0119 pobierania. Oszcz\u0119dza to metod\u0119 zdj\u0119\u0107 Insta to najprostszy spos\u00f3b na pobranie reels Instagram w jako\u015bci HD.<\/p>\n\n<h2 class=\"wp-block-heading\">Jak pobra\u0107 rolki z Instagrama?<\/h2>\n\n<h3 class=\"wp-block-heading\">Wykonaj te szybkie kroki, aby pobra\u0107 dowolny b\u0119ben z Instagrama za pomoc\u0105 tego narz\u0119dzia:<\/h3>\n\n<ul class=\"wp-block-list\"><li>Otw\u00f3rz <strong>Instagram.com<\/strong> w przegl\u0105darce lub aplikacji.<\/li><li>Wyszukaj filmy, kt\u00f3re chcesz pobra\u0107.<\/li><li>Stuknij w to, aby <strong>skopiowa\u0107<\/strong> adres linku tego konkretnego b\u0119bna.<\/li><li>Teraz wejd\u017a na nasz\u0105 stron\u0119 internetow\u0105 Save Insta Reels Downloader i <strong>wklej<\/strong> skopiowany wcze\u015bniej link w polu tekstowym podanym na stronie narz\u0119dzia.<\/li><li>Kliknij ikon\u0119 \u201e <strong>Pobierz<\/strong> \u201d.<\/li><li>Wprowad\u017a wybrany format, rozmiar i jako\u015b\u0107, aby reels zapisywa\u0142y filmy bezpo\u015brednio na urz\u0105dzeniu z Androidem.<\/li><li>Na PC (Windows lub Mac).<\/li><\/ul>\n\n<h3 class=\"wp-block-heading\">Post\u0119puj zgodnie z tymi instrukcjami, je\u015bli chcesz pobra\u0107 rolki Instagrama na sw\u00f3j komputer za pomoc\u0105 naszego narz\u0119dzia;<\/h3>\n\n<ul class=\"wp-block-list\"><li>Otw\u00f3rz Instagram.com i znajd\u017a \u017c\u0105dane filmy, aby zapisa\u0107.<\/li><li>Skopiuj jego link z pola adresu podanego na g\u00f3rze ekranu.<\/li><li>Nast\u0119pnie przejd\u017a do naszego narz\u0119dzia pobierania Instagram Reels w przegl\u0105darce i wklej link w polu tekstowym podanym powy\u017cej na tej stronie.<\/li><li>Teraz naci\u015bnij przycisk \u201ePobierz\u201d.<\/li><li>Natychmiast otworzy si\u0119 nowa zak\u0142adka, oferuj\u0105ca list\u0119 r\u00f3\u017cnych jako\u015bci, rozmiar\u00f3w i format\u00f3w plik\u00f3w do wyboru.<\/li><li>Stuknij w te, kt\u00f3re najbardziej odpowiadaj\u0105 Twoim wymaganiom, a plik rolki zostanie zapisany na Twoim komputerze w ci\u0105gu kilku sekund.<\/li><li>Dla urz\u0105dze\u0144 IOS:<\/li><\/ul>\n\n<h3 class=\"wp-block-heading\">Pobieranie lub konwertowanie reels Instagrama na urz\u0105dzenia IOS nie r\u00f3\u017cni si\u0119 tak bardzo od urz\u0105dze\u0144 z Androidem.<\/h3>\n\n<ul class=\"wp-block-list\"><li>Otw\u00f3rz Instagram.com w dowolnej u\u017cywanej przegl\u0105darce i wyszukaj film, kt\u00f3ry chcesz pobra\u0107.<\/li><li>Je\u015bli przyjrzysz si\u0119 uwa\u017cnie, zobaczysz trzy kropki w prawym g\u00f3rnym rogu ekranu Wybierz opcj\u0119 \u201eKopiuj \u0142\u0105cze\u201d.<\/li><li>Teraz przejd\u017a do naszego pobierania wideo na Instagram i wklej skopiowany adres URL w polu tekstowym naszego narz\u0119dzia.<\/li><li>Wybierz \u017c\u0105dany format (mp3 lub mp4) i jako\u015b\u0107 (HD lub SD).<\/li><li>Kliknij przycisk \u201ePobierz\u201d, aby wideo zosta\u0142o zapisane na urz\u0105dzeniu IOS.<\/li><\/ul>\n\n<h2 class=\"wp-block-heading\">Kluczowe cechy:<\/h2>\n\n<p><strong>Oto szczeg\u00f3\u0142owa lista g\u0142\u00f3wnych funkcji tego narz\u0119dzia do pobierania reels Instagram online<\/strong> :<\/p>\n\n<p><strong>B\u0142yskawiczna pr\u0119dko\u015b\u0107:<\/strong> teraz nie b\u0119dziesz musia\u0142 sp\u0119dza\u0107 godzin na pr\u00f3bach natychmiastowego pobierania wszystkich Twoich ulubionych <span style=\"font-size: revert; color: initial;\">film\u00f3w<\/span> , poniewa\u017c nasze narz\u0119dzie robi to wszystko z ultraszybk\u0105 pr\u0119dko\u015bci\u0105. Nie ograniczamy r\u00f3wnie\u017c przepustowo\u015bci pobierania film\u00f3w Insta do pobierania rolek Instagram.<\/p>\n\n<ul class=\"wp-block-list\"><li><strong>Chronione i bezpieczne: <\/strong><\/li><\/ul>\n\n<p>Zaprojektowali\u015bmy nasze narz\u0119dzie do zapisywania pobierania Instagram Reels maj\u0105c na uwadze ochron\u0119 naszych urz\u0105dze\u0144. Tak wi\u0119c w programie do pobierania rolek nie musisz si\u0119 martwi\u0107 o ryzyko wyst\u0105pienia z\u0142o\u015bliwego oprogramowania lub wirusa. W Twoim systemie, gdy korzystasz z naszego narz\u0119dzia. Filmy na Instagramie pobieraj\u0105 oprogramowanie internetowe, kt\u00f3re jest w pe\u0142ni bezpieczne i bezpieczne w u\u017cyciu, z najlepszym protoko\u0142em HTTPS. <\/p>\n\n<ul class=\"wp-block-list\"><li><strong>Pliki w jako\u015bci HD: <\/strong><\/li><\/ul>\n\n<p>Zapisz ko\u0142owrotek Insta, cieszysz si\u0119 z korzystania z naszego programu do pobierania Insta. Zapisz pobieranie wideo z Instagrama, kt\u00f3re zapisuje zdj\u0119cia na Instagramie. Oferuje mn\u00f3stwo r\u00f3\u017cnych rodzaj\u00f3w jako\u015bci i format\u00f3w jako rolek do pobrania. Po prostu zwijaj pobieranie z Instagrama, post\u0119puj zgodnie z instrukcjami dotycz\u0105cymi pobierania film\u00f3w z Instagrama online podanymi powy\u017cej i pobieraj pliki bez utraty oryginalnej jako\u015bci.<\/p>\n\n<ul class=\"wp-block-list\"><li><strong>Ca\u0142kowicie za darmo: <\/strong><\/li><\/ul>\n\n<p>Obecnie nasz serwis jest ca\u0142kowicie darmowy dla ka\u017cdego! Nigdy nie pobierali\u015bmy op\u0142at za pobieranie b\u0119bn\u00f3w do pobrania od \u017cadnego u\u017cytkownika za korzystanie z naszej us\u0142ugi, ani nie prosimy ich o kosztowne subskrypcje lub dane logowania. Dlatego upewnij si\u0119, \u017ce pobierasz rolk\u0119 z wybranymi rolkami na Instagram za pomoc\u0105 naszego bezp\u0142atnego narz\u0119dzia do pobierania online!<\/p>\n\n<ul class=\"wp-block-list\"><li><strong>Przyjazny dla u\u017cytkownika interfejs: <\/strong><\/li><\/ul>\n\n<p>Reel download Insta, nie komputerowy geek? Przyjazne dla u\u017cytkownika i \u0142atwe w u\u017cyciu filmy z interfejsem witryny do pobrania Insta sprawiaj\u0105, \u017ce jest ona idealna do codziennego u\u017cytku dla os\u00f3b pobieraj\u0105cych Insta. Wymaga tylko kilku krok\u00f3w do wykonania swojego zadania.<\/p>\n\n<h2 class=\"wp-block-heading\">Jak mog\u0119 skopiowa\u0107 adres URL do rolek na Instagramie?<\/h2>\n\n<p><strong>Oto jak mo\u017cesz skopiowa\u0107 adres URL do rolek na Instagramie: <\/strong><\/p>\n\n<ol class=\"wp-block-list\"><li>Otw\u00f3rz aplikacj\u0119 lub stron\u0119 internetow\u0105 Instagram.<\/li><li>Otw\u00f3rz Rolk\u0119, kt\u00f3r\u0105 planujesz pobra\u0107.<\/li><li>W prawym g\u00f3rnym rogu ekranu pojawi si\u0119 ikona 3 kropek.<\/li><li>Po klikni\u0119ciu pojawi si\u0119 wyskakuj\u0105ce menu.<\/li><li>Stamt\u0105d dotknij opcji \u201eKopiuj link\u201d, aby zapisa\u0107 link do schowka.<\/li><\/ol>\n\n<h2 class=\"wp-block-heading\">Dlaczego warto korzysta\u0107 z narz\u0119dzia do pobierania film\u00f3w na Instagramie?<\/h2>\n\n<p>W dzisiejszych czasach w Internecie jest wiele narz\u0119dzi, kt\u00f3re wykorzystuj\u0105 du\u017c\u0105 list\u0119 niepotrzebnych czynno\u015bci, co utrudnia u\u017cytkownikom pobieranie film\u00f3w z rolek online. Wr\u0119cz przeciwnie, nasze narz\u0119dzie do pobierania rolek z Instagrama w trybie online samo w sobie poradzi sobie z ci\u0119\u017ck\u0105 prac\u0105 nad rolkami do pobrania. Narz\u0119dzie do pobierania szpul Instagram online jest szybkie i bezp\u0142atne, zapewniaj\u0105c wyniki w wysokiej rozdzielczo\u015bci bez znaku wodnego. Unikalne funkcje pobierania wideo z Instagrama online i du\u017ca szybko\u015b\u0107 sprawiaj\u0105, \u017ce jest to podstawowe narz\u0119dzie u\u017cytkownika do codziennego u\u017cytku. Nast\u0119pnym razem, gdy podczas przewijania znajdziesz zabawn\u0105 lub przydatn\u0105 rolk\u0119 pobierania z Instagrama. Zapraszam do pobierania b\u0119bn\u00f3w na Insta za pomoc\u0105 naszego najlepszego narz\u0119dzia do pobierania film\u00f3w Insta, aby uzyska\u0107 najlepsze wyniki!<\/p>\n\n<h2 class=\"wp-block-heading\">NAJCZ\u0118\u015aCIEJ ZADAWANE PYTANIA \u2013 FAQ:<\/h2>\n\n<div class=\"schema-faq wp-block-yoast-faq-block\"><div class=\"schema-faq-section\" id=\"faq-question-1638270810280\"><strong class=\"schema-faq-question\"><strong>Jak oszcz\u0119dza\u0107 rolki na Instagramie?<\/strong><\/strong> <p class=\"schema-faq-answer\">Wa\u017cne jest, aby wiedzie\u0107, \u017ce je\u015bli konto na Instagramie jest prywatne, nie mo\u017cemy zezwoli\u0107 na pobieranie Reels Insta bezpo\u015brednio z tego konta, tylko ze wzgl\u0119du na ochron\u0119 prywatno\u015bci tego profilu. Mo\u017cesz jednak pobra\u0107 nieograniczon\u0105 liczb\u0119 Reels na Instagramie z kont publicznych, kt\u00f3re zezwoli\u0142y na otwarte korzystanie z ich tre\u015bci <\/p> <\/div> <div class=\"schema-faq-section\" id=\"faq-question-1638270850019\"><strong class=\"schema-faq-question\"><strong>Czy konta zostan\u0105 powiadomione, je\u015bli pobior\u0119 Reels z Instagrama? <\/strong> <\/strong> <p class=\"schema-faq-answer\">Nie, upewniamy si\u0119, \u017ce konta pobieraj\u0105cych rolki insta nie s\u0105 powiadamiane, gdy u\u017cytkownicy pobieraj\u0105 z nich rolki. Za pomoc\u0105 naszych inteligentnych film\u00f3w Insta Pobierz online mo\u017cesz anonimowo zapisywa\u0107 b\u0119bny. Mo\u017cesz cieszy\u0107 si\u0119 pobranymi filmami w pe\u0142nej anonimowo\u015bci, nie martwi\u0105c si\u0119, \u017ce w\u0142a\u015bciciele si\u0119 o tym dowiedz\u0105.<\/p> <\/div> <div class=\"schema-faq-section\" id=\"faq-question-1638270885623\"><strong class=\"schema-faq-question\"><strong>Jak pobra\u0107 rolki Instagrama online? <\/strong> <\/strong> <p class=\"schema-faq-answer\">Aby pobra\u0107 film Instagram Reels, po prostu skopiuj\/wklej adres URL rolki w polu tekstowym naszego narz\u0119dzia i kliknij przycisk \u201e <strong>Pobierz<\/strong> \u201d. Pliki do pobrania rolek z Instagrama b\u0119d\u0105 automatycznie zapisywane na smartfonach, tabletach, laptopach lub urz\u0105dzeniach z systemem IOS, wi\u0119c otw\u00f3rz nasze bezp\u0142atne filmy online z Instagrama Pobierz i zacznij! <\/p> <\/div> <div class=\"schema-faq-section\" id=\"faq-question-1638270924323\"><strong class=\"schema-faq-question\"><strong>Czy mog\u0119 pobra\u0107 Instagram Reel online w jako\u015bci HD? <\/strong> <\/strong> <p class=\"schema-faq-answer\">Tak, nasze narz\u0119dzie obs\u0142uguje wiele r\u00f3\u017cnych format\u00f3w konwersji rolek na Instagramie, ale najpopularniejszym z nich jest jako\u015b\u0107 HD. Mo\u017cesz tak\u017ce pobra\u0107 rolki z Instagrama w jako\u015bci, w jakiej wideo jest pierwotnie przesy\u0142ane na Instagram. Ta strona internetowa zapewnia pobieranie plik\u00f3w w jako\u015bci HD za ka\u017cdym razem!<\/p> <\/div> <div class=\"schema-faq-section\" id=\"faq-question-1638270954117\"><strong class=\"schema-faq-question\"><strong>Czy pobieranie film\u00f3w wideo z Instagrama online jest nielegalne? <\/strong> <\/strong> <p class=\"schema-faq-answer\">Szczerze m\u00f3wi\u0105c, zdziwisz si\u0119, gdy dowiesz si\u0119, \u017ce pobieranie lub konwertowanie rolek Instagrama ze stron publicznych nie jest wielk\u0105 spraw\u0105, pod warunkiem, \u017ce narz\u0119dzie do pobierania rolek insta ma prawa autorskie do tego filmu. Je\u015bli chcesz u\u017cywa\u0107 pobranych plik\u00f3w do u\u017cytku osobistego, nie jest to r\u00f3wnie\u017c uwa\u017cane za nielegalne. Je\u015bli jednak planujesz pobra\u0107 szpule Insta, planuj\u0105c wykorzysta\u0107 ten film do cel\u00f3w biznesowych lub komercyjnych, musisz uzyska\u0107 zgod\u0119 w\u0142a\u015bciciela b\u0119bna na prawa autorskie.<\/p> <\/div> <div class=\"schema-faq-section\" id=\"faq-question-1638270978704\"><strong class=\"schema-faq-question\"><strong>Ile rolek Instagram mog\u0119 pobra\u0107 za pomoc\u0105 tego narz\u0119dzia? <\/strong> <br><\/strong> <p class=\"schema-faq-answer\">Najbardziej niesamowit\u0105 cz\u0119\u015bci\u0105 tego wyj\u0105tkowego narz\u0119dzia jest to, \u017ce oferuje nieograniczone pobieranie dla ka\u017cdego u\u017cytkownika! Czas przesta\u0107 martwi\u0107 si\u0119 ograniczeniami i zacz\u0105\u0107 swobodnie korzysta\u0107 z narz\u0119dzia do pobierania reels insta tak wielu zainstalowanych reels Instagram, jak tylko mo\u017cesz w ci\u0105gu jednego dnia. Mamy tendencj\u0119 do \u015bwiadczenia us\u0142ug 24\/7, 7 dni w tygodniu, b\u0119d\u0105c jednocze\u015bnie ca\u0142kowicie BEZP\u0141ATNYM. Jak cudownie<\/p> <\/div> <\/div>\n\n<h2 class=\"wp-block-heading\">Wniosek:<\/h2>\n\n<p>Teraz znasz ka\u017cdy szczeg\u00f3\u0142 na temat rolek na Instagramie i ich dzia\u0142ania. G\u0142\u00f3wny sekret tworzenia tak interesuj\u0105cych i wci\u0105gaj\u0105cych rolek na Instagramie wreszcie si\u0119 ujawni\u0142 i cieszymy si\u0119, \u017ce w pierwszej kolejno\u015bci podzielili\u015bmy si\u0119 nim z Tob\u0105. Korzystaj\u0105c z tego doskona\u0142ego narz\u0119dzia do pobierania rolek na Instagramie, mo\u017cesz zapisywa\u0107 filmy na Instagramie dla swoich ulubionych, a p\u00f3\u017aniej ogl\u0105da\u0107 je offline. Po zako\u0144czeniu procesu pobierania film\u00f3w Insta mo\u017cesz udost\u0119pni\u0107 przekonwertowany plik na dowolnej platformie medi\u00f3w spo\u0142eczno\u015bciowych, w tym na Facebooku, Snapchat, TikTok, a nawet na Whatsapp. Pobierz wi\u0119c tyle reels Instagrama, ile chcesz, korzystaj\u0105c z naszej strony internetowej, bez \u017cadnych ogranicze\u0144 ani ogranicze\u0144. Wi\u0119c na co czekasz? Czas wskoczy\u0107 do poci\u0105gu i stworzy\u0107 epickie reels Insta! Powodzenia!<\/p>\n","protected":false},"excerpt":{"rendered":"<p>Instagram Reels to obecnie nowy trend, kt\u00f3ry pozwala u\u017cytkownikom z \u0142atwo\u015bci\u0105 udost\u0119pnia\u0107 ciekawe kr\u00f3tkie klipy [&#8230;..]<\/p>\n","protected":false},"author":1,"featured_media":606,"parent":0,"menu_order":0,"comment_status":"closed","ping_status":"closed","template":"","meta":{"footnotes":""},"class_list":["post-296","page","type-page","status-publish","has-post-thumbnail","hentry"],"acf":[],"aioseo_notices":[],"_links":{"self":[{"href":"https:\/\/y2mate.me\/pl\/wp-json\/wp\/v2\/pages\/296","targetHints":{"allow":["GET"]}}],"collection":[{"href":"https:\/\/y2mate.me\/pl\/wp-json\/wp\/v2\/pages"}],"about":[{"href":"https:\/\/y2mate.me\/pl\/wp-json\/wp\/v2\/types\/page"}],"author":[{"embeddable":true,"href":"https:\/\/y2mate.me\/pl\/wp-json\/wp\/v2\/users\/1"}],"replies":[{"embeddable":true,"href":"https:\/\/y2mate.me\/pl\/wp-json\/wp\/v2\/comments?post=296"}],"version-history":[{"count":0,"href":"https:\/\/y2mate.me\/pl\/wp-json\/wp\/v2\/pages\/296\/revisions"}],"wp:featuredmedia":[{"embeddable":true,"href":"https:\/\/y2mate.me\/pl\/wp-json\/wp\/v2\/media\/606"}],"wp:attachment":[{"href":"https:\/\/y2mate.me\/pl\/wp-json\/wp\/v2\/media?parent=296"}],"curies":[{"name":"wp","href":"https:\/\/api.w.org\/{rel}","templated":true}]}}