{"id":254,"date":"2021-12-20T15:50:02","date_gmt":"2021-12-20T15:50:02","guid":{"rendered":"https:\/\/y2mate.me\/youtube-shorts-downloader"},"modified":"2022-01-03T10:54:39","modified_gmt":"2022-01-03T10:54:39","slug":"youtube-shorts-downloader","status":"publish","type":"page","link":"https:\/\/y2mate.me\/pl\/youtube-shorts-downloader","title":{"rendered":"Pobieranie kr\u00f3tkich film\u00f3w z YouTube"},"content":{"rendered":"\n<h2 class=\"wp-block-heading\">Informacje o narz\u0119dziu do pobierania kr\u00f3tkich film\u00f3w YouTube<\/h2>\n\n<p>Kr\u00f3tko m\u00f3wi\u0105c, narz\u0119dzie do pobierania shorts film\u00f3w z YouTube to narz\u0119dzie, kt\u00f3re umo\u017cliwia u\u017cytkownikom bezproblemowe pobieranie shorts film\u00f3w z YouTube bezpo\u015brednio na swoje urz\u0105dzenie. To proces bez wysi\u0142ku. Wszystko, co musisz zrobi\u0107, to dok\u0142adnie zrozumie\u0107 kroki pobierania wspomnianych powy\u017cej shorts film\u00f3w z YouTube. Gdy to zrozumiesz, mo\u017cesz w ci\u0105gu minuty pobra\u0107 swoje ulubione spodenki z YouTube na swoje urz\u0105dzenie. <\/p>\n\n<h3 class=\"wp-block-heading\">Kluczowe funkcje narz\u0119dzia do pobierania shorts film\u00f3w na YouTube<\/h3>\n\n<p>Oto kluczowe cechy downloadera shorts, kt\u00f3re musisz zna\u0107:<\/p>\n\n<ul class=\"wp-block-list\"><li><strong>Wolny od wirusa<\/strong><br\/>Je\u015bli jeste\u015b ciekawy, \u017ce korzystanie z tego narz\u0119dzia mo\u017ce wyrz\u0105dzi\u0107 szkody na urz\u0105dzeniu, nie ma si\u0119 czym martwi\u0107, poniewa\u017c downloader spodenek YT jest wolny od wirus\u00f3w. Nie ma powi\u0105zanych zagro\u017ce\u0144 ze z\u0142o\u015bliwym oprogramowaniem, poniewa\u017c to narz\u0119dzie jest w pe\u0142ni bezpieczne.<\/li><\/ul>\n\n<ul class=\"wp-block-list\"><li><strong>Bez kompromis\u00f3w w kwestii jako\u015bci<\/strong><br\/>Kr\u00f3tkie filmy z YouTube zostan\u0105 pobrane w jako\u015bci HD za pomoc\u0105 tego narz\u0119dzia. Nie ma nawet najmniejszej r\u00f3\u017cnicy w jako\u015bci pobranych shorts film\u00f3w z YouTube w por\u00f3wnaniu z orygina\u0142em. <\/li><\/ul>\n\n<ul class=\"wp-block-list\"><li><strong>Darmowe narz\u0119dzie<\/strong><br\/>Jest to bezp\u0142atne narz\u0119dzie, co oznacza, \u017ce nie b\u0119dziesz musia\u0142 p\u0142aci\u0107 ani grosza, aby korzysta\u0107 z tego narz\u0119dzia i cieszy\u0107 si\u0119 kr\u00f3tkimi filmami na YouTube w trybie offline. <\/li><\/ul>\n\n<ul class=\"wp-block-list\"><li><strong>\u0141atwy w obs\u0142udze<\/strong><br\/>Nie ma \u017cadnych technicznych aspekt\u00f3w korzystania z tego narz\u0119dzia, co czyni go przyjaznym dla u\u017cytkownika. Wystarczy wykona\u0107 kilka prostych krok\u00f3w, aby pobra\u0107 szorty z YouTube i gotowe. <\/li><\/ul>\n","protected":false},"excerpt":{"rendered":"<p>Informacje o narz\u0119dziu do pobierania kr\u00f3tkich film\u00f3w YouTube Kr\u00f3tko m\u00f3wi\u0105c, narz\u0119dzie do pobierania shorts film\u00f3w [&#8230;..]<\/p>\n","protected":false},"author":1,"featured_media":746,"parent":0,"menu_order":0,"comment_status":"closed","ping_status":"closed","template":"","meta":{"footnotes":""},"class_list":["post-254","page","type-page","status-publish","has-post-thumbnail","hentry"],"acf":[],"aioseo_notices":[],"_links":{"self":[{"href":"https:\/\/y2mate.me\/pl\/wp-json\/wp\/v2\/pages\/254","targetHints":{"allow":["GET"]}}],"collection":[{"href":"https:\/\/y2mate.me\/pl\/wp-json\/wp\/v2\/pages"}],"about":[{"href":"https:\/\/y2mate.me\/pl\/wp-json\/wp\/v2\/types\/page"}],"author":[{"embeddable":true,"href":"https:\/\/y2mate.me\/pl\/wp-json\/wp\/v2\/users\/1"}],"replies":[{"embeddable":true,"href":"https:\/\/y2mate.me\/pl\/wp-json\/wp\/v2\/comments?post=254"}],"version-history":[{"count":0,"href":"https:\/\/y2mate.me\/pl\/wp-json\/wp\/v2\/pages\/254\/revisions"}],"wp:featuredmedia":[{"embeddable":true,"href":"https:\/\/y2mate.me\/pl\/wp-json\/wp\/v2\/media\/746"}],"wp:attachment":[{"href":"https:\/\/y2mate.me\/pl\/wp-json\/wp\/v2\/media?parent=254"}],"curies":[{"name":"wp","href":"https:\/\/api.w.org\/{rel}","templated":true}]}}