{"id":897,"date":"2022-04-29T06:46:09","date_gmt":"2022-04-29T06:46:09","guid":{"rendered":"https:\/\/y2mate.me\/y2mate-twitter-video-downloader"},"modified":"2022-04-29T06:46:10","modified_gmt":"2022-04-29T06:46:10","slug":"y2mate-twitter-video-downloader","status":"publish","type":"page","link":"https:\/\/y2mate.me\/it\/y2mate-twitter-video-downloader","title":{"rendered":"Y2mate Twitter Video Downloader"},"content":{"rendered":"\n<p>Cerchi un downloader di tweet superveloce ed efficiente da usare ma non riesci a decidere quale sia il migliore? \u00c8 vero che ci sono cos\u00ec tanti downloader di video Ymate su Internet in questi giorni, ma ora sei arrivato al sito Web giusto! Y2mate Twitter Video Downloader mp4 HD \u00e8 uno strumento online intelligente che ti consente di scaricare video da Twitter gratuitamente da diversi siti di social media e <a href=\"https:\/\/twitter.com\/?lang=en\">Twitter<\/a> \u00e8 uno di questi. Come altri siti di social network, anche Twitter non ti consente di scaricare i suoi video, ma \u00e8 per questo che siamo qui. <em>Ymate<\/em> video downloader \u00e8 un fantastico server che consente ai suoi utenti di scaricare i loro video preferiti di Twitter mate downloader in vari formati (MP4, M4A e 3GP, WEBM, MP3 e JPG) e qualit\u00e0 (HD, SD).<\/p>\n\n<figure class=\"wp-block-image size-large\"><img fetchpriority=\"high\" decoding=\"async\" width=\"1024\" height=\"576\" src=\"https:\/\/y2mate.me\/wp-content\/uploads\/2022\/03\/twitter-1024x576.jpg\" alt=\"\" class=\"wp-image-758\" srcset=\"https:\/\/y2mate.me\/wp-content\/uploads\/2022\/03\/twitter-1024x576.jpg 1024w, https:\/\/y2mate.me\/wp-content\/uploads\/2022\/03\/twitter-300x169.jpg 300w, https:\/\/y2mate.me\/wp-content\/uploads\/2022\/03\/twitter-768x432.jpg 768w, https:\/\/y2mate.me\/wp-content\/uploads\/2022\/03\/twitter.jpg 1280w\" sizes=\"(max-width: 1024px) 100vw, 1024px\" \/><\/figure>\n\n<h2 class=\"wp-block-heading\" id=\"how-to-use-a-twitter-video-downloader-online\">Come utilizzare un downloader video di Twitter online? <\/h2>\n\n<p>Per scaricare i video di Twitter basta seguire questi semplici passaggi:<\/p>\n\n<ul class=\"wp-block-list\"><li>Vai su twitter.com<\/li><li>Copia l&#8217;URL del video di Twitter che desideri scaricare.<\/li><li>Incolla l&#8217;URL che hai copiato nella casella del campo del downloader Twitter di Y2mate. <\/li><li>Fare clic sul pulsante o sull&#8217;icona &#8220;download&#8221; per salvare il download del video da Twitter in mp3. <\/li><\/ul>\n\n<div class=\"schema-how-to wp-block-yoast-how-to-block\"><p class=\"schema-how-to-total-time\"><span class=\"schema-how-to-duration-time-text\">Tempo necessario:<\/span> 1 minuto. <\/p><p class=\"schema-how-to-description\"><strong>Come scaricare i video di Twitter passo dopo passo usando Y2 mate- Twitter Video Downloader? <\/strong><br><em>Y2mate- Twitter Video Downloader<\/em> \u00e8 il migliore per coloro che vogliono scaricare video di Twitter senza alcuna interruzione. Questo strumento supporta tutti i tipi di dispositivi. Tutto quello che devi fare \u00e8 seguire le poche istruzioni elencate di seguito e il tuo lavoro sar\u00e0 completato in pochi secondi. <br><\/p> <ol class=\"schema-how-to-steps\"><li class=\"schema-how-to-step\" id=\"how-to-step-1638943837347\"><strong class=\"schema-how-to-step-name\"><strong>Trova i video desiderati<\/strong> :<\/strong> <p class=\"schema-how-to-step-text\">Accedi a Twitter.com.<\/p> <\/li><li class=\"schema-how-to-step\" id=\"how-to-step-1638943948583\"><strong class=\"schema-how-to-step-name\">Copia l&#8217;URL:<\/strong> <p class=\"schema-how-to-step-text\">Quindi, vai a quella determinata pagina su Twittermate che contiene il video che desideri scaricare e copia il suo URL. <\/p> <\/li><li class=\"schema-how-to-step\" id=\"how-to-step-1638943986226\"><strong class=\"schema-how-to-step-name\">Incolla l&#8217;URL:<\/strong> <p class=\"schema-how-to-step-text\">Ora, incolla l&#8217;URL nella casella di testo di input di <a href=\"https:\/\/y2mate.me\/it\/y2mate-twitter-video-downloader\">y2mate.me\/twitter-video-downloader<\/a> (sopra) e fai clic sull&#8217;icona &#8220;Download&#8221;.<\/p> <\/li><li class=\"schema-how-to-step\" id=\"how-to-step-1638944008523\"><strong class=\"schema-how-to-step-name\">Seleziona il Formato:<\/strong> <p class=\"schema-how-to-step-text\">Il nostro downloader video Y2mate-Twitter estrarr\u00e0 quindi collegamenti video MP4 di alta qualit\u00e0 del video e ti dar\u00e0 la possibilit\u00e0 di scegliere la qualit\u00e0 in cui desideri salvare il tuo video. (HD o SD). <\/p> <\/li><li class=\"schema-how-to-step\" id=\"how-to-step-1638944046331\"><strong class=\"schema-how-to-step-name\">Scaricare video:<\/strong> <p class=\"schema-how-to-step-text\">Visualizza il video di Twitter scaricato e salvato sul tuo dispositivo. <\/p> <\/li><\/ol><\/div>\n\n<h2 class=\"wp-block-heading\" id=\"what-is-twitter\">Cos&#8217;\u00e8 Twitter? <\/h2>\n\n<p><em>Twitter<\/em> \u00e8 un popolare servizio di microblogging e social networking americano su cui le persone interagiscono e condividono messaggi noti come &#8220;tweet&#8221;. \u00c8 una delle piattaforme pi\u00f9 grandi in cui gli utenti registrati possono mettere mi piace, commentare, condividere e ritwittare i tweet. Lanciato nel 2006, Twitter ha ora pi\u00f9 di 320 milioni di utenti attivi mensili. C&#8217;\u00e8 stato un tempo in cui Twitter era pieno di semplici contenuti basati su testo, ma ora ha aggiunto anche altre opzioni, inclusi i video. <\/p>\n\n<p>Se desideri notizie e video veloci da tutto il mondo, il downloader di Tweet \u00e8 sicuramente il posto dove fare affidamento. Ma sfortunatamente, i loro video sono incorporati in modo tale che non puoi usarli in seguito. Molti utenti vogliono scaricare video di Twitter mp4 e salvarli sui propri dispositivi, ma non possono. Ecco perch\u00e9 abbiamo introdotto <em>Y2mate Twitter Video Downloader<\/em> y2 che ti fornir\u00e0 la migliore esperienza arricchita con nuove tecnologie e funzionalit\u00e0 avanzate. <\/p>\n\n<p>Il download di <em>video Ymate<\/em> mira a fornire un&#8217;esperienza di download senza errori che soddisfi sempre i suoi utenti. Consente ai suoi utenti di scaricare i video di Twitter di loro scelta in modo che possano farlo<em> <\/em>guardali pi\u00f9 tardi anche quando sono offline. Tutto quello che devi fare \u00e8 copiare l'&#8221;URL&#8221; del video che desideri scaricare sul video di Twitter online e incollarlo nella casella di ricerca fornita e fare clic sull&#8217;icona di download a lato. Il nostro downloader non richiede nemmeno il download o l&#8217;installazione di alcun tipo di software o plug-in per l&#8217;utilizzo di questo sito Web. \u00c8 progettato per consumare dati Internet minimi, ma ti fornir\u00e0 la migliore qualit\u00e0. <\/p>\n\n<p>Anche se non sei una persona molto techno, questo strumento \u00e8 senza dubbio la destinazione giusta per te. Allora, qual \u00e8 la presa? Goditi l&#8217;uso del nostro incredibile downloader di <a href=\"https:\/\/y2mate.me\/it\">video Y2mate<\/a> e salva il tuo video di Twitter sui tuoi dispositivi in un paio di secondi. <\/p>\n\n<h2 class=\"wp-block-heading\" id=\"download-videos-by-using-twitter-video-download-online\">Scarica video utilizzando Video Download Twitter:<\/h2>\n\n<p>Il downloader di video di Twitter online HD ti offre la migliore esperienza arricchita con la tecnologia pi\u00f9 recente e tutte le funzionalit\u00e0 avanzate. Il nostro strumento online mira a fornire ai propri utenti un&#8217;esperienza di download senza errori che li soddisfi. Consente loro di scaricare GRATUITAMENTE il download online di Twitter y2mate a loro scelta, cos\u00ec possono farlo<strong> <\/strong>guardali pi\u00f9 tardi anche quando non hanno una connessione Internet sui loro dispositivi.<\/p>\n\n<p>Per scaricare i video di Twitter con questo strumento online, copia semplicemente l'&#8221;URL&#8221; del video che desideri scaricare e incollalo nella casella di testo sopra indicata. Ora tocca l&#8217;icona di download sul lato. Il nostro downloader y2 basato sul web \u00e8 completamente gratuito e non chiede nemmeno ai suoi utenti di installare alcun tipo di software o plug-in in anticipo. Abbiamo progettato il suo server per consumare il minimo dei dati Internet dei nostri utenti, ma ti fornir\u00e0 la migliore qualit\u00e0.<\/p>\n\n<p>L&#8217;uso del downloader di video online di y2mate a volte pu\u00f2 essere piuttosto difficile se non si utilizza il sito Web giusto. A causa dei molteplici passaggi e annunci, altri strumenti complicano il processo di download. Al contrario, il nostro strumento rende molto pi\u00f9 facile per i nostri utenti scaricare video da Twitter. Anche se non sei un fanatico del computer o sei molto nuovo in questo, questo strumento si riveler\u00e0 la destinazione giusta per te.<\/p>\n\n<p>Quindi cosa stai aspettando ora? Goditi l&#8217;uso del nostro miglior downloader di video y2 e salva i video di Twitter direttamente sui tuoi dispositivi in pochi secondi!<\/p>\n\n<h2 class=\"wp-block-heading\" id=\"frequently-asked-questions-faqs\">Domande frequenti &#8211; FAQ:<\/h2>\n\n<div class=\"schema-faq wp-block-yoast-faq-block\"><div class=\"schema-faq-section\" id=\"faq-question-1638944247061\"><strong class=\"schema-faq-question\">1. Questo Twitter Downloader HD \u00e8 gratuito? <\/strong> <p class=\"schema-faq-answer\">S\u00ec, Y2mate-Twitter Video Downloader \u00e8 un servizio gratuito che ti consente di scaricare i tuoi video Twitter desiderati senza alcun inconveniente in pochi secondi. Poich\u00e9 il software del nostro sito Web \u00e8 indipendente dalla piattaforma, puoi utilizzarlo con il tuo PC Android, Mac, Linux e persino IOS (iPhone). <\/p> <\/div> <div class=\"schema-faq-section\" id=\"faq-question-1638944286240\"><strong class=\"schema-faq-question\">2. Il downloader di video online y2mate conserva una copia dei miei video scaricati? <\/strong> <p class=\"schema-faq-answer\">No, il downloader Y2mate-Ymate per tweeter non memorizza i video che hai scaricato n\u00e9 il nostro sito Web conserva alcuna copia del video. Poich\u00e9 non teniamo traccia della cronologia dei download dell&#8217;utente, l&#8217;utilizzo di Y2mate \u00e8 totalmente sicuro e anonimo.<\/p> <\/div> <div class=\"schema-faq-section\" id=\"faq-question-1638944305864\"><strong class=\"schema-faq-question\">3. Dove verranno salvati i miei video dopo averli scaricati utilizzando Twitter Clip Downloader? <\/strong> <p class=\"schema-faq-answer\">I tuoi video desiderati di solito vengono salvati in qualsiasi cartella che hai impostato come &#8220;predefinita&#8221;. Nel caso dei tuoi telefoni cellulari, il video verr\u00e0 salvato nella &#8220;cartella download&#8221; o nella galleria del tuo telefono. Ma quando utilizzerai il tuo PC per scaricare i video di Twitter utilizzando il nostro downloader di video di Twitter, questi verranno salvati nella cartella &#8220;Download&#8221; del tuo computer. <\/p> <\/div> <div class=\"schema-faq-section\" id=\"faq-question-1638944328590\"><strong class=\"schema-faq-question\">4. Il downloader video Y2mate di Twitter supporta anche altri siti? <\/strong> <p class=\"schema-faq-answer\">S\u00ec, in effetti Y2mate attualmente supporta oltre 30 siti tra cui Likee, Instagram, Facebook, TikTok, Bandcamp, Break, Flickr, ESPN e molti altri con la migliore efficienza che troverai su Internet. Tutti loro sono facili da usare con le ultime e caratteristiche uniche.<\/p> <\/div> <div class=\"schema-faq-section\" id=\"faq-question-1638944367552\"><strong class=\"schema-faq-question\">5. <strong>Perch\u00e9 dovrei usare questo Twee<\/strong> <strong>t Video Downloader<\/strong> r mp4 <strong>?<\/strong><br><\/strong> <p class=\"schema-faq-answer\">Ecco un elenco di cose che fanno risaltare questo downloader di Twitter online dal resto:<br>1. Libero da usare.<br>2. Interfaccia intuitiva.<br>3. Scarica video in qualit\u00e0 HD.<br>4. Nessun annuncio di collegamento diretto incluso.<br>5. Facile e veloce.<br>6. Pu\u00f2 anche scaricare video da account Twitter privati.<\/p> <\/div> <\/div>\n","protected":false},"excerpt":{"rendered":"<p>Cerchi un downloader di tweet superveloce ed efficiente da usare ma non riesci a decidere [&#8230;..]<\/p>\n","protected":false},"author":1,"featured_media":758,"parent":0,"menu_order":0,"comment_status":"closed","ping_status":"closed","template":"","meta":{"footnotes":""},"class_list":["post-897","page","type-page","status-publish","has-post-thumbnail","hentry"],"acf":[],"aioseo_notices":[],"_links":{"self":[{"href":"https:\/\/y2mate.me\/it\/wp-json\/wp\/v2\/pages\/897","targetHints":{"allow":["GET"]}}],"collection":[{"href":"https:\/\/y2mate.me\/it\/wp-json\/wp\/v2\/pages"}],"about":[{"href":"https:\/\/y2mate.me\/it\/wp-json\/wp\/v2\/types\/page"}],"author":[{"embeddable":true,"href":"https:\/\/y2mate.me\/it\/wp-json\/wp\/v2\/users\/1"}],"replies":[{"embeddable":true,"href":"https:\/\/y2mate.me\/it\/wp-json\/wp\/v2\/comments?post=897"}],"version-history":[{"count":1,"href":"https:\/\/y2mate.me\/it\/wp-json\/wp\/v2\/pages\/897\/revisions"}],"predecessor-version":[{"id":898,"href":"https:\/\/y2mate.me\/it\/wp-json\/wp\/v2\/pages\/897\/revisions\/898"}],"wp:featuredmedia":[{"embeddable":true,"href":"https:\/\/y2mate.me\/it\/wp-json\/wp\/v2\/media\/758"}],"wp:attachment":[{"href":"https:\/\/y2mate.me\/it\/wp-json\/wp\/v2\/media?parent=897"}],"curies":[{"name":"wp","href":"https:\/\/api.w.org\/{rel}","templated":true}]}}