{"id":378,"date":"2021-12-21T12:04:18","date_gmt":"2021-12-21T12:04:18","guid":{"rendered":"https:\/\/y2mate.me\/scaricare-video-da-pinterest"},"modified":"2022-01-05T22:36:16","modified_gmt":"2022-01-05T22:36:16","slug":"scaricare-video-da-pinterest","status":"publish","type":"page","link":"https:\/\/y2mate.me\/it\/scaricare-video-da-pinterest","title":{"rendered":"Downloader video Pinterest"},"content":{"rendered":"\n<h2 class=\"wp-block-heading\">Downloader di video Pinterest online gratuito: <\/h2>\n\n<p>Hai problemi a cercare un Scaricare Video Da Pinterest efficiente? Bene, ora sei finalmente arrivato nel sito giusto. Pinterest \u00e8 uno dei nomi pi\u00f9 importanti nelle piattaforme di streaming di social media in questi giorni. Y2mate &#8211; Downloader \u00e8 uno strumento Pinterest per il download di video online gratuito che ti consente di scaricare facilmente video da Pinterest. La parte migliore di questo fantastico downloader \u00e8 che non ti addebiter\u00e0 un solo centesimo. \u00c8 un semplice servizio Web che consente ai suoi utenti di scaricare i formati e le qualit\u00e0 (HD, SD) preferiti (MP4, M4A, 3GP, WEBM e JPG). Per utilizzare questo strumento, non \u00e8 nemmeno necessario scaricare o installare alcun tipo di software o plug-in.<\/p>\n\n<h2 class=\"wp-block-heading\">Come posso scaricare video utilizzando Y2mate &#8211; Scaricare Video Da Pinterest?<\/h2>\n\n<p>Come i nostri utenti sanno, Y2mate \u00e8 un incredibile scaricare video da pinterest che esegue le funzionalit\u00e0 pi\u00f9 avanzate che troverai su Internet. Offre ai nostri utenti un&#8217;esperienza di utilizzo di uno strumento di livello successivo. Con la sua super velocit\u00e0, chiunque sar\u00e0 soddisfatto del suo servizio. Se segui questi pochi semplici passaggi, puoi scaricare facilmente i tuoi video Pinterest preferiti senza alcuna difficolt\u00e0 tramite questo Downloader.<\/p>\n\n<ol class=\"wp-block-list\"><li><strong>Apri il sito:<\/strong><\/li><\/ol>\n\n<p>Quindi, devi andare su quella pagina specifica su Pinterest che contiene il video che desideri scaricare.<\/p>\n\n<ol class=\"wp-block-list\" start=\"2\"><li><strong>Copia l&#8217;URL:<\/strong><\/li><\/ol>\n\n<p>Copia il collegamento a quel particolare download del collegamento video di Pinterest. <\/p>\n\n<ol class=\"wp-block-list\" start=\"3\"><li><strong>Apri il downloader:<\/strong><\/li><\/ol>\n\n<p>Apri questo link in <a href=\"https:\/\/y2mate.me\/it\/scaricare-video-da-pinterest\">y2mate.me\/Pinterest-video-downloader<\/a><\/p>\n\n<ol class=\"wp-block-list\" start=\"4\"><li><strong>Incolla l&#8217;URL:<\/strong><\/li><\/ol>\n\n<p>Incolla l&#8217;URL (il link che hai copiato da Pinterest) nella casella di ricerca in alto.<\/p>\n\n<ol class=\"wp-block-list\" start=\"5\"><li><strong>Seleziona il formato e scarica il video:<\/strong><\/li><\/ol>\n\n<p>Tutto quello che devi fare \u00e8 fare clic sull&#8217;icona di download sul lato destro. Quindi, il downloader di Pinterest estrarr\u00e0 collegamenti video MP4 di alta qualit\u00e0 del video scelto e ti dar\u00e0 la possibilit\u00e0 di scegliere la qualit\u00e0 in cui desideri salvare il tuo video. (SD o HD).<\/p>\n\n<h2 class=\"wp-block-heading\">Caratteristiche di scarica video pinterest:<\/h2>\n\n<p>Questo straordinario strumento per scaricare i tuoi video preferiti da Pinterest \u00e8 unico grazie alle sue seguenti caratteristiche uniche:<\/p>\n\n<h4 class=\"wp-block-heading\">Downloader ad alta velocit\u00e0:<\/h4>\n\n<p>Questo \u00e8 utile per scaricare video da Pinterest a una velocit\u00e0 molto elevata senza alcuna attesa e perdita di tempo.<\/p>\n\n<h4 class=\"wp-block-heading\">Alta qualit\u00e0 e risoluzione:<\/h4>\n\n<p>Puoi scaricare video ad alta risoluzione con questo downloader come video HD e SD senza alcun problema. Le prestazioni del video scaricato sono di qualit\u00e0 sorprendentemente eccellente.<\/p>\n\n<h4 class=\"wp-block-heading\">Portabilit\u00e0:<\/h4>\n\n<p>Questo \u00e8 altamente concordato sulla portabilit\u00e0 dei video scaricati. Le caratteristiche del video rimangono invariate scaricando il video tramite questo downloader online gratuito.<\/p>\n\n<h4 class=\"wp-block-heading\">Senza costi:<\/h4>\n\n<p>Questo \u00e8 un downloader perfettamente gratuito. Puoi scaricare liberamente qualsiasi video da Pinterest senza spendere alcun importo. \u00c8 gratuito e facile da usare per l&#8217;utente.<\/p>\n\n<h4 class=\"wp-block-heading\">Formato:<\/h4>\n\n<p>Questo strumento Pinterest per il download gratuito di video online ti consente di selezionare il formato mp4 del contenuto video selezionato da scaricare in quel formato. Quindi, in base alle tue esigenze e ai tuoi interessi, puoi scaricare il video desiderato in formato mp4 in pochi secondi. <\/p>\n\n<h2 class=\"wp-block-heading\">Domande frequenti:<\/h2>\n\n<div class=\"schema-faq wp-block-yoast-faq-block\"><div class=\"schema-faq-section\" id=\"faq-question-1639379056954\"><strong class=\"schema-faq-question\">S\u00ec! Puoi condividere i video scaricati su una qualsiasi delle altre piattaforme di social network in base alle necessit\u00e0. <strong>Y2mate &#8211; Scarica video pinterest \u00e8 sicuro da usare?<\/strong><\/strong> <p class=\"schema-faq-answer\">S\u00ec, puoi fare affidamento sul nostro Video Downloader per scaricare e salvare in modo sicuro e gratuito i video di Pinterest sul tuo dispositivo senza problemi. Seguendo la nostra guida, sarai sicuramente soddisfatto dell&#8217;utilizzo di questo downloader. <\/p> <\/div> <div class=\"schema-faq-section\" id=\"faq-question-1639379070227\"><strong class=\"schema-faq-question\"><strong>Dove verranno salvati i miei video sul mio dispositivo dopo averli scaricati utilizzando scaricare video pinterest?<\/strong><\/strong> <p class=\"schema-faq-answer\">Quando usi Y2mate &#8211; Pinterest Downloader per scaricare i tuoi video Pinterest desiderati, di solito vengono salvati in qualsiasi cartella che hai impostato come &#8220;predefinita&#8221;. Sul tuo telefono cellulare, il video verr\u00e0 salvato nella &#8220;cartella dei download&#8221; o nella galleria del tuo telefono. Ma quando usi il tuo PC per scaricare i video, verranno salvati nella cartella &#8220;Download&#8221; del tuo computer. <\/p> <\/div> <div class=\"schema-faq-section\" id=\"faq-question-1639379082957\"><strong class=\"schema-faq-question\"><strong>Posso scaricare i video di Pinterest in pi\u00f9 di un formato?<\/strong><\/strong> <p class=\"schema-faq-answer\">S\u00ec, puoi scaricare i video in pi\u00f9 di un formato. Puoi scaricarlo in diversi formati tra cui MP4, M4A, 3GP, WEBM e JPG. Ti verranno fornite diverse opzioni disponibili su ciascun video in termini di formato. Basta fare clic su quello che ti serve e divertiti. Risparmia denaro e tempo con grande efficienza!<\/p> <\/div> <div class=\"schema-faq-section\" id=\"faq-question-1639379094863\"><strong class=\"schema-faq-question\"><strong>Questo strumento \u00e8 perfettamente gratuito?<\/strong><\/strong> <p class=\"schema-faq-answer\">Questo downloader di video online \u00e8 completamente gratuito. Non \u00e8 necessario spendere alcun importo per scaricare i tuoi video preferiti.<\/p> <\/div> <div class=\"schema-faq-section\" id=\"faq-question-1639379116112\"><strong class=\"schema-faq-question\"><strong>Posso condividere i video scaricati su una qualsiasi delle altre piattaforme di social network?<\/strong><\/strong> <p class=\"schema-faq-answer\">S\u00ec! Puoi condividere i video scaricati su una qualsiasi delle altre piattaforme di social network in base alle necessit\u00e0.<\/p> <\/div> <\/div>\n","protected":false},"excerpt":{"rendered":"<p>Downloader di video Pinterest online gratuito: Hai problemi a cercare un Scaricare Video Da Pinterest [&#8230;..]<\/p>\n","protected":false},"author":1,"featured_media":218,"parent":0,"menu_order":0,"comment_status":"closed","ping_status":"closed","template":"pinterest-page.php","meta":{"footnotes":""},"class_list":["post-378","page","type-page","status-publish","has-post-thumbnail","hentry"],"acf":[],"aioseo_notices":[],"_links":{"self":[{"href":"https:\/\/y2mate.me\/it\/wp-json\/wp\/v2\/pages\/378","targetHints":{"allow":["GET"]}}],"collection":[{"href":"https:\/\/y2mate.me\/it\/wp-json\/wp\/v2\/pages"}],"about":[{"href":"https:\/\/y2mate.me\/it\/wp-json\/wp\/v2\/types\/page"}],"author":[{"embeddable":true,"href":"https:\/\/y2mate.me\/it\/wp-json\/wp\/v2\/users\/1"}],"replies":[{"embeddable":true,"href":"https:\/\/y2mate.me\/it\/wp-json\/wp\/v2\/comments?post=378"}],"version-history":[{"count":0,"href":"https:\/\/y2mate.me\/it\/wp-json\/wp\/v2\/pages\/378\/revisions"}],"wp:featuredmedia":[{"embeddable":true,"href":"https:\/\/y2mate.me\/it\/wp-json\/wp\/v2\/media\/218"}],"wp:attachment":[{"href":"https:\/\/y2mate.me\/it\/wp-json\/wp\/v2\/media?parent=378"}],"curies":[{"name":"wp","href":"https:\/\/api.w.org\/{rel}","templated":true}]}}