{"id":346,"date":"2021-12-21T10:29:36","date_gmt":"2021-12-21T10:29:36","guid":{"rendered":"https:\/\/y2mate.me\/scaricare-video-da-facebook"},"modified":"2022-01-06T10:41:39","modified_gmt":"2022-01-06T10:41:39","slug":"scaricare-video-da-facebook","status":"publish","type":"page","link":"https:\/\/y2mate.me\/it\/scaricare-video-da-facebook","title":{"rendered":"Downloader video di Facebook"},"content":{"rendered":"\n<h2 class=\"wp-block-heading\">Scaricare video facebook Y2Mate online gratuito<\/h2>\n\n<p><strong>Y2mate &#8211; Il downloader di video di Facebook<\/strong> \u00e8 uno dei migliori strumenti di download di video online gratuiti per Facebook che ti aiutano a scaricare i video di Facebook di tuo gradimento nei formati da FB a MP4 (video). Consente ai suoi utenti di convertire gratuitamente i video di Facebook in qualit\u00e0 HD sui propri dispositivi. Questo servizio funziona per Android, Mac, iPhone, Windows e Linux, ecc.<\/p>\n\n<p>Questo avanzato Video Downloader va a quella pagina Facebook ed estrae direttamente i collegamenti MP4 del video desiderato. Senza dover installare plugin o software, Y2mate \u00e8 completamente economico e senza problemi. Quindi, goditi l&#8217;uso del nostro sito web!<\/p>\n\n<h2 class=\"wp-block-heading\">Come utilizzare un downloader di video di Facebook?<\/h2>\n\n<ul class=\"wp-block-list\"><li>Copia l&#8217;URL del video di Facebook che desideri scaricare.<\/li><li>Incolla il link per il download del video nella casella del campo indicato.<\/li><li>Fare clic sul pulsante o sull&#8217;icona &#8220;Download&#8221; per salvare il video FB.<\/li><\/ul>\n\n<h3 class=\"wp-block-heading\">Come posso scaricare i video di Facebook utilizzando Y2 mate scaricare video facebook? <\/h3>\n\n<p>Ecco i semplici passaggi per scaricare i tuoi video preferiti di Facebook utilizzando il nostro sito Web: <\/p>\n\n<ol class=\"wp-block-list\"><li><strong>Apri il sito:<\/strong><br\/>Apri il sito <a href=\"https:\/\/y2mate.me\/it\/scaricare-video-da-facebook\">https:\/\/y2mate.me\/facebook-video-downloader<\/a> . Quindi apri l&#8217;app di Facebook e trova il video che desideri scaricare.<\/li><li><strong>Copia l&#8217;URL:<\/strong><\/li><\/ol>\n\n<p>Quindi vai alla pagina specifica su Facebook che contiene il video che vorresti scaricare e copia il link di quel video FB.<\/p>\n\n<ol class=\"wp-block-list\" start=\"3\"><li><strong>Incolla l&#8217;URL:<\/strong><\/li><\/ol>\n\n<p>Ora incolla l&#8217;URL (il link che hai copiato) nella casella di testo di input di Y2 mate FB downloader (sopra) e fai clic sull&#8217;icona &#8220;Download&#8221;.<\/p>\n\n<ol class=\"wp-block-list\" start=\"4\"><li><strong>Seleziona Formato e Scarica video tiktok:<\/strong><\/li><\/ol>\n\n<p>Il nostro downloader di video FB Y2mate estrarr\u00e0 quindi collegamenti video MP4 di alta qualit\u00e0 e ti dar\u00e0 la possibilit\u00e0 di scegliere la qualit\u00e0 che desideri (HD o SD). <\/p>\n\n<h2 class=\"wp-block-heading\">Caratteristiche principali:<\/h2>\n\n<p>Il nostro sito Web \u00e8 gratuito e non \u00e8 richiesto alcun software o registrazione. Divertiti e usa il nostro sito web.<\/p>\n\n<h4 class=\"wp-block-heading\">Qualit\u00e0 eccellente<\/h4>\n\n<p>Puoi scaricare i video di Facebook in FULL HD e 4K con l&#8217;audio dal nostro downloader gratuito di Facebook. La stragrande maggioranza degli strumenti attualmente disponibili supporta solo video HD.<\/p>\n\n<h4 class=\"wp-block-heading\">Facile<\/h4>\n\n<p>Per qualsiasi dispositivo (telefono, PC o tablet) e sistema operativo, esiste un downloader video di Facebook (Android, IOS). Non \u00e8 necessario installare alcun software.<\/p>\n\n<h4 class=\"wp-block-heading\">Libero<\/h4>\n\n<p>Rimarr\u00e0 senza restrizioni in ogni momento. Per aiutare a finanziare la nostra espansione, pubblichiamo solo alcuni annunci.<\/p>\n\n<h2 class=\"wp-block-heading\">Domande frequenti:<\/h2>\n\n<div class=\"schema-faq wp-block-yoast-faq-block\"><div class=\"schema-faq-section\" id=\"faq-question-1639333213941\"><strong class=\"schema-faq-question\"><strong>Dove vengono salvati i miei video di Facebook dopo essere stati scaricati da &#8220;Y2mate FB video downloader&#8221;?<\/strong><\/strong> <p class=\"schema-faq-answer\">Quando utilizzi il nostro sito Web per scaricare i tuoi video di Facebook, i video scaricati vengono salvati nella cartella dei download e persino nella galleria del tuo cellulare. Tuttavia, di solito vengono salvati in qualsiasi cartella che hai impostato come &#8220;predefinita&#8221;. Se hai utilizzato il tuo PC per scaricare video di Facebook sul tuo computer, il video verr\u00e0 salvato nella cartella &#8220;Download&#8221; del tuo computer.<\/p> <\/div> <div class=\"schema-faq-section\" id=\"faq-question-1639333245949\"><strong class=\"schema-faq-question\"><strong>Come scaricare i video in diretta di Facebook?<\/strong><\/strong> <p class=\"schema-faq-answer\">Puoi anche scaricare facilmente i video in diretta di Facebook utilizzando il nostro downloader FB. Tutto quello che devi fare \u00e8 aspettare che lo streaming finisca, dopodich\u00e9 puoi scaricare il video live come gli altri video di Facebook copiando il link del video di download e quindi inserendo l&#8217;URL del video live FB nella casella di testo e premendo su l&#8217;icona &#8220;Scarica&#8221;. <\/p> <\/div> <div class=\"schema-faq-section\" id=\"faq-question-1639333263634\"><strong class=\"schema-faq-question\"><strong>Y2mate Facebook Downloader archivia i video scaricati o ne conserva una copia?<\/strong><\/strong> <p class=\"schema-faq-answer\">No, Y2mate scaricare video facebook non memorizza i video e nemmeno il nostro sito Web conserva le copie dei video di Facebook che hai scaricato. Poich\u00e9 non teniamo traccia delle cronologie dei video scaricati da FB dell&#8217;utente, l&#8217;utilizzo di Y2mate \u00e8 sicuro e anonimo.<\/p> <\/div> <\/div>\n","protected":false},"excerpt":{"rendered":"<p>Scaricare video facebook Y2Mate online gratuito Y2mate &#8211; Il downloader di video di Facebook \u00e8 [&#8230;..]<\/p>\n","protected":false},"author":1,"featured_media":206,"parent":0,"menu_order":0,"comment_status":"closed","ping_status":"closed","template":"facebook-page.php","meta":{"footnotes":""},"class_list":["post-346","page","type-page","status-publish","has-post-thumbnail","hentry"],"acf":[],"aioseo_notices":[],"_links":{"self":[{"href":"https:\/\/y2mate.me\/it\/wp-json\/wp\/v2\/pages\/346","targetHints":{"allow":["GET"]}}],"collection":[{"href":"https:\/\/y2mate.me\/it\/wp-json\/wp\/v2\/pages"}],"about":[{"href":"https:\/\/y2mate.me\/it\/wp-json\/wp\/v2\/types\/page"}],"author":[{"embeddable":true,"href":"https:\/\/y2mate.me\/it\/wp-json\/wp\/v2\/users\/1"}],"replies":[{"embeddable":true,"href":"https:\/\/y2mate.me\/it\/wp-json\/wp\/v2\/comments?post=346"}],"version-history":[{"count":0,"href":"https:\/\/y2mate.me\/it\/wp-json\/wp\/v2\/pages\/346\/revisions"}],"wp:featuredmedia":[{"embeddable":true,"href":"https:\/\/y2mate.me\/it\/wp-json\/wp\/v2\/media\/206"}],"wp:attachment":[{"href":"https:\/\/y2mate.me\/it\/wp-json\/wp\/v2\/media?parent=346"}],"curies":[{"name":"wp","href":"https:\/\/api.w.org\/{rel}","templated":true}]}}