{"id":320,"date":"2021-12-21T05:51:45","date_gmt":"2021-12-21T05:51:45","guid":{"rendered":"https:\/\/y2mate.me\/scaricare-video-da-tiktok"},"modified":"2022-04-29T06:42:46","modified_gmt":"2022-04-29T06:42:46","slug":"scaricare-video-da-tiktok","status":"publish","type":"page","link":"https:\/\/y2mate.me\/it\/scaricare-video-da-tiktok","title":{"rendered":"TikTok Video Downloader"},"content":{"rendered":"\n<p>TikTok \u00e8 l&#8217;oro per coloro che amano realizzare video divertenti di sincronizzazione labiale e condividerli con i propri amici e familiari. Decidere quale <em>TikTok Video Downloader<\/em> utilizzare pu\u00f2 essere difficile in quanto ce ne sono cos\u00ec tanti che fluttuano su Internet al giorno d&#8217;oggi. Se sei nello stesso dilemma, non preoccuparti perch\u00e9 ora sei nel sito giusto! <em>Y2mate TikTok Video Downloader<\/em> \u00e8 il miglior strumento online gratuito che ti consente di scaricare i tuoi video TikTok preferiti nel formato che preferisci. La cosa pi\u00f9 incredibile \u00e8 che non richiede l&#8217;installazione di alcun software o plugin. Se qualcuno forse non \u00e8 una persona molto techno, allora questo downloader di video TikTok di y2mate \u00e8 quello che fa per loro in quanto consente loro di scaricare i loro video TikTok preferiti senza alcun tipo di problema.<\/p>\n\n<h2 class=\"wp-block-heading\" id=\"looking-for-the-best-tiktok-video-downloader\">Cerchi il miglior downloader di video TikTok?<\/h2>\n\n<p><strong>Tiktok<\/strong> \u00e8 un&#8217;app per la condivisione di video di cortometraggi che consente all&#8217;utente di creare brevi video per circa 15 secondi e condividerli con i propri amici e fan. Tuttavia, proprio come ogni altra piattaforma popolare, anche Tiktok non consente ai suoi utenti di scaricare direttamente i contenuti disponibili su di essa. Non fornisce l&#8217;accesso per scaricare i suoi video e salvarli sui nostri dispositivi. Ma ecco a cosa servono strumenti di terze parti come l&#8217;app TikTok Downloaders!<\/p>\n\n<p>Ci consente di scaricare video TikTok di qualsiasi tipo in modo che possiamo semplicemente<strong> <\/strong>guardali pi\u00f9 tardi anche quando siamo offline. Ci richiede solo di copiare l'&#8221;URL&#8221; del video che desideriamo scaricare e incollarlo nel sito web dello strumento per un&#8217;ulteriore elaborazione. Ci\u00f2 che amiamo di pi\u00f9 del download di video TikTok \u00e8 che non \u00e8 nemmeno necessario scaricare o installare alcun tipo di software o plug-in per utilizzare questo servizio online. Fornisce il miglior servizio estraendo direttamente i collegamenti video (Mp4) del video selezionato. Questo sito pu\u00f2 aiutare e far\u00e0 il lavoro garantito!<\/p>\n\n<h2 class=\"wp-block-heading\" id=\"how-to-use-a-tiktok-video-downloader\">Come utilizzare un downloader di video TikTok? <\/h2>\n\n<ul class=\"wp-block-list\"><li>Copia l&#8217;URL del video TikTok che desideri scaricare.<\/li><li>Incolla l&#8217;URL che hai copiato nel campo indicato a lato. <\/li><li>Fare clic sul pulsante o sull&#8217;icona &#8220;download&#8221; per salvare video TikTok. <\/li><\/ul>\n\n<div class=\"schema-how-to wp-block-yoast-how-to-block\"><p class=\"schema-how-to-total-time\"><span class=\"schema-how-to-duration-time-text\">Tempo necessario:<\/span> 1 minuto. <\/p><p class=\"schema-how-to-description\"><strong>Come posso scaricare video TikTok utilizzando Y2mate<\/strong> <strong>TikTok Video Downloader?<\/strong> <br>Questo \u00e8 uno strumento molto semplice e da qui sei un passo pi\u00f9 vicino al download dei tuoi video TikTok e anche questo senza dover installare alcun software o componente aggiuntivo. Tutto quello che devi fare \u00e8 seguire le poche istruzioni elencate di seguito e il tuo lavoro sar\u00e0 fatto in pochi secondi. <\/p> <ol class=\"schema-how-to-steps\"><li class=\"schema-how-to-step\" id=\"how-to-step-1638940679578\"><strong class=\"schema-how-to-step-name\">Apri il sito:<\/strong> <p class=\"schema-how-to-step-text\">Apri il sito <a href=\"https:\/\/y2mate.me\/it\/scaricare-video-da-tiktok\">https:\/\/y2mate.me\/tiktok-video-downloader<\/a> . Apri l&#8217;app TikTok e trova il video che desideri scaricare.<\/p> <\/li><li class=\"schema-how-to-step\" id=\"how-to-step-1638940835252\"><strong class=\"schema-how-to-step-name\">Copia l&#8217;URL:<\/strong> <p class=\"schema-how-to-step-text\">Copia l&#8217;URL di quel video TikTok.<\/p> <\/li><li class=\"schema-how-to-step\" id=\"how-to-step-1638940865355\"><strong class=\"schema-how-to-step-name\">Incolla l&#8217;URL:<\/strong> <p class=\"schema-how-to-step-text\">Ora, incolla l&#8217;URL nella casella di testo di input di y2 mate TikTok (sopra) e fai clic sull&#8217;icona &#8220;Download&#8221;.<\/p> <\/li><li class=\"schema-how-to-step\" id=\"how-to-step-1638940899875\"><strong class=\"schema-how-to-step-name\">Seleziona Formato e Scarica video tiktok:<\/strong> <p class=\"schema-how-to-step-text\">Il nostro downloader di video Y2mate-TikTok estrarr\u00e0 quindi i collegamenti video MP4 di alta qualit\u00e0 del video e ti dar\u00e0 la possibilit\u00e0 di scegliere la qualit\u00e0 in cui desideri salvare il tuo video. (HD o SD). <br>Il tuo video verr\u00e0 scaricato con successo e salvato sul tuo dispositivo. <\/p> <\/li><\/ol><\/div>\n\n<h2 class=\"wp-block-heading\" id=\"key-features\">Caratteristiche principali:<\/h2>\n\n<h3 class=\"wp-block-heading\" id=\"1-unlimited-downloads\">1. Download illimitati:<\/h3>\n\n<p>Una delle caratteristiche principali che attirano gli utenti a continuare a utilizzare questo fantastico download online di y2mate TikTok \u00e8 che non impone alcuna restrizione o limitazione alla quantit\u00e0 del suo utilizzo. Scarica video tiktok illimitati senza preoccuparti dei download precedenti e approfitta di questa opportunit\u00e0 unica!<\/p>\n\n<h3 class=\"wp-block-heading\" id=\"2-free-service\"><strong>2.<\/strong> Servizio gratuito:<\/h3>\n\n<p>Scarica i video di <strong><a href=\"https:\/\/www.tiktok.com\/\">Tiktok<\/a><\/strong> online assolutamente gratis! Da PC, laptop, smartphone, basta optare per questo sito Web dedicato per scaricare i tuoi amati video Tiktok senza dover spendere un centesimo.<\/p>\n\n<h3 class=\"wp-block-heading\" id=\"3-fast-speed\"><strong>3.<\/strong> Velocit\u00e0 veloce:<\/h3>\n\n<p>Questo strumento \u00e8 uno degli strumenti pi\u00f9 veloci che troverai su Internet oggi. Ha il potere di convertire e scaricare video da link estratti in pochi secondi.<\/p>\n\n<h3 class=\"wp-block-heading\" id=\"4-downloads-y2mate-mp4-tiktok-without-a-watermark\"><strong>4.<\/strong> Download y2mate mp4 TikTok senza filigrana:<\/h3>\n\n<p>La maggior parte dei video Download Tiktok online non consente ai propri utenti di scaricare video senza filigrana. Fortunatamente, il nostro servizio consente loro di salvare video Tiktok senza filigrana!<\/p>\n\n<h2 class=\"wp-block-heading\" id=\"ways-to-find-the-best-tiktok-videos-to-download\">Modi per trovare i migliori video TikTok da scaricare:<\/h2>\n\n<p>Apri l&#8217;account Tiktok da cui vuoi scaricare il video TikTok y2mate e copia il suo link premendo sull&#8217;icona \u201c <strong>Condividi<\/strong> \u201d riportata nella pagina. Ma se non hai in mente nessun video specifico da scaricare, puoi anche cercare video Tiktok interessanti usando la funzione hashtag. Ora puoi cercare famosi video Tiktok con l&#8217;aiuto dei tag di ricerca, ad esempio video di tendenza, video di auto, video di basket, ecc. Gli utenti possono anche eseguire una ricerca su Google per scoprire gli ultimi video utilizzando frasi come &#8220;Tendenze Tiktok&#8221;.<\/p>\n\n<h2 class=\"wp-block-heading\" id=\"frequently-asked-questions-faqs\">Domande frequenti &#8211; FAQ:<\/h2>\n\n<div class=\"schema-faq wp-block-yoast-faq-block\"><div class=\"schema-faq-section\" id=\"faq-question-1638940146576\"><strong class=\"schema-faq-question\">1. <strong>Perch\u00e9 questo strumento non sta scaricando i miei video Tiktok?<\/strong><\/strong> <p class=\"schema-faq-answer\">\u00c8 un ottimo strumento per scaricare gratuitamente i video di Tiktok. Tuttavia, se hai problemi a scaricare i tuoi video TikTok preferiti su questo strumento, queste potrebbero essere le cause principali:<br>1. Il proprietario ha rimosso il video dal suo account Tiktok.<br>2. Il video di Tiktok non \u00e8 disponibile nel tuo paese.<br>3. I video che hai selezionato sono privati.<br>4. I link per il download non vengono copiati accuratamente.<\/p> <\/div> <div class=\"schema-faq-section\" id=\"faq-question-1638940278209\"><strong class=\"schema-faq-question\">2. <strong>Dove verranno salvati i miei video Tiktok?<\/strong><\/strong> <p class=\"schema-faq-answer\">Se stai pensando a dove andranno i tuoi video scaricati dopo essere stati salvati, ecco la tua risposta: quando usi questo download di video TikTok di y2 mate per scaricare i tuoi video, i file scaricati di solito vengono salvati in qualsiasi cartella che hai impostato come &#8220;predefinita&#8221; del tuo telefono . Parlando di telefoni cellulari, il video verr\u00e0 salvato nella &#8220;cartella dei download&#8221; o direttamente nella galleria del tuo telefono. Ma se stai usando il tuo PC per scaricare video TikTok y2mate, probabilmente verranno salvati nella cartella &#8220;Download&#8221; del tuo computer.<\/p> <\/div> <div class=\"schema-faq-section\" id=\"faq-question-1638940304976\"><strong class=\"schema-faq-question\">3. <strong>Questo strumento supporta anche altri siti?<\/strong><\/strong> <p class=\"schema-faq-answer\">S\u00ec, attualmente il nostro strumento supporta pi\u00f9 di 30 siti di social media tra cui Facebook, Instagram, Twitter, Snack video, Snapchat e molti altri.<\/p> <\/div> <div class=\"schema-faq-section\" id=\"faq-question-1638940333832\"><strong class=\"schema-faq-question\">4. <strong>Usare y2mate tik tok \u00e8 sicuro?<\/strong><\/strong> <p class=\"schema-faq-answer\">S\u00ec, ci teniamo alla sicurezza dei nostri clienti. Ecco perch\u00e9 siamo orgogliosi di affermare che l&#8217;utilizzo del nostro sito Web \u00e8 totalmente sicuro poich\u00e9 non teniamo mai traccia della cronologia dei nostri utenti o dei file scaricati. Ci\u00f2 significa che la tua identit\u00e0 rimarr\u00e0 anonima e, quindi, puoi scaricare in sicurezza video TikTok illimitati senza alcun tipo di ostacolo.<\/p> <\/div> <div class=\"schema-faq-section\" id=\"faq-question-1638940403578\"><strong class=\"schema-faq-question\">5. <strong>Questo strumento \u00e8 un servizio gratuito?<\/strong><\/strong> <p class=\"schema-faq-answer\">S\u00ec, il nostro <strong>downloader TikTok<\/strong> \u00e8 assolutamente gratuito e consente a milioni di utenti di scaricare i propri video TikTok preferiti direttamente sui propri dispositivi. Poich\u00e9 il nostro server utilizza un brillante software indipendente dalla piattaforma, puoi usarlo con Android, Mac, Linux PC e IOS (iPhone). Puoi anche condividere i video scaricati con i tuoi follower e amici. \u00c8 anche usato come y2mate tiktok mp3.<\/p> <\/div> <\/div>\n","protected":false},"excerpt":{"rendered":"<p>TikTok \u00e8 l&#8217;oro per coloro che amano realizzare video divertenti di sincronizzazione labiale e condividerli [&#8230;..]<\/p>\n","protected":false},"author":1,"featured_media":10569,"parent":0,"menu_order":0,"comment_status":"closed","ping_status":"closed","template":"","meta":{"footnotes":""},"class_list":["post-320","page","type-page","status-publish","has-post-thumbnail","hentry"],"acf":[],"aioseo_notices":[],"_links":{"self":[{"href":"https:\/\/y2mate.me\/it\/wp-json\/wp\/v2\/pages\/320","targetHints":{"allow":["GET"]}}],"collection":[{"href":"https:\/\/y2mate.me\/it\/wp-json\/wp\/v2\/pages"}],"about":[{"href":"https:\/\/y2mate.me\/it\/wp-json\/wp\/v2\/types\/page"}],"author":[{"embeddable":true,"href":"https:\/\/y2mate.me\/it\/wp-json\/wp\/v2\/users\/1"}],"replies":[{"embeddable":true,"href":"https:\/\/y2mate.me\/it\/wp-json\/wp\/v2\/comments?post=320"}],"version-history":[{"count":2,"href":"https:\/\/y2mate.me\/it\/wp-json\/wp\/v2\/pages\/320\/revisions"}],"predecessor-version":[{"id":884,"href":"https:\/\/y2mate.me\/it\/wp-json\/wp\/v2\/pages\/320\/revisions\/884"}],"wp:featuredmedia":[{"embeddable":true,"href":"https:\/\/y2mate.me\/it\/wp-json\/wp\/v2\/media\/10569"}],"wp:attachment":[{"href":"https:\/\/y2mate.me\/it\/wp-json\/wp\/v2\/media?parent=320"}],"curies":[{"name":"wp","href":"https:\/\/api.w.org\/{rel}","templated":true}]}}