{"id":293,"date":"2021-12-21T05:05:43","date_gmt":"2021-12-21T05:05:43","guid":{"rendered":"https:\/\/y2mate.me\/downloader-reels-instagram"},"modified":"2022-01-06T05:02:47","modified_gmt":"2022-01-06T05:02:47","slug":"downloader-reels-instagram","status":"publish","type":"page","link":"https:\/\/y2mate.me\/it\/downloader-reels-instagram","title":{"rendered":"Downloader Reels Instagram"},"content":{"rendered":"\n<p>I rulli Instagram sono la nuova tendenza in questi giorni, consentendo agli utenti di condividere con facilit\u00e0 brevi clip interessanti all&#8217;interno dell&#8217;app Insta. \u00c8 abbastanza simile ai video di TikTok, ma \u00e8 probabile che questi video tengano gli utenti incollati ai loro smartphone. Anche tu sei un fan dei rulli Instagram e vuoi salvarli sul tuo dispositivo per condividerli con i tuoi amici? Puoi anche utilizzare i file scaricati su altre piattaforme di social media senza problemi. Ma come posso scaricarli?<\/p>\n\n<p>Se stavi cercando un modo per scaricare i tuoi video Instagram preferiti direttamente nella galleria del tuo telefono, sarai felice di sapere che il downloader di bobine Insta la tua ricerca finisce qui! <\/p>\n\n<p>Il nostro Instagram Reels Video Downloader \u00e8 uno strumento <strong>gratuito e veloce<\/strong> basato sul web. Ci\u00f2 consente a migliaia di utenti ogni giorno di scaricare video di Instagram direttamente sui propri smartphone, tablet e laptop. La parte migliore dei download di bobine da Instagram \u00e8 che non \u00e8 necessario installare alcun software aggiuntivo in bundle o registrarsi per un account per utilizzare questo sito Web. <\/p>\n\n<h2 class=\"wp-block-heading\">Scaricare bobine <\/h2>\n\n<p>Una volta che hai finito con i video di risparmio di Instagram scaricando i tuoi Instagram Reels preferiti, tramite il download di video di Instagram puoi condividerli anche su altre principali piattaforme di social media.<\/p>\n\n<p>Basta copiare l&#8217;indirizzo URL Salva video di Instagram della reel che si desidera scaricare e incollarlo nel nostro strumento per una procedura di download senza problemi. Questo salva il metodo delle foto di Insta \u00e8 il modo pi\u00f9 semplice per scaricare i rulli di Instagram in qualit\u00e0 HD.<\/p>\n\n<h2 class=\"wp-block-heading\">Come scaricare i rulli Instagram?<\/h2>\n\n<h3 class=\"wp-block-heading\">Segui questi rapidi passaggi per scaricare qualsiasi reel da Instagram con questo strumento:<\/h3>\n\n<ul class=\"wp-block-list\"><li>Apri <strong>Instagram.com<\/strong> sul tuo browser o sull&#8217;app.<\/li><li>Cerca i video che desideri scaricare.<\/li><li>Toccalo per <strong>copiare<\/strong> l&#8217;indirizzo del collegamento di quel particolare rullo.<\/li><li>Ora, vai al nostro sito web di salvataggio Insta Reels Downloader online e <strong>incolla<\/strong> il link che hai copiato in precedenza nella casella di testo fornita nella pagina dello strumento.<\/li><li>Premi l&#8217;icona &#8221; <strong>Scarica<\/strong> &#8220;.<\/li><li>Inserisci il formato, le dimensioni e la qualit\u00e0 che preferisci per salvare i video direttamente sul tuo dispositivo Android.<\/li><li>Per PC (Windows o Mac).<\/li><\/ul>\n\n<h3 class=\"wp-block-heading\">Segui queste istruzioni fornite se desideri scaricare i rulli di Instagram sul tuo PC con l&#8217;aiuto del nostro strumento;<\/h3>\n\n<ul class=\"wp-block-list\"><li>Apri Instagram.com e trova il salvataggio dei tuoi video desiderati.<\/li><li>Copia il suo collegamento dalla casella dell&#8217;indirizzo indicata nella parte superiore dello schermo.<\/li><li>Quindi, vai al nostro strumento di download delle bobine di Instagram sul tuo browser e incolla il link nella casella di testo indicata sopra in questa pagina.<\/li><li>Ora, premi il pulsante &#8220;Download&#8221;.<\/li><li>Una nuova scheda si aprir\u00e0 immediatamente, offrendoti un elenco di diverse qualit\u00e0 di file, dimensioni e formati tra cui scegliere.<\/li><li>Tocca quelli che si adattano di pi\u00f9 alle tue esigenze e il file in reel verr\u00e0 salvato sul tuo PC in pochi secondi.<\/li><li>Per i dispositivi IOS:<\/li><\/ul>\n\n<h3 class=\"wp-block-heading\">Scaricare o convertire i rulli di Instagram per i dispositivi IOS non \u00e8 cos\u00ec diverso dai dispositivi Android.<\/h3>\n\n<ul class=\"wp-block-list\"><li>Apri Instagram.com in qualsiasi browser che stai utilizzando e cerca il video che desideri scaricare.<\/li><li>Se guardi da vicino, troverai tre punti nella parte in alto a destra dello schermo Scegli l&#8217;opzione &#8220;Copia collegamento&#8221;.<\/li><li>Ora, vai al nostro Download video di Instagram e incolla l&#8217;indirizzo URL copiato nella casella di testo del campo del nostro strumento.<\/li><li>Scegli il formato (mp3 o mp4) e la qualit\u00e0 (HD o SD) desiderati.<\/li><li>Fare clic sul pulsante &#8220;Download&#8221; per salvare il video sul dispositivo IOS.<\/li><\/ul>\n\n<h2 class=\"wp-block-heading\">Caratteristiche principali:<\/h2>\n\n<p><strong>Ecco un elenco dettagliato delle caratteristiche principali di questo Instagram Reels Downloader online<\/strong> :<\/p>\n\n<p><strong>Velocit\u00e0 fulminea:<\/strong> ora non dovrai passare ore a provare a scaricare instabilmente tutti i tuoi <span style=\"font-size: revert; color: initial;\">video<\/span> preferiti perch\u00e9 il nostro strumento fa tutto a velocit\u00e0 ultraveloce. Inoltre, non limitiamo la larghezza di banda di download di video Insta per il download di Instagram Reels.<\/p>\n\n<ul class=\"wp-block-list\"><li><strong>Protetto e sicuro: <\/strong><\/li><\/ul>\n\n<p>Abbiamo progettato il nostro strumento per salvare Instagram Reels Download tenendo presente la protezione dei nostri dispositivi. Quindi, in Reel Downloader, non devi preoccuparti del rischio di malware o virus. Nel tuo sistema quando usi il nostro strumento. I video di Instagram scaricano un software basato sul Web completamente sicuro e protetto da usare, con il miglior protocollo HTTPS. <\/p>\n\n<ul class=\"wp-block-list\"><li><strong>File di qualit\u00e0 HD: <\/strong><\/li><\/ul>\n\n<p>Salva bobina Insta ti piace l&#8217;uso del downloader Insta il nostro efficiente. Salva Instagram Reel Download del video che salva le foto di Instagram. Offre una miriade di diversi tipi di qualit\u00e0 e formati come bobine di download. Scarica semplicemente le bobine di Instagram, segui i passaggi per il download dei video di Instagram online sopra indicati e scarica i tuoi file senza che perdano la qualit\u00e0 originale.<\/p>\n\n<ul class=\"wp-block-list\"><li><strong>Completamente gratis: <\/strong><\/li><\/ul>\n\n<p>Attualmente, il nostro servizio \u00e8 completamente gratuito per tutti! Non abbiamo mai addebitato il download di bobine di download a nessun utente per l&#8217;utilizzo del nostro servizio, n\u00e9 chiediamo loro costosi abbonamenti o informazioni di accesso. Quindi, assicurati di scaricare su bobina i tuoi Instagram Reels desiderati con il nostro downloader online gratuito!<\/p>\n\n<ul class=\"wp-block-list\"><li><strong>Interfaccia intuitiva: <\/strong><\/li><\/ul>\n\n<p>Reel scarica Insta, non sei un fanatico del computer? I video dell&#8217;interfaccia intuitiva e facile da usare del sito Web I download Insta lo rendono ideale per l&#8217;uso quotidiano per i downloader Insta. Richiede solo un paio di passaggi per il completamento del suo compito.<\/p>\n\n<h2 class=\"wp-block-heading\">Come posso copiare l&#8217;URL per Instagram Reels?<\/h2>\n\n<p><strong>Ecco come puoi copiare l&#8217;indirizzo URL per Instagram Reels: <\/strong><\/p>\n\n<ol class=\"wp-block-list\"><li>Apri l&#8217;app o il sito web di Instagram.<\/li><li>Apri la reel che intendi scaricare.<\/li><li>Nell&#8217;angolo in alto a destra dello schermo, ci sar\u00e0 l&#8217;icona a 3 punti.<\/li><li>Dopo aver fatto clic, verr\u00e0 visualizzato un menu a comparsa.<\/li><li>Da l\u00ec, tocca l&#8217;opzione &#8220;Copia collegamento&#8221; per salvare il collegamento negli appunti.<\/li><\/ol>\n\n<h2 class=\"wp-block-heading\">Perch\u00e9 usare Instagram Reels Video Downloader?<\/h2>\n\n<p>Al giorno d&#8217;oggi ci sono molti strumenti su Internet che utilizzano un lungo elenco di passaggi non necessari, rendendo pi\u00f9 difficile per gli utenti scaricare video in reel online. Al contrario, il nostro strumento di download di bobine di Instagram online gestir\u00e0 da solo tutto il duro lavoro sulle bobine di download. Il downloader reels Instagram online \u00e8 rapido e gratuito e fornisce risultati ad alta definizione senza la presenza di una filigrana. Le sue caratteristiche uniche di download di video di Instagram online e la velocit\u00e0 elevata lo rendono lo strumento di riferimento dell&#8217;utente per l&#8217;uso quotidiano. La prossima volta che trovi una bobina di download di Instagram divertente o utile durante lo scorrimento. Sentiti libero di scaricare bobine su Insta utilizzando il nostro miglior downloader di video Insta per ottenere risultati di prim&#8217;ordine!<\/p>\n\n<h2 class=\"wp-block-heading\">DOMANDE FREQUENTI &#8211; FAQ:<\/h2>\n\n<div class=\"schema-faq wp-block-yoast-faq-block\"><div class=\"schema-faq-section\" id=\"faq-question-1638270810280\"><strong class=\"schema-faq-question\"><strong>Come salvare i rulli su Instagram?<\/strong><\/strong> <p class=\"schema-faq-answer\">\u00c8 importante sapere che se un account Instagram \u00e8 privato, non possiamo permetterti di scaricare Reels Insta direttamente da quell&#8217;account, solo per proteggere la privacy di quel profilo. Tuttavia, puoi scaricare un numero illimitato di Instagram Reels da account pubblici che hanno consentito di utilizzare apertamente i loro contenuti <\/p> <\/div> <div class=\"schema-faq-section\" id=\"faq-question-1638270850019\"><strong class=\"schema-faq-question\"><strong>Gli account riceveranno una notifica se scarico Reels da Instagram? <\/strong> <\/strong> <p class=\"schema-faq-answer\">No, ci assicuriamo che gli account dei downloader di bobine insta non ricevano notifiche quando gli utenti scaricano bobine da loro. Con l&#8217;aiuto dei nostri video intelligenti Insta Download online, puoi salvare i rulli in modo anonimo. Puoi goderti i tuoi video scaricati in completo anonimato senza preoccuparti che i proprietari lo scoprano.<\/p> <\/div> <div class=\"schema-faq-section\" id=\"faq-question-1638270885623\"><strong class=\"schema-faq-question\"><strong>Come scaricare i rulli Instagram online? <\/strong> <\/strong> <p class=\"schema-faq-answer\">Per scaricare il video di Instagram Reels, \u00e8 sufficiente copiare\/incollare l&#8217;URL della reel nella casella di testo del nostro strumento e fare clic sul pulsante &#8221; <strong>Download<\/strong> &#8220;. I file di download dei video delle bobine di Instagram verranno automaticamente salvati sui tuoi smartphone, tablet, laptop o dispositivi IOS, quindi apri i nostri video Instagram online gratuiti Scarica e inizia! <\/p> <\/div> <div class=\"schema-faq-section\" id=\"faq-question-1638270924323\"><strong class=\"schema-faq-question\"><strong>Posso scaricare Instagram Reel online in qualit\u00e0 HD? <\/strong> <\/strong> <p class=\"schema-faq-answer\">S\u00ec, il nostro strumento supporta una grande variet\u00e0 di formati per la conversione di Instagram Reels, ma il pi\u00f9 popolare \u00e8 la qualit\u00e0 HD. Puoi anche scaricare bobine da Instagram nella qualit\u00e0 con cui il video \u00e8 stato caricato originariamente su Instagram. Questo sito Web garantisce download di qualit\u00e0 HD ogni volta!<\/p> <\/div> <div class=\"schema-faq-section\" id=\"faq-question-1638270954117\"><strong class=\"schema-faq-question\"><strong>\u00c8 illegale scaricare i video di Instagram Reels online? <\/strong> <\/strong> <p class=\"schema-faq-answer\">Ad essere onesti, sarai piuttosto sorpreso di sapere che scaricare o convertire Instagram Reels da pagine pubbliche non \u00e8 un grosso problema, a condizione che insta reels downloader tu abbia i diritti d&#8217;autore su quel video. Se desideri utilizzare i file scaricati per uso personale, non \u00e8 considerato illegale. Tuttavia, se stai pianificando il download di bobine Insta, pianificando di utilizzare quel video per scopi imprenditoriali o commerciali, devi ottenere l&#8217;autorizzazione del copyright dal proprietario della reel .<\/p> <\/div> <div class=\"schema-faq-section\" id=\"faq-question-1638270978704\"><strong class=\"schema-faq-question\"><strong>Quanti Instagram Reels posso scaricare con questo strumento? <\/strong> <br><\/strong> <p class=\"schema-faq-answer\">La parte pi\u00f9 sorprendente di questo eccezionale strumento \u00e8 che offre download illimitati per ogni utente! \u00c8 ora di smettere di preoccuparsi delle restrizioni e di iniziare a utilizzare liberamente il downloader di insta reel con quante pi\u00f9 bobine di Instagram installate in un giorno. Tendiamo a fornire un servizio 24 ore su 24, 7 giorni su 7, pur essendo completamente GRATUITO. Che meraviglia<\/p> <\/div> <\/div>\n\n<h2 class=\"wp-block-heading\">Conclusione:<\/h2>\n\n<p>Ora conosci ogni singolo dettaglio sui rulli di Instagram e su come funzionano. Il segreto principale per creare Instagram Reel cos\u00ec interessanti e coinvolgenti \u00e8 finalmente uscito e siamo lieti di averlo condiviso con te per primi. Usando questo eccellente Instagram Reels Downloader, puoi salvare i video su Instagram per i tuoi preferiti e guardarli offline in seguito. Dopo il processo di download dei video di download, Insta \u00e8 completato, puoi condividere il file convertito su qualsiasi piattaforma di social media che ti piace, inclusi Facebook, Snapchat, TikTok e persino su Whatsapp. Quindi, scarica tutte le bobine di Instagram che desideri utilizzando il nostro sito Web, senza alcuna restrizione o limitazione. Allora, cosa stai aspettando? \u00c8 tempo per te di salire sul treno e creare degli epici rulli Insta! Buona fortuna!<\/p>\n","protected":false},"excerpt":{"rendered":"<p>I rulli Instagram sono la nuova tendenza in questi giorni, consentendo agli utenti di condividere [&#8230;..]<\/p>\n","protected":false},"author":1,"featured_media":605,"parent":0,"menu_order":0,"comment_status":"closed","ping_status":"closed","template":"","meta":{"footnotes":""},"class_list":["post-293","page","type-page","status-publish","has-post-thumbnail","hentry"],"acf":[],"aioseo_notices":[],"_links":{"self":[{"href":"https:\/\/y2mate.me\/it\/wp-json\/wp\/v2\/pages\/293","targetHints":{"allow":["GET"]}}],"collection":[{"href":"https:\/\/y2mate.me\/it\/wp-json\/wp\/v2\/pages"}],"about":[{"href":"https:\/\/y2mate.me\/it\/wp-json\/wp\/v2\/types\/page"}],"author":[{"embeddable":true,"href":"https:\/\/y2mate.me\/it\/wp-json\/wp\/v2\/users\/1"}],"replies":[{"embeddable":true,"href":"https:\/\/y2mate.me\/it\/wp-json\/wp\/v2\/comments?post=293"}],"version-history":[{"count":0,"href":"https:\/\/y2mate.me\/it\/wp-json\/wp\/v2\/pages\/293\/revisions"}],"wp:featuredmedia":[{"embeddable":true,"href":"https:\/\/y2mate.me\/it\/wp-json\/wp\/v2\/media\/605"}],"wp:attachment":[{"href":"https:\/\/y2mate.me\/it\/wp-json\/wp\/v2\/media?parent=293"}],"curies":[{"name":"wp","href":"https:\/\/api.w.org\/{rel}","templated":true}]}}