{"id":250,"date":"2021-12-20T15:40:34","date_gmt":"2021-12-20T15:40:34","guid":{"rendered":"https:\/\/y2mate.me\/downloader-shorts-youtube"},"modified":"2022-01-03T10:52:01","modified_gmt":"2022-01-03T10:52:01","slug":"downloader-shorts-youtube","status":"publish","type":"page","link":"https:\/\/y2mate.me\/it\/downloader-shorts-youtube","title":{"rendered":"Download di cortometraggi di YouTube"},"content":{"rendered":"\n<h2 class=\"wp-block-heading\">Informazioni su YouTube Shorts Downloader<\/h2>\n\n<p>In parole semplici, il downloader shorts YouTube \u00e8 uno strumento che consente agli utenti di scaricare i shortsmetraggimetraggi di YouTube direttamente sul proprio dispositivo senza problemi. \u00c8 un processo senza sforzo. Tutto quello che devi fare \u00e8 comprendere a fondo i passaggi per scaricare i cortometraggi di YouTube shortsmetraggi menzionati sopra. Una volta capito, puoi scaricare i tuoi shortsmetraggimetraggi preferiti di YouTube in un minuto sul tuo dispositivo. <\/p>\n\n<h3 class=\"wp-block-heading\">Caratteristiche principali di YouTube Shorts Downloader<\/h3>\n\n<p>Di seguito sono riportate le caratteristiche principali del downloader di shortsmetraggimetraggi che devi conoscere:<\/p>\n\n<ul class=\"wp-block-list\"><li><strong>Virus-esente<\/strong><br\/>Se sei curioso che l&#8217;utilizzo di questo strumento possa causare danni al tuo dispositivo, non c&#8217;\u00e8 nulla di cui preoccuparsi perch\u00e9 il downloader di shortsmetraggimetraggi YT \u00e8 privo di virus. Non ci sono rischi associati di malware perch\u00e9 questo strumento \u00e8 completamente sicuro.<\/li><\/ul>\n\n<ul class=\"wp-block-list\"><li><strong>Nessun compromesso sulla qualit\u00e0<\/strong><br\/>I shortsmetraggimetraggi di YouTube verranno scaricati in qualit\u00e0 HD tramite questo strumento. Non c&#8217;\u00e8 nemmeno una minima differenza nella qualit\u00e0 dei shortsdi YouTube scaricati rispetto a quello originale. s <\/li><\/ul>\n\n<ul class=\"wp-block-list\"><li><strong>Uno strumento gratuito<\/strong><br\/>\u00c8 uno strumento gratuito, il che significa che non dovrai pagare un solo centesimo per utilizzare questo strumento e goderti i shortsmetraggidi YouTube offline. <\/li><\/ul>\n\n<ul class=\"wp-block-list\"><li><strong>Facile da gestire<\/strong><br\/>Non ci sono tecnicismi nell&#8217;utilizzo di questo strumento che lo rende facile da usare. Devi solo seguire alcuni semplici passaggi per scaricare i shortsouTube e il gioco \u00e8 fatto.rtometraggi <\/li><\/ul>\n","protected":false},"excerpt":{"rendered":"<p>Informazioni su YouTube Shorts Downloader In parole semplici, il downloader shorts YouTube \u00e8 uno strumento [&#8230;..]<\/p>\n","protected":false},"author":1,"featured_media":745,"parent":0,"menu_order":0,"comment_status":"closed","ping_status":"closed","template":"","meta":{"footnotes":""},"class_list":["post-250","page","type-page","status-publish","has-post-thumbnail","hentry"],"acf":[],"aioseo_notices":[],"_links":{"self":[{"href":"https:\/\/y2mate.me\/it\/wp-json\/wp\/v2\/pages\/250","targetHints":{"allow":["GET"]}}],"collection":[{"href":"https:\/\/y2mate.me\/it\/wp-json\/wp\/v2\/pages"}],"about":[{"href":"https:\/\/y2mate.me\/it\/wp-json\/wp\/v2\/types\/page"}],"author":[{"embeddable":true,"href":"https:\/\/y2mate.me\/it\/wp-json\/wp\/v2\/users\/1"}],"replies":[{"embeddable":true,"href":"https:\/\/y2mate.me\/it\/wp-json\/wp\/v2\/comments?post=250"}],"version-history":[{"count":0,"href":"https:\/\/y2mate.me\/it\/wp-json\/wp\/v2\/pages\/250\/revisions"}],"wp:featuredmedia":[{"embeddable":true,"href":"https:\/\/y2mate.me\/it\/wp-json\/wp\/v2\/media\/745"}],"wp:attachment":[{"href":"https:\/\/y2mate.me\/it\/wp-json\/wp\/v2\/media?parent=250"}],"curies":[{"name":"wp","href":"https:\/\/api.w.org\/{rel}","templated":true}]}}