{"id":187,"date":"2021-12-08T04:55:23","date_gmt":"2021-12-08T04:55:23","guid":{"rendered":"https:\/\/y2mate.me\/y2mate-video-downloader"},"modified":"2021-12-08T05:56:49","modified_gmt":"2021-12-08T05:56:49","slug":"y2mate-video-downloader","status":"publish","type":"page","link":"https:\/\/y2mate.me\/it","title":{"rendered":"Y2mate Video Downloader"},"content":{"rendered":"\n<h2 class=\"wp-block-heading\">Y2mate.me; Downloader di video online gratuito; Scarica video in linea di alta qualit\u00e0<\/h2>\n\n\n\n<p>Tutti oggi vivono in un mondo digitale. In ogni momento, migliaia di video vengono caricati su diversi siti Web di condivisione di video che vanno dai video divertenti ai video tutorial. Miliardi di utenti guardano questi video da tutto il mondo.<\/p>\n\n\n\n<p>Poich\u00e9 i siti Web di condivisione di video sono limitati, un gruppo di utenti visita questi siti ogni volta. Ma queste piattaforme di condivisione video consentono alle persone solo di guardare il video ma non di scaricarlo. Se a qualcuno piace un video specifico, deve tornare ancora e ancora per guardare quel video. Le persone tendono a sentirsi frustrate per questo e vogliono una soluzione a questo problema ingombrante. <\/p>\n\n\n\n<p>Se ti diciamo che esiste un sistema che ti permette di scaricare i tuoi video preferiti e puoi abbuffarti di guarda ogni volta che vuoi. Bene, ora puoi scaricare video senza alcuna restrizione con il nostro downloader di video.<\/p>\n\n\n\n<p>Con <a href=\"https:\/\/y2mate.me\/it\">y2mate.me<\/a> (Free Online Video Downloader), puoi scaricare tutti i video che vuoi da qualsiasi piattaforma di social media. Tutti i video possono essere scaricati in un processo senza problemi senza requisiti aggiuntivi. Gli utenti devono solo copiare e incollare l&#8217;URL del loro video preferito e riceveranno il video scaricato in un istante. <\/p>\n\n\n\n<h2 class=\"wp-block-heading\">Informazioni sul downloader di video online gratuito<\/h2>\n\n\n\n<p>Free Online Video Downloader (di y2mate.me) \u00e8 un downloader gratuito che consente agli utenti di scaricare video a loro scelta. L&#8217;interfaccia di questo downloader \u00e8 intuitiva e facile da usare. <\/p>\n\n\n\n<p>Questo y2mate &#8211; downloader di video offre download di alta qualit\u00e0 a una velocit\u00e0 elevata. Con funzionalit\u00e0 efficaci e un&#8217;interfaccia elegante, questo downloader di video \u00e8 progettato per fornire i migliori servizi agli utenti. I video possono essere scaricati in pi\u00f9 formati come MP4, M4A, 3gp, ecc.<\/p>\n\n\n\n<p>Se desideri scaricare pi\u00f9 video contemporaneamente e ad alta risoluzione, Free Online Video Downloader \u00e8 la scelta migliore per te. Puoi scaricare qualsiasi video in pochi minuti e divertirti a guardarlo anche offline. <\/p>\n","protected":false},"excerpt":{"rendered":"<p>Y2mate.me; Downloader di video online gratuito; Scarica video in linea di alta qualit\u00e0 Tutti oggi [&#8230;..]<\/p>\n","protected":false},"author":1,"featured_media":0,"parent":0,"menu_order":0,"comment_status":"closed","ping_status":"closed","template":"font-home.php","meta":{"footnotes":""},"class_list":["post-187","page","type-page","status-publish","hentry"],"acf":[],"aioseo_notices":[],"_links":{"self":[{"href":"https:\/\/y2mate.me\/it\/wp-json\/wp\/v2\/pages\/187","targetHints":{"allow":["GET"]}}],"collection":[{"href":"https:\/\/y2mate.me\/it\/wp-json\/wp\/v2\/pages"}],"about":[{"href":"https:\/\/y2mate.me\/it\/wp-json\/wp\/v2\/types\/page"}],"author":[{"embeddable":true,"href":"https:\/\/y2mate.me\/it\/wp-json\/wp\/v2\/users\/1"}],"replies":[{"embeddable":true,"href":"https:\/\/y2mate.me\/it\/wp-json\/wp\/v2\/comments?post=187"}],"version-history":[{"count":0,"href":"https:\/\/y2mate.me\/it\/wp-json\/wp\/v2\/pages\/187\/revisions"}],"wp:attachment":[{"href":"https:\/\/y2mate.me\/it\/wp-json\/wp\/v2\/media?parent=187"}],"curies":[{"name":"wp","href":"https:\/\/api.w.org\/{rel}","templated":true}]}}