{"id":899,"date":"2022-04-29T06:56:33","date_gmt":"2022-04-29T06:56:33","guid":{"rendered":"https:\/\/y2mate.me\/telecharger-video-twitter-y2mate"},"modified":"2022-04-29T06:56:34","modified_gmt":"2022-04-29T06:56:34","slug":"telecharger-video-twitter-y2mate","status":"publish","type":"page","link":"https:\/\/y2mate.me\/fr\/telecharger-video-twitter-y2mate","title":{"rendered":"Telecharger Video Twitter Y2mate"},"content":{"rendered":"\n<p>Vous recherchez un t\u00e9l\u00e9chargeur de tweets ultra-rapide et efficace \u00e0 utiliser, mais vous ne savez pas lequel est le meilleur\u00a0? Il est vrai qu&rsquo;il y a tellement de t\u00e9l\u00e9chargeurs de vid\u00e9os Ymate sur Internet ces jours-ci, mais maintenant, vous \u00eates sur le bon site Web ! Y2mate Twitter Video Downloader mp4 HD est un outil en ligne intelligent qui vous permet de t\u00e9l\u00e9charger gratuitement des vid\u00e9os de Twitter \u00e0 partir de plusieurs sites de m\u00e9dias sociaux et <a href=\"https:\/\/twitter.com\/?lang=en\">Twitter<\/a> en fait partie. Comme d&rsquo;autres sites de r\u00e9seaux sociaux, Twitter ne vous permet pas non plus de t\u00e9l\u00e9charger ses vid\u00e9os, mais c&rsquo;est pour cela que nous sommes l\u00e0. Le t\u00e9l\u00e9chargeur de vid\u00e9os <em>Ymate<\/em> est un serveur fantastique qui permet \u00e0 ses utilisateurs de t\u00e9l\u00e9charger leurs vid\u00e9os pr\u00e9f\u00e9r\u00e9es de t\u00e9l\u00e9chargeur Twitter mate dans diff\u00e9rents formats (MP4, M4A et 3GP, WEBM, MP3 et JPG) et qualit\u00e9s (HD, SD).<\/p>\n\n<figure class=\"wp-block-image size-large\"><img fetchpriority=\"high\" decoding=\"async\" width=\"1024\" height=\"576\" src=\"https:\/\/y2mate.me\/wp-content\/uploads\/2022\/03\/twitter-1024x576.jpg\" alt=\"\" class=\"wp-image-755\" srcset=\"https:\/\/y2mate.me\/wp-content\/uploads\/2022\/03\/twitter-1024x576.jpg 1024w, https:\/\/y2mate.me\/wp-content\/uploads\/2022\/03\/twitter-300x169.jpg 300w, https:\/\/y2mate.me\/wp-content\/uploads\/2022\/03\/twitter-768x432.jpg 768w, https:\/\/y2mate.me\/wp-content\/uploads\/2022\/03\/twitter.jpg 1280w\" sizes=\"(max-width: 1024px) 100vw, 1024px\" \/><\/figure>\n\n<h2 class=\"wp-block-heading\" id=\"how-to-use-a-twitter-video-downloader-online\">Comment utiliser un t\u00e9l\u00e9chargeur de vid\u00e9os Twitter en ligne\u00a0? <\/h2>\n\n<p>Pour t\u00e9l\u00e9charger des vid\u00e9os Twitter, suivez simplement ces \u00e9tapes simples :<\/p>\n\n<ul class=\"wp-block-list\"><li>Allez sur twitter.com<\/li><li>Copiez l&rsquo;URL de la vid\u00e9o Twitter que vous souhaitez t\u00e9l\u00e9charger.<\/li><li>Collez l&rsquo;URL que vous avez copi\u00e9e dans la zone de champ du t\u00e9l\u00e9chargeur Twitter Y2mate. <\/li><li>Cliquez sur le bouton ou l&rsquo;ic\u00f4ne \u00ab\u00a0t\u00e9l\u00e9charger\u00a0\u00bb pour enregistrer le t\u00e9l\u00e9chargement de la vid\u00e9o Twitter en mp3. <\/li><\/ul>\n\n<div class=\"schema-how-to wp-block-yoast-how-to-block\"><p class=\"schema-how-to-total-time\"><span class=\"schema-how-to-duration-time-text\">Temps n\u00e9cessaire :<\/span> 1 minute. <\/p><p class=\"schema-how-to-description\"><strong>Comment t\u00e9l\u00e9charger des vid\u00e9os Twitter \u00e9tape par \u00e9tape \u00e0 l&rsquo;aide de Y2 mate-Twitter Video Downloader ? <\/strong><br><em>Y2mate-Twitter Video Downloader<\/em> est le meilleur pour ceux qui veulent t\u00e9l\u00e9charger des vid\u00e9os Twitter sans aucune interruption. Cet outil prend en charge tous les types d&rsquo;appareils. Tout ce que vous avez \u00e0 faire est de suivre les quelques instructions ci-dessous et votre travail sera fait en quelques secondes. <br><\/p> <ol class=\"schema-how-to-steps\"><li class=\"schema-how-to-step\" id=\"how-to-step-1638943837347\"><strong class=\"schema-how-to-step-name\"><strong>Retrouvez les vid\u00e9os souhait\u00e9es<\/strong> :<\/strong> <p class=\"schema-how-to-step-text\">Connectez-vous \u00e0 Twitter.com.<\/p> <\/li><li class=\"schema-how-to-step\" id=\"how-to-step-1638943948583\"><strong class=\"schema-how-to-step-name\">Copiez l&rsquo;URL:<\/strong> <p class=\"schema-how-to-step-text\">Ensuite, acc\u00e9dez \u00e0 cette page sur Twittermate qui contient la vid\u00e9o que vous souhaitez t\u00e9l\u00e9charger une vid\u00e9o twitter et copiez son URL. <\/p> <\/li><li class=\"schema-how-to-step\" id=\"how-to-step-1638943986226\"><strong class=\"schema-how-to-step-name\">Collez l&rsquo;URL:<\/strong> <p class=\"schema-how-to-step-text\">Maintenant, collez l&rsquo;URL dans la zone de texte de saisie <a href=\"https:\/\/y2mate.me\/fr\/telecharger-video-twitter-y2mate\">y2mate.me\/twitter-video-downloader<\/a> (ci-dessus) et cliquez sur l&rsquo;ic\u00f4ne \u00ab\u00a0T\u00e9l\u00e9charger\/t\u00e9l\u00e9charger une vid\u00e9o twitter\u00a0\u00bb.<\/p> <\/li><li class=\"schema-how-to-step\" id=\"how-to-step-1638944008523\"><strong class=\"schema-how-to-step-name\">S\u00e9lectionnez le Format&nbsp;:<\/strong> <p class=\"schema-how-to-step-text\">Notre t\u00e9l\u00e9chargeur de vid\u00e9os Y2mate-Twitter extraira ensuite les liens vid\u00e9o MP4 de haute qualit\u00e9 de la vid\u00e9o et vous donnera la possibilit\u00e9 de choisir la qualit\u00e9 dans laquelle vous souhaitez enregistrer votre vid\u00e9o. (HD ou SD). <\/p> <\/li><li class=\"schema-how-to-step\" id=\"how-to-step-1638944046331\"><strong class=\"schema-how-to-step-name\">T\u00e9l\u00e9charger vid\u00e9os Twitter:<\/strong> <p class=\"schema-how-to-step-text\">Affichez la vid\u00e9o Twitter t\u00e9l\u00e9charg\u00e9e enregistr\u00e9e sur votre appareil. <\/p> <\/li><\/ol><\/div>\n\n<h2 class=\"wp-block-heading\" id=\"what-is-twitter\">Qu&rsquo;est-ce que Twitter ? <\/h2>\n\n<p><em>Twitter<\/em> est un service am\u00e9ricain populaire de microblogging et de r\u00e9seautage social sur lequel les gens interagissent et partagent des messages connus sous le nom de \u00ab tweets \u00bb. C&rsquo;est l&rsquo;une des plus grandes plateformes o\u00f9 les utilisateurs enregistr\u00e9s peuvent aimer, commenter, partager et retweeter des tweets. Lanc\u00e9 en 2006, Twitter compte d\u00e9sormais plus de 320 millions d&rsquo;utilisateurs actifs par mois. Il fut un temps o\u00f9 Twitter \u00e9tait rempli de contenu textuel simple, mais maintenant, il a \u00e9galement ajout\u00e9 d&rsquo;autres options, y compris des vid\u00e9os. <\/p>\n\n<p>Si vous voulez des nouvelles et des vid\u00e9os rapides du monde entier, le t\u00e9l\u00e9chargeur de Tweets est s\u00fbrement l&rsquo;endroit o\u00f9 compter. Mais malheureusement, leurs vid\u00e9os sont int\u00e9gr\u00e9es de telle mani\u00e8re que vous ne pouvez pas les utiliser ult\u00e9rieurement. De nombreux utilisateurs souhaitent t\u00e9l\u00e9charger vid\u00e9o Twitter mp4 et les enregistrer sur leurs appareils, mais ne le peuvent pas. C&rsquo;est pourquoi nous avons introduit <em>Y2mate Twitter Video Downloader<\/em> y2 qui vous offrira la meilleure exp\u00e9rience enrichie de nouvelles technologies et de fonctionnalit\u00e9s avanc\u00e9es. <\/p>\n\n<p>Le t\u00e9l\u00e9chargement de <em>vid\u00e9os Ymate<\/em> vise \u00e0 vous offrir une exp\u00e9rience de t\u00e9l\u00e9chargement sans erreur qui satisfait toujours ses utilisateurs. Il permet \u00e0 ses utilisateurs de t\u00e9l\u00e9charger les vid\u00e9os Twitter de leur choix afin de pouvoir<em> <\/em>regardez-les plus tard, m\u00eame lorsqu&rsquo;ils sont hors ligne. Tout ce que vous avez \u00e0 faire est de copier \u00ab\u00a0l&rsquo;URL\u00a0\u00bb de la vid\u00e9o que vous souhaitez t\u00e9l\u00e9charger sur la vid\u00e9o Twitter en ligne et de la coller dans le champ de recherche indiqu\u00e9, puis de cliquer sur \u00ab\u00a0l&rsquo;ic\u00f4ne de t\u00e9l\u00e9chargement\u00a0\u00bb sur le c\u00f4t\u00e9. Notre t\u00e9l\u00e9chargeur ne n\u00e9cessite m\u00eame pas le t\u00e9l\u00e9chargement ou l&rsquo;installation d&rsquo;un logiciel ou d&rsquo;un plug-in pour utiliser ce site Web. Il est con\u00e7u pour consommer un minimum de donn\u00e9es Internet tout en vous offrant la meilleure qualit\u00e9. <\/p>\n\n<p>M\u00eame si vous n&rsquo;\u00eates pas une personne tr\u00e8s techno, cet outil est sans aucun doute la bonne destination pour vous. Alors, quelle est la retenue\u00a0? Profitez de l&rsquo;utilisation de notre incroyable <a href=\"https:\/\/y2mate.me\/fr\">t\u00e9l\u00e9chargeur de vid\u00e9os Y2mate<\/a> et enregistrez votre vid\u00e9o Twitter sur vos appareils en quelques secondes. <\/p>\n\n<h2 class=\"wp-block-heading\" id=\"download-videos-by-using-twitter-video-download-online\">T\u00e9l\u00e9charger des vid\u00e9os En utilisant Video Download Twitter :<\/h2>\n\n<p>Le t\u00e9l\u00e9chargeur de vid\u00e9os Twitter en ligne HD vous offre la meilleure exp\u00e9rience enrichie des derni\u00e8res technologies et de toutes les fonctionnalit\u00e9s avanc\u00e9es. Notre outil en ligne vise \u00e0 fournir \u00e0 son utilisateur une exp\u00e9rience de t\u00e9l\u00e9chargement sans erreur qui le satisfera. Il leur permet de t\u00e9l\u00e9charger GRATUITEMENT la vid\u00e9o Twitter y2mate en ligne de leur choix, afin qu&rsquo;ils puissent<strong> <\/strong>regardez-les plus tard, m\u00eame lorsqu&rsquo;ils n&rsquo;ont pas de connexion Internet sur leurs appareils.<\/p>\n\n<p>Pour t\u00e9l\u00e9charger des vid\u00e9os Twitter avec cet outil en ligne, copiez simplement \u00ab\u00a0l&rsquo;URL\u00a0\u00bb de la vid\u00e9o que vous souhaitez t\u00e9l\u00e9charger et collez-la dans la zone de texte indiqu\u00e9e ci-dessus. Maintenant, appuyez sur \u00ab\u00a0l&rsquo;ic\u00f4ne de t\u00e9l\u00e9chargement\u00a0\u00bb sur le c\u00f4t\u00e9. Notre t\u00e9l\u00e9chargeur y2 bas\u00e9 sur le Web est enti\u00e8rement gratuit et ne demande m\u00eame pas \u00e0 ses utilisateurs d&rsquo;installer au pr\u00e9alable un logiciel ou un plug-in. Nous avons con\u00e7u son serveur pour consommer un minimum de donn\u00e9es Internet de nos utilisateurs tout en vous offrant la meilleure qualit\u00e9.<\/p>\n\n<p>L&rsquo;utilisation du t\u00e9l\u00e9chargeur de vid\u00e9os en ligne y2mate peut parfois \u00eatre assez difficile si vous n&rsquo;utilisez pas le bon site Web. En raison des multiples \u00e9tapes et publicit\u00e9s, d&rsquo;autres outils compliquent le processus de t\u00e9l\u00e9chargement. Au contraire, notre outil permet \u00e0 nos utilisateurs de t\u00e9l\u00e9charger beaucoup plus facilement des vid\u00e9os Twitter. M\u00eame si vous n&rsquo;\u00eates pas un geek en informatique ou si vous \u00eates tr\u00e8s nouveau dans ce domaine, cet outil s&rsquo;av\u00e9rera \u00eatre la bonne destination pour vous.<\/p>\n\n<p>Alors, qu&rsquo;attendez-vous maintenant ? Profitez de l&rsquo;utilisation de notre meilleur t\u00e9l\u00e9chargeur vid\u00e9o y2 et enregistrez la vid\u00e9o Twitter directement sur vos appareils en quelques secondes !<\/p>\n\n<h2 class=\"wp-block-heading\" id=\"frequently-asked-questions-faqs\">Foire aux questions &#8211; FAQ:<\/h2>\n\n<div class=\"schema-faq wp-block-yoast-faq-block\"><div class=\"schema-faq-section\" id=\"faq-question-1638944247061\"><strong class=\"schema-faq-question\">1. Ce Twitter Downloader HD est-il gratuit ? <\/strong> <p class=\"schema-faq-answer\">Oui, Y2mate-Twitter Video downloader est un service gratuit qui vous permet de t\u00e9l\u00e9charger vos vid\u00e9os Twitter souhait\u00e9es sans aucun inconv\u00e9nient en quelques secondes. Comme le logiciel de notre site Web est ind\u00e9pendant de la plate-forme, vous pouvez l&rsquo;utiliser avec votre Android, Mac, PC Linux et m\u00eame IOS (iPhone). <\/p> <\/div> <div class=\"schema-faq-section\" id=\"faq-question-1638944286240\"><strong class=\"schema-faq-question\">2. Le t\u00e9l\u00e9chargeur de vid\u00e9os en ligne y2mate conserve-t-il une copie de mes vid\u00e9os t\u00e9l\u00e9charg\u00e9es&nbsp;? <\/strong> <p class=\"schema-faq-answer\">Non, le t\u00e9l\u00e9chargeur Y2mate- Ymate pour tweeter ne stocke pas les vid\u00e9os que vous avez t\u00e9l\u00e9charg\u00e9es et notre site Web ne conserve aucune copie de la vid\u00e9o. Comme nous ne gardons pas trace des historiques de t\u00e9l\u00e9chargement de l&rsquo;utilisateur, l&rsquo;utilisation de Y2mate est totalement s\u00fbre et anonyme.<\/p> <\/div> <div class=\"schema-faq-section\" id=\"faq-question-1638944305864\"><strong class=\"schema-faq-question\">3. O\u00f9 mes vid\u00e9os seront-elles enregistr\u00e9es apr\u00e8s les avoir t\u00e9l\u00e9charg\u00e9es \u00e0 l&rsquo;aide de Twitter Clip Downloader ? <\/strong> <p class=\"schema-faq-answer\">Vos vid\u00e9os souhait\u00e9es sont g\u00e9n\u00e9ralement enregistr\u00e9es dans le dossier que vous avez d\u00e9fini comme \u00ab\u00a0par d\u00e9faut\u00a0\u00bb. Dans le cas de vos t\u00e9l\u00e9phones portables, la vid\u00e9o sera enregistr\u00e9e dans le \u00ab\u00a0dossier de t\u00e9l\u00e9chargements\u00a0\u00bb ou la galerie de votre t\u00e9l\u00e9phone. Mais lorsque vous utiliserez votre PC pour t\u00e9l\u00e9charger les vid\u00e9os Twitter \u00e0 l&rsquo;aide de notre t\u00e9l\u00e9chargeur de vid\u00e9os Twitter, elles seront enregistr\u00e9es dans le dossier \u00ab\u00a0T\u00e9l\u00e9chargements\u00a0\u00bb de votre ordinateur. <\/p> <\/div> <div class=\"schema-faq-section\" id=\"faq-question-1638944328590\"><strong class=\"schema-faq-question\">4. Le t\u00e9l\u00e9chargeur de vid\u00e9os Y2mate de Twitter prend-il \u00e9galement en charge d&rsquo;autres sites ? <\/strong> <p class=\"schema-faq-answer\">Oui, en effet Y2mate prend actuellement en charge plus de 30 sites, dont Likee, Instagram, Facebook, TikTok, Bandcamp, Break, Flickr, ESPN et bien d&rsquo;autres avec la meilleure efficacit\u00e9 que vous trouverez sur Internet. Tous sont conviviaux avec les fonctionnalit\u00e9s les plus r\u00e9centes et uniques.<\/p> <\/div> <div class=\"schema-faq-section\" id=\"faq-question-1638944367552\"><strong class=\"schema-faq-question\">5. <strong>Pourquoi devrais-je utiliser ce Tw<\/strong> ee <strong>t Video Downloade<\/strong> r mp4 <strong>?<\/strong><br><\/strong> <p class=\"schema-faq-answer\">Voici une liste de choses qui font que ce t\u00e9l\u00e9chargeur Twitter en ligne se d\u00e9marque des autres :<br>1. Utilisation gratuite.<br>2. Interface conviviale.<br>3. T\u00e9l\u00e9charge des vid\u00e9os en qualit\u00e9 HD.<br>4. Aucune annonce de lien direct incluse.<br>5. Rapide et facile.<br>6. Peut \u00e9galement t\u00e9l\u00e9charger des vid\u00e9os \u00e0 partir de comptes Twitter priv\u00e9s.<\/p> <\/div> <\/div>\n","protected":false},"excerpt":{"rendered":"<p>Vous recherchez un t\u00e9l\u00e9chargeur de tweets ultra-rapide et efficace \u00e0 utiliser, mais vous ne savez [&#8230;..]<\/p>\n","protected":false},"author":1,"featured_media":755,"parent":0,"menu_order":0,"comment_status":"closed","ping_status":"closed","template":"","meta":{"footnotes":""},"class_list":["post-899","page","type-page","status-publish","has-post-thumbnail","hentry"],"acf":[],"aioseo_notices":[],"_links":{"self":[{"href":"https:\/\/y2mate.me\/fr\/wp-json\/wp\/v2\/pages\/899","targetHints":{"allow":["GET"]}}],"collection":[{"href":"https:\/\/y2mate.me\/fr\/wp-json\/wp\/v2\/pages"}],"about":[{"href":"https:\/\/y2mate.me\/fr\/wp-json\/wp\/v2\/types\/page"}],"author":[{"embeddable":true,"href":"https:\/\/y2mate.me\/fr\/wp-json\/wp\/v2\/users\/1"}],"replies":[{"embeddable":true,"href":"https:\/\/y2mate.me\/fr\/wp-json\/wp\/v2\/comments?post=899"}],"version-history":[{"count":1,"href":"https:\/\/y2mate.me\/fr\/wp-json\/wp\/v2\/pages\/899\/revisions"}],"predecessor-version":[{"id":900,"href":"https:\/\/y2mate.me\/fr\/wp-json\/wp\/v2\/pages\/899\/revisions\/900"}],"wp:featuredmedia":[{"embeddable":true,"href":"https:\/\/y2mate.me\/fr\/wp-json\/wp\/v2\/media\/755"}],"wp:attachment":[{"href":"https:\/\/y2mate.me\/fr\/wp-json\/wp\/v2\/media?parent=899"}],"curies":[{"name":"wp","href":"https:\/\/api.w.org\/{rel}","templated":true}]}}