{"id":382,"date":"2021-12-21T12:38:58","date_gmt":"2021-12-21T12:38:58","guid":{"rendered":"https:\/\/y2mate.me\/telecharger-video-pinterest"},"modified":"2022-01-05T22:36:06","modified_gmt":"2022-01-05T22:36:06","slug":"telecharger-video-pinterest","status":"publish","type":"page","link":"https:\/\/y2mate.me\/fr\/telecharger-video-pinterest","title":{"rendered":"T\u00e9l\u00e9charger vid\u00e9o Pinterest"},"content":{"rendered":"\n<h2 class=\"wp-block-heading\">T\u00e9l\u00e9chargeur gratuit de vid\u00e9os Pinterest en ligne: <\/h2>\n\n<p>Vous avez du mal \u00e0 rechercher un t\u00e9l\u00e9charger vid\u00e9o Pinterest efficace ? Eh bien, vous \u00eates enfin arriv\u00e9 sur le bon site Web. Pinterest est l&rsquo;un des plus grands noms des plateformes de streaming de m\u00e9dias sociaux ces jours-ci. Y2mate &#8211; Downloader est un outil Pinterest de t\u00e9l\u00e9chargement de vid\u00e9os en ligne gratuit qui vous permet de t\u00e9l\u00e9charger facilement des vid\u00e9os de Pinterest. La meilleure partie de cet incroyable t\u00e9l\u00e9chargeur est qu&rsquo;il ne vous facturera pas un seul centime. C&rsquo;est un service Web simple qui permet \u00e0 ses utilisateurs de t\u00e9l\u00e9charger leurs formats pr\u00e9f\u00e9r\u00e9s (MP4, M4A, 3GP, WEBM et JPG) et leurs qualit\u00e9s (HD, SD). Pour utiliser cet outil, vous n&rsquo;avez m\u00eame pas besoin de t\u00e9l\u00e9charger ou d&rsquo;installer un quelconque logiciel ou plugin.<\/p>\n\n<h2 class=\"wp-block-heading\">Comment puis-je t\u00e9l\u00e9charger des vid\u00e9os \u00e0 l&rsquo;aide de Y2mate &#8211; T\u00e9l\u00e9charger vid\u00e9o Pinterest?<\/h2>\n\n<p>Comme nos utilisateurs le savent, Y2mate est un incroyable t\u00e9l\u00e9chargeur Pinterest qui ex\u00e9cute les fonctionnalit\u00e9s les plus avanc\u00e9es que vous trouverez sur Internet. Il donne \u00e0 nos utilisateurs une exp\u00e9rience d&rsquo;utilisation d&rsquo;un outil de niveau sup\u00e9rieur. Avec sa super vitesse, tout le monde sera satisfait de son service. Si vous suivez ces quelques \u00e9tapes simples, vous pouvez facilement t\u00e9l\u00e9charger vos vid\u00e9os Pinterest pr\u00e9f\u00e9r\u00e9es sans aucune difficult\u00e9 via ce t\u00e9l\u00e9chargeur.<\/p>\n\n<ol class=\"wp-block-list\"><li><strong>Ouvrir le site :<\/strong><\/li><\/ol>\n\n<p>Ensuite, vous devez vous rendre sur cette page sp\u00e9cifique sur Pinterest qui contient la vid\u00e9o que vous souhaitez t\u00e9l\u00e9charger.<\/p>\n\n<ol class=\"wp-block-list\" start=\"2\"><li><strong>Copiez l&rsquo;URL:<\/strong><\/li><\/ol>\n\n<p>Copiez le lien vers ce lien de t\u00e9l\u00e9chargement vid\u00e9o Pinterest particulier. <\/p>\n\n<ol class=\"wp-block-list\" start=\"3\"><li><strong>Ouvrez le t\u00e9l\u00e9chargeur:<\/strong><\/li><\/ol>\n\n<p>Ouvrez ce lien dans <a href=\"https:\/\/y2mate.me\/fr\/telecharger-video-pinterest\">y2mate.me\/Pinterest-video-downloader<\/a><\/p>\n\n<ol class=\"wp-block-list\" start=\"4\"><li><strong>Collez l&rsquo;URL:<\/strong><\/li><\/ol>\n\n<p>Collez l&rsquo;URL (le lien que vous avez copi\u00e9 depuis Pinterest) dans le champ de recherche ci-dessus.<\/p>\n\n<ol class=\"wp-block-list\" start=\"5\"><li><strong>S\u00e9lectionnez le format et t\u00e9l\u00e9chargez la vid\u00e9o:<\/strong><\/li><\/ol>\n\n<p>Tout ce que vous avez \u00e0 faire est de cliquer sur l&rsquo;ic\u00f4ne de t\u00e9l\u00e9chargement situ\u00e9e sur le c\u00f4t\u00e9 droit. Ensuite, le t\u00e9l\u00e9chargeur Pinterest extraira les liens vid\u00e9o MP4 de haute qualit\u00e9 de la vid\u00e9o choisie et vous donnera la possibilit\u00e9 de choisir la qualit\u00e9 dans laquelle vous souhaitez enregistrer votre vid\u00e9o. (SD ou HD).<\/p>\n\n<h2 class=\"wp-block-heading\">Fonctionnalit\u00e9s du t\u00e9l\u00e9charger des vid\u00e9os Pinterest :<\/h2>\n\n<p>Cet outil incroyable pour t\u00e9l\u00e9charger vos vid\u00e9os pr\u00e9f\u00e9r\u00e9es de Pinterest est unique en raison de ses caract\u00e9ristiques uniques suivantes :<\/p>\n\n<h4 class=\"wp-block-heading\">T\u00e9l\u00e9chargeur rapide:<\/h4>\n\n<p>C&rsquo;est bon pour t\u00e9l\u00e9charger des vid\u00e9os de Pinterest \u00e0 une vitesse tr\u00e8s rapide sans aucune attente ni perte de temps.<\/p>\n\n<h4 class=\"wp-block-heading\">Haute qualit\u00e9 et r\u00e9solution:<\/h4>\n\n<p>Vous pouvez t\u00e9l\u00e9charger des vid\u00e9os de haute r\u00e9solution avec ce t\u00e9l\u00e9chargeur comme des vid\u00e9os HD et SD sans aucun probl\u00e8me. Les performances de la vid\u00e9o t\u00e9l\u00e9charg\u00e9e sont d&rsquo;une qualit\u00e9 incroyable.<\/p>\n\n<h4 class=\"wp-block-heading\">Portabilit\u00e9:<\/h4>\n\n<p>Ceci est fortement d&rsquo;accord sur la portabilit\u00e9 des vid\u00e9os t\u00e9l\u00e9charg\u00e9es. Les caract\u00e9ristiques de la vid\u00e9o restent inchang\u00e9es en t\u00e9l\u00e9chargeant la vid\u00e9o via ce t\u00e9l\u00e9chargeur en ligne gratuit.<\/p>\n\n<h4 class=\"wp-block-heading\">Gratuit:<\/h4>\n\n<p>Il s&rsquo;agit d&rsquo;un t\u00e9l\u00e9chargeur parfaitement gratuit. Vous pouvez t\u00e9l\u00e9charger librement n&rsquo;importe quelle vid\u00e9o de Pinterest sans d\u00e9penser aucun montant. C&rsquo;est gratuit et facile \u00e0 utiliser pour l&rsquo;utilisateur.<\/p>\n\n<h4 class=\"wp-block-heading\">Format:<\/h4>\n\n<p>Cet outil Pinterest de t\u00e9l\u00e9chargement vid\u00e9o en ligne gratuit vous permet de s\u00e9lectionner le format mp4 du contenu vid\u00e9o s\u00e9lectionn\u00e9 \u00e0 t\u00e9l\u00e9charger dans ce format. Ainsi, selon votre besoin et votre int\u00e9r\u00eat, vous pouvez t\u00e9l\u00e9charger la vid\u00e9o souhait\u00e9e au format mp4 en quelques secondes seulement. <\/p>\n\n<h2 class=\"wp-block-heading\">Questions fr\u00e9quemment pos\u00e9es:<\/h2>\n\n<div class=\"schema-faq wp-block-yoast-faq-block\"><div class=\"schema-faq-section\" id=\"faq-question-1639379056954\"><strong class=\"schema-faq-question\">Oui! Vous pouvez partager les vid\u00e9os t\u00e9l\u00e9charg\u00e9es sur l&rsquo;une des autres plateformes de r\u00e9seaux sociaux selon vos besoins. <strong>Y2mate &#8211; Pinterest Downloader est-il s\u00fbr \u00e0 utiliser ?<\/strong><\/strong> <p class=\"schema-faq-answer\">Oui, vous pouvez compter sur notre t\u00e9l\u00e9chargeur de vid\u00e9os pour t\u00e9l\u00e9charger et enregistrer en toute s\u00e9curit\u00e9 des vid\u00e9os Pinterest gratuitement sur votre appareil sans aucun probl\u00e8me. En suivant notre guide, vous serez s\u00fbrement satisfait de l&rsquo;utilisation de ce t\u00e9l\u00e9chargeur. <\/p> <\/div> <div class=\"schema-faq-section\" id=\"faq-question-1639379070227\"><strong class=\"schema-faq-question\"><strong>O\u00f9 mes vid\u00e9os seront-elles enregistr\u00e9es sur mon appareil apr\u00e8s les avoir t\u00e9l\u00e9charg\u00e9es \u00e0 l&rsquo;aide de Pinterest Downloader?<\/strong><\/strong> <p class=\"schema-faq-answer\">Lorsque vous utilisez Y2mate &#8211; Pinterest Downloader pour t\u00e9l\u00e9charger vos vid\u00e9os Pinterest souhait\u00e9es, elles sont g\u00e9n\u00e9ralement enregistr\u00e9es dans le dossier que vous avez d\u00e9fini comme \u00ab\u00a0par d\u00e9faut\u00a0\u00bb. Sur votre t\u00e9l\u00e9phone mobile, la vid\u00e9o sera enregistr\u00e9e dans le \u00ab dossier de t\u00e9l\u00e9chargements \u00bb ou la galerie de votre t\u00e9l\u00e9phone. Mais lorsque vous utilisez votre PC pour t\u00e9l\u00e9charger les vid\u00e9os, elles seront enregistr\u00e9es dans le dossier \u00abT\u00e9l\u00e9chargements\u00bb de votre ordinateur. <\/p> <\/div> <div class=\"schema-faq-section\" id=\"faq-question-1639379082957\"><strong class=\"schema-faq-question\"><strong>Puis-je t\u00e9l\u00e9charger les vid\u00e9os Pinterest dans plusieurs formats ?<\/strong><\/strong> <p class=\"schema-faq-answer\">Oui, vous pouvez t\u00e9l\u00e9charger les vid\u00e9os dans plusieurs formats. Vous pouvez le t\u00e9l\u00e9charger dans diff\u00e9rents formats, notamment MP4, M4A, 3GP, WEBM et JPG. Vous aurez diff\u00e9rentes options disponibles sur chaque vid\u00e9o en termes de format. Cliquez simplement sur celui dont vous avez besoin et profitez-en. Il vous fait gagner du temps et de l&rsquo;argent avec une grande efficacit\u00e9 !<\/p> <\/div> <div class=\"schema-faq-section\" id=\"faq-question-1639379094863\"><strong class=\"schema-faq-question\"><strong>Cet outil est-il parfaitement gratuit ?<\/strong><\/strong> <p class=\"schema-faq-answer\">Ce t\u00e9l\u00e9chargeur de vid\u00e9os en ligne est parfaitement gratuit. Vous n&rsquo;avez pas besoin de d\u00e9penser d&rsquo;argent pour t\u00e9l\u00e9charger vos vid\u00e9os pr\u00e9f\u00e9r\u00e9es.<\/p> <\/div> <div class=\"schema-faq-section\" id=\"faq-question-1639379116112\"><strong class=\"schema-faq-question\"><strong>Puis-je partager les vid\u00e9os t\u00e9l\u00e9charg\u00e9es sur l&rsquo;une des autres plateformes de r\u00e9seaux sociaux?<\/strong><\/strong> <p class=\"schema-faq-answer\">Oui! Vous pouvez partager les vid\u00e9os t\u00e9l\u00e9charg\u00e9es sur l&rsquo;une des autres plateformes de r\u00e9seaux sociaux selon vos besoins.<\/p> <\/div> <\/div>\n","protected":false},"excerpt":{"rendered":"<p>T\u00e9l\u00e9chargeur gratuit de vid\u00e9os Pinterest en ligne: Vous avez du mal \u00e0 rechercher un t\u00e9l\u00e9charger [&#8230;..]<\/p>\n","protected":false},"author":1,"featured_media":215,"parent":0,"menu_order":0,"comment_status":"closed","ping_status":"closed","template":"pinterest-page.php","meta":{"footnotes":""},"class_list":["post-382","page","type-page","status-publish","has-post-thumbnail","hentry"],"acf":[],"aioseo_notices":[],"_links":{"self":[{"href":"https:\/\/y2mate.me\/fr\/wp-json\/wp\/v2\/pages\/382","targetHints":{"allow":["GET"]}}],"collection":[{"href":"https:\/\/y2mate.me\/fr\/wp-json\/wp\/v2\/pages"}],"about":[{"href":"https:\/\/y2mate.me\/fr\/wp-json\/wp\/v2\/types\/page"}],"author":[{"embeddable":true,"href":"https:\/\/y2mate.me\/fr\/wp-json\/wp\/v2\/users\/1"}],"replies":[{"embeddable":true,"href":"https:\/\/y2mate.me\/fr\/wp-json\/wp\/v2\/comments?post=382"}],"version-history":[{"count":0,"href":"https:\/\/y2mate.me\/fr\/wp-json\/wp\/v2\/pages\/382\/revisions"}],"wp:featuredmedia":[{"embeddable":true,"href":"https:\/\/y2mate.me\/fr\/wp-json\/wp\/v2\/media\/215"}],"wp:attachment":[{"href":"https:\/\/y2mate.me\/fr\/wp-json\/wp\/v2\/media?parent=382"}],"curies":[{"name":"wp","href":"https:\/\/api.w.org\/{rel}","templated":true}]}}