{"id":348,"date":"2021-12-21T10:36:20","date_gmt":"2021-12-21T10:36:20","guid":{"rendered":"https:\/\/y2mate.me\/telecharger-video-facebook"},"modified":"2023-12-04T12:14:33","modified_gmt":"2023-12-04T12:14:33","slug":"telecharger-video-facebook","status":"publish","type":"page","link":"https:\/\/y2mate.me\/fr\/telecharger-video-facebook","title":{"rendered":"T\u00e9l\u00e9chargeur de vid\u00e9os Facebook"},"content":{"rendered":"\n<h2 class=\"wp-block-heading\" id=\"free-online-y2mate-facebook-video-downloader\"><strong>T\u00e9l\u00e9charger vid\u00e9o Facebook en ligne gratuit Y2Mate Facebook<\/strong><\/h2>\n\n<p><strong>Y2mate Facebook video downloader <\/strong>est l&rsquo;un des meilleurs outils gratuits de t\u00e9l\u00e9chargement de vid\u00e9os Facebook en ligne qui vous aide \u00e0 t\u00e9l\u00e9charger les vid\u00e9os Facebook de votre choix aux formats MP4 y2mate (vid\u00e9o). Il permet \u00e0 ses utilisateurs de convertir gratuitement des vid\u00e9os Facebook en qualit\u00e9 HD sur leurs appareils. Ce service y2mate Hd Fb fonctionne pour votre Android, Mac, iPhone, Windows, Linux, etc.<\/p>\n\n<p>Ce t\u00e9l\u00e9chargeur vid\u00e9o avanc\u00e9 acc\u00e8de \u00e0 cette page Facebook et extrait directement les liens MP4 de la vid\u00e9o souhait\u00e9e. Sans avoir \u00e0 installer de plugins ou de logiciels, Y2mate est totalement gratuit et sans tracas. Alors, profitez de l&rsquo;utilisation de notre site Web!<\/p>\n\n<h2 class=\"wp-block-heading\" id=\"how-can-i-download-facebook-videos-using-y2-mate-facebook-video-downloader\"><strong>Comment puis-je t\u00e9l\u00e9charger des vid\u00e9os Facebook \u00e0 l&rsquo;aide de Y2 mate telecharger video depuis facebook? <\/strong><\/h2>\n\n<p>Voici les \u00e9tapes simples pour t\u00e9l\u00e9charger vos vid\u00e9os Facebook pr\u00e9f\u00e9r\u00e9es en utilisant notre site Web : <\/p>\n\n<p><strong>\u00c9tape 1 : Ouvrez Facebook<br\/><\/strong>Tout d&rsquo;abord, visitez le site Web de <a href=\"http:\/\/Facebook.com\">Facebook<\/a> et trouvez la vid\u00e9o que vous souhaitez t\u00e9l\u00e9charger.<\/p>\n\n<figure class=\"wp-block-image size-large is-resized\"><img fetchpriority=\"high\" decoding=\"async\" width=\"1024\" height=\"536\" src=\"https:\/\/y2mate.me\/wp-content\/uploads\/2023\/11\/s1-1024x536.png\" alt=\"\" class=\"wp-image-10426\" style=\"width:700px\" srcset=\"https:\/\/y2mate.me\/wp-content\/uploads\/2023\/11\/s1-1024x536.png 1024w, https:\/\/y2mate.me\/wp-content\/uploads\/2023\/11\/s1-300x157.png 300w, https:\/\/y2mate.me\/wp-content\/uploads\/2023\/11\/s1-768x402.png 768w, https:\/\/y2mate.me\/wp-content\/uploads\/2023\/11\/s1.png 1200w\" sizes=\"(max-width: 1024px) 100vw, 1024px\" \/><\/figure>\n\n<p><strong>\u00c9tape 2 : Copier l&rsquo;URL :<\/strong><br\/>Ensuite, acc\u00e9dez \u00e0 la page sp\u00e9cifique sur Facebook qui contient la vid\u00e9o que vous souhaitez t\u00e9l\u00e9charger et copiez le lien de cette vid\u00e9o FB.<\/p>\n\n<figure class=\"wp-block-image size-large is-resized\"><img decoding=\"async\" width=\"1024\" height=\"536\" src=\"https:\/\/y2mate.me\/wp-content\/uploads\/2023\/11\/s2-1024x536.png\" alt=\"Copier le lien de la vid&#xE9;o facebook\" class=\"wp-image-10437\" style=\"width:700px\" srcset=\"https:\/\/y2mate.me\/wp-content\/uploads\/2023\/11\/s2-1024x536.png 1024w, https:\/\/y2mate.me\/wp-content\/uploads\/2023\/11\/s2-300x157.png 300w, https:\/\/y2mate.me\/wp-content\/uploads\/2023\/11\/s2-768x402.png 768w, https:\/\/y2mate.me\/wp-content\/uploads\/2023\/11\/s2.png 1200w\" sizes=\"(max-width: 1024px) 100vw, 1024px\" \/><\/figure>\n\n<p><strong>\u00c9tape 3 : Ouvrez Facebook Reels Downloader :<\/strong><\/p>\n\n<p>Ouvrez le site<a href=\"https:\/\/y2mate.me\/fr\/telecharger-video-facebook\"> y2mate com Facebook video download online tool<\/a>.<\/p>\n\n<figure class=\"wp-block-image size-large is-resized\"><img decoding=\"async\" width=\"1024\" height=\"536\" src=\"https:\/\/y2mate.me\/wp-content\/uploads\/2023\/11\/s3-1024x536.png\" alt=\"Ouvrir Facebook video Downloader\" class=\"wp-image-10448\" style=\"width:700px\" srcset=\"https:\/\/y2mate.me\/wp-content\/uploads\/2023\/11\/s3-1024x536.png 1024w, https:\/\/y2mate.me\/wp-content\/uploads\/2023\/11\/s3-300x157.png 300w, https:\/\/y2mate.me\/wp-content\/uploads\/2023\/11\/s3-768x402.png 768w, https:\/\/y2mate.me\/wp-content\/uploads\/2023\/11\/s3.png 1200w\" sizes=\"(max-width: 1024px) 100vw, 1024px\" \/><\/figure>\n\n<p><strong>\u00c9tape 4 : Collez l&rsquo;URL de la vid\u00e9o Facebook :<\/strong><\/p>\n\n<p>Maintenant, collez l&rsquo;URL (le lien que vous avez copi\u00e9) dans la zone de texte de saisie du t\u00e9l\u00e9chargeur Y2 mate FB (ci-dessus) et cliquez sur l&rsquo;ic\u00f4ne \u00abT\u00e9l\u00e9charger\u00bb.<\/p>\n\n<figure class=\"wp-block-image size-large is-resized\"><img loading=\"lazy\" decoding=\"async\" width=\"1024\" height=\"536\" src=\"https:\/\/y2mate.me\/wp-content\/uploads\/2023\/11\/s4-1024x536.png\" alt=\"Coller le lien vid&#xE9;o dans le t&#xE9;l&#xE9;chargeur vid&#xE9;o de Facebook\" class=\"wp-image-10459\" style=\"width:700px\" srcset=\"https:\/\/y2mate.me\/wp-content\/uploads\/2023\/11\/s4-1024x536.png 1024w, https:\/\/y2mate.me\/wp-content\/uploads\/2023\/11\/s4-300x157.png 300w, https:\/\/y2mate.me\/wp-content\/uploads\/2023\/11\/s4-768x402.png 768w, https:\/\/y2mate.me\/wp-content\/uploads\/2023\/11\/s4.png 1200w\" sizes=\"(max-width: 1024px) 100vw, 1024px\" \/><\/figure>\n\n<p><strong>\u00c9tape 4 : T\u00e9l\u00e9charger la vid\u00e9o facebook<\/strong><\/p>\n\n<p>Ensuite, cliquez sur le bouton de t\u00e9l\u00e9chargement des vid\u00e9os FB et s\u00e9lectionnez l&rsquo;option enregistrer les vid\u00e9os Facebook\/ t\u00e9l\u00e9charger les vid\u00e9os Facebook.<\/p>\n\n<figure class=\"wp-block-image size-large is-resized\"><img loading=\"lazy\" decoding=\"async\" width=\"1024\" height=\"536\" src=\"https:\/\/y2mate.me\/wp-content\/uploads\/2023\/11\/s5-1024x536.png\" alt=\"T&#xE9;l&#xE9;charger les vid&#xE9;os FB\" class=\"wp-image-10470\" style=\"width:700px\" srcset=\"https:\/\/y2mate.me\/wp-content\/uploads\/2023\/11\/s5-1024x536.png 1024w, https:\/\/y2mate.me\/wp-content\/uploads\/2023\/11\/s5-300x157.png 300w, https:\/\/y2mate.me\/wp-content\/uploads\/2023\/11\/s5-768x402.png 768w, https:\/\/y2mate.me\/wp-content\/uploads\/2023\/11\/s5.png 1200w\" sizes=\"(max-width: 1024px) 100vw, 1024px\" \/><\/figure>\n\n<p><strong>\u00c9tape 5 : S\u00e9lectionnez le format et la r\u00e9solution :<\/strong><\/p>\n\n<p>Notre t\u00e9l\u00e9chargeur de vid\u00e9os Y2mate FB extraira ensuite des liens vid\u00e9o MP4 de haute qualit\u00e9 et vous donnera la possibilit\u00e9 de choisir la qualit\u00e9 que vous souhaitez (HD ou SD). <\/p>\n\n<figure class=\"wp-block-image size-large is-resized\"><img loading=\"lazy\" decoding=\"async\" width=\"1024\" height=\"536\" src=\"https:\/\/y2mate.me\/wp-content\/uploads\/2023\/11\/s6-1024x536.png\" alt=\"S&#xE9;lectionner la r&#xE9;solution de la vid&#xE9;o Facebook\" class=\"wp-image-10481\" style=\"width:700px\" srcset=\"https:\/\/y2mate.me\/wp-content\/uploads\/2023\/11\/s6-1024x536.png 1024w, https:\/\/y2mate.me\/wp-content\/uploads\/2023\/11\/s6-300x157.png 300w, https:\/\/y2mate.me\/wp-content\/uploads\/2023\/11\/s6-768x402.png 768w, https:\/\/y2mate.me\/wp-content\/uploads\/2023\/11\/s6.png 1200w\" sizes=\"(max-width: 1024px) 100vw, 1024px\" \/><\/figure>\n\n<h2 class=\"wp-block-heading\" id=\"how-to-use-a-y2-facebook-video-downloader\"><strong>Comment utiliser un t\u00e9l\u00e9chargeur de vid\u00e9os Facebook en ligne sur mobile et IOS ?<\/strong><\/h2>\n\n<ul class=\"wp-block-list\">\n<li>Copiez l&rsquo;URL de la vid\u00e9o Facebook que vous souhaitez t\u00e9l\u00e9charger.<\/li>\n\n\n\n<li>Collez le lien de t\u00e9l\u00e9chargement de la vid\u00e9o Facebook dans le champ donn\u00e9 de y2mate Hd Fb downloader.<\/li>\n\n\n\n<li>Cliquez sur le bouton ou l&rsquo;ic\u00f4ne <strong>T\u00e9l\u00e9charger la<\/strong> vid\u00e9o Facebook pour enregistrer la vid\u00e9o y2mate.<\/li>\n<\/ul>\n\n<h2 class=\"wp-block-heading\" id=\"key-features\"><strong>Raisons d&rsquo;utiliser Y2mate Facebook Video Downloader<\/strong><\/h2>\n\n<p>L&rsquo;utilisation de notre site Web est gratuite et aucun logiciel ni enregistrement n&rsquo;est requis. Amusez-vous et utilisez notre site Web.<\/p>\n\n<p><strong>1. Excellente qualit\u00e9<\/strong><\/p>\n\n<p>Vous pouvez t\u00e9l\u00e9charger des vid\u00e9os Facebook en FULL HD et 4K avec du son \u00e0 partir de notre t\u00e9l\u00e9chargeur Facebook gratuit. La grande majorit\u00e9 des outils actuellement disponibles ne prennent en charge que la vid\u00e9o HD.<\/p>\n\n<p><strong>2. Facile \u00e0 mettre en \u0153uvre<\/strong><\/p>\n\n<p>Quel que soit l&rsquo;appareil (t\u00e9l\u00e9phone, PC ou tablette) et le syst\u00e8me d&rsquo;exploitation, il existe un t\u00e9l\u00e9chargeur de vid\u00e9os Facebook (Android, IOS). Il n&rsquo;est pas n\u00e9cessaire d&rsquo;installer de logiciel.<\/p>\n\n<p><strong>3. Gratuit<\/strong><\/p>\n\n<p>Il restera sans entrave \u00e0 tout moment. Pour nous aider \u00e0 financer notre expansion, nous ne faisons que diffuser quelques annonces.<\/p>\n\n<p><strong>4. S\u00fbr et s\u00e9curis\u00e9<\/strong><\/p>\n\n<p>Notre incroyable t\u00e9l\u00e9chargeur est totalement s\u00fbr et s\u00e9curis\u00e9. Les vid\u00e9os que vous t\u00e9l\u00e9chargez avec notre t\u00e9l\u00e9chargeur ne sont jamais conserv\u00e9es chez nous. Vous pouvez l&rsquo;utiliser pour t\u00e9l\u00e9charger n&rsquo;importe quelle vid\u00e9o sans vous soucier du vol de donn\u00e9es.<\/p>\n\n<p><strong>5. T\u00e9l\u00e9chargements illimit\u00e9s<\/strong><\/p>\n\n<p>Nous ne limitons jamais nos utilisateurs au nombre de vid\u00e9os FB qu&rsquo;ils peuvent t\u00e9l\u00e9charger en utilisant le t\u00e9l\u00e9chargeur Y2mate pour les vid\u00e9os FB. Vous pouvez t\u00e9l\u00e9charger un nombre illimit\u00e9 de vid\u00e9os Facebook sans effort.<\/p>\n\n<p><strong>6. Prise en charge de tous les syst\u00e8mes d&rsquo;exploitation<\/strong><\/p>\n\n<p>Il prend en charge tous les syst\u00e8mes d&rsquo;exploitation, qu&rsquo;il s&rsquo;agisse d&rsquo;Android ou d&rsquo;iOS. Notre t\u00e9l\u00e9chargeur est bas\u00e9 sur le web, vous pouvez donc l&rsquo;utiliser sans probl\u00e8me sur n&rsquo;importe quel appareil ou navigateur.<\/p>\n\n<h2 class=\"wp-block-heading\"><strong>T\u00e9l\u00e9charger Facebook Story avec y2mate<\/strong><\/h2>\n\n<p>Aujourd&rsquo;hui, les histoires Facebook sont \u00e0 la mode. Les gens publient diverses histoires passionnantes sur leurs comptes FB. Malheureusement, il n&rsquo;est pas possible de les t\u00e9l\u00e9charger directement \u00e0 partir de Facebook. Mais il est loin le temps o\u00f9 le t\u00e9l\u00e9chargement d&rsquo;histoires FB \u00e9tait difficile, voire inexistant. Maintenant, il devient tr\u00e8s facile de t\u00e9l\u00e9charger votre histoire FB pr\u00e9f\u00e9r\u00e9e. <strong>\n  <a href=\"https:\/\/y2mate.me\/fr\">Y2mate.me<\/a>\n<\/strong> est le meilleur t\u00e9l\u00e9chargeur d&rsquo;histoires Facebook qui permet de sauvegarder les vid\u00e9os des histoires Facebook en collant simplement le lien de cette histoire. De plus, vous n&rsquo;avez besoin d&rsquo;aucune application ou logiciel externe pour t\u00e9l\u00e9charger les histoires FB.  <\/p>\n\n<p>Facebook a lanc\u00e9 une nouvelle fonctionnalit\u00e9 de vid\u00e9os de bobines Facebook qui peuvent \u00eatre t\u00e9l\u00e9charg\u00e9es efficacement en utilisant notre <a href=\"https:\/\/y2mate.me\/facebook-reels-download\">t\u00e9l\u00e9chargeur de bobines Facebook<\/a>.  <\/p>\n","protected":false},"excerpt":{"rendered":"<p>T\u00e9l\u00e9charger vid\u00e9o Facebook en ligne gratuit Y2Mate Facebook Y2mate Facebook video downloader est l&rsquo;un des [&#8230;..]<\/p>\n","protected":false},"author":1,"featured_media":203,"parent":0,"menu_order":0,"comment_status":"closed","ping_status":"closed","template":"facebook-page.php","meta":{"footnotes":""},"class_list":["post-348","page","type-page","status-publish","has-post-thumbnail","hentry"],"acf":[],"aioseo_notices":[],"_links":{"self":[{"href":"https:\/\/y2mate.me\/fr\/wp-json\/wp\/v2\/pages\/348","targetHints":{"allow":["GET"]}}],"collection":[{"href":"https:\/\/y2mate.me\/fr\/wp-json\/wp\/v2\/pages"}],"about":[{"href":"https:\/\/y2mate.me\/fr\/wp-json\/wp\/v2\/types\/page"}],"author":[{"embeddable":true,"href":"https:\/\/y2mate.me\/fr\/wp-json\/wp\/v2\/users\/1"}],"replies":[{"embeddable":true,"href":"https:\/\/y2mate.me\/fr\/wp-json\/wp\/v2\/comments?post=348"}],"version-history":[{"count":2,"href":"https:\/\/y2mate.me\/fr\/wp-json\/wp\/v2\/pages\/348\/revisions"}],"predecessor-version":[{"id":10661,"href":"https:\/\/y2mate.me\/fr\/wp-json\/wp\/v2\/pages\/348\/revisions\/10661"}],"wp:featuredmedia":[{"embeddable":true,"href":"https:\/\/y2mate.me\/fr\/wp-json\/wp\/v2\/media\/203"}],"wp:attachment":[{"href":"https:\/\/y2mate.me\/fr\/wp-json\/wp\/v2\/media?parent=348"}],"curies":[{"name":"wp","href":"https:\/\/api.w.org\/{rel}","templated":true}]}}