{"id":322,"date":"2021-12-21T06:13:34","date_gmt":"2021-12-21T06:13:34","guid":{"rendered":"https:\/\/y2mate.me\/telecharger-tiktok-video"},"modified":"2022-04-29T06:41:07","modified_gmt":"2022-04-29T06:41:07","slug":"telecharger-tiktok-video","status":"publish","type":"page","link":"https:\/\/y2mate.me\/fr\/telecharger-tiktok-video","title":{"rendered":"T\u00e9l\u00e9chargeur de vid\u00e9os TikTok"},"content":{"rendered":"\n<p>TikTok est de l&rsquo;or pour ceux qui aiment cr\u00e9er des vid\u00e9os amusantes de synchronisation labiale et les partager avec leurs amis et leur famille. D\u00e9cider quel <em>TikTok Video Downloader<\/em> utiliser peut \u00eatre difficile car il y en a tellement qui flottent sur Internet de nos jours. Si vous \u00eates dans le m\u00eame dilemme, ne vous inqui\u00e9tez pas car maintenant, vous \u00eates sur le bon site Web ! Le <em>t\u00e9l\u00e9chargeur vid\u00e9o Y2mate TikTok<\/em> est le meilleur outil en ligne gratuit qui vous permet de t\u00e9l\u00e9charger vos vid\u00e9os TikTok pr\u00e9f\u00e9r\u00e9es dans le format de votre choix. La chose la plus incroyable \u00e0 ce sujet est qu&rsquo;il ne n\u00e9cessite l&rsquo;installation d&rsquo;aucun logiciel ou plugin. Si quelqu&rsquo;un n&rsquo;est peut-\u00eatre pas tr\u00e8s techno, alors ce t\u00e9l\u00e9chargeur de vid\u00e9os TikTok y2mate est fait pour lui car il lui permet de t\u00e9l\u00e9charger ses vid\u00e9os TikTok pr\u00e9f\u00e9r\u00e9es sans aucun probl\u00e8me.<\/p>\n\n<h2 class=\"wp-block-heading\" id=\"looking-for-the-best-tiktok-video-downloader\">Vous recherchez le meilleur t\u00e9l\u00e9chargeur de vid\u00e9os TikTok?<\/h2>\n\n<p><strong>Tiktok<\/strong> est une application de partage de vid\u00e9os de courts m\u00e9trages qui permet \u00e0 son utilisateur de cr\u00e9er de courtes vid\u00e9os d&rsquo;environ 15 secondes et de les partager avec leurs amis et leurs fans. Cependant, comme toutes les autres plateformes populaires, Tiktok n&rsquo;autorise pas non plus ses utilisateurs \u00e0 t\u00e9l\u00e9charger directement le contenu disponible sur celle-ci. Il ne permet pas de t\u00e9l\u00e9charger ses vid\u00e9os et de les enregistrer sur nos appareils. Mais c&rsquo;est \u00e0 cela que servent les outils tiers comme TikTok Downloaders App !<\/p>\n\n<p>Il nous permet de t\u00e9l\u00e9charger des vid\u00e9os TikTok de tout type afin que nous puissions simplement<strong> <\/strong>regardez-les plus tard m\u00eame lorsque nous sommes hors ligne. Il nous suffit de copier l&rsquo;\u00ab URL \u00bb de la vid\u00e9o que nous souhaitons t\u00e9l\u00e9charger et de la coller sur le site Web de l&rsquo;outil pour un traitement ult\u00e9rieur. Ce que nous aimons le plus dans le t\u00e9l\u00e9chargement de vid\u00e9os TikTok, c&rsquo;est que vous n&rsquo;avez m\u00eame pas besoin de t\u00e9l\u00e9charger ou d&rsquo;installer un logiciel ou un plug-in pour utiliser ce service en ligne. Il fournit le meilleur service en extrayant directement les liens vid\u00e9o (Mp4) de la vid\u00e9o que vous s\u00e9lectionnez. Ce site peut vous aider et fera le travail garanti\u00a0!<\/p>\n\n<h2 class=\"wp-block-heading\" id=\"how-to-use-a-tiktok-video-downloader\">Comment utiliser un t\u00e9l\u00e9chargeur de vid\u00e9os TikTok ? <\/h2>\n\n<ul class=\"wp-block-list\"><li>Copiez l&rsquo;URL de la vid\u00e9o TikTok que vous souhaitez t\u00e9l\u00e9charger.<\/li><li>Collez l&rsquo;URL que vous avez copi\u00e9e dans la zone de champ indiqu\u00e9e sur le c\u00f4t\u00e9. <\/li><li>Cliquez sur le bouton ou l&rsquo;ic\u00f4ne \u00abt\u00e9l\u00e9charger\u00bb pour enregistrer la vid\u00e9o TikTok. <\/li><\/ul>\n\n<div class=\"schema-how-to wp-block-yoast-how-to-block\"><p class=\"schema-how-to-total-time\"><span class=\"schema-how-to-duration-time-text\">Temps n\u00e9cessaire :<\/span> 1 minute. <\/p><p class=\"schema-how-to-description\"><strong>Comment puis-je t\u00e9l\u00e9charger des vid\u00e9os TikTok \u00e0 l&rsquo;aide du t\u00e9l\u00e9chargeur de vid\u00e9os Y2mate<\/strong> <strong>TikTok&nbsp;?<\/strong> <br>Il s&rsquo;agit d&rsquo;un outil tr\u00e8s simple et \u00e0 partir de l\u00e0, vous faites un pas de plus vers le t\u00e9l\u00e9chargement de vos vid\u00e9os TikTok et cela aussi sans avoir \u00e0 installer de logiciel ou de module compl\u00e9mentaire. Tout ce que vous avez \u00e0 faire est de suivre les quelques instructions ci-dessous et votre travail sera fait en quelques secondes. <\/p> <ol class=\"schema-how-to-steps\"><li class=\"schema-how-to-step\" id=\"how-to-step-1638940679578\"><strong class=\"schema-how-to-step-name\">Ouvrir le site:<\/strong> <p class=\"schema-how-to-step-text\">Ouvrez le site <a href=\"https:\/\/y2mate.me\/fr\/telecharger-tiktok-video\">https:\/\/y2mate.me\/tiktok-video-downloader<\/a> . Ouvrez l&rsquo;application TikTok et recherchez la vid\u00e9o que vous souhaitez t\u00e9l\u00e9charger.<\/p> <\/li><li class=\"schema-how-to-step\" id=\"how-to-step-1638940835252\"><strong class=\"schema-how-to-step-name\">Copiez l&rsquo;URL:<\/strong> <p class=\"schema-how-to-step-text\">Copiez l&rsquo;URL de cette vid\u00e9o TikTok.<\/p> <\/li><li class=\"schema-how-to-step\" id=\"how-to-step-1638940865355\"><strong class=\"schema-how-to-step-name\">Collez l&rsquo;URL:<\/strong> <p class=\"schema-how-to-step-text\">Maintenant, collez l&rsquo;URL dans la zone de texte de saisie y2 mate TikTok (ci-dessus) et cliquez sur l&rsquo;ic\u00f4ne \u00ab\u00a0T\u00e9l\u00e9charger\u00a0\u00bb.<\/p> <\/li><li class=\"schema-how-to-step\" id=\"how-to-step-1638940899875\"><strong class=\"schema-how-to-step-name\">S\u00e9lectionnez Formater et t\u00e9l\u00e9charger des vid\u00e9os:<\/strong> <p class=\"schema-how-to-step-text\">Notre t\u00e9l\u00e9chargeur de vid\u00e9os Y2mate-TikTok extraira ensuite les liens vid\u00e9o MP4 de haute qualit\u00e9 de la vid\u00e9o et vous donnera la possibilit\u00e9 de choisir la qualit\u00e9 dans laquelle vous souhaitez enregistrer votre vid\u00e9o. (HD ou SD). <br>Votre vid\u00e9o sera t\u00e9l\u00e9charg\u00e9e avec succ\u00e8s et enregistr\u00e9e sur votre appareil. <\/p> <\/li><\/ol><\/div>\n\n<h2 class=\"wp-block-heading\" id=\"key-features\">Principales caract\u00e9ristiques:<\/h2>\n\n<h3 class=\"wp-block-heading\" id=\"1-unlimited-downloads\">1. T\u00e9l\u00e9chargements illimit\u00e9s:<\/h3>\n\n<p>L&rsquo;une des principales caract\u00e9ristiques qui incitent les utilisateurs \u00e0 continuer \u00e0 utiliser ce fantastique t\u00e9l\u00e9chargement en ligne de y2mate TikTok est qu&rsquo;il n&rsquo;impose aucune restriction ou limitation quant \u00e0 la quantit\u00e9 de son utilisation. T\u00e9l\u00e9chargez des vid\u00e9os illimit\u00e9es sans vous soucier des t\u00e9l\u00e9chargements pr\u00e9c\u00e9dents et profitez de cette opportunit\u00e9 unique !<\/p>\n\n<h3 class=\"wp-block-heading\" id=\"2-free-service\"><strong>2.<\/strong> Service gratuit :<\/h3>\n\n<p>T\u00e9l\u00e9chargez des vid\u00e9os <strong><a href=\"https:\/\/www.tiktok.com\/\">Tiktok<\/a><\/strong> en ligne gratuitement ! Des PC et ordinateurs portables aux smartphones, optez simplement pour ce site Web d\u00e9di\u00e9 pour t\u00e9l\u00e9charger vos vid\u00e9os Tiktok pr\u00e9f\u00e9r\u00e9es sans avoir \u00e0 d\u00e9penser un centime.<\/p>\n\n<h3 class=\"wp-block-heading\" id=\"3-fast-speed\"><strong>3.<\/strong> Vitesse rapide:<\/h3>\n\n<p>Cet outil est l&rsquo;un des outils les plus rapides que vous rencontrerez sur Internet aujourd&rsquo;hui. Il a le pouvoir de convertir et de t\u00e9l\u00e9charger des vid\u00e9os \u00e0 partir de liens extraits en quelques secondes seulement.<\/p>\n\n<h3 class=\"wp-block-heading\" id=\"4-downloads-y2mate-mp4-tiktok-without-a-watermark\"><strong>4.<\/strong> T\u00e9l\u00e9charge y2mate mp4 TikTok sans filigrane\u00a0:<\/h3>\n\n<p>La plupart des vid\u00e9os de t\u00e9l\u00e9chargement en ligne de Tiktok ne permettent pas \u00e0 leurs utilisateurs de t\u00e9l\u00e9charger des vid\u00e9os sans filigrane. Heureusement, notre service leur permet de t\u00e9l\u00e9charger tiktok sans filigrane\/sauvegarder des vid\u00e9os Tiktok sans filigrane !<\/p>\n\n<h2 class=\"wp-block-heading\" id=\"ways-to-find-the-best-tiktok-videos-to-download\">Fa\u00e7ons de trouver les meilleures vid\u00e9os TikTok \u00e0 t\u00e9l\u00e9charger:<\/h2>\n\n<p>Ouvrez le compte Tiktok \u00e0 partir duquel vous souhaitez t\u00e9l\u00e9charger la vid\u00e9o TikTok y2mate et copiez son lien en appuyant sur l&rsquo;ic\u00f4ne \u00ab<strong>\u00a0Partager<\/strong>\u00a0\u00bb indiqu\u00e9e sur la page. Mais, si vous n&rsquo;avez aucune vid\u00e9o sp\u00e9cifique en t\u00eate \u00e0 t\u00e9l\u00e9charger, vous pouvez \u00e9galement rechercher des vid\u00e9os Tiktok int\u00e9ressantes \u00e0 l&rsquo;aide de la fonction hashtag. D\u00e9sormais, vous pouvez rechercher des vid\u00e9os Tiktok c\u00e9l\u00e8bres \u00e0 l&rsquo;aide de balises de recherche, par exemple des vid\u00e9os tendances, des vid\u00e9os de voitures, des vid\u00e9os de basket-ball, etc. Les utilisateurs peuvent m\u00eame effectuer une recherche Google pour d\u00e9couvrir les derni\u00e8res vid\u00e9os en utilisant des expressions telles que \u00ab\u00a0Tendances Tiktok\u00a0\u00bb.<\/p>\n\n<h2 class=\"wp-block-heading\" id=\"frequently-asked-questions-faqs\">Foire aux questions &#8211; FAQ:<\/h2>\n\n<div class=\"schema-faq wp-block-yoast-faq-block\"><div class=\"schema-faq-section\" id=\"faq-question-1638940146576\"><strong class=\"schema-faq-question\">1. <strong>Pourquoi cet outil ne t\u00e9l\u00e9charge-t-il pas mes vid\u00e9os Tiktok ?<\/strong><\/strong> <p class=\"schema-faq-answer\">C&rsquo;est un excellent outil pour t\u00e9l\u00e9charger gratuitement des vid\u00e9os Tiktok. Cependant, si vous rencontrez des probl\u00e8mes pour t\u00e9l\u00e9charger tik tok vid\u00e9o pr\u00e9f\u00e9r\u00e9es sur cet outil, celles-ci peuvent en \u00eatre les principales causes :<br>1. Le propri\u00e9taire a supprim\u00e9 la vid\u00e9o de son compte Tiktok.<br>2. La vid\u00e9o Tiktok n&rsquo;est pas disponible dans votre pays.<br>3. Les vid\u00e9os que vous avez s\u00e9lectionn\u00e9es sont priv\u00e9es.<br>4. Les liens de t\u00e9l\u00e9chargement ne sont pas copi\u00e9s avec pr\u00e9cision.<\/p> <\/div> <div class=\"schema-faq-section\" id=\"faq-question-1638940278209\"><strong class=\"schema-faq-question\">2. <strong>O\u00f9 mes vid\u00e9os Tiktok seront-elles enregistr\u00e9es ?<\/strong><\/strong> <p class=\"schema-faq-answer\">Si vous pensez \u00e0 l&rsquo;endroit o\u00f9 vos vid\u00e9os t\u00e9l\u00e9charg\u00e9es iront apr\u00e8s avoir \u00e9t\u00e9 enregistr\u00e9es, voici votre r\u00e9ponse&nbsp;: lorsque vous utilisez ce t\u00e9l\u00e9chargement de vid\u00e9os TikTok y2 mate pour t\u00e9l\u00e9charger vos vid\u00e9os, les fichiers t\u00e9l\u00e9charg\u00e9s sont g\u00e9n\u00e9ralement enregistr\u00e9s dans le dossier que vous avez d\u00e9fini comme \u00ab\u00a0par d\u00e9faut\u00a0\u00bb de votre t\u00e9l\u00e9phone. . En parlant de t\u00e9l\u00e9phones portables, la vid\u00e9o sera enregistr\u00e9e dans le \u00ab\u00a0dossier des t\u00e9l\u00e9chargements\u00a0\u00bb ou directement dans la galerie de votre t\u00e9l\u00e9phone. Mais si vous utilisez votre PC pour t\u00e9l\u00e9charger des vid\u00e9os TikTok y2mate, elles seront probablement enregistr\u00e9es dans le dossier \u00ab\u00a0T\u00e9l\u00e9chargements\u00a0\u00bb de votre ordinateur.<\/p> <\/div> <div class=\"schema-faq-section\" id=\"faq-question-1638940304976\"><strong class=\"schema-faq-question\">3. <strong>Cet outil prend-il \u00e9galement en charge d&rsquo;autres sites&nbsp;?<\/strong><\/strong> <p class=\"schema-faq-answer\">Oui, actuellement, notre outil prend en charge plus de 30 sites Web de m\u00e9dias sociaux, notamment Facebook, Instagram, Twitter, Snack video, Snapchat et bien d&rsquo;autres.<\/p> <\/div> <div class=\"schema-faq-section\" id=\"faq-question-1638940333832\"><strong class=\"schema-faq-question\">4. <strong>L&rsquo;utilisation de y2mate tik tok est-elle s\u00fbre ?<\/strong><\/strong> <p class=\"schema-faq-answer\">Oui, nous nous soucions de la s\u00e9curit\u00e9 de nos clients. C&rsquo;est pourquoi nous sommes fiers de dire que l&rsquo;utilisation de notre site Web est totalement s\u00fbre car nous ne gardons jamais la trace de l&rsquo;historique de nos utilisateurs ou des fichiers t\u00e9l\u00e9charg\u00e9s. Cela signifie que votre identit\u00e9 restera anonyme et ainsi, vous pouvez t\u00e9l\u00e9charger en toute s\u00e9curit\u00e9 un nombre illimit\u00e9 de vid\u00e9os TikTok sans aucun obstacle.<\/p> <\/div> <div class=\"schema-faq-section\" id=\"faq-question-1638940403578\"><strong class=\"schema-faq-question\">5. <strong>Cet outil est-il un service gratuit ?<\/strong><\/strong> <p class=\"schema-faq-answer\">Oui, notre <strong>t\u00e9l\u00e9chargeur TikTok<\/strong> est absolument gratuit et permet \u00e0 des millions d&rsquo;utilisateurs de t\u00e9l\u00e9charger leurs vid\u00e9os TikTok pr\u00e9f\u00e9r\u00e9es directement sur leurs appareils. Comme notre serveur utilise un logiciel g\u00e9nial ind\u00e9pendant de la plate-forme, vous pouvez l&rsquo;utiliser avec Android, Mac, Linux PC et IOS (iPhone). Vous pouvez m\u00eame partager les vid\u00e9os t\u00e9l\u00e9charg\u00e9es avec vos abonn\u00e9s et amis. Il est \u00e9galement utilis\u00e9 comme mp3 y2mate tiktok.<\/p> <\/div> <\/div>\n","protected":false},"excerpt":{"rendered":"<p>TikTok est de l&rsquo;or pour ceux qui aiment cr\u00e9er des vid\u00e9os amusantes de synchronisation labiale [&#8230;..]<\/p>\n","protected":false},"author":1,"featured_media":10566,"parent":0,"menu_order":0,"comment_status":"closed","ping_status":"closed","template":"","meta":{"footnotes":""},"class_list":["post-322","page","type-page","status-publish","has-post-thumbnail","hentry"],"acf":[],"aioseo_notices":[],"_links":{"self":[{"href":"https:\/\/y2mate.me\/fr\/wp-json\/wp\/v2\/pages\/322","targetHints":{"allow":["GET"]}}],"collection":[{"href":"https:\/\/y2mate.me\/fr\/wp-json\/wp\/v2\/pages"}],"about":[{"href":"https:\/\/y2mate.me\/fr\/wp-json\/wp\/v2\/types\/page"}],"author":[{"embeddable":true,"href":"https:\/\/y2mate.me\/fr\/wp-json\/wp\/v2\/users\/1"}],"replies":[{"embeddable":true,"href":"https:\/\/y2mate.me\/fr\/wp-json\/wp\/v2\/comments?post=322"}],"version-history":[{"count":2,"href":"https:\/\/y2mate.me\/fr\/wp-json\/wp\/v2\/pages\/322\/revisions"}],"predecessor-version":[{"id":876,"href":"https:\/\/y2mate.me\/fr\/wp-json\/wp\/v2\/pages\/322\/revisions\/876"}],"wp:featuredmedia":[{"embeddable":true,"href":"https:\/\/y2mate.me\/fr\/wp-json\/wp\/v2\/media\/10566"}],"wp:attachment":[{"href":"https:\/\/y2mate.me\/fr\/wp-json\/wp\/v2\/media?parent=322"}],"curies":[{"name":"wp","href":"https:\/\/api.w.org\/{rel}","templated":true}]}}