{"id":282,"date":"2021-12-21T04:47:48","date_gmt":"2021-12-21T04:47:48","guid":{"rendered":"https:\/\/y2mate.me\/telechargeur-reels-instagram"},"modified":"2022-01-06T04:54:21","modified_gmt":"2022-01-06T04:54:21","slug":"telechargeur-reels-instagram","status":"publish","type":"page","link":"https:\/\/y2mate.me\/fr\/telechargeur-reels-instagram","title":{"rendered":"telechargeur reels Instagram"},"content":{"rendered":"\n<p>Les reels Instagram sont la nouvelle tendance de nos jours, permettant aux utilisateurs de partager facilement de courts clips int\u00e9ressants dans l&rsquo;application Insta. C&rsquo;est assez similaire aux vid\u00e9os TikTok, mais ces vid\u00e9os sont susceptibles de garder les utilisateurs coll\u00e9s \u00e0 leurs smartphones. \u00cates-vous \u00e9galement un fan des bobines Instagram et souhaitez-vous les enregistrer sur votre appareil pour les partager avec vos amis ? Vous pouvez \u00e9galement utiliser les fichiers t\u00e9l\u00e9charg\u00e9s sur d&rsquo;autres plateformes de m\u00e9dias sociaux sans aucun probl\u00e8me. Mais comment puis-je les t\u00e9l\u00e9charger ?<\/p>\n\n<p>Si vous cherchiez un moyen de t\u00e9l\u00e9charger vos vid\u00e9os Instagram pr\u00e9f\u00e9r\u00e9es directement dans la galerie de votre t\u00e9l\u00e9phone, vous serez ravi de savoir que le t\u00e9l\u00e9chargeur de reels Insta se termine ici ! <\/p>\n\n<p>Notre t\u00e9l\u00e9chargeur de vid\u00e9os Instagram Reels est un outil Web <strong>gratuit et rapide<\/strong> . Cela permet \u00e0 des milliers d&rsquo;utilisateurs chaque jour de t\u00e9l\u00e9charger des vid\u00e9os Instagram directement sur leurs smartphones, tablettes et ordinateurs portables. La meilleure partie des t\u00e9l\u00e9chargements de reels sur Instagram est que vous n&rsquo;avez pas besoin d&rsquo;installer de logiciel suppl\u00e9mentaire ni de cr\u00e9er un compte pour utiliser ce site Web. <\/p>\n\n<h2 class=\"wp-block-heading\">T\u00e9l\u00e9chargement de bobines <\/h2>\n\n<p>Une fois que vous avez termin\u00e9 avec les vid\u00e9os de sauvegarde Instagram en t\u00e9l\u00e9chargeant vos reels Instagram pr\u00e9f\u00e9r\u00e9es, gr\u00e2ce au t\u00e9l\u00e9chargement de vid\u00e9os Instagram, vous pouvez \u00e9galement les partager sur d&rsquo;autres grandes plateformes de m\u00e9dias sociaux<\/p>\n\n<p>Copiez simplement l&rsquo;adresse URL de l&rsquo;\u00e9conomiseur de vid\u00e9os Instagram de la bobine que vous souhaitez t\u00e9l\u00e9charger et collez-la dans notre outil pour une proc\u00e9dure de t\u00e9l\u00e9chargement fluide. Cela enregistre la m\u00e9thode des photos Insta est le moyen le plus simple de t\u00e9l\u00e9charger des reels Instagram en qualit\u00e9 HD.<\/p>\n\n<h2 class=\"wp-block-heading\">Comment t\u00e9l\u00e9charger des reels Instagram ?<\/h2>\n\n<h3 class=\"wp-block-heading\">Suivez ces \u00e9tapes rapides pour t\u00e9l\u00e9charger n&rsquo;importe quelle bobine d&rsquo;Instagram avec cet outil<\/h3>\n\n<ul class=\"wp-block-list\"><li>Ouvrez <strong>Instagram.com<\/strong> sur votre navigateur ou l&rsquo;application.<\/li><li>Recherchez les vid\u00e9os que vous souhaitez t\u00e9l\u00e9charger.<\/li><li>Appuyez dessus pour <strong>copier<\/strong> l&rsquo;adresse du lien de cette bobine particuli\u00e8re.<\/li><li>Maintenant, allez sur notre site Web en ligne de sauvegarde Insta Reels Downloader et <strong>collez<\/strong> le lien que vous avez copi\u00e9 pr\u00e9c\u00e9demment dans la zone de texte indiqu\u00e9e sur la page de l&rsquo;outil.<\/li><li>Appuyez sur l&rsquo;ic\u00f4ne \u00ab<strong> T\u00e9l\u00e9charger<\/strong> \u00bb.<\/li><li>Entrez le format, la taille et la qualit\u00e9 de votre choix pour enregistrer les vid\u00e9os directement sur votre appareil Android<\/li><li>Pour PC (Windows ou Mac).<\/li><\/ul>\n\n<h3 class=\"wp-block-heading\">Suivez ces instructions si vous souhaitez t\u00e9l\u00e9charger des reels Instagram sur votre PC \u00e0 l&rsquo;aide de notre outil ;<\/h3>\n\n<ul class=\"wp-block-list\"><li>Ouvrez Instagram.com et recherchez les vid\u00e9os que vous souhaitez enregistrer.<\/li><li>Copiez son lien \u00e0 partir de la zone d&rsquo;adresse indiqu\u00e9e en haut de votre \u00e9cran.<\/li><li>Ensuite, acc\u00e9dez \u00e0 notre outil de t\u00e9l\u00e9chargement de reels Instagram sur votre navigateur et collez le lien dans la zone de texte ci-dessus sur cette page.<\/li><li>Maintenant, appuyez sur le bouton \u00ab\u00a0T\u00e9l\u00e9charger\u00a0\u00bb.<\/li><li>Un nouvel onglet s&rsquo;ouvrira sur place, vous offrant une liste de diff\u00e9rentes qualit\u00e9s, tailles et formats de fichiers parmi lesquels choisir.<\/li><li>Appuyez sur celles qui correspondent le mieux \u00e0 vos besoins et le fichier de bobine sera enregistr\u00e9 en vid\u00e9os sur votre PC en quelques secondes.<\/li><li>Pour les appareils IOS :<\/li><\/ul>\n\n<h3 class=\"wp-block-heading\">Le t\u00e9l\u00e9chargement ou la conversion de reels Instagram pour les appareils IOS n&rsquo;est pas si diff\u00e9rent des appareils Android<\/h3>\n\n<ul class=\"wp-block-list\"><li>Ouvrez Instagram.com dans n&rsquo;importe quel navigateur que vous utilisez et recherchez la vid\u00e9o que vous souhaitez t\u00e9l\u00e9charger.<\/li><li>Si vous regardez attentivement, vous trouverez trois points en haut \u00e0 droite de votre \u00e9cran. Choisissez l&rsquo;option \u00ab\u00a0Copier le lien\u00a0\u00bb.<\/li><li>Maintenant, acc\u00e9dez \u00e0 notre t\u00e9l\u00e9chargement de vid\u00e9os Instagram et collez l&rsquo;adresse URL copi\u00e9e dans la zone de texte du champ de notre outil.<\/li><li>Choisissez le format (mp3 ou mp4) et la qualit\u00e9 (HD ou SD) souhait\u00e9s.<\/li><li>Cliquez sur le bouton \u00ab\u00a0T\u00e9l\u00e9charger\u00a0\u00bb pour que la vid\u00e9o soit enregistr\u00e9e sur votre appareil IOS.<\/li><\/ul>\n\n<h2 class=\"wp-block-heading\">Principales caract\u00e9ristiques:<\/h2>\n\n<p><strong>Voici une liste d\u00e9taill\u00e9e des principales fonctionnalit\u00e9s de ce t\u00e9l\u00e9chargeur de bobines Instagram en ligne<\/strong> :<\/p>\n\n<p><strong>Lightning-fast speed: <\/strong>Now, you won\u2019t have to spend hours trying to insta download reels all your favorite <span style=\"font-size: revert; color: initial;\">videos<\/span> because our tool does all of it at ultrafast speed. Nous ne limitons pas non plus la bande passante de t\u00e9l\u00e9chargement de vid\u00e9os Insta pour le t\u00e9l\u00e9chargement de reels Instagram.<\/p>\n\n<ul class=\"wp-block-list\"><li><strong>Prot\u00e9g\u00e9 et s\u00fbr : <\/strong><\/li><\/ul>\n\n<p>Nous avons con\u00e7u notre outil pour enregistrer le t\u00e9l\u00e9chargement de reels Instagram en gardant \u00e0 l&rsquo;esprit la protection de nos appareils. Ainsi, dans Reel Downloader, vous n&rsquo;avez pas \u00e0 vous soucier du risque de malware ou de virus. Dans votre syst\u00e8me lorsque vous utilisez notre outil. Les vid\u00e9os Instagram t\u00e9l\u00e9chargent un logiciel Web enti\u00e8rement s\u00fbr et s\u00e9curis\u00e9 \u00e0 utiliser, avec le meilleur protocole HTTPS. <\/p>\n\n<ul class=\"wp-block-list\"><li><strong>Fichiers de qualit\u00e9 HD : <\/strong><\/li><\/ul>\n\n<p>Enregistrer la bobine Insta vous profitez de l&rsquo;utilisation du t\u00e9l\u00e9chargeur Insta notre efficace. Enregistrez le t\u00e9l\u00e9chargement Instagram Reel Video qui enregistre les photos Instagram. Offre une pl\u00e9thore de diff\u00e9rents types de qualit\u00e9s et de formats sous forme de bobines de t\u00e9l\u00e9chargement. Suivez simplement les \u00e9tapes de t\u00e9l\u00e9chargement des vid\u00e9os Instagram en ligne indiqu\u00e9es ci-dessus et t\u00e9l\u00e9chargez vos fichiers sans qu&rsquo;ils ne perdent la qualit\u00e9 d&rsquo;origine.<\/p>\n\n<ul class=\"wp-block-list\"><li><strong>Compl\u00e8tement libre: <\/strong><\/li><\/ul>\n\n<p>Actuellement, notre service est enti\u00e8rement gratuit pour tout le monde ! Nous n&rsquo;avons jamais factur\u00e9 de t\u00e9l\u00e9chargement de bobines de t\u00e9l\u00e9chargement \u00e0 aucun utilisateur pour l&rsquo;utilisation de notre service, et nous ne leur demandons pas non plus d&rsquo;abonnements co\u00fbteux ou d&rsquo;informations de connexion. Alors, assurez-vous de t\u00e9l\u00e9charger la bobine de vos bobines Instagram souhait\u00e9es avec notre t\u00e9l\u00e9chargeur en ligne gratuit !<\/p>\n\n<ul class=\"wp-block-list\"><li><strong>Interface conviviale : <\/strong><\/li><\/ul>\n\n<p>Reel download Insta, pas un geek informatique ? Les vid\u00e9os d&rsquo;interface conviviales et faciles \u00e0 utiliser du site Web t\u00e9l\u00e9charg\u00e9es sur Insta le rendent id\u00e9al pour une utilisation quotidienne pour les t\u00e9l\u00e9chargeurs Insta. Il n&rsquo;implique que quelques \u00e9tapes pour l&rsquo;accomplissement de sa t\u00e2che.<\/p>\n\n<h2 class=\"wp-block-heading\">Comment puis-je copier l&rsquo;URL des reels Instagram ?<\/h2>\n\n<p><strong>Voici comment copier l&rsquo;adresse URL des reels Instagram : <\/strong><\/p>\n\n<ol class=\"wp-block-list\"><li>Ouvrez l&rsquo;application ou le site Web Instagram.<\/li><li>Ouvrez la bobine que vous pr\u00e9voyez de t\u00e9l\u00e9charger.<\/li><li>Dans le coin sup\u00e9rieur droit de votre \u00e9cran, il y aura l&rsquo;ic\u00f4ne \u00e0 3 points.<\/li><li>Apr\u00e8s avoir cliqu\u00e9 dessus, un menu contextuel appara\u00eetra.<\/li><li>\u00c0 partir de l\u00e0, appuyez sur l&rsquo;option \u00abCopier le lien\u00bb pour enregistrer le lien dans votre presse-papiers.<\/li><\/ol>\n\n<h2 class=\"wp-block-heading\">Pourquoi utiliser Instagram Reels Video Downloader ?<\/h2>\n\n<p>De nos jours, de nombreux outils sur Internet utilisent une longue liste d&rsquo;\u00e9tapes inutiles, ce qui rend plus difficile pour les utilisateurs de t\u00e9l\u00e9charger des vid\u00e9os en ligne. Au contraire, notre outil de t\u00e9l\u00e9chargement de bobines Instagram en ligne g\u00e9rera seul tout le travail acharn\u00e9 sur les bobines de t\u00e9l\u00e9chargement. Le t\u00e9l\u00e9chargeur de reels Instagram en ligne est rapide et gratuit, offrant des r\u00e9sultats haute d\u00e9finition sans la pr\u00e9sence de filigrane Ses caract\u00e9ristiques uniques de t\u00e9l\u00e9chargement de vid\u00e9os Instagram en ligne et sa vitesse rapide en font l&rsquo;outil de pr\u00e9dilection de l&rsquo;utilisateur pour une utilisation quotidienne. La prochaine fois que vous trouverez une bobine de t\u00e9l\u00e9chargements Instagram amusante ou utile pendant le d\u00e9filement. N&rsquo;h\u00e9sitez pas \u00e0 t\u00e9l\u00e9charger des bobines sur Insta en utilisant notre meilleur t\u00e9l\u00e9chargeur de vid\u00e9os Insta pour obtenir des r\u00e9sultats de premier ordre !<\/p>\n\n<h2 class=\"wp-block-heading\">FOIRE AUX QUESTIONS &#8211; FAQ :<\/h2>\n\n<div class=\"schema-faq wp-block-yoast-faq-block\"><div class=\"schema-faq-section\" id=\"faq-question-1638270810280\"><strong class=\"schema-faq-question\"><strong>Comment enregistrer des reels sur Instagram ?<\/strong><\/strong> <p class=\"schema-faq-answer\">Il est important de savoir que si un compte Instagram est priv\u00e9, nous ne pouvons pas vous permettre de t\u00e9l\u00e9charger Reels Insta directement \u00e0 partir de ce compte, juste pour prot\u00e9ger la confidentialit\u00e9 de ce profil. Cependant, vous pouvez t\u00e9l\u00e9charger un nombre illimit\u00e9 de reels Instagram \u00e0 partir de comptes publics qui ont autoris\u00e9 l&rsquo;utilisation ouverte de leur contenu. <\/p> <\/div> <div class=\"schema-faq-section\" id=\"faq-question-1638270850019\"><strong class=\"schema-faq-question\"><strong>Les comptes seront-ils avertis si je t\u00e9l\u00e9charge des reels depuis Instagram ? <\/strong> <\/strong> <p class=\"schema-faq-answer\">Non, nous veillons \u00e0 ce que les comptes des t\u00e9l\u00e9chargeurs de bobines insta ne soient pas avertis lorsque les utilisateurs t\u00e9l\u00e9chargent des bobines \u00e0 partir d&rsquo;eux. Avec l&rsquo;aide de notre t\u00e9l\u00e9chargement intelligent de vid\u00e9os Insta en ligne, vous pouvez enregistrer des bobines de mani\u00e8re anonyme. Vous pouvez profiter de vos vid\u00e9os t\u00e9l\u00e9charg\u00e9es dans un anonymat complet sans vous soucier que les propri\u00e9taires le d\u00e9couvrent.<\/p> <\/div> <div class=\"schema-faq-section\" id=\"faq-question-1638270885623\"><strong class=\"schema-faq-question\"><strong>Comment t\u00e9l\u00e9charger Instagram Reels en ligne ? <\/strong> <\/strong> <p class=\"schema-faq-answer\">Pour t\u00e9l\u00e9charger la vid\u00e9o Instagram Reels, copiez\/collez simplement l&rsquo;URL de la bobine dans la zone de texte de notre outil et cliquez sur le bouton \u00ab<strong> T\u00e9l\u00e9charger<\/strong> \u00bb. Les fichiers de t\u00e9l\u00e9chargement de vid\u00e9os Instagram reel seront automatiquement enregistr\u00e9s sur vos smartphones, tablettes, ordinateurs portables ou appareils IOS, alors ouvrez nos vid\u00e9os Instagram gratuites en ligne T\u00e9l\u00e9chargez et lancez-vous ! <\/p> <\/div> <div class=\"schema-faq-section\" id=\"faq-question-1638270924323\"><strong class=\"schema-faq-question\"><strong>Puis-je t\u00e9l\u00e9charger Instagram Reel en ligne en qualit\u00e9 HD ? <\/strong> <\/strong> <p class=\"schema-faq-answer\">Oui, notre outil prend en charge une grande vari\u00e9t\u00e9 de formats pour la conversion d&rsquo;Instagram Reels, mais le plus populaire est la qualit\u00e9 HD. Vous pouvez \u00e9galement t\u00e9l\u00e9charger des reels depuis Instagram dans la qualit\u00e9 avec laquelle la vid\u00e9o est t\u00e9l\u00e9charg\u00e9e sur Instagram \u00e0 l&rsquo;origine. Ce site Web garantit des t\u00e9l\u00e9chargements de qualit\u00e9 HD \u00e0 chaque fois !<\/p> <\/div> <div class=\"schema-faq-section\" id=\"faq-question-1638270954117\"><strong class=\"schema-faq-question\"><strong>Est-il ill\u00e9gal de t\u00e9l\u00e9charger des vid\u00e9os Instagram Reels en ligne ? <\/strong> <\/strong> <p class=\"schema-faq-answer\">Pour \u00eatre juste, vous serez assez surpris de savoir que t\u00e9l\u00e9charger ou convertir des reels Instagram \u00e0 partir de pages publiques n&rsquo;est pas un gros probl\u00e8me, \u00e0 condition que le t\u00e9l\u00e9chargeur de reels insta que vous d\u00e9teniez les droits d&rsquo;auteur sur cette vid\u00e9o. Si vous souhaitez utiliser les fichiers t\u00e9l\u00e9charg\u00e9s \u00e0 des fins personnelles, cela n&rsquo;est pas non plus consid\u00e9r\u00e9 comme ill\u00e9gal. Cependant, si vous envisagez de t\u00e9l\u00e9charger des reels sur Insta et pr\u00e9voyez d&rsquo;utiliser cette vid\u00e9o \u00e0 des fins entrepreneuriales ou commerciales, vous devez obtenir l&rsquo;autorisation de droit d&rsquo;auteur du propri\u00e9taire de la bobine.<\/p> <\/div> <div class=\"schema-faq-section\" id=\"faq-question-1638270978704\"><strong class=\"schema-faq-question\"><strong>Combien de reels Instagram puis-je t\u00e9l\u00e9charger avec cet outil ? <\/strong> <br><\/strong> <p class=\"schema-faq-answer\">La partie la plus \u00e9tonnante de cet outil exceptionnel est qu&rsquo;il offre des t\u00e9l\u00e9chargements illimit\u00e9s pour chaque utilisateur ! Il est temps d&rsquo;arr\u00eater de vous soucier des restrictions et de commencer \u00e0 utiliser librement le t\u00e9l\u00e9chargeur de reels insta autant de reels Instagram install\u00e9es que possible en une journ\u00e9e. Nous avons tendance \u00e0 fournir un service 24 heures sur 24, 7 jours sur 7, 7 jours sur 7, tout en \u00e9tant enti\u00e8rement GRATUITS. Merveilleux<\/p> <\/div> <\/div>\n\n<h2 class=\"wp-block-heading\">Conclusion:<\/h2>\n\n<p>Maintenant, vous connaissez tous les d\u00e9tails des reels Instagram et de leur fonctionnement. Le secret principal de la cr\u00e9ation de reels Instagram aussi int\u00e9ressantes et engageantes est enfin d\u00e9voil\u00e9 et nous sommes ravis de l&rsquo;avoir partag\u00e9 avec vous en premier. En utilisant cet excellent t\u00e9l\u00e9chargeur de reels Instagram, vous pouvez enregistrer des vid\u00e9os sur Instagram pour vos favoris, vous pouvez les regarder hors ligne plus tard. Une fois le processus de t\u00e9l\u00e9chargement des vid\u00e9os de t\u00e9l\u00e9chargement termin\u00e9, Insta est termin\u00e9, vous pouvez partager le fichier converti sur n&rsquo;importe quelle plate-forme de m\u00e9dias sociaux que vous aimez, y compris Facebook, Snapchat, TikTok et m\u00eame sur Whatsapp. Alors, t\u00e9l\u00e9chargez autant de reels Instagram que vous le souhaitez en utilisant notre site Web, sans aucune restriction ni limitation. Alors qu&rsquo;est-ce que tu attends? Il est temps pour vous de monter dans le train et de cr\u00e9er des reels Insta \u00e9piques ! Bonne chance!<\/p>\n","protected":false},"excerpt":{"rendered":"<p>Les reels Instagram sont la nouvelle tendance de nos jours, permettant aux utilisateurs de partager [&#8230;..]<\/p>\n","protected":false},"author":1,"featured_media":602,"parent":0,"menu_order":0,"comment_status":"closed","ping_status":"closed","template":"","meta":{"footnotes":""},"class_list":["post-282","page","type-page","status-publish","has-post-thumbnail","hentry"],"acf":[],"aioseo_notices":[],"_links":{"self":[{"href":"https:\/\/y2mate.me\/fr\/wp-json\/wp\/v2\/pages\/282","targetHints":{"allow":["GET"]}}],"collection":[{"href":"https:\/\/y2mate.me\/fr\/wp-json\/wp\/v2\/pages"}],"about":[{"href":"https:\/\/y2mate.me\/fr\/wp-json\/wp\/v2\/types\/page"}],"author":[{"embeddable":true,"href":"https:\/\/y2mate.me\/fr\/wp-json\/wp\/v2\/users\/1"}],"replies":[{"embeddable":true,"href":"https:\/\/y2mate.me\/fr\/wp-json\/wp\/v2\/comments?post=282"}],"version-history":[{"count":0,"href":"https:\/\/y2mate.me\/fr\/wp-json\/wp\/v2\/pages\/282\/revisions"}],"wp:featuredmedia":[{"embeddable":true,"href":"https:\/\/y2mate.me\/fr\/wp-json\/wp\/v2\/media\/602"}],"wp:attachment":[{"href":"https:\/\/y2mate.me\/fr\/wp-json\/wp\/v2\/media?parent=282"}],"curies":[{"name":"wp","href":"https:\/\/api.w.org\/{rel}","templated":true}]}}