{"id":233,"date":"2021-12-20T15:05:13","date_gmt":"2021-12-20T15:05:13","guid":{"rendered":"https:\/\/y2mate.me\/telechargeur-shorts-youtube"},"modified":"2022-01-03T10:52:22","modified_gmt":"2022-01-03T10:52:22","slug":"telechargeur-shorts-youtube","status":"publish","type":"page","link":"https:\/\/y2mate.me\/fr\/telechargeur-shorts-youtube","title":{"rendered":"T\u00e9l\u00e9chargement de courts m\u00e9trages YouTube"},"content":{"rendered":"\n<h2 class=\"wp-block-heading\">\u00c0 propos du t\u00e9l\u00e9chargeur de courts m\u00e9trages YouTube<\/h2>\n\n<p>En termes simples, le t\u00e9l\u00e9chargeur shorts YouTube est un outil qui permet aux utilisateurs de t\u00e9l\u00e9charger shorts youtube directement sur leur appareil sans aucun probl\u00e8me. C&rsquo;est un processus sans effort. Tout ce que vous avez \u00e0 faire est de bien comprendre les \u00e9tapes de t\u00e9l\u00e9chargement shorts youtube mentionn\u00e9s ci-dessus. Une fois que vous l&rsquo;avez compris, vous pouvez t\u00e9l\u00e9charger vos courts m\u00e9trages youtube pr\u00e9f\u00e9r\u00e9s en une minute sur votre appareil. <\/p>\n\n<h3 class=\"wp-block-heading\">Principales caract\u00e9ristiques du t\u00e9l\u00e9chargeur shorts YouTube<\/h3>\n\n<p>Voici les principales caract\u00e9ristiques du t\u00e9l\u00e9chargeur shorts que vous devez conna\u00eetre :<\/p>\n\n<ul class=\"wp-block-list\"><li><strong>\u00c0 l&rsquo;abri du virus<\/strong><br\/>Si vous \u00eates curieux que l&rsquo;utilisation de cet outil puisse endommager votre appareil, alors il n&rsquo;y a rien \u00e0 craindre car le t\u00e9l\u00e9chargeur de shorts YT est sans virus. Il n&rsquo;y a aucun risque associ\u00e9 de malware car cet outil est enti\u00e8rement s\u00e9curis\u00e9.<\/li><\/ul>\n\n<ul class=\"wp-block-list\"><li><strong>Aucun compromis sur la qualit\u00e9<\/strong><br\/>Les courts m\u00e9trages youtube seront t\u00e9l\u00e9charg\u00e9s en qualit\u00e9 HD via cet outil. Il n&rsquo;y a m\u00eame pas de diff\u00e9rence mineure dans la qualit\u00e9 shorts youtube t\u00e9l\u00e9charg\u00e9s par rapport \u00e0 l&rsquo;original. <\/li><\/ul>\n\n<ul class=\"wp-block-list\"><li><strong>Un outil gratuit<\/strong><br\/>C&rsquo;est un outil gratuit, ce qui signifie que vous n&rsquo;aurez pas \u00e0 payer un seul centime pour utiliser cet outil et profiter shorts youtube hors ligne. <\/li><\/ul>\n\n<ul class=\"wp-block-list\"><li><strong>Facile \u00e0 manier<\/strong><br\/>Il n&rsquo;y a aucune technicit\u00e9 impliqu\u00e9e dans l&rsquo;utilisation de cet outil qui le rend convivial. Il vous suffit de suivre quelques \u00e9tapes simples pour t\u00e9l\u00e9charger shorts youtube et le tour est jou\u00e9. <\/li><\/ul>\n","protected":false},"excerpt":{"rendered":"<p>\u00c0 propos du t\u00e9l\u00e9chargeur de courts m\u00e9trages YouTube En termes simples, le t\u00e9l\u00e9chargeur shorts YouTube [&#8230;..]<\/p>\n","protected":false},"author":1,"featured_media":742,"parent":0,"menu_order":0,"comment_status":"closed","ping_status":"closed","template":"","meta":{"footnotes":""},"class_list":["post-233","page","type-page","status-publish","has-post-thumbnail","hentry"],"acf":[],"aioseo_notices":[],"_links":{"self":[{"href":"https:\/\/y2mate.me\/fr\/wp-json\/wp\/v2\/pages\/233","targetHints":{"allow":["GET"]}}],"collection":[{"href":"https:\/\/y2mate.me\/fr\/wp-json\/wp\/v2\/pages"}],"about":[{"href":"https:\/\/y2mate.me\/fr\/wp-json\/wp\/v2\/types\/page"}],"author":[{"embeddable":true,"href":"https:\/\/y2mate.me\/fr\/wp-json\/wp\/v2\/users\/1"}],"replies":[{"embeddable":true,"href":"https:\/\/y2mate.me\/fr\/wp-json\/wp\/v2\/comments?post=233"}],"version-history":[{"count":0,"href":"https:\/\/y2mate.me\/fr\/wp-json\/wp\/v2\/pages\/233\/revisions"}],"wp:featuredmedia":[{"embeddable":true,"href":"https:\/\/y2mate.me\/fr\/wp-json\/wp\/v2\/media\/742"}],"wp:attachment":[{"href":"https:\/\/y2mate.me\/fr\/wp-json\/wp\/v2\/media?parent=233"}],"curies":[{"name":"wp","href":"https:\/\/api.w.org\/{rel}","templated":true}]}}