{"id":184,"date":"2022-04-12T07:00:00","date_gmt":"2022-04-12T07:00:00","guid":{"rendered":"https:\/\/y2mate.me\/y2mate-video-downloader"},"modified":"2022-04-12T02:08:02","modified_gmt":"2022-04-12T02:08:02","slug":"y2mate-video-downloader","status":"publish","type":"page","link":"https:\/\/y2mate.me\/fr","title":{"rendered":"Y2mate Video Downloader"},"content":{"rendered":"\n<h2 class=\"wp-block-heading\">Telecharger video y2mate en ligne gratuit ; T\u00e9l\u00e9charger des vid\u00e9os en ligne de haute qualit\u00e9<\/h2>\n\n\n\n<p>Tout le monde vit dans un monde num\u00e9rique de nos jours. \u00c0 chaque instant, des milliers de vid\u00e9os sont t\u00e9l\u00e9charg\u00e9es sur plusieurs sites de partage de vid\u00e9os allant des vid\u00e9os amusantes aux didacticiels. Des milliards d&rsquo;utilisateurs regardent ces vid\u00e9os du monde entier.<\/p>\n\n\n\n<p>Comme les sites Web de partage de vid\u00e9os sont limit\u00e9s, un groupe d&rsquo;utilisateurs visite ces sites \u00e0 chaque fois. Mais ces plateformes de partage de vid\u00e9os permettent uniquement aux gens de regarder la vid\u00e9o mais pas de la t\u00e9l\u00e9charger. Si quelqu&rsquo;un aime une vid\u00e9o sp\u00e9cifique, il doit revenir encore et encore pour regarder cette vid\u00e9o. Les gens ont tendance \u00e0 \u00eatre frustr\u00e9s par cela et veulent une solution \u00e0 ce probl\u00e8me encombrant. <\/p>\n\n\n\n<p>Si nous vous disons qu&rsquo;il existe un syst\u00e8me qui vous permet de t\u00e9l\u00e9charger vos vid\u00e9os pr\u00e9f\u00e9r\u00e9es et de pouvoir les regarder \u00e0 tout moment. Eh bien, vous pouvez maintenant t\u00e9l\u00e9charger des vid\u00e9os sans aucune restriction avec notre t\u00e9l\u00e9chargeur de vid\u00e9os.<\/p>\n\n\n\n<p><a href=\"https:\/\/y2mate.me\/fr\">y2mate.me (T\u00e9l\u00e9chargeur de vid\u00e9os en ligne gratuit), vous pouvez t\u00e9l\u00e9charger autant de vid\u00e9os que vous le souhaitez \u00e0 partir de n&rsquo;importe quelle plate-forme de m\u00e9dias sociaux.<\/a> Toutes les vid\u00e9os peuvent \u00eatre t\u00e9l\u00e9charg\u00e9es dans un processus sans fuzz sans aucune exigence suppl\u00e9mentaire. Les utilisateurs n&rsquo;ont qu&rsquo;\u00e0 copier et coller l&rsquo;URL de leur vid\u00e9o pr\u00e9f\u00e9r\u00e9e, et ils obtiendront la vid\u00e9o t\u00e9l\u00e9charg\u00e9e en un instant. <\/p>\n\n\n\n<h2 class=\"wp-block-heading\">\u00c0 propos du y2mate video downloader en ligne gratu<\/h2>\n\n\n\n<p>Free Online Video Downloader (par y2mate.me) y2mate downloader, est un t\u00e9l\u00e9charger y2mate gratuit qui permet aux utilisateurs de t\u00e9l\u00e9charger les vid\u00e9os de leur choix. L&rsquo;interface de ce t\u00e9l\u00e9chargeur est conviviale et facile \u00e0 utiliser. <\/p>\n\n\n\n<p>Ce telecharger video y2mate offre un t\u00e9l\u00e9chargement de haute qualit\u00e9 avec une vitesse rapide. Avec des fonctionnalit\u00e9s efficaces et une interface \u00e9l\u00e9gante, ce t\u00e9l\u00e9chargeur de vid\u00e9os est con\u00e7u pour fournir les meilleurs services aux utilisateurs. Les vid\u00e9os peuvent \u00eatre t\u00e9l\u00e9charg\u00e9es dans plusieurs formats tels que MP4, M4A, 3gp, etc.<\/p>\n\n\n\n<p>Si vous souhaitez t\u00e9l\u00e9charger plusieurs vid\u00e9os \u00e0 la fois et en haute r\u00e9solution, Free Online Video Downloader est le meilleur choix pour vous. Vous pouvez t\u00e9l\u00e9charger n&rsquo;importe quelle vid\u00e9o en quelques minutes et profiter de la regarder m\u00eame en \u00e9tant hors ligne. <\/p>\n","protected":false},"excerpt":{"rendered":"<p>Telecharger video y2mate en ligne gratuit ; T\u00e9l\u00e9charger des vid\u00e9os en ligne de haute qualit\u00e9 [&#8230;..]<\/p>\n","protected":false},"author":1,"featured_media":0,"parent":0,"menu_order":0,"comment_status":"closed","ping_status":"closed","template":"font-home.php","meta":{"footnotes":""},"class_list":["post-184","page","type-page","status-publish","hentry"],"acf":[],"aioseo_notices":[],"_links":{"self":[{"href":"https:\/\/y2mate.me\/fr\/wp-json\/wp\/v2\/pages\/184","targetHints":{"allow":["GET"]}}],"collection":[{"href":"https:\/\/y2mate.me\/fr\/wp-json\/wp\/v2\/pages"}],"about":[{"href":"https:\/\/y2mate.me\/fr\/wp-json\/wp\/v2\/types\/page"}],"author":[{"embeddable":true,"href":"https:\/\/y2mate.me\/fr\/wp-json\/wp\/v2\/users\/1"}],"replies":[{"embeddable":true,"href":"https:\/\/y2mate.me\/fr\/wp-json\/wp\/v2\/comments?post=184"}],"version-history":[{"count":1,"href":"https:\/\/y2mate.me\/fr\/wp-json\/wp\/v2\/pages\/184\/revisions"}],"predecessor-version":[{"id":826,"href":"https:\/\/y2mate.me\/fr\/wp-json\/wp\/v2\/pages\/184\/revisions\/826"}],"wp:attachment":[{"href":"https:\/\/y2mate.me\/fr\/wp-json\/wp\/v2\/media?parent=184"}],"curies":[{"name":"wp","href":"https:\/\/api.w.org\/{rel}","templated":true}]}}