{"id":386,"date":"2021-12-21T16:54:00","date_gmt":"2021-12-21T16:54:00","guid":{"rendered":"https:\/\/y2mate.me\/descargar-videos-de-twitter"},"modified":"2022-04-29T06:45:05","modified_gmt":"2022-04-29T06:45:05","slug":"descargar-videos-de-twitter","status":"publish","type":"page","link":"https:\/\/y2mate.me\/es\/descargar-videos-de-twitter","title":{"rendered":"Descargador de videos de Twitter Y2mate"},"content":{"rendered":"\n<p>\u00bfEst\u00e1 buscando un descargador de tweets s\u00faper r\u00e1pido y eficiente para usar pero no puede decidir cu\u00e1l es el mejor? Es cierto que hay tantos descargadores de videos de Ymate en Internet en estos d\u00edas, pero ahora, \u00a1ha venido al sitio web correcto! Y2mate Twitter Video Downloader mp4 HD es una herramienta inteligente en l\u00ednea que le permite descargar videos de Twitter de forma gratuita desde varios sitios de redes sociales y <a href=\"https:\/\/twitter.com\/?lang=en\">Twitter<\/a> es uno de ellos. Al igual que otros sitios de redes sociales, Twitter tampoco te permite descargar sus videos, pero para eso estamos aqu\u00ed. <em>Ymate<\/em> video downloader es un servidor fant\u00e1stico que permite a sus usuarios descargar sus videos favoritos de Twitter mate downloader en varios formatos (MP4, M4A y 3GP, WEBM, MP3 y JPG) y calidades (HD, SD).<\/p>\n\n<figure class=\"wp-block-image size-large\"><img fetchpriority=\"high\" decoding=\"async\" width=\"1024\" height=\"576\" src=\"https:\/\/y2mate.me\/wp-content\/uploads\/2022\/03\/twitter-1024x576.jpg\" alt=\"\" class=\"wp-image-762\" srcset=\"https:\/\/y2mate.me\/wp-content\/uploads\/2022\/03\/twitter-1024x576.jpg 1024w, https:\/\/y2mate.me\/wp-content\/uploads\/2022\/03\/twitter-300x169.jpg 300w, https:\/\/y2mate.me\/wp-content\/uploads\/2022\/03\/twitter-768x432.jpg 768w, https:\/\/y2mate.me\/wp-content\/uploads\/2022\/03\/twitter.jpg 1280w\" sizes=\"(max-width: 1024px) 100vw, 1024px\" \/><\/figure>\n\n<h2 class=\"wp-block-heading\" id=\"how-to-use-a-twitter-video-downloader-online\">\u00bfC\u00f3mo usar un descargador de videos de Twitter en l\u00ednea? <\/h2>\n\n<p>Para descargar videos de Twitter solo sigue estos sencillos pasos:<\/p>\n\n<ul class=\"wp-block-list\"><li>Ir a twitter.com<\/li><li>Copie la URL del video de Twitter que desea descargar.<\/li><li>Pegue la URL que copi\u00f3 en el cuadro de campo del descargador de Twitter de Y2mate. <\/li><li>Haga clic en el bot\u00f3n o icono &#8216;descargar&#8217; para guardar la descarga de video de Twitter en mp3. <\/li><\/ul>\n\n<div class=\"schema-how-to wp-block-yoast-how-to-block\"><p class=\"schema-how-to-total-time\"><span class=\"schema-how-to-duration-time-text\">Tiempo necesario:<\/span> 1 minuto. <\/p><p class=\"schema-how-to-description\"><strong>\u00bfC\u00f3mo descargar videos de Twitter online paso a paso usando Y2 mate- Twitter Video Downloader? <\/strong><br><em>Y2mate- Twitter Video Downloader<\/em> es el mejor para aquellos que quieren descargar videos Twitter sin ninguna interrupci\u00f3n. Esta herramienta es compatible con todo tipo de dispositivos. Todo lo que tiene que hacer es seguir las pocas instrucciones que se enumeran a continuaci\u00f3n y su trabajo estar\u00e1 terminado en cuesti\u00f3n de unos segundos. <br><\/p> <ol class=\"schema-how-to-steps\"><li class=\"schema-how-to-step\" id=\"how-to-step-1638943837347\"><strong class=\"schema-how-to-step-name\"><strong>Encuentra los videos deseados<\/strong> :<\/strong> <p class=\"schema-how-to-step-text\">Inicie sesi\u00f3n en Twitter.com.<\/p> <\/li><li class=\"schema-how-to-step\" id=\"how-to-step-1638943948583\"><strong class=\"schema-how-to-step-name\">Copia la URL:<\/strong> <p class=\"schema-how-to-step-text\">Luego, vaya a esa p\u00e1gina determinada en Twittermate que contiene el video que desea descargar y copie su URL. <\/p> <\/li><li class=\"schema-how-to-step\" id=\"how-to-step-1638943986226\"><strong class=\"schema-how-to-step-name\">Pega la URL:<\/strong> <p class=\"schema-how-to-step-text\">Ahora, pegue la URL en el cuadro de texto de entrada <a href=\"https:\/\/y2mate.me\/es\/descargar-videos-de-twitter\">y2mate.me\/twitter-video-downloader<\/a> (arriba) y haga clic en el icono &#8216;Descargar&#8217;.<\/p> <\/li><li class=\"schema-how-to-step\" id=\"how-to-step-1638944008523\"><strong class=\"schema-how-to-step-name\">Seleccione el formato:<\/strong> <p class=\"schema-how-to-step-text\">Nuestro descargador de videos Y2mate- Twitter extraer\u00e1 enlaces de video MP4 de alta calidad del video y le dar\u00e1 la opci\u00f3n de elegir la calidad en la que desea guardar su video. (HD o SD). <\/p> <\/li><li class=\"schema-how-to-step\" id=\"how-to-step-1638944046331\"><strong class=\"schema-how-to-step-name\">Descargar videos:<\/strong> <p class=\"schema-how-to-step-text\">Vea el video de Twitter descargado guardado en su dispositivo. <\/p> <\/li><\/ol><\/div>\n\n<h2 class=\"wp-block-heading\" id=\"what-is-twitter\">\u00bfQu\u00e9 es Twitter? <\/h2>\n\n<p><em>Twitter<\/em> es un popular servicio estadounidense de microblogging y redes sociales en el que las personas interact\u00faan y comparten mensajes conocidos como &#8216;tweets&#8217;. Es una de las plataformas m\u00e1s grandes donde los usuarios registrados pueden dar me gusta, comentar, compartir y retuitear tuits. Lanzado en 2006, Twitter ahora tiene m\u00e1s de 320 millones de usuarios activos mensuales. Hubo un tiempo en que Twitter se llen\u00f3 con contenido simple basado en texto, pero ahora ha agregado otras opciones que incluyen videos. <\/p>\n\n<p>Si desea noticias y videos r\u00e1pidos de todo el mundo, el descargador de Tweets es seguramente el lugar para depender. Pero desafortunadamente, sus videos est\u00e1n incrustados de tal manera que no puede usarlos m\u00e1s adelante. Muchos usuarios quieren descargar videos mp4 de Twitter y guardarlos en sus dispositivos, pero no pueden. Es por eso que presentamos <em>Y2mate Twitter Video Downloader<\/em> y2, que le brindar\u00e1 la mejor experiencia enriquecida con nueva tecnolog\u00eda y funciones avanzadas. <\/p>\n\n<p><em>La descarga de videos de Ymate<\/em> tiene como objetivo brindarle una experiencia de descarga sin errores que siempre satisfaga a sus usuarios. Permite a sus usuarios descargar los videos de Twitter de su elecci\u00f3n para que puedan<em> <\/em>verlos m\u00e1s tarde, incluso cuando est\u00e1n fuera de l\u00ednea. Todo lo que necesita hacer es copiar la &#8216;URL&#8217; del video que desea descargar en el video de Twitter en l\u00ednea y pegarlo en el cuadro de b\u00fasqueda proporcionado y hacer clic en el &#8216;icono de descarga&#8217; al costado. Nuestro descargador ni siquiera requiere descargar o instalar ning\u00fan tipo de software o complemento para usar este sitio web. Est\u00e1 dise\u00f1ado para consumir un m\u00ednimo de datos de Internet y, sin embargo, le proporcionar\u00e1 la mejor calidad. <\/p>\n\n<p>Incluso si no eres una persona muy techno, esta herramienta es sin duda el destino adecuado para ti. Entonces, \u00bfcu\u00e1l es la retenci\u00f3n? Disfrute del uso de nuestro incre\u00edble descargador de <a href=\"https:\/\/y2mate.me\/es\">videos Y2mate<\/a> y guarde su video de Twitter en sus dispositivos en un par de segundos. <\/p>\n\n<h2 class=\"wp-block-heading\" id=\"download-videos-by-using-twitter-video-download-online\">Descargar videos usando Video Download Twitter:<\/h2>\n\n<p>El descargador de videos de Twitter en l\u00ednea HD le brinda la mejor experiencia enriquecida con la tecnolog\u00eda m\u00e1s nueva y todas las funciones avanzadas. Nuestra herramienta en l\u00ednea tiene como objetivo proporcionar a sus usuarios una experiencia de descarga sin errores que los satisfar\u00e1. Les permite descargar videos en l\u00ednea de Twitter y2mate de su elecci\u00f3n GRATIS, para que puedan<strong> <\/strong>M\u00edralos m\u00e1s tarde, incluso cuando no tengan una conexi\u00f3n a Internet en sus dispositivos.<\/p>\n\n<p>Para descargar videos de Twitter con esta herramienta en l\u00ednea, simplemente copie la &#8216;URL&#8217; del video que desea descargar y p\u00e9guelo en el cuadro de texto anterior. Ahora, toque el &#8216;\u00edcono de descarga&#8217; en el costado. Nuestro descargador y2 basado en la web es completamente gratuito y ni siquiera pide a sus usuarios que instalen ning\u00fan tipo de software o complemento de antemano. Hemos dise\u00f1ado su servidor para consumir los datos m\u00ednimos de Internet de nuestros usuarios y, sin embargo, le proporcionar\u00e1 la mejor calidad.<\/p>\n\n<p>Usar el descargador de videos en l\u00ednea y2mate a veces puede ser bastante dif\u00edcil si no est\u00e1 usando el sitio web correcto. Debido a los m\u00faltiples pasos y anuncios, otras herramientas complican el proceso de descarga. Por el contrario, nuestra herramienta facilita mucho a nuestros usuarios la descarga de videos de Twitter. Incluso si no eres un experto en inform\u00e1tica o eres muy nuevo en esto, esta herramienta demostrar\u00e1 ser el destino adecuado para ti.<\/p>\n\n<p>Entonces, \u00bfa qu\u00e9 est\u00e1s esperando ahora? \u00a1Disfrute del uso de nuestro mejor descargador de videos y2 y guarde videos de Twitter directamente en sus dispositivos en segundos!<\/p>\n\n<h2 class=\"wp-block-heading\" id=\"frequently-asked-questions-faqs\">Preguntas frecuentes: preguntas frecuentes:<\/h2>\n\n<div class=\"schema-faq wp-block-yoast-faq-block\"><div class=\"schema-faq-section\" id=\"faq-question-1638944247061\"><strong class=\"schema-faq-question\">1. \u00bfEste Twitter Downloader HD es gratuito? <\/strong> <p class=\"schema-faq-answer\">S\u00ed, Y2mate- Twitter Video Downloader es un servicio gratuito que te permite descargar tus videos de Twitter deseados sin ning\u00fan inconveniente en cuesti\u00f3n de segundos. Como el software de nuestro sitio web es independiente de la plataforma, puede usarlo con su Android, Mac, PC con Linux e incluso con IOS (iPhone). <\/p> <\/div> <div class=\"schema-faq-section\" id=\"faq-question-1638944286240\"><strong class=\"schema-faq-question\">2. \u00bfEl descargador de videos en l\u00ednea y2mate guarda una copia de mis videos descargados? <\/strong> <p class=\"schema-faq-answer\">No, el descargador de Y2mate-Ymate para tweeter no almacena los videos que ha descargado ni nuestro sitio web conserva ninguna copia del video. Como no realizamos un seguimiento de los historiales de descarga de los usuarios, usar Y2mate es totalmente seguro y an\u00f3nimo.<\/p> <\/div> <div class=\"schema-faq-section\" id=\"faq-question-1638944305864\"><strong class=\"schema-faq-question\">3. \u00bfD\u00f3nde se guardar\u00e1n mis videos despu\u00e9s de descargarlos usando el Descargador de clips de Twitter? <\/strong> <p class=\"schema-faq-answer\">Los videos que desea generalmente se guardan en cualquier carpeta que haya establecido como su &#8216;predeterminada&#8217;. En el caso de sus tel\u00e9fonos m\u00f3viles, el video se guardar\u00e1 en la &#8216;carpeta de descargas&#8217; o en la galer\u00eda de su tel\u00e9fono. Pero cuando use su PC para descargar los videos de Twitter usando nuestro descargador de videos de Twitter, se guardar\u00e1n en la carpeta &#8216;Descargas&#8217; de su computadora. <\/p> <\/div> <div class=\"schema-faq-section\" id=\"faq-question-1638944328590\"><strong class=\"schema-faq-question\">4. \u00bfEl descargador de videos Y2mate de Twitter tambi\u00e9n es compatible con otros sitios? <\/strong> <p class=\"schema-faq-answer\">S\u00ed, de hecho, Y2mate actualmente admite m\u00e1s de 30 sitios, incluidos Likee, Instagram, Facebook, TikTok, Bandcamp, Break, Flickr, ESPN y muchos m\u00e1s con la mejor eficiencia que encontrar\u00e1 en Internet. Todos ellos son f\u00e1ciles de usar con las \u00faltimas y exclusivas funciones.<\/p> <\/div> <div class=\"schema-faq-section\" id=\"faq-question-1638944367552\"><strong class=\"schema-faq-question\">5. <strong>\u00bfPor qu\u00e9 debo usar este Tw<\/strong> ee <strong>t Video Downloade<\/strong> r mp4 <strong>?<\/strong><br><\/strong> <p class=\"schema-faq-answer\">Aqu\u00ed hay una lista de cosas que hacen que este Descargador de Twitter en l\u00ednea se destaque del resto:<br>1. De uso gratuito.<br>2. Interfaz f\u00e1cil de usar.<br>3. Descarga videos en calidad HD.<br>4. No se incluyen anuncios de enlace directo.<br>5. R\u00e1pido y sencillo.<br>6. Tambi\u00e9n puede descargar videos de cuentas privadas de Twitter.<\/p> <\/div> <\/div>\n","protected":false},"excerpt":{"rendered":"<p>\u00bfEst\u00e1 buscando un descargador de tweets s\u00faper r\u00e1pido y eficiente para usar pero no puede [&#8230;..]<\/p>\n","protected":false},"author":1,"featured_media":762,"parent":0,"menu_order":0,"comment_status":"closed","ping_status":"closed","template":"","meta":{"footnotes":""},"class_list":["post-386","page","type-page","status-publish","has-post-thumbnail","hentry"],"acf":[],"aioseo_notices":[],"_links":{"self":[{"href":"https:\/\/y2mate.me\/es\/wp-json\/wp\/v2\/pages\/386","targetHints":{"allow":["GET"]}}],"collection":[{"href":"https:\/\/y2mate.me\/es\/wp-json\/wp\/v2\/pages"}],"about":[{"href":"https:\/\/y2mate.me\/es\/wp-json\/wp\/v2\/types\/page"}],"author":[{"embeddable":true,"href":"https:\/\/y2mate.me\/es\/wp-json\/wp\/v2\/users\/1"}],"replies":[{"embeddable":true,"href":"https:\/\/y2mate.me\/es\/wp-json\/wp\/v2\/comments?post=386"}],"version-history":[{"count":2,"href":"https:\/\/y2mate.me\/es\/wp-json\/wp\/v2\/pages\/386\/revisions"}],"predecessor-version":[{"id":894,"href":"https:\/\/y2mate.me\/es\/wp-json\/wp\/v2\/pages\/386\/revisions\/894"}],"wp:featuredmedia":[{"embeddable":true,"href":"https:\/\/y2mate.me\/es\/wp-json\/wp\/v2\/media\/762"}],"wp:attachment":[{"href":"https:\/\/y2mate.me\/es\/wp-json\/wp\/v2\/media?parent=386"}],"curies":[{"name":"wp","href":"https:\/\/api.w.org\/{rel}","templated":true}]}}