{"id":374,"date":"2021-12-21T11:58:12","date_gmt":"2021-12-21T11:58:12","guid":{"rendered":"https:\/\/y2mate.me\/descargar-videos-de-pinterest"},"modified":"2022-01-05T22:36:18","modified_gmt":"2022-01-05T22:36:18","slug":"descargar-videos-de-pinterest","status":"publish","type":"page","link":"https:\/\/y2mate.me\/es\/descargar-videos-de-pinterest","title":{"rendered":"Descargador de videos de Pinterest"},"content":{"rendered":"\n<h2 class=\"wp-block-heading\">Descargador de videos de Pinterest en l\u00ednea gratuito: <\/h2>\n\n<p>\u00bfTiene problemas para buscar un descargador de videos de Pinterest eficiente? Bueno, ahora finalmente ha llegado al sitio web correcto. Pinterest es uno de los nombres m\u00e1s importantes en las plataformas de transmisi\u00f3n de redes sociales en estos d\u00edas. Y2mate &#8211; Downloader es una herramienta gratuita de Pinterest para descargar videos en l\u00ednea que le permite descargar videos de Pinterest con facilidad. La mejor parte de este incre\u00edble descargador es que no te cobrar\u00e1 ni un centavo. Es un servicio web simple que permite a sus usuarios descargar sus formatos favoritos (MP4, M4A, 3GP, WEBM y JPG) y calidades (HD, SD). Para usar esta herramienta, ni siquiera necesita descargar o instalar ning\u00fan tipo de software o complemento.<\/p>\n\n<h2 class=\"wp-block-heading\">\u00bfC\u00f3mo descargar videos de pinterest Y2mate &#8211; Descargar Videos de Pinterest?<\/h2>\n\n<p>Como saben nuestros usuarios, Y2mate es un incre\u00edble descargar video Pinterest que lleva a cabo las funciones m\u00e1s avanzadas que encontrar\u00e1s en Internet. Les da a nuestros usuarios la experiencia de usar una herramienta de siguiente nivel. Con su s\u00faper velocidad, cualquiera estar\u00e1 satisfecho con su servicio. Si sigue estos sencillos pasos, puede descargar f\u00e1cilmente sus videos favoritos de Pinterest sin ninguna dificultad a trav\u00e9s de este Descargador.<\/p>\n\n<ol class=\"wp-block-list\"><li><strong>Abra el sitio:<\/strong><\/li><\/ol>\n\n<p>Luego, debes ir a esa p\u00e1gina espec\u00edfica en Pinterest que contiene el video que deseas descargar.<\/p>\n\n<ol class=\"wp-block-list\" start=\"2\"><li><strong>Copia la URL:<\/strong><\/li><\/ol>\n\n<p>Copie el enlace a la descarga del enlace de ese video de Pinterest en particular. <\/p>\n\n<ol class=\"wp-block-list\" start=\"3\"><li><strong>Abra el descargador:<\/strong><\/li><\/ol>\n\n<p>Abra este enlace en <a href=\"https:\/\/y2mate.me\/es\/descargar-videos-de-pinterest\">y2mate.me\/Pinterest-video-downloader<\/a><\/p>\n\n<ol class=\"wp-block-list\" start=\"4\"><li><strong>Pega la URL:<\/strong><\/li><\/ol>\n\n<p>Pegue la URL (el enlace que copi\u00f3 de Pinterest) en el cuadro de b\u00fasqueda de arriba.<\/p>\n\n<ol class=\"wp-block-list\" start=\"5\"><li><strong>Seleccione el formato y descargue el video:<\/strong><\/li><\/ol>\n\n<p>Todo lo que necesita hacer es hacer clic en el \u00abicono de descarga\u00bb que se encuentra en el lado derecho. Luego, el descargador de Pinterest extraer\u00e1 enlaces de video MP4 de alta calidad del video elegido y le dar\u00e1 la opci\u00f3n de elegir la calidad en la que le gustar\u00eda guardar su video. (SD o HD).<\/p>\n\n<h2 class=\"wp-block-heading\">Caracter\u00edsticas del descargador de videos de Pinterest:<\/h2>\n\n<p>Esta incre\u00edble herramienta para descargar tus videos favoritos de Pinterest es \u00fanica debido a sus siguientes caracter\u00edsticas \u00fanicas:<\/p>\n\n<h4 class=\"wp-block-heading\">Descargador de velocidad r\u00e1pida:<\/h4>\n\n<p>Esto es bueno para descargar videos de Pinterest a una velocidad muy r\u00e1pida sin esperas ni p\u00e9rdidas de tiempo.<\/p>\n\n<h4 class=\"wp-block-heading\">Alta calidad y resoluci\u00f3n:<\/h4>\n\n<p>Puedes descargar videos de alta resoluci\u00f3n con este descargador como videos HD y SD sin ning\u00fan problema. El rendimiento del video descargado es de una calidad incre\u00edblemente excelente.<\/p>\n\n<h4 class=\"wp-block-heading\">Portabilidad:<\/h4>\n\n<p>Esto est\u00e1 muy de acuerdo con la portabilidad de los videos descargados. Las caracter\u00edsticas del video permanecen sin cambios al descargar el video a trav\u00e9s de este descargador en l\u00ednea gratuito.<\/p>\n\n<h4 class=\"wp-block-heading\">Libre de costo:<\/h4>\n\n<p>Este es un descargador perfectamente gratuito. Puedes descargar libremente cualquiera de los videos de Pinterest sin gastar cantidad alguna. Es gratis y f\u00e1cil de usar para el usuario.<\/p>\n\n<h4 class=\"wp-block-heading\">Formato:<\/h4>\n\n<p>Esta herramienta gratuita de Pinterest para descargar videos en l\u00ednea le permite seleccionar el formato mp4 del contenido de video seleccionado para descargar en ese formato. Entonces, de acuerdo con su necesidad e inter\u00e9s, puede descargar el video deseado en formato mp4 en solo unos segundos. <\/p>\n\n<h2 class=\"wp-block-heading\">Preguntas frecuentes:<\/h2>\n\n<div class=\"schema-faq wp-block-yoast-faq-block\"><div class=\"schema-faq-section\" id=\"faq-question-1639379056954\"><strong class=\"schema-faq-question\">\u00a1S\u00ed! Puede compartir los videos descargados en cualquiera de las otras plataformas de redes sociales seg\u00fan sus necesidades. <strong>\u00bfEs seguro usar Y2mate- Descargar video de pinterest?<\/strong><\/strong> <p class=\"schema-faq-answer\">S\u00ed, puede confiar en nuestro Descargador de videos para descargar y guardar videos de Pinterest de forma segura y gratuita en su dispositivo sin ning\u00fan problema. Si sigue nuestra gu\u00eda, seguramente quedar\u00e1 satisfecho con el uso de este descargador. <\/p> <\/div> <div class=\"schema-faq-section\" id=\"faq-question-1639379070227\"><strong class=\"schema-faq-question\"><strong>\u00bfD\u00f3nde se guardar\u00e1n mis videos en mi dispositivo despu\u00e9s de descargarlos usando descargar videos pinterest?<\/strong><\/strong> <p class=\"schema-faq-answer\">Cuando usa Y2mate &#8211; Pinterest Downloader para descargar los videos de Pinterest que desea, generalmente se guardan en cualquier carpeta que haya establecido como su &#8216;predeterminada&#8217;. En su tel\u00e9fono m\u00f3vil, el video se guardar\u00e1 en la &#8216;carpeta de descargas&#8217; o en la galer\u00eda de su tel\u00e9fono. Pero cuando use su PC para descargar los videos, se guardar\u00e1n en la carpeta &#8216;Descargas&#8217; de su computadora. <\/p> <\/div> <div class=\"schema-faq-section\" id=\"faq-question-1639379082957\"><strong class=\"schema-faq-question\"><strong>\u00bfPuedo descargar los videos de Pinterest en m\u00e1s de un formato?<\/strong><\/strong> <p class=\"schema-faq-answer\">S\u00ed, puedes descargar los videos en m\u00e1s de un formato. Puede descargarlo en diferentes formatos, incluidos MP4, M4A, 3GP, WEBM y JPG. Se le dar\u00e1n diferentes opciones disponibles en cada video en t\u00e9rminos de formato. Simplemente haz clic en el que necesites y disfr\u00fatalo. \u00a1Le ahorra dinero y tiempo con gran eficiencia!<\/p> <\/div> <div class=\"schema-faq-section\" id=\"faq-question-1639379094863\"><strong class=\"schema-faq-question\"><strong>\u00bfEsta herramienta es perfectamente gratuita?<\/strong><\/strong> <p class=\"schema-faq-answer\">Este descargador de videos en l\u00ednea es perfectamente gratuito. No necesita gastar ninguna cantidad en descargar sus videos favoritos.<\/p> <\/div> <div class=\"schema-faq-section\" id=\"faq-question-1639379116112\"><strong class=\"schema-faq-question\"><strong>\u00bfPuedo compartir los videos descargados con cualquiera de las otras plataformas de redes sociales?<\/strong><\/strong> <p class=\"schema-faq-answer\">\u00a1S\u00ed! Puede compartir los videos descargados en cualquiera de las otras plataformas de redes sociales seg\u00fan sus necesidades.<\/p> <\/div> <\/div>\n","protected":false},"excerpt":{"rendered":"<p>Descargador de videos de Pinterest en l\u00ednea gratuito: \u00bfTiene problemas para buscar un descargador de [&#8230;..]<\/p>\n","protected":false},"author":1,"featured_media":222,"parent":0,"menu_order":0,"comment_status":"closed","ping_status":"closed","template":"pinterest-page.php","meta":{"footnotes":""},"class_list":["post-374","page","type-page","status-publish","has-post-thumbnail","hentry"],"acf":[],"aioseo_notices":[],"_links":{"self":[{"href":"https:\/\/y2mate.me\/es\/wp-json\/wp\/v2\/pages\/374","targetHints":{"allow":["GET"]}}],"collection":[{"href":"https:\/\/y2mate.me\/es\/wp-json\/wp\/v2\/pages"}],"about":[{"href":"https:\/\/y2mate.me\/es\/wp-json\/wp\/v2\/types\/page"}],"author":[{"embeddable":true,"href":"https:\/\/y2mate.me\/es\/wp-json\/wp\/v2\/users\/1"}],"replies":[{"embeddable":true,"href":"https:\/\/y2mate.me\/es\/wp-json\/wp\/v2\/comments?post=374"}],"version-history":[{"count":0,"href":"https:\/\/y2mate.me\/es\/wp-json\/wp\/v2\/pages\/374\/revisions"}],"wp:featuredmedia":[{"embeddable":true,"href":"https:\/\/y2mate.me\/es\/wp-json\/wp\/v2\/media\/222"}],"wp:attachment":[{"href":"https:\/\/y2mate.me\/es\/wp-json\/wp\/v2\/media?parent=374"}],"curies":[{"name":"wp","href":"https:\/\/api.w.org\/{rel}","templated":true}]}}