{"id":342,"date":"2021-12-21T10:25:06","date_gmt":"2021-12-21T10:25:06","guid":{"rendered":"https:\/\/y2mate.me\/descargar-videos-de-facebook"},"modified":"2023-12-04T10:48:57","modified_gmt":"2023-12-04T10:48:57","slug":"descargar-videos-de-facebook","status":"publish","type":"page","link":"https:\/\/y2mate.me\/es\/descargar-videos-de-facebook","title":{"rendered":"Descargar videos de Facebook"},"content":{"rendered":"\n<h2 class=\"wp-block-heading\" id=\"free-online-y2mate-facebook-video-downloader\"><strong>Descargar videos de Facebook Y2Mate en l\u00ednea gratuito<\/strong><\/h2>\n\n<p><strong>descargar videos de facebook y2mate <\/strong>es una de las mejores herramientas gratuitas de descarga de v\u00eddeo de Facebook en l\u00ednea que te ayudan a descargar v\u00eddeos de Facebook de tu agrado en formatos convertidor de videos de facebook (v\u00eddeo). Permite a sus usuarios convertir videos de Facebook en calidad HD a sus dispositivos de forma gratuita. Este servicio y2mate Hd Fb funciona para tu Android, Mac, iPhone, Windows, Linux, etc.<\/p>\n\n<p>Este convertidor mp4 facebook va a esa p\u00e1gina de Facebook y extrae directamente los enlaces FbMP4 del v\u00eddeo deseado. Sin tener que instalar plugins ni software, Y2mate para Facebook no tiene ning\u00fan coste ni complicaciones. \u00a1Disfrute el uso de nuestro sitio web!<\/p>\n\n<h2 class=\"wp-block-heading\" id=\"how-can-i-download-facebook-videos-using-y2-mate-facebook-video-downloader\"><strong>\u00bfC\u00f3mo puedo descargar videos de Facebook Y2mate descargar videos de facebook gratis? <\/strong><\/h2>\n\n<p>Aqu\u00ed tienes unos sencillos pasos para descargar tus v\u00eddeos favoritos de Facebook utilizando nuestro sitio web y2mate: <\/p>\n\n<p><strong>Paso 1: Abre Facebook<br\/><\/strong>En primer lugar, visita el sitio web <a href=\"http:\/\/Facebook.com\">de Facebook<\/a> y busca el v\u00eddeo que quieras descargar.<\/p>\n\n<figure class=\"wp-block-image size-large is-resized\"><img fetchpriority=\"high\" decoding=\"async\" width=\"1024\" height=\"536\" src=\"https:\/\/y2mate.me\/wp-content\/uploads\/2023\/11\/s1-1024x536.png\" alt=\"\" class=\"wp-image-10426\" style=\"width:700px\" srcset=\"https:\/\/y2mate.me\/wp-content\/uploads\/2023\/11\/s1-1024x536.png 1024w, https:\/\/y2mate.me\/wp-content\/uploads\/2023\/11\/s1-300x157.png 300w, https:\/\/y2mate.me\/wp-content\/uploads\/2023\/11\/s1-768x402.png 768w, https:\/\/y2mate.me\/wp-content\/uploads\/2023\/11\/s1.png 1200w\" sizes=\"(max-width: 1024px) 100vw, 1024px\" \/><\/figure>\n\n<p><strong>Paso 2: Copie la URL:<\/strong><br\/>Luego vaya a la p\u00e1gina espec\u00edfica en Facebook que contiene el video que le gustar\u00eda descargar y copie el enlace de ese video de FB.<\/p>\n\n<figure class=\"wp-block-image size-large is-resized\"><img decoding=\"async\" width=\"1024\" height=\"536\" src=\"https:\/\/y2mate.me\/wp-content\/uploads\/2023\/11\/s2-1024x536.png\" alt=\"facebook mate\" class=\"wp-image-10437\" style=\"width:700px\" srcset=\"https:\/\/y2mate.me\/wp-content\/uploads\/2023\/11\/s2-1024x536.png 1024w, https:\/\/y2mate.me\/wp-content\/uploads\/2023\/11\/s2-300x157.png 300w, https:\/\/y2mate.me\/wp-content\/uploads\/2023\/11\/s2-768x402.png 768w, https:\/\/y2mate.me\/wp-content\/uploads\/2023\/11\/s2.png 1200w\" sizes=\"(max-width: 1024px) 100vw, 1024px\" \/><\/figure>\n\n<p><strong>Paso 3: Abre Facebook Reels Downloader:<\/strong><\/p>\n\n<p>Abre el sitio<a href=\"https:\/\/y2mate.me\/es\/descargar-videos-de-facebook\"> y2mate com Facebook video download online tool<\/a>.<\/p>\n\n<figure class=\"wp-block-image size-large is-resized\"><img decoding=\"async\" width=\"1024\" height=\"536\" src=\"https:\/\/y2mate.me\/wp-content\/uploads\/2023\/11\/s3-1024x536.png\" alt=\"Abrir Facebook video Downloader\" class=\"wp-image-10448\" style=\"width:700px\" srcset=\"https:\/\/y2mate.me\/wp-content\/uploads\/2023\/11\/s3-1024x536.png 1024w, https:\/\/y2mate.me\/wp-content\/uploads\/2023\/11\/s3-300x157.png 300w, https:\/\/y2mate.me\/wp-content\/uploads\/2023\/11\/s3-768x402.png 768w, https:\/\/y2mate.me\/wp-content\/uploads\/2023\/11\/s3.png 1200w\" sizes=\"(max-width: 1024px) 100vw, 1024px\" \/><\/figure>\n\n<p><strong>Paso 4: Pega la URL del v\u00eddeo de Facebook:<\/strong><\/p>\n\n<p>Ahora, pegue la URL (el enlace que copi\u00f3) en el cuadro de texto de entrada del descargador de Y2 mate FB (arriba) y haga clic en el icono &#8216;Descargar&#8217;.<\/p>\n\n<figure class=\"wp-block-image size-large is-resized\"><img loading=\"lazy\" decoding=\"async\" width=\"1024\" height=\"536\" src=\"https:\/\/y2mate.me\/wp-content\/uploads\/2023\/11\/s4-1024x536.png\" alt=\"Pega el enlace del v&#xED;deo en el descargador de v&#xED;deos de Facebook\" class=\"wp-image-10459\" style=\"width:700px\" srcset=\"https:\/\/y2mate.me\/wp-content\/uploads\/2023\/11\/s4-1024x536.png 1024w, https:\/\/y2mate.me\/wp-content\/uploads\/2023\/11\/s4-300x157.png 300w, https:\/\/y2mate.me\/wp-content\/uploads\/2023\/11\/s4-768x402.png 768w, https:\/\/y2mate.me\/wp-content\/uploads\/2023\/11\/s4.png 1200w\" sizes=\"(max-width: 1024px) 100vw, 1024px\" \/><\/figure>\n\n<p><strong>Paso 4: Descargar facebook Video<\/strong><\/p>\n\n<p>A continuaci\u00f3n, haz clic en el bot\u00f3n de descarga de v\u00eddeos de Facebook y selecciona la opci\u00f3n descargar de facebook.<\/p>\n\n<figure class=\"wp-block-image size-large is-resized\"><img loading=\"lazy\" decoding=\"async\" width=\"1024\" height=\"536\" src=\"https:\/\/y2mate.me\/wp-content\/uploads\/2023\/11\/s5-1024x536.png\" alt=\"Descargar v&#xED;deos FB\" class=\"wp-image-10470\" style=\"width:700px\" srcset=\"https:\/\/y2mate.me\/wp-content\/uploads\/2023\/11\/s5-1024x536.png 1024w, https:\/\/y2mate.me\/wp-content\/uploads\/2023\/11\/s5-300x157.png 300w, https:\/\/y2mate.me\/wp-content\/uploads\/2023\/11\/s5-768x402.png 768w, https:\/\/y2mate.me\/wp-content\/uploads\/2023\/11\/s5.png 1200w\" sizes=\"(max-width: 1024px) 100vw, 1024px\" \/><\/figure>\n\n<p><strong>Paso 5: Seleccione Formato y Resoluci\u00f3n:<\/strong><\/p>\n\n<p>Nuestro descargar videos de facebook y2mate extraer\u00e1 enlaces de video MP4 de alta calidad y le dar\u00e1 la opci\u00f3n de elegir la calidad que desee (HD o SD). <\/p>\n\n<figure class=\"wp-block-image size-large is-resized\"><img loading=\"lazy\" decoding=\"async\" width=\"1024\" height=\"536\" src=\"https:\/\/y2mate.me\/wp-content\/uploads\/2023\/11\/s6-1024x536.png\" alt=\"Selecciona la resoluci&#xF3;n del v&#xED;deo de Facebook\" class=\"wp-image-10481\" style=\"width:700px\" srcset=\"https:\/\/y2mate.me\/wp-content\/uploads\/2023\/11\/s6-1024x536.png 1024w, https:\/\/y2mate.me\/wp-content\/uploads\/2023\/11\/s6-300x157.png 300w, https:\/\/y2mate.me\/wp-content\/uploads\/2023\/11\/s6-768x402.png 768w, https:\/\/y2mate.me\/wp-content\/uploads\/2023\/11\/s6.png 1200w\" sizes=\"(max-width: 1024px) 100vw, 1024px\" \/><\/figure>\n\n<h2 class=\"wp-block-heading\" id=\"how-to-use-a-y2-facebook-video-downloader\"><strong>\u00bfC\u00f3mo utilizar un descargador de v\u00eddeo de Facebook en l\u00ednea en el m\u00f3vil y el IOS?<\/strong><\/h2>\n\n<ul class=\"wp-block-list\">\n<li>Copie la URL del video de Facebook que le gustar\u00eda descargar.<\/li>\n\n\n\n<li>Pega el enlace de descarga de v\u00eddeo de Facebook en el campo correspondiente del descargador y2mate Hd Fb.<\/li>\n\n\n\n<li>Haz clic en el bot\u00f3n o icono <strong>Descargar<\/strong> v\u00eddeo de Facebook para guardar v\u00eddeo de Facebook y2mate.<\/li>\n<\/ul>\n\n<h2 class=\"wp-block-heading\" id=\"key-features\"><strong>Razones para utilizar Y2mate Facebook Video Downloader<\/strong><\/h2>\n\n<p>Nuestro sitio web y2 matet com es de uso gratuito y no requiere software ni registro. Disfrute y hacer uso de nuestro sitio web y2mate Hd Fb.<\/p>\n\n<p><strong>1. Excelente calidad<\/strong><\/p>\n\n<p>Puedes descargar Video Facebook y2mate en FULL HD y 4K con sonido desde nuestro descargador gratuito de Facebook y2mate. La gran mayor\u00eda de las herramientas disponibles actualmente y2mate facebook com s\u00f3lo admiten la descarga de v\u00eddeo FB HD y2mate.<\/p>\n\n<p><strong>2. F\u00e1cil<\/strong><\/p>\n\n<p>Para cualquier dispositivo (tel\u00e9fono, PC o tableta) y sistema operativo, hay un descargador de videos de Facebook (Android, IOS). No es necesario instalar ning\u00fan software.<\/p>\n\n<p><strong>3. Gratis<\/strong><\/p>\n\n<p>Permanecer\u00e1 sin trabas en todo momento. Para ayudar a financiar nuestra expansi\u00f3n, solo publicamos algunos anuncios.<\/p>\n\n<p><strong>4. Seguro y protegido<\/strong><\/p>\n\n<p>Nuestro incre\u00edble descargador es completamente seguro. Los v\u00eddeos que descargas con nuestro descargador nunca se guardan en nuestro servidor. Puedes utilizarlo para descargar de facebook sin preocuparte por el robo de datos.<\/p>\n\n<p><strong>5. Descargas ilimitadas<\/strong><\/p>\n\n<p>Nunca limitamos a nuestros usuarios el n\u00famero de v\u00eddeos de FB que pueden descargar utilizando el descargador Y2mate para v\u00eddeos de FB. Puedes descargar un n\u00famero ilimitado de v\u00eddeos de Facebook sin esfuerzo.<\/p>\n\n<p><strong>6. Compatible con todos los sistemas operativos<\/strong><\/p>\n\n<p>Es compatible con todos los sistemas operativos, ya sean Android o iOS. Nuestro descargador es un descargador basado en web, as\u00ed que util\u00edzalo sin problemas en cualquier dispositivo o navegador.<\/p>\n\n<h2 class=\"wp-block-heading\"><strong>Descargar Facebook Story y2mate<\/strong><\/h2>\n\n<p>Hoy en d\u00eda, las historias de Facebook est\u00e1n de moda. La gente publica diversas historias emocionantes en sus cuentas de FB. Pero la decepci\u00f3n es que no puedes descargar de facebook. Pero lejos quedan los d\u00edas en que descargar historias de FB era dif\u00edcil o incluso no exist\u00eda. Ahora es muy f\u00e1cil descargar favorita de FB. <strong><a href=\"https:\/\/y2mate.me\/es\">Y2mate.me<\/a><\/strong> es el mejor descargador de historias de Facebook que guardar\u00e1 los v\u00eddeos de las historias de Facebook con s\u00f3lo pegar el enlace de esa historia. Adem\u00e1s, no necesitas ninguna aplicaci\u00f3n o software externo para descargar historias de FB.  <\/p>\n\n<p>Facebook ha lanzado una nueva funci\u00f3n de v\u00eddeos de carretes de Facebook que pueden descargarse eficazmente utilizando nuestro <a href=\"https:\/\/y2mate.me\/facebook-reels-download\">descargador de carretes de Facebook<\/a>.  <\/p>\n","protected":false},"excerpt":{"rendered":"<p>Descargar videos de Facebook Y2Mate en l\u00ednea gratuito descargar videos de facebook y2mate es una [&#8230;..]<\/p>\n","protected":false},"author":1,"featured_media":210,"parent":0,"menu_order":0,"comment_status":"closed","ping_status":"closed","template":"facebook-page.php","meta":{"footnotes":""},"class_list":["post-342","page","type-page","status-publish","has-post-thumbnail","hentry"],"acf":[],"aioseo_notices":[],"_links":{"self":[{"href":"https:\/\/y2mate.me\/es\/wp-json\/wp\/v2\/pages\/342","targetHints":{"allow":["GET"]}}],"collection":[{"href":"https:\/\/y2mate.me\/es\/wp-json\/wp\/v2\/pages"}],"about":[{"href":"https:\/\/y2mate.me\/es\/wp-json\/wp\/v2\/types\/page"}],"author":[{"embeddable":true,"href":"https:\/\/y2mate.me\/es\/wp-json\/wp\/v2\/users\/1"}],"replies":[{"embeddable":true,"href":"https:\/\/y2mate.me\/es\/wp-json\/wp\/v2\/comments?post=342"}],"version-history":[{"count":5,"href":"https:\/\/y2mate.me\/es\/wp-json\/wp\/v2\/pages\/342\/revisions"}],"predecessor-version":[{"id":10655,"href":"https:\/\/y2mate.me\/es\/wp-json\/wp\/v2\/pages\/342\/revisions\/10655"}],"wp:featuredmedia":[{"embeddable":true,"href":"https:\/\/y2mate.me\/es\/wp-json\/wp\/v2\/media\/210"}],"wp:attachment":[{"href":"https:\/\/y2mate.me\/es\/wp-json\/wp\/v2\/media?parent=342"}],"curies":[{"name":"wp","href":"https:\/\/api.w.org\/{rel}","templated":true}]}}