{"id":313,"date":"2021-12-21T05:36:09","date_gmt":"2021-12-21T05:36:09","guid":{"rendered":"https:\/\/y2mate.me\/descargar-videos-de-tiktok"},"modified":"2022-06-13T12:37:53","modified_gmt":"2022-06-13T12:37:53","slug":"descargar-videos-de-tiktok","status":"publish","type":"page","link":"https:\/\/y2mate.me\/es\/descargar-videos-de-tiktok","title":{"rendered":"Descargador de videos de TikTok"},"content":{"rendered":"\n<p>TikTok es oro para aquellos que disfrutan haciendo videos divertidos de sincronizaci\u00f3n de labios y comparti\u00e9ndolos con sus amigos y familiares. Decidir qu\u00e9 <em>TikTok Video Downloader<\/em> usar puede ser dif\u00edcil, ya que hoy en d\u00eda hay muchos de ellos flotando en Internet. Si se encuentra en el mismo dilema, no se preocupe porque ahora ha venido al sitio web correcto. <em>Y2mate TikTok Video Downloader<\/em> es la mejor herramienta gratuita en l\u00ednea que significa descargador tiktok que le permite descargar sus videos favoritos de TikTok en el formato que elija. Lo m\u00e1s incre\u00edble de esto es que no requiere la instalaci\u00f3n de ning\u00fan software ni complementos. Si alguien quiz\u00e1s no es una persona muy tecno, entonces este descargador de y2mate tik tok es el adecuado para ellos, ya que les permite descargar sus videos favoritos de TikTok sin ning\u00fan tipo de problema.<\/p>\n\n<h2 class=\"wp-block-heading\" id=\"looking-for-the-best-tiktok-video-downloader\">\u00bfBuscas el mejor descargador de videos de TikTok?<\/h2>\n\n<p><strong>Tiktok<\/strong> es una aplicaci\u00f3n para compartir videos de cortometrajes que permite a sus usuarios crear videos cortos de alrededor de 15 segundos y compartirlos con sus amigos y fan\u00e1ticos. Sin embargo, al igual que cualquier otra plataforma popular, Tiktok tampoco permite a sus usuarios descargar directamente el contenido disponible en ella. No brinda acceso para descargar sus videos y guardarlos en nuestros dispositivos. Pero, \u00a1para eso est\u00e1n las herramientas de terceros como la aplicaci\u00f3n TikTok Downloaders y el video y2mate TikTok!<\/p>\n\n<p>Nos permite descargar videos de TikTok de cualquier tipo. As\u00ed que podemos simplemente<strong> <\/strong>M\u00edralos m\u00e1s tarde, incluso cuando no estamos conectados. Solo requiere que copiemos la &#8216;URL&#8217; del video que deseamos descargar y lo peguemos en el sitio web de la herramienta para su posterior procesamiento. Lo que m\u00e1s nos gusta de descargar videos de TikTok es que ni siquiera necesita descargar o instalar ning\u00fan tipo de software o complemento para usar este descargador tiktok en l\u00ednea. Brinda el mejor servicio al extraer directamente los enlaces de video (Mp4) del video que seleccione. \u00a1Este sitio puede ayudar y har\u00e1 el trabajo garantizado!<\/p>\n\n<h2 class=\"wp-block-heading\" id=\"how-to-use-a-tiktok-video-downloader\">\u00bfC\u00f3mo descargar videos tiktok sin marca de agua? <\/h2>\n\n<ul class=\"wp-block-list\"><li>Copie la URL del video de TikTok que desea descargar.<\/li><li>Pegue la URL que copi\u00f3 en el cuadro de campo que se encuentra al costado. <\/li><li>Haga clic en el bot\u00f3n o icono &#8216;descargar&#8217; para guardar el video de TikTok. <\/li><\/ul>\n\n<div class=\"schema-how-to wp-block-yoast-how-to-block\"><p class=\"schema-how-to-total-time\"><span class=\"schema-how-to-duration-time-text\">Tiempo necesario:<\/span> 1 minuto. <\/p><p class=\"schema-how-to-description\"><strong>\u00bfC\u00f3mo puedo descargar videos de TikTok usando Y2mate<\/strong> <strong>TikTok Video Downloader?<\/strong> <br>Esta es una herramienta muy simple y desde aqu\u00ed, est\u00e1s un paso m\u00e1s cerca de descargar tus videos de TikTok y eso tambi\u00e9n sin tener que instalar ning\u00fan software o complementos. Todo lo que tiene que hacer es seguir las pocas instrucciones que se enumeran a continuaci\u00f3n y su trabajo estar\u00e1 terminado en unos segundos. <\/p> <ol class=\"schema-how-to-steps\"><li class=\"schema-how-to-step\" id=\"how-to-step-1638940679578\"><strong class=\"schema-how-to-step-name\">Abra el sitio:<\/strong> <p class=\"schema-how-to-step-text\">Abra el sitio <a href=\"https:\/\/y2mate.me\/es\/descargar-videos-de-tiktok\">https:\/\/y2mate.me\/tiktok-video-downloader<\/a> . Abra la aplicaci\u00f3n TikTok y busque el video que desea descargar.<\/p> <\/li><li class=\"schema-how-to-step\" id=\"how-to-step-1638940835252\"><strong class=\"schema-how-to-step-name\">Copia la URL:<\/strong> <p class=\"schema-how-to-step-text\">Copie la URL de ese video de TikTok.<\/p> <\/li><li class=\"schema-how-to-step\" id=\"how-to-step-1638940865355\"><strong class=\"schema-how-to-step-name\">Pega la URL:<\/strong> <p class=\"schema-how-to-step-text\">Ahora, pegue la URL en el cuadro de texto de entrada de TikTok de y2 mate (arriba) y haga clic en el icono &#8216;Descargar&#8217;.<\/p> <\/li><li class=\"schema-how-to-step\" id=\"how-to-step-1638940899875\"><strong class=\"schema-how-to-step-name\">Seleccione Formatear y Descargar video Tiktok:<\/strong> <p class=\"schema-how-to-step-text\">Nuestro descargador de videos Y2mate- TikTok extraer\u00e1 enlaces de video MP4 de alta calidad del video y le dar\u00e1 la opci\u00f3n de elegir la calidad en la que desea guardar su video. (HD o SD). <br>Su video se descargar\u00e1 con \u00e9xito y se guardar\u00e1 en su dispositivo. <\/p> <\/li><\/ol><\/div>\n\n<h2 class=\"wp-block-heading\" id=\"key-features\">Caracter\u00edsticas principales:<\/h2>\n\n<h3 class=\"wp-block-heading\" id=\"1-unlimited-downloads\">1. Descargas ilimitadas:<\/h3>\n\n<p>Una de las principales caracter\u00edsticas que atraen a los usuarios a seguir usando esta fant\u00e1stica descarga en l\u00ednea de TikTok de y2mate es que no impone ninguna restricci\u00f3n o limitaci\u00f3n en la cantidad de su uso. \u00a1Descarga videos ilimitados sin preocuparte por las descargas anteriores y aprovecha esta oportunidad \u00fanica!<\/p>\n\n<h3 class=\"wp-block-heading\" id=\"2-free-service\"><strong>2.<\/strong> Servicio gratuito:<\/h3>\n\n<p>\u00a1Descarga videos de <strong><a href=\"https:\/\/www.tiktok.com\/\">Tiktok<\/a><\/strong> en l\u00ednea absolutamente gratis! Desde PC y computadoras port\u00e1tiles hasta tel\u00e9fonos inteligentes, solo opte por este sitio web dedicado para descargar sus amados videos de Tiktok sin tener que gastar un centavo.<\/p>\n\n<h3 class=\"wp-block-heading\" id=\"3-fast-speed\"><strong>3.<\/strong> Velocidad r\u00e1pida:<\/h3>\n\n<p>Esta descarga de y2mate TikTok es una de las herramientas m\u00e1s r\u00e1pidas que encontrar\u00e1 en Internet hoy. Tiene el poder de convertir y descargador de videos de tiktok enlaces extra\u00eddos en solo unos segundos.<\/p>\n\n<h3 class=\"wp-block-heading\" id=\"4-downloads-y2mate-mp4-tiktok-without-a-watermark\"><strong>4.<\/strong> Descarga y2mate mp4 TikTok sin marca de agua:<\/h3>\n\n<p>La mayor\u00eda de los videos de Download Tiktok en l\u00ednea no permiten que sus usuarios descarguen videos sin una marca de agua. \u00a1Afortunadamente, nuestro y2mate TikTok les permite guardar videos de Tiktok sin una marca de agua!<\/p>\n\n<h2 class=\"wp-block-heading\" id=\"ways-to-find-the-best-tiktok-videos-to-download\">Formas de encontrar los mejores videos de TikTok para descargar:<\/h2>\n\n<p>Abra la cuenta de Tiktok desde la que desea descargar el video TikTok y2mate y copie su enlace presionando el \u00edcono \u00bb <strong>Compartir<\/strong> \u00bb que se encuentra en la p\u00e1gina. Pero, si no tiene ning\u00fan video espec\u00edfico en mente para descargar, tambi\u00e9n puede buscar videos interesantes de Tiktok usando la funci\u00f3n de hashtag. Ahora, puede buscar videos famosos de Tiktok con la ayuda de etiquetas de b\u00fasqueda. Por ejemplo, videos de tendencias, videos de autos, videos de baloncesto, etc. Los usuarios pueden incluso hacer una b\u00fasqueda en Google para encontrar los \u00faltimos videos usando frases como \u00abtendencias de Tiktok\u00bb.<\/p>\n\n<h2 class=\"wp-block-heading\" id=\"frequently-asked-questions-faqs\">Preguntas frecuentes: preguntas frecuentes:<\/h2>\n\n<div class=\"schema-faq wp-block-yoast-faq-block\"><div class=\"schema-faq-section\" id=\"faq-question-1638940146576\"><strong class=\"schema-faq-question\">1. <strong>\u00bfPor qu\u00e9 esta herramienta no descarga mis videos de Tiktok?<\/strong><\/strong> <p class=\"schema-faq-answer\">Es una gran herramienta para descargar videos de Tiktok de forma gratuita. Sin embargo, si tiene problemas para descargar sus videos TikTok favoritos en esta descarga de video TikTok, estas pueden ser las causas principales:<br>1. El propietario elimin\u00f3 el video de su cuenta de Tiktok.<br>2. El video de Tiktok no est\u00e1 disponible en su pa\u00eds.<br>3. Los videos que seleccion\u00f3 son privados.<br>4. Los enlaces de descarga no se copian correctamente.<\/p> <\/div> <div class=\"schema-faq-section\" id=\"faq-question-1638940278209\"><strong class=\"schema-faq-question\">2. <strong>\u00bfD\u00f3nde se guardar\u00e1n mis videos de Tiktok?<\/strong><\/strong> <p class=\"schema-faq-answer\">Si est\u00e1 pensando ad\u00f3nde ir\u00e1n sus videos descargados despu\u00e9s de guardarlos, aqu\u00ed est\u00e1 su respuesta: cuando usa esta descarga de video TikTok de y2 mate para descargar sus videos, los archivos descargados generalmente se guardan en cualquier carpeta que haya configurado como &#8216;predeterminada&#8217; de su tel\u00e9fono . Hablando de tel\u00e9fonos m\u00f3viles, el video se guardar\u00e1 en la &#8216;carpeta de descargas&#8217; o directamente en la galer\u00eda de su tel\u00e9fono. Pero si est\u00e1 usando su PC para descargar videos TikTok y2mate, entonces probablemente se guardar\u00e1n en la carpeta &#8216;Descargas&#8217; de su computadora.<\/p> <\/div> <div class=\"schema-faq-section\" id=\"faq-question-1638940304976\"><strong class=\"schema-faq-question\">3. <strong>\u00bfEsta herramienta tambi\u00e9n es compatible con otros sitios?<\/strong><\/strong> <p class=\"schema-faq-answer\">S\u00ed, actualmente nuestra herramienta es compatible con m\u00e1s de 30 sitios web de redes sociales, incluidos Facebook, Instagram, Twitter, Snack video, Snapchat y muchos otros.<\/p> <\/div> <div class=\"schema-faq-section\" id=\"faq-question-1638940333832\"><strong class=\"schema-faq-question\">4. <strong>\u00bfEs seguro usar y2mate tik tok?<\/strong><\/strong> <p class=\"schema-faq-answer\">S\u00ed, nos preocupamos por la seguridad de nuestros clientes. Es por eso que nos enorgullece decir que usar nuestro TikTok y2mate es totalmente seguro ya que nunca hacemos un seguimiento de los historiales de nuestros usuarios ni de los archivos descargados. Esto significa que nuestro y2mate tiktok video download guarda su identidad de forma an\u00f3nima y, por lo tanto, puede descargar de manera segura videos ilimitados de TikTok sin ning\u00fan tipo de obst\u00e1culo.<\/p> <\/div> <div class=\"schema-faq-section\" id=\"faq-question-1638940403578\"><strong class=\"schema-faq-question\">5. <strong>\u00bfEs esta herramienta un servicio gratuito?<\/strong><\/strong> <p class=\"schema-faq-answer\">S\u00ed, nuestro <strong>descargador tiktok<\/strong> es totalmente gratuito y permite que millones de usuarios descargar videos y2mate directamente en sus dispositivos. Como nuestro servidor utiliza un software brillante independiente de la plataforma, puede usarlo con Android, Mac, PC con Linux e IOS (iPhone). Incluso puede compartir los descargador de videos de tiktok con sus seguidores y amigos. Tambi\u00e9n se usa como y2mate tiktok mp3.<\/p> <\/div> <\/div>\n","protected":false},"excerpt":{"rendered":"<p>TikTok es oro para aquellos que disfrutan haciendo videos divertidos de sincronizaci\u00f3n de labios y [&#8230;..]<\/p>\n","protected":false},"author":1,"featured_media":10573,"parent":0,"menu_order":0,"comment_status":"closed","ping_status":"closed","template":"","meta":{"footnotes":""},"class_list":["post-313","page","type-page","status-publish","has-post-thumbnail","hentry"],"acf":[],"aioseo_notices":[],"_links":{"self":[{"href":"https:\/\/y2mate.me\/es\/wp-json\/wp\/v2\/pages\/313","targetHints":{"allow":["GET"]}}],"collection":[{"href":"https:\/\/y2mate.me\/es\/wp-json\/wp\/v2\/pages"}],"about":[{"href":"https:\/\/y2mate.me\/es\/wp-json\/wp\/v2\/types\/page"}],"author":[{"embeddable":true,"href":"https:\/\/y2mate.me\/es\/wp-json\/wp\/v2\/users\/1"}],"replies":[{"embeddable":true,"href":"https:\/\/y2mate.me\/es\/wp-json\/wp\/v2\/comments?post=313"}],"version-history":[{"count":4,"href":"https:\/\/y2mate.me\/es\/wp-json\/wp\/v2\/pages\/313\/revisions"}],"predecessor-version":[{"id":7345,"href":"https:\/\/y2mate.me\/es\/wp-json\/wp\/v2\/pages\/313\/revisions\/7345"}],"wp:featuredmedia":[{"embeddable":true,"href":"https:\/\/y2mate.me\/es\/wp-json\/wp\/v2\/media\/10573"}],"wp:attachment":[{"href":"https:\/\/y2mate.me\/es\/wp-json\/wp\/v2\/media?parent=313"}],"curies":[{"name":"wp","href":"https:\/\/api.w.org\/{rel}","templated":true}]}}