{"id":311,"date":"2021-12-21T05:33:07","date_gmt":"2021-12-21T05:33:07","guid":{"rendered":"https:\/\/y2mate.me\/descargador-reels-instagram"},"modified":"2022-01-06T05:13:19","modified_gmt":"2022-01-06T05:13:19","slug":"descargador-reels-instagram","status":"publish","type":"page","link":"https:\/\/y2mate.me\/es\/descargador-reels-instagram","title":{"rendered":"Descargador Reels Instagram"},"content":{"rendered":"\n<p>Los carretes de Instagram son la nueva tendencia en estos d\u00edas, lo que permite a los usuarios compartir clips cortos interesantes dentro de la aplicaci\u00f3n Insta con facilidad. Es bastante similar a los videos de TikTok, pero es probable que estos videos mantengan a los usuarios pegados a sus tel\u00e9fonos inteligentes. \u00bfTambi\u00e9n eres fan\u00e1tico de los carretes de Instagram y quieres guardarlos en tu dispositivo para compartirlos con tus amigos? Tambi\u00e9n puede utilizar los archivos descargados en otras plataformas de redes sociales sin ning\u00fan problema. Pero, \u00bfc\u00f3mo puedo descargarlos?<\/p>\n\n<p>Si estaba buscando una forma de descargar sus videos favoritos de Instagram directamente a la galer\u00eda de su tel\u00e9fono, \u00a1entonces estar\u00e1 encantado de saber que el descargador reel Insta su b\u00fasqueda termina aqu\u00ed! <\/p>\n\n<p>Nuestro descargador de videos de Instagram Reels es una herramienta <strong>r\u00e1pida y gratuita<\/strong> basada en la web. Eso permite que miles de usuarios cada d\u00eda descarguen videos de Instagram directamente en sus tel\u00e9fonos inteligentes, tabletas y computadoras port\u00e1tiles. La mejor parte de las descargas reel en Instagram es que no necesita instalar ning\u00fan software adicional incluido o registrarse para obtener una cuenta para usar este sitio web. <\/p>\n\n<h2 class=\"wp-block-heading\">Descarga de carretes <\/h2>\n\n<p>Una vez que haya terminado con los videos de ahorro de Instagram descargando sus carretes de Instagram preferidos, a trav\u00e9s de la descarga de videos de Instagram, tambi\u00e9n puede compartirlos en otras plataformas de redes sociales importantes.<\/p>\n\n<p>Simplemente copie la direcci\u00f3n URL del protector de videos de Instagram del carrete que desea descargar y p\u00e9guelo en nuestra herramienta para un procedimiento de descarga sin problemas. Este m\u00e9todo de guardar fotos de Insta es la forma m\u00e1s sencilla de descargar carretes de Instagram en calidad HD.<\/p>\n\n<h2 class=\"wp-block-heading\">\u00bfC\u00f3mo descargar Instagram Reels?<\/h2>\n\n<h3 class=\"wp-block-heading\">Siga estos pasos r\u00e1pidos para descargar cualquier carrete de Instagram con esta herramienta:<\/h3>\n\n<ul class=\"wp-block-list\"><li>Abra <strong>Instagram.com<\/strong> en su navegador o la aplicaci\u00f3n.<\/li><li>Busque los videos que desea descargar.<\/li><li>Toque para <strong>copiar<\/strong> la direcci\u00f3n del enlace de ese carrete en particular.<\/li><li>Ahora, vaya a nuestro sitio web en l\u00ednea Save Insta Reels Downloader y <strong>pegue<\/strong> el enlace que copi\u00f3 anteriormente en el cuadro de texto que se encuentra en la p\u00e1gina de la herramienta.<\/li><li>Presiona el \u00edcono \u00bb <strong>Descargar<\/strong> \u00ab.<\/li><li>Ingrese el formato, tama\u00f1o y calidad de su elecci\u00f3n para que los carretes guarden los videos directamente en su dispositivo Android.<\/li><li>Para PC (Windows o Mac).<\/li><\/ul>\n\n<h3 class=\"wp-block-heading\">Siga estas instrucciones dadas si desea descargar carretes de Instagram en su PC con la ayuda de nuestra herramienta;<\/h3>\n\n<ul class=\"wp-block-list\"><li>Abra Instagram.com y busque los videos que desee guardar.<\/li><li>Copie su enlace del cuadro de direcci\u00f3n que se encuentra en la parte superior de su pantalla.<\/li><li>Luego, vaya a nuestra herramienta de descarga reels Instagram en su navegador y pegue el enlace en el cuadro de texto que se muestra arriba en esta p\u00e1gina.<\/li><li>Ahora, presione el bot\u00f3n \u00abDescargar\u00bb.<\/li><li>Se abrir\u00e1 una nueva pesta\u00f1a en el lugar, que le ofrecer\u00e1 una lista de diferentes calidades, tama\u00f1os y formatos de archivo para elegir.<\/li><li>Toque los que m\u00e1s se ajusten a sus requisitos y el archivo de carrete se guardar\u00e1 como videos en su PC en segundos.<\/li><li>Para dispositivos IOS:<\/li><\/ul>\n\n<h3 class=\"wp-block-heading\">Descargar o convertir carretes de Instagram para dispositivos IOS no es tan diferente de los dispositivos Android.<\/h3>\n\n<ul class=\"wp-block-list\"><li>Abra Instagram.com en cualquier navegador que est\u00e9 usando y busque el video que desea descargar.<\/li><li>Si observa de cerca, encontrar\u00e1 tres puntos en la parte superior derecha de la pantalla. Elija la opci\u00f3n \u00abCopiar enlace\u00bb.<\/li><li>Ahora, vaya a nuestra descarga de video de Instagram y pegue la direcci\u00f3n URL copiada en el cuadro de texto del campo de nuestra herramienta.<\/li><li>Elija el formato deseado (mp3 o mp4) y la calidad (HD o SD).<\/li><li>Haga clic en el bot\u00f3n \u00abDescargar\u00bb para que el video se guarde en su dispositivo IOS.<\/li><\/ul>\n\n<h2 class=\"wp-block-heading\">Caracter\u00edsticas principales:<\/h2>\n\n<p><strong>Aqu\u00ed hay una lista detallada de las caracter\u00edsticas principales de este descargador reel Instagram en l\u00ednea<\/strong><\/p>\n\n<p><strong>Velocidad ultrarr\u00e1pida:<\/strong> ahora, no tendr\u00e1 que pasar horas tratando de descargar instant\u00e1neamente carretes de todos sus <span style=\"font-size: revert; color: initial;\">videos<\/span> favoritos porque nuestra herramienta lo hace todo a una velocidad ultrarr\u00e1pida. Tampoco limitamos el ancho de banda de descarga de videos de Insta para descargar Instagram Reels.<\/p>\n\n<ul class=\"wp-block-list\"><li><strong>Protegido y seguro: <\/strong><\/li><\/ul>\n\n<p>Hemos dise\u00f1ado nuestra herramienta para guardar Instagram Reels Download teniendo en cuenta la protecci\u00f3n de nuestros dispositivos. Por lo tanto, en el descargador de carretes, no debe preocuparse por el riesgo de malware o virus. En su sistema cuando utiliza nuestra herramienta. Los videos de Instagram descargan software basado en la web que es completamente seguro de usar, con el mejor protocolo HTTPS. <\/p>\n\n<ul class=\"wp-block-list\"><li><strong>Archivos de calidad HD: <\/strong><\/li><\/ul>\n\n<p>Guarde el carrete Insta, disfruta del uso del descargador Insta nuestro eficiente. Guarde la descarga de video de Instagram Reel que guarda fotos de Instagram. Ofrece una pl\u00e9tora de diferentes tipos de calidades y formatos como carretes de descarga. La descarga de Instagram de Simply Reels sigue los pasos para descargar videos de Instagram en l\u00ednea indicados anteriormente y descarga tus archivos sin que pierdan la calidad original.<\/p>\n\n<ul class=\"wp-block-list\"><li><strong>Completamente libre: <\/strong><\/li><\/ul>\n\n<p>\u00a1Actualmente, nuestro servicio es completamente gratuito para todos! Nunca hemos cobrado la descarga de carretes de descarga a ning\u00fan usuario por utilizar nuestro servicio, ni les pedimos suscripciones costosas o informaci\u00f3n de inicio de sesi\u00f3n. Por lo tanto, aseg\u00farese de descargar los carretes de Instagram que desee con nuestro descargador en l\u00ednea gratuito.<\/p>\n\n<ul class=\"wp-block-list\"><li><strong>Interfaz amigable: <\/strong><\/li><\/ul>\n\n<p>Descargar carrete Insta, \u00bfno eres un fan\u00e1tico de las computadoras? Las descargas de Insta de videos de interfaz f\u00e1ciles de usar y f\u00e1ciles de usar del sitio web lo hacen ideal para el uso diario de los descargadores de Insta. Implica solo un par de pasos para completar su tarea.<\/p>\n\n<h2 class=\"wp-block-heading\">\u00bfC\u00f3mo puedo copiar la URL de Instagram Reels?<\/h2>\n\n<p><strong>A continuaci\u00f3n, le indicamos c\u00f3mo puede copiar la direcci\u00f3n URL de los carretes de Instagram: <\/strong><\/p>\n\n<ol class=\"wp-block-list\"><li>Abra la aplicaci\u00f3n o el sitio web de Instagram.<\/li><li>Abra el carrete que planea descargar.<\/li><li>En la esquina superior derecha de la pantalla, estar\u00e1 el \u00edcono de 3 puntos.<\/li><li>Despu\u00e9s de hacer clic en \u00e9l, aparecer\u00e1 un men\u00fa emergente.<\/li><li>Desde all\u00ed, toque la opci\u00f3n \u00abCopiar enlace\u00bb para guardar el enlace en su portapapeles.<\/li><\/ol>\n\n<h2 class=\"wp-block-heading\">\u00bfPor qu\u00e9 utilizar Instagram Reels Video Downloader?<\/h2>\n\n<p>Hay muchas herramientas en Internet en estos d\u00edas que utilizan una gran lista de pasos innecesarios, lo que dificulta a los usuarios descargar videos de carretes en l\u00ednea. Por el contrario, nuestra herramienta de descarga de carretes de Instagram en l\u00ednea se encargar\u00e1 de todo el trabajo duro en las descargas de carretes por s\u00ed sola. El descargador reels Instagram en l\u00ednea es r\u00e1pido y gratuito, y proporciona resultados de alta definici\u00f3n sin la presencia de una marca de agua. Sus caracter\u00edsticas \u00fanicas de descarga de videos de Instagram en l\u00ednea y su alta velocidad lo convierten en la herramienta de uso diario del usuario. La pr\u00f3xima vez que encuentre un carrete de descargas de Instagram divertido o \u00fatil mientras se desplaza. \u00a1Si\u00e9ntase libre de descargar carretes en Insta usando nuestro mejor descargador de videos de Insta para obtener resultados de primera categor\u00eda!<\/p>\n\n<h2 class=\"wp-block-heading\">PREGUNTAS FRECUENTES &#8211; FAQs:<\/h2>\n\n<div class=\"schema-faq wp-block-yoast-faq-block\"><div class=\"schema-faq-section\" id=\"faq-question-1638270810280\"><strong class=\"schema-faq-question\"><strong>\u00bfC\u00f3mo guardar carretes en Instagram?<\/strong><\/strong> <p class=\"schema-faq-answer\">Es importante saber que si una cuenta de Instagram es privada, entonces no podemos permitirle descargar Reels Insta directamente desde esa cuenta, solo por proteger la privacidad de ese perfil. Sin embargo, puede descargar carretes de Instagram ilimitados desde cuentas p\u00fablicas que han permitido usar su contenido abiertamente. <\/p> <\/div> <div class=\"schema-faq-section\" id=\"faq-question-1638270850019\"><strong class=\"schema-faq-question\"><strong>\u00bfSe notificar\u00e1n las cuentas si descargo Reels de Instagram? <\/strong> <\/strong> <p class=\"schema-faq-answer\">No, nos aseguramos de que las cuentas de los descargadores de carretes de insta no sean notificadas cuando los usuarios descarguen carretes de ellos. Con la ayuda de nuestros videos Insta inteligentes Descargar en l\u00ednea, puede guardar carretes de forma an\u00f3nima. Puede disfrutar de sus videos descargados en completo anonimato sin preocuparse de que los propietarios se enteren.<\/p> <\/div> <div class=\"schema-faq-section\" id=\"faq-question-1638270885623\"><strong class=\"schema-faq-question\"><strong>\u00bfC\u00f3mo descargar Instagram Reels en l\u00ednea? <\/strong> <\/strong> <p class=\"schema-faq-answer\">Para descargar el video de Instagram Reels, simplemente copie \/ pegue la URL del carrete en el cuadro de texto de nuestra herramienta y haga clic en el bot\u00f3n \u00bb <strong>Descargar<\/strong> \u00ab. Los archivos de descarga de videos reels Instagram se guardar\u00e1n autom\u00e1ticamente en sus tel\u00e9fonos inteligentes, tabletas, computadoras port\u00e1tiles o dispositivos IOS, as\u00ed que abra nuestros videos de Instagram en l\u00ednea gratuitos \u00a1Descargue y comience! <\/p> <\/div> <div class=\"schema-faq-section\" id=\"faq-question-1638270924323\"><strong class=\"schema-faq-question\"><strong>\u00bfPuedo descargar Instagram Reel en l\u00ednea en calidad HD? <\/strong> <\/strong> <p class=\"schema-faq-answer\">S\u00ed, nuestra herramienta admite una gran variedad de formatos para la conversi\u00f3n de Instagram Reels, pero el m\u00e1s popular es la calidad HD. Tambi\u00e9n puede descargar carretes de Instagram en la calidad en que el video se carg\u00f3 originalmente en Instagram. \u00a1Este sitio web garantiza descargas de calidad HD en todo momento!<\/p> <\/div> <div class=\"schema-faq-section\" id=\"faq-question-1638270954117\"><strong class=\"schema-faq-question\"><strong>\u00bfEs ilegal descargar videos de Instagram Reels en l\u00ednea? <\/strong> <\/strong> <p class=\"schema-faq-answer\">Para ser justos, te sorprender\u00e1 saber que descargar o convertir Instagram Reels desde p\u00e1ginas p\u00fablicas no es un gran problema, siempre que insta Reels Downloader tenga los derechos de autor de ese video. Si desea utilizar los archivos descargados para uso personal, tampoco se considera ilegal. Sin embargo, si est\u00e1 planeando descargar carretes, Insta planea utilizar ese video con fines empresariales o comerciales, entonces debe obtener el permiso de derechos de autor del propietario del carrete.<\/p> <\/div> <div class=\"schema-faq-section\" id=\"faq-question-1638270978704\"><strong class=\"schema-faq-question\"><strong>\u00bfCu\u00e1ntos carretes de Instagram puedo descargar con esta herramienta? <\/strong> <br><\/strong> <p class=\"schema-faq-answer\">\u00a1La parte m\u00e1s sorprendente de esta excelente herramienta es que ofrece descargas ilimitadas para todos los usuarios! Es hora de dejar de preocuparse por las restricciones y comenzar a usar libremente el descargador de insta reel tantos carretes de Instagram instalados como pueda en un d\u00eda. Tendemos a brindar servicio 24 horas al d\u00eda, 7 d\u00edas a la semana, los 7 d\u00edas de la semana, al mismo tiempo que somos completamente GRATIS. Qu\u00e9 maravilloso<\/p> <\/div> <\/div>\n\n<h2 class=\"wp-block-heading\">Conclusi\u00f3n:<\/h2>\n\n<p>Ahora, conoces cada detalle sobre los carretes de Instagram y c\u00f3mo funcionan. El secreto principal para crear carretes de Instagram tan interesantes y atractivos finalmente est\u00e1 disponible y estamos encantados de haberlo compartido con usted primero. Al usar este excelente descargador reels Instagram, puede guardar videos en Instagram para sus favoritos y verlos sin conexi\u00f3n m\u00e1s tarde. Despu\u00e9s de que se completa el proceso de descarga de videos de descarga, Insta, puede compartir el archivo convertido en cualquier plataforma de redes sociales que desee, incluidos Facebook, Snapchat, TikTok e incluso en Whatsapp. Por lo tanto, descargue tantos carretes de Instagram como desee utilizando nuestro sitio web, sin restricciones ni limitaciones. \u00bfEntonces, Qu\u00e9 esperas? \u00a1Es hora de que te subas al tren y crees algunos carretes \u00e9picos de Insta! \u00a1Buena suerte!<\/p>\n","protected":false},"excerpt":{"rendered":"<p>Los carretes de Instagram son la nueva tendencia en estos d\u00edas, lo que permite a [&#8230;..]<\/p>\n","protected":false},"author":1,"featured_media":609,"parent":0,"menu_order":0,"comment_status":"closed","ping_status":"closed","template":"","meta":{"footnotes":""},"class_list":["post-311","page","type-page","status-publish","has-post-thumbnail","hentry"],"acf":[],"aioseo_notices":[],"_links":{"self":[{"href":"https:\/\/y2mate.me\/es\/wp-json\/wp\/v2\/pages\/311","targetHints":{"allow":["GET"]}}],"collection":[{"href":"https:\/\/y2mate.me\/es\/wp-json\/wp\/v2\/pages"}],"about":[{"href":"https:\/\/y2mate.me\/es\/wp-json\/wp\/v2\/types\/page"}],"author":[{"embeddable":true,"href":"https:\/\/y2mate.me\/es\/wp-json\/wp\/v2\/users\/1"}],"replies":[{"embeddable":true,"href":"https:\/\/y2mate.me\/es\/wp-json\/wp\/v2\/comments?post=311"}],"version-history":[{"count":0,"href":"https:\/\/y2mate.me\/es\/wp-json\/wp\/v2\/pages\/311\/revisions"}],"wp:featuredmedia":[{"embeddable":true,"href":"https:\/\/y2mate.me\/es\/wp-json\/wp\/v2\/media\/609"}],"wp:attachment":[{"href":"https:\/\/y2mate.me\/es\/wp-json\/wp\/v2\/media?parent=311"}],"curies":[{"name":"wp","href":"https:\/\/api.w.org\/{rel}","templated":true}]}}