{"id":266,"date":"2021-12-20T16:34:34","date_gmt":"2021-12-20T16:34:34","guid":{"rendered":"https:\/\/y2mate.me\/descargador-shorts-youtube"},"modified":"2022-01-03T11:01:09","modified_gmt":"2022-01-03T11:01:09","slug":"descargador-shorts-youtube","status":"publish","type":"page","link":"https:\/\/y2mate.me\/es\/descargador-shorts-youtube","title":{"rendered":"Descarga de cortos de YouTube"},"content":{"rendered":"\n<h2 class=\"wp-block-heading\">Acerca de YouTube Shorts Downloader<\/h2>\n\n<p>En palabras simples, el descargador shorts YouTube es una herramienta que permite a los usuarios descargar shorts de YouTube directamente en su dispositivo sin ning\u00fan problema. Es un proceso sin esfuerzo. Todo lo que tiene que hacer es comprender a fondo los pasos para descargar los shorts de YouTube mencionados anteriormente. Una vez que lo haya entendido, puede descargar sus cortos favoritos de YouTube en un minuto en su dispositivo. <\/p>\n\n<h3 class=\"wp-block-heading\">Caracter\u00edsticas clave de YouTube Shorts Downloader<\/h3>\n\n<p>Las siguientes son las caracter\u00edsticas clave del descargador de shorts que debe conocer:<\/p>\n\n<ul class=\"wp-block-list\"><li><strong>Sin virus<\/strong><br\/>Si tiene curiosidad de que el uso de esta herramienta pueda da\u00f1ar su dispositivo, entonces no hay nada de qu\u00e9 preocuparse porque el descargador shorts YT est\u00e1 libre de virus. No hay riesgos asociados de malware porque esta herramienta es completamente segura.<\/li><\/ul>\n\n<ul class=\"wp-block-list\"><li><strong>Sin comprometer la calidad<\/strong><br\/>Los shorts de youtube se descargar\u00e1n en calidad HD a trav\u00e9s de esta herramienta. Ni siquiera hay una peque\u00f1a diferencia en la calidad de los shorts de YouTube descargados en comparaci\u00f3n con el original. <\/li><\/ul>\n\n<ul class=\"wp-block-list\"><li><strong>Una herramienta gratuita<\/strong><br\/>Es una herramienta videos cortos gratis gratuita, lo que significa que no tendr\u00e1 que pagar un solo centavo para usar esta herramienta y disfrutar de los shorts de YouTube sin conexi\u00f3n. <\/li><\/ul>\n\n<ul class=\"wp-block-list\"><li><strong>Facil de manejar<\/strong><br\/>No hay ning\u00fan tecnicismo involucrado en el uso de esta herramienta que la hace f\u00e1cil de usar. Solo tienes que seguir unos sencillos pasos para descargar shorts de youtube y listo. <\/li><\/ul>\n","protected":false},"excerpt":{"rendered":"<p>Acerca de YouTube Shorts Downloader En palabras simples, el descargador shorts YouTube es una herramienta [&#8230;..]<\/p>\n","protected":false},"author":1,"featured_media":749,"parent":0,"menu_order":0,"comment_status":"closed","ping_status":"closed","template":"","meta":{"footnotes":""},"class_list":["post-266","page","type-page","status-publish","has-post-thumbnail","hentry"],"acf":[],"aioseo_notices":[],"_links":{"self":[{"href":"https:\/\/y2mate.me\/es\/wp-json\/wp\/v2\/pages\/266","targetHints":{"allow":["GET"]}}],"collection":[{"href":"https:\/\/y2mate.me\/es\/wp-json\/wp\/v2\/pages"}],"about":[{"href":"https:\/\/y2mate.me\/es\/wp-json\/wp\/v2\/types\/page"}],"author":[{"embeddable":true,"href":"https:\/\/y2mate.me\/es\/wp-json\/wp\/v2\/users\/1"}],"replies":[{"embeddable":true,"href":"https:\/\/y2mate.me\/es\/wp-json\/wp\/v2\/comments?post=266"}],"version-history":[{"count":0,"href":"https:\/\/y2mate.me\/es\/wp-json\/wp\/v2\/pages\/266\/revisions"}],"wp:featuredmedia":[{"embeddable":true,"href":"https:\/\/y2mate.me\/es\/wp-json\/wp\/v2\/media\/749"}],"wp:attachment":[{"href":"https:\/\/y2mate.me\/es\/wp-json\/wp\/v2\/media?parent=266"}],"curies":[{"name":"wp","href":"https:\/\/api.w.org\/{rel}","templated":true}]}}