{"id":171,"date":"2021-12-06T11:17:23","date_gmt":"2021-12-06T11:17:23","guid":{"rendered":"https:\/\/y2mate.me\/descargador-de-videos-y2mate"},"modified":"2021-12-08T05:57:25","modified_gmt":"2021-12-08T05:57:25","slug":"descargador-de-videos-y2mate","status":"publish","type":"page","link":"https:\/\/y2mate.me\/es","title":{"rendered":"Descargador de videos Y2mate"},"content":{"rendered":"\n<h2 class=\"wp-block-heading\">Y2mate.me; Descargador de videos en l\u00ednea gratuito; Descargar videos en l\u00ednea de alta calidad<\/h2>\n\n\n\n<p>Todas viven en un mundo digital hoy en d\u00eda. En todo momento, se cargan miles de videos en varios sitios web para compartir videos que van desde videos divertidos hasta tutoriales Miles de millones de usuarios ven estos videos de todo el mundo.<\/p>\n\n\n\n<p>Como los sitios web para compartir videos son limitados, muchos usuarios visitan estos sitios todo el tiempo. Pero estas plataformas para compartir videos solo permiten que las personas vean el video pero no lo descarguen. Si a alguien le gusta un video espec\u00edfico, tiene que volver una y otra vez para ver ese video. La gente tiende a frustrarse por esto y quiere una soluci\u00f3n a este engorroso problema. <\/p>\n\n\n\n<p>Si te decimos que existe un sistema que te permite descargar tus videos favoritos y poder verlos en exceso en cualquier momento que desees. Bueno, ahora puedes descargar videos sin restricciones con nuestro descargador de videos.<\/p>\n\n\n\n<p>Con<a href=\"https:\/\/y2mate.me\/es\"> y2mate.me<\/a> (Free Online Video Downloader), puede descargar tantos videos como desee desde cualquier plataforma de redes sociales. Todos los videos se pueden descargar en un proceso sin problemas sin requisitos adicionales. Los usuarios solo tienen que copiar y pegar la URL de su video favorito, y obtendr\u00e1n el video descargado en un instante. <\/p>\n\n\n\n<h2 class=\"wp-block-heading\">Acerca de Free Online Video Downloader<\/h2>\n\n\n\n<p>Free Online Video Downloader (por y2mate.me) es un descargador gratuito que permite a los usuarios descargar videos de su elecci\u00f3n. La interfaz de este descargador es f\u00e1cil de usar y f\u00e1cil de usar. <\/p>\n\n\n\n<p>Este descargador de videos y2mate ofrece descargas de alta calidad a gran velocidad. Con una funcionalidad efectiva y una interfaz elegante, este descargador de videos est\u00e1 dise\u00f1ado para brindar los mejores servicios a los usuarios. Los videos se pueden descargar en m\u00faltiples formatos como MP4, M4A, 3gp, etc.<\/p>\n\n\n\n<p>Si desea descargar varios videos a la vez y en alta resoluci\u00f3n, Free Online Video Downloader es la mejor opci\u00f3n para usted. Puede descargar cualquier video en solo unos minutos y disfrutar vi\u00e9ndolo incluso sin conexi\u00f3n. <\/p>\n","protected":false},"excerpt":{"rendered":"<p>Y2mate.me; Descargador de videos en l\u00ednea gratuito; Descargar videos en l\u00ednea de alta calidad Todas [&#8230;..]<\/p>\n","protected":false},"author":1,"featured_media":0,"parent":0,"menu_order":0,"comment_status":"closed","ping_status":"closed","template":"font-home.php","meta":{"footnotes":""},"class_list":["post-171","page","type-page","status-publish","hentry"],"acf":[],"aioseo_notices":[],"_links":{"self":[{"href":"https:\/\/y2mate.me\/es\/wp-json\/wp\/v2\/pages\/171","targetHints":{"allow":["GET"]}}],"collection":[{"href":"https:\/\/y2mate.me\/es\/wp-json\/wp\/v2\/pages"}],"about":[{"href":"https:\/\/y2mate.me\/es\/wp-json\/wp\/v2\/types\/page"}],"author":[{"embeddable":true,"href":"https:\/\/y2mate.me\/es\/wp-json\/wp\/v2\/users\/1"}],"replies":[{"embeddable":true,"href":"https:\/\/y2mate.me\/es\/wp-json\/wp\/v2\/comments?post=171"}],"version-history":[{"count":0,"href":"https:\/\/y2mate.me\/es\/wp-json\/wp\/v2\/pages\/171\/revisions"}],"wp:attachment":[{"href":"https:\/\/y2mate.me\/es\/wp-json\/wp\/v2\/media?parent=171"}],"curies":[{"name":"wp","href":"https:\/\/api.w.org\/{rel}","templated":true}]}}