{"id":901,"date":"2022-04-29T07:20:35","date_gmt":"2022-04-29T07:20:35","guid":{"rendered":"https:\/\/y2mate.me\/twitter-videos-herunterladen"},"modified":"2022-04-29T07:20:36","modified_gmt":"2022-04-29T07:20:36","slug":"twitter-videos-herunterladen","status":"publish","type":"page","link":"https:\/\/y2mate.me\/de\/twitter-videos-herunterladen","title":{"rendered":"Twitter Videos Herunterladen"},"content":{"rendered":"\n<p>Suchen Sie nach einem superschnellen und effizienten Tweet-Downloader, k\u00f6nnen sich aber nicht entscheiden, welcher der beste ist? Es stimmt, dass es heutzutage so viele Ymate-Videodownloader im Internet gibt, aber jetzt sind Sie auf der richtigen Website! Y2mate Twitter Video Downloader mp4 HD ist ein intelligentes Online-Tool, mit dem Sie Videos von Twitter kostenlos von mehreren Social-Media-Sites herunterladen k\u00f6nnen, und <a href=\"https:\/\/twitter.com\/?lang=en\">Twitter<\/a> ist eine davon. Wie andere Social-Networking-Sites erlaubt auch Twitter Ihnen nicht, seine Videos herunterzuladen, aber daf\u00fcr sind wir hier. <em>Ymate<\/em> Video Downloader ist ein fantastischer Server, der es seinen Benutzern erm\u00f6glicht, ihre bevorzugten Twitter Mate Downloader-Videos in verschiedenen Formaten (MP4, M4A und 3GP, WEBM, MP3 und JPG) und Qualit\u00e4ten (HD, SD) herunterzuladen.<\/p>\n\n<figure class=\"wp-block-image size-large\"><img fetchpriority=\"high\" decoding=\"async\" width=\"1024\" height=\"576\" src=\"https:\/\/y2mate.me\/wp-content\/uploads\/2022\/03\/twitter-1024x576.jpg\" alt=\"\" class=\"wp-image-756\" srcset=\"https:\/\/y2mate.me\/wp-content\/uploads\/2022\/03\/twitter-1024x576.jpg 1024w, https:\/\/y2mate.me\/wp-content\/uploads\/2022\/03\/twitter-300x169.jpg 300w, https:\/\/y2mate.me\/wp-content\/uploads\/2022\/03\/twitter-768x432.jpg 768w, https:\/\/y2mate.me\/wp-content\/uploads\/2022\/03\/twitter.jpg 1280w\" sizes=\"(max-width: 1024px) 100vw, 1024px\" \/><\/figure>\n\n<h2 class=\"wp-block-heading\" id=\"how-to-use-a-twitter-video-downloader-online\">Wie verwende ich einen Twitter Video Downloader online? <\/h2>\n\n<p>Um Twitter-Videos herunterzuladen, folgen Sie einfach diesen einfachen Schritten:<\/p>\n\n<ul class=\"wp-block-list\"><li>Gehen Sie zu twitter.com<\/li><li>Kopieren Sie die URL des Twitter-Videos, das Sie herunterladen m\u00f6chten.<\/li><li>F\u00fcgen Sie die kopierte URL in das Feld des Y2mate Twitter Downloaders ein. <\/li><li>Klicken Sie auf die Schaltfl\u00e4che oder das Symbol \u201eHerunterladen\u201c, um den Download des Twitter-Videos im MP3-Format zu speichern. <\/li><\/ul>\n\n<div class=\"schema-how-to wp-block-yoast-how-to-block\"><p class=\"schema-how-to-total-time\"><span class=\"schema-how-to-duration-time-text\">Ben\u00f6tigte Zeit:<\/span> 1 Minute. <\/p><p class=\"schema-how-to-description\"><strong>Wie lade ich Schritt f\u00fcr Schritt Twitter-Videos mit dem Y2 Mate-Twitter Video Downloader herunter? <\/strong><br><em>Y2mate-Twitter Video Downloader<\/em> ist das Beste f\u00fcr diejenigen, die Twitter-Videos ohne Unterbrechung herunterladen m\u00f6chten. Dieses Tool unterst\u00fctzt alle Arten von Ger\u00e4ten. Alles, was Sie tun m\u00fcssen, ist, den unten aufgef\u00fchrten Anweisungen zu folgen, und Ihre Arbeit wird innerhalb weniger Sekunden erledigt. <br><\/p> <ol class=\"schema-how-to-steps\"><li class=\"schema-how-to-step\" id=\"how-to-step-1638943837347\"><strong class=\"schema-how-to-step-name\"><strong>Finden Sie die gew\u00fcnschten Videos<\/strong> :<\/strong> <p class=\"schema-how-to-step-text\">Melden Sie sich bei Twitter.com an.<\/p> <\/li><li class=\"schema-how-to-step\" id=\"how-to-step-1638943948583\"><strong class=\"schema-how-to-step-name\">Kopieren Sie die URL:<\/strong> <p class=\"schema-how-to-step-text\">Gehen Sie dann zu dieser bestimmten Seite auf Twittermate, die das Video enth\u00e4lt, das Sie herunterladen m\u00f6chten, und kopieren Sie seine URL. <\/p> <\/li><li class=\"schema-how-to-step\" id=\"how-to-step-1638943986226\"><strong class=\"schema-how-to-step-name\">F\u00fcgen Sie die URL ein:<\/strong> <p class=\"schema-how-to-step-text\">F\u00fcgen Sie nun die URL in das <a href=\"https:\/\/y2mate.me\/de\/twitter-videos-herunterladen\">Eingabetextfeld y2mate.me\/twitter-video-downloader<\/a> (oben) ein und klicken Sie auf das Symbol \u201eHerunterladen\u201c.<\/p> <\/li><li class=\"schema-how-to-step\" id=\"how-to-step-1638944008523\"><strong class=\"schema-how-to-step-name\">W\u00e4hlen Sie das Format:<\/strong> <p class=\"schema-how-to-step-text\">Unser Y2mate-Twitter-Video-Downloader extrahiert dann hochwertige MP4 to mp4-Videolinks des Videos und gibt Ihnen die M\u00f6glichkeit, die Qualit\u00e4t auszuw\u00e4hlen, in der Sie Ihr Video speichern m\u00f6chten. (HD oder SD). <\/p> <\/li><li class=\"schema-how-to-step\" id=\"how-to-step-1638944046331\"><strong class=\"schema-how-to-step-name\">Videos herunterladen:<\/strong> <p class=\"schema-how-to-step-text\">Zeigen Sie das heruntergeladene Twitter-Video an, das auf Ihrem Ger\u00e4t gespeichert ist. <\/p> <\/li><\/ol><\/div>\n\n<h2 class=\"wp-block-heading\" id=\"what-is-twitter\">Was ist Twitter? <\/h2>\n\n<p><em>Twitter<\/em> ist ein beliebter amerikanischer Mikroblogging- und sozialer Netzwerkdienst, auf dem Menschen interagieren und Nachrichten austauschen, die als \u201eTweets\u201c bekannt sind. Es ist eine der gr\u00f6\u00dften Plattformen, auf der registrierte Benutzer Tweets m\u00f6gen, kommentieren, teilen und retweeten k\u00f6nnen. Twitter wurde 2006 eingef\u00fchrt und hat inzwischen mehr als 320 Millionen aktive Nutzer pro Monat. Es gab eine Zeit, in der Twitter nur mit einfachen textbasierten Inhalten gef\u00fcllt war, aber jetzt hat es auch andere Optionen hinzugef\u00fcgt, einschlie\u00dflich Videos. <\/p>\n\n<p>Wenn Sie schnelle Nachrichten und Videos aus der ganzen Welt wollen, dann ist der Tweet-Downloader sicherlich der Ort, an dem Sie sich verlassen k\u00f6nnen. Aber leider sind ihre Videos so eingebettet, dass Sie sie sp\u00e4ter nicht verwenden k\u00f6nnen. Viele Benutzer m\u00f6chten Twitter-Videos im MP4 download Format herunterladen und auf ihren Ger\u00e4ten speichern, k\u00f6nnen dies aber nicht. Aus diesem Grund haben wir den <em>Y2mate Twitter Video Downloader<\/em> y2 eingef\u00fchrt, der Ihnen die beste Erfahrung bietet, angereichert mit neuer Technologie und erweiterten Funktionen. <\/p>\n\n<p><em>Der Ymate-Video-Download<\/em> zielt darauf ab, Ihnen ein fehlerfreies Download-Erlebnis zu bieten, das seine Benutzer immer zufrieden stellt. Es erm\u00f6glicht seinen Benutzern, die Twitter-Videos ihrer Wahl herunterzuladen, damit sie dies k\u00f6nnen<em> <\/em>Sehen Sie sie sich sp\u00e4ter an, auch wenn sie offline sind. Alles, was Sie tun m\u00fcssen, ist die \u201eURL\u201c des Videos, das Sie auf Twitter Video online herunterladen m\u00f6chten, zu kopieren und in das angegebene Suchfeld einzuf\u00fcgen und auf das \u201eDownload-Symbol\u201c auf der Seite zu klicken. Unser Downloader erfordert nicht einmal das Herunterladen oder Installieren irgendeiner Software oder eines Plugins, um diese Website nutzen zu k\u00f6nnen. Es wurde entwickelt, um ein Minimum an Internetdaten zu verbrauchen, bietet Ihnen jedoch die beste Qualit\u00e4t. <\/p>\n\n<p>Auch wenn Sie kein sehr technischer Mensch sind, ist dieses Tool zweifellos das richtige Ziel f\u00fcr Sie. Also, was ist der Halt? Genie\u00dfen Sie die Verwendung unseres unglaublichen <a href=\"https:\/\/y2mate.me\/de\">Y2mate-Video-Downloaders<\/a> und speichern Sie Ihr Twitter-Video innerhalb weniger Sekunden auf Ihren Ger\u00e4ten. <\/p>\n\n<h2 class=\"wp-block-heading\" id=\"download-videos-by-using-twitter-video-download-online\">Laden Sie Videos herunter, indem Sie Video Download Twitter verwenden:<\/h2>\n\n<p>Der Online-Twitter-Video-Downloader HD bietet Ihnen die beste Erfahrung, angereichert mit der neuesten Technologie und allen erweiterten Funktionen. Unser Online-Tool zielt darauf ab, seinen Benutzern ein fehlerfreies Download-Erlebnis zu bieten, das sie zufrieden stellen wird. Es erm\u00f6glicht ihnen, das Video Twitter y2mate Online-Download ihrer Wahl KOSTENLOS herunterzuladen, damit sie es k\u00f6nnen<strong> <\/strong>Sehen Sie sie sich sp\u00e4ter an, auch wenn sie keine Internetverbindung auf ihren Ger\u00e4ten haben.<\/p>\n\n<p>Um download twitter videos online\/Twitter-Videos mit diesem Online-Tool herunterzuladen, kopieren Sie einfach die \u201eURL\u201c des Videos, das Sie herunterladen m\u00f6chten, und f\u00fcgen Sie sie in das oben angegebene Textfeld ein. Tippen Sie nun auf das \u201eDownload-Symbol\u201c an der Seite. Unser webbasierter y2-Downloader ist v\u00f6llig kostenlos und fordert seine Benutzer nicht einmal auf, vorher irgendeine Art von Software oder Plugin zu installieren. Wir haben seinen Server so konzipiert, dass er minimale Internetdaten unserer Benutzer verbraucht und Ihnen dennoch die beste Qualit\u00e4t bietet.<\/p>\n\n<p>Die Verwendung des Online-Video-Downloaders von y2mate kann manchmal ziemlich schwierig sein, wenn Sie nicht die richtige Website verwenden. Aufgrund der vielen Schritte und Anzeigen erschweren andere Tools den Download-Vorgang. Im Gegenteil, unser Tool macht es unseren Benutzern viel einfacher, Twitter-Videos herunterzuladen. Auch wenn Sie kein Computerfreak oder ganz neu in diesem Bereich sind, wird sich dieses Tool als das richtige Ziel f\u00fcr Sie erweisen.<\/p>\n\n<p>Also, worauf wartest du jetzt? Genie\u00dfen Sie die Verwendung unseres besten y2-Video-Downloaders und speichern Sie Twitter-Videos innerhalb von Sekunden direkt auf Ihren Ger\u00e4ten!<\/p>\n\n<h2 class=\"wp-block-heading\" id=\"frequently-asked-questions-faqs\">H\u00e4ufig gestellte Fragen &#8211; FAQs:<\/h2>\n\n<div class=\"schema-faq wp-block-yoast-faq-block\"><div class=\"schema-faq-section\" id=\"faq-question-1638944247061\"><strong class=\"schema-faq-question\">1. Ist dieser Twitter Download videos HD kostenlos? <\/strong> <p class=\"schema-faq-answer\">Ja, Y2mate-Twitter Video Downloader ist ein kostenloser Service, mit dem Sie Ihre gew\u00fcnschten Twitter-Videos ohne Unannehmlichkeiten in nur wenigen Sekunden herunterladen k\u00f6nnen. Da die Software unserer Website plattformunabh\u00e4ngig ist, k\u00f6nnen Sie sie mit Ihrem Android, Mac, Linux-PC und sogar IOS (iPhone) verwenden. <\/p> <\/div> <div class=\"schema-faq-section\" id=\"faq-question-1638944286240\"><strong class=\"schema-faq-question\">2. Bewahrt der Online-Video-Downloader y2mate eine Kopie meiner heruntergeladenen Videos auf? <\/strong> <p class=\"schema-faq-answer\">Nein, der Y2mate-Ymate-Downloader f\u00fcr Hocht\u00f6ner speichert weder die von Ihnen heruntergeladenen Videos, noch speichert unsere Website eine Kopie des Videos. Da wir die Download Historie der Benutzer nicht verfolgen, ist die Verwendung von Y2mate absolut sicher und anonym.<\/p> <\/div> <div class=\"schema-faq-section\" id=\"faq-question-1638944305864\"><strong class=\"schema-faq-question\">3. Wo werden meine Videos gespeichert, nachdem ich sie mit dem Twitter Clip Downloader heruntergeladen habe? <\/strong> <p class=\"schema-faq-answer\">Ihre gew\u00fcnschten Videos werden normalerweise in dem Ordner gespeichert, den Sie als \u201eStandard\u201c festgelegt haben. Im Falle Ihres Mobiltelefons wird das Video im \u201eDownload-Ordner\u201c oder in der Galerie Ihres Telefons gespeichert. Aber wenn Sie Ihren PC verwenden, um die Twitter-Videos mit unserem Twitter-Video-Downloader herunterzuladen, werden sie im Ordner \u201eDownloads\u201c Ihres Computers gespeichert. <\/p> <\/div> <div class=\"schema-faq-section\" id=\"faq-question-1638944328590\"><strong class=\"schema-faq-question\">4. Unterst\u00fctzt der Y2mate Video-Downloader von Twitter auch andere Seiten? <\/strong> <p class=\"schema-faq-answer\">Ja, Y2mate unterst\u00fctzt derzeit \u00fcber 30 Websites, darunter Likee, Instagram, Facebook, TikTok, Bandcamp, Break, Flickr, ESPN und viele mehr, mit der besten Effizienz, die Sie im Internet finden. Alle von ihnen sind benutzerfreundlich mit den neuesten und einzigartigen Funktionen.<\/p> <\/div> <div class=\"schema-faq-section\" id=\"faq-question-1638944367552\"><strong class=\"schema-faq-question\">5. <strong>Warum sollte ich diesen Tw<\/strong> ee <strong>t Video Downloader<\/strong> r mp4 verwenden <strong>?<\/strong><br><\/strong> <p class=\"schema-faq-answer\">Hier ist eine Liste von Dingen, die diesen Twitter-Downloader online von den anderen abheben:<br>1. Kostenlos nutzbar.<br>2. Benutzerfreundliche Oberfl\u00e4che.<br>3. L\u00e4dt Videos in HD-Qualit\u00e4t herunter.<br>4. Keine direkten Link-Anzeigen enthalten.<br>5. Schnell und einfach.<br>6. Kann auch Videos von privaten Twitter-Konten herunterladen.<\/p> <\/div> <\/div>\n","protected":false},"excerpt":{"rendered":"<p>Suchen Sie nach einem superschnellen und effizienten Tweet-Downloader, k\u00f6nnen sich aber nicht entscheiden, welcher der [&#8230;..]<\/p>\n","protected":false},"author":1,"featured_media":756,"parent":0,"menu_order":0,"comment_status":"closed","ping_status":"closed","template":"","meta":{"footnotes":""},"class_list":["post-901","page","type-page","status-publish","has-post-thumbnail","hentry"],"acf":[],"aioseo_notices":[],"_links":{"self":[{"href":"https:\/\/y2mate.me\/de\/wp-json\/wp\/v2\/pages\/901","targetHints":{"allow":["GET"]}}],"collection":[{"href":"https:\/\/y2mate.me\/de\/wp-json\/wp\/v2\/pages"}],"about":[{"href":"https:\/\/y2mate.me\/de\/wp-json\/wp\/v2\/types\/page"}],"author":[{"embeddable":true,"href":"https:\/\/y2mate.me\/de\/wp-json\/wp\/v2\/users\/1"}],"replies":[{"embeddable":true,"href":"https:\/\/y2mate.me\/de\/wp-json\/wp\/v2\/comments?post=901"}],"version-history":[{"count":1,"href":"https:\/\/y2mate.me\/de\/wp-json\/wp\/v2\/pages\/901\/revisions"}],"predecessor-version":[{"id":902,"href":"https:\/\/y2mate.me\/de\/wp-json\/wp\/v2\/pages\/901\/revisions\/902"}],"wp:featuredmedia":[{"embeddable":true,"href":"https:\/\/y2mate.me\/de\/wp-json\/wp\/v2\/media\/756"}],"wp:attachment":[{"href":"https:\/\/y2mate.me\/de\/wp-json\/wp\/v2\/media?parent=901"}],"curies":[{"name":"wp","href":"https:\/\/api.w.org\/{rel}","templated":true}]}}