{"id":370,"date":"2021-12-21T11:48:35","date_gmt":"2021-12-21T11:48:35","guid":{"rendered":"https:\/\/y2mate.me\/pinterest-video-downloader"},"modified":"2022-01-05T22:36:13","modified_gmt":"2022-01-05T22:36:13","slug":"pinterest-video-downloader","status":"publish","type":"page","link":"https:\/\/y2mate.me\/de\/pinterest-video-downloader","title":{"rendered":"Pinterest-Video-Downloader"},"content":{"rendered":"\n<h2 class=\"wp-block-heading\">Kostenloser Online Downloader f\u00fcr Pinterest Videos: <\/h2>\n\n<p>Haben Sie Probleme bei der Suche nach einem effizienten Pinterest Video Downloader? Nun sind Sie endlich auf der richtigen Website angekommen. Pinterest ist heutzutage einer der f\u00fchrenden Namen bei Social-Media-Streaming-Plattformen. Y2mate &#8211; Downloader ist ein kostenloses Pinterest-Tool zum Herunterladen von Online-Videos, mit dem Sie problemlos Videos von Pinterest herunterladen k\u00f6nnen. Das Beste an diesem erstaunlichen pinterest download video ist, dass er Ihnen keinen einzigen Cent in Rechnung stellt. Es ist ein einfacher Webdienst, der es seinen Benutzern erm\u00f6glicht, ihre bevorzugten Formate (MP4, M4A, 3GP, WEBM und JPG) und Qualit\u00e4ten (HD, SD) herunterzuladen. Um dieses Tool zu verwenden, m\u00fcssen Sie nicht einmal Software oder Plugins herunterladen oder installieren.<\/p>\n\n<h2 class=\"wp-block-heading\">Wie kann ich mit Y2mate &#8211; Pinterest Video Downloader Videos herunterladen?<\/h2>\n\n<p>Wie unsere Benutzer wissen, ist Y2mate ein unglaublicher Pinterest Downloader, der die fortschrittlichsten Funktionen ausf\u00fchrt, die Sie im Internet finden. Es gibt unseren Benutzern die Erfahrung, ein Tool der n\u00e4chsten Ebene zu verwenden. Mit seiner Supergeschwindigkeit wird jeder mit seinem Service zufrieden sein. Wenn Sie diese wenigen einfachen Schritte befolgen, k\u00f6nnen Sie Ihre Lieblingsvideos von Pinterest problemlos \u00fcber diesen Downloader herunterladen.<\/p>\n\n<ol class=\"wp-block-list\"><li><strong>\u00d6ffnen Sie die Website:<\/strong><\/li><\/ol>\n\n<p>Dann m\u00fcssen Sie zu dieser bestimmten Seite auf Pinterest gehen, die das Video enth\u00e4lt, das Sie herunterladen m\u00f6chten.<\/p>\n\n<ol class=\"wp-block-list\" start=\"2\"><li><strong>Kopieren Sie die URL:<\/strong><\/li><\/ol>\n\n<p>Kopieren Sie den Link zu diesem bestimmten Pinterest-Videolink-Download. <\/p>\n\n<ol class=\"wp-block-list\" start=\"3\"><li><strong>\u00d6ffnen Sie den pinterest videos runterladen:<\/strong><\/li><\/ol>\n\n<p>\u00d6ffne diesen Link in <a href=\"https:\/\/y2mate.me\/de\/pinterest-video-downloader\">y2mate.me\/Pinterest-video-downloader<\/a><\/p>\n\n<ol class=\"wp-block-list\" start=\"4\"><li><strong>F\u00fcgen Sie die URL ein:<\/strong><\/li><\/ol>\n\n<p>F\u00fcgen Sie die URL (den Link, den Sie von Pinterest kopiert haben) in das Suchfeld oben ein.<\/p>\n\n<ol class=\"wp-block-list\" start=\"5\"><li><strong>W\u00e4hlen Sie das Format und laden Sie das Video herunter:<\/strong><\/li><\/ol>\n\n<p>Alles, was Sie tun m\u00fcssen, ist auf das &#8218;Download-Symbol&#8216; auf der rechten Seite zu klicken. Dann extrahiert der Pinterest-Downloader hochwertige MP4-Videolinks des ausgew\u00e4hlten Videos und gibt Ihnen die M\u00f6glichkeit, die Qualit\u00e4t auszuw\u00e4hlen, in der Sie Ihr Video speichern m\u00f6chten. (SD oder HD).<\/p>\n\n<h2 class=\"wp-block-heading\">Funktionen des Pinterest Video Downloaders:<\/h2>\n\n<p>Dieses erstaunliche Tool zum Herunterladen Ihrer Lieblingsvideos von Pinterest ist aufgrund seiner folgenden einzigartigen Funktionen einzigartig:<\/p>\n\n<h4 class=\"wp-block-heading\">Schneller pinterest videos runterladen:<\/h4>\n\n<p>Dies ist gut, um Videos von Pinterest mit sehr hoher Geschwindigkeit ohne Wartezeit und Zeitverschwendung herunterzuladen.<\/p>\n\n<h4 class=\"wp-block-heading\">Hohe Qualit\u00e4t &amp; Aufl\u00f6sung:<\/h4>\n\n<p>Sie k\u00f6nnen mit diesem Downloader Videos mit hoher Aufl\u00f6sung wie HD und SD Videos problemlos herunterladen. Die Leistung des heruntergeladenen Videos ist erstaunlich super Qualit\u00e4t.<\/p>\n\n<h4 class=\"wp-block-heading\">Portabilit\u00e4t:<\/h4>\n\n<p>Dies ist in Bezug auf die Portabilit\u00e4t der heruntergeladenen Videos sehr einig. Die Funktionen des Videos bleiben unver\u00e4ndert, wenn Sie das Video \u00fcber diesen kostenlosen Online Downloader herunterladen.<\/p>\n\n<h4 class=\"wp-block-heading\">Keine Kosten:<\/h4>\n\n<p>Dies ist ein vollkommen kostenloser Downloader. Sie k\u00f6nnen jedes der Videos von Pinterest kostenlos herunterladen, ohne einen Betrag auszugeben. Es ist kostenlos und f\u00fcr den Benutzer einfach zu bedienen.<\/p>\n\n<h4 class=\"wp-block-heading\">Format:<\/h4>\n\n<p>Mit diesem kostenlosen Online-Download-Video-Pinterest-Tool k\u00f6nnen Sie das MP4-Format des ausgew\u00e4hlten Videoinhalts ausw\u00e4hlen, der in diesem Format heruntergeladen werden soll. So k\u00f6nnen Sie je nach Bedarf und Interesse in wenigen Sekunden das gew\u00fcnschte Video im mp4-Format herunterladen. <\/p>\n\n<h2 class=\"wp-block-heading\">H\u00e4ufig gestellte Fragen:<\/h2>\n\n<div class=\"schema-faq wp-block-yoast-faq-block\"><div class=\"schema-faq-section\" id=\"faq-question-1639379056954\"><strong class=\"schema-faq-question\">Jawohl! Sie k\u00f6nnen die heruntergeladenen Videos je nach Bedarf auf allen anderen sozialen Netzwerkplattformen teilen. <strong>Ist die Verwendung von Y2mate Pinterest Video Downloader sicher?<\/strong><\/strong> <p class=\"schema-faq-answer\">Ja, Sie k\u00f6nnen sich auf unseren Video Downloader verlassen, um Pinterest-Videos sicher und kostenlos auf Ihr Ger\u00e4t herunterzuladen und zu speichern. Wenn Sie unserem Leitfaden folgen, werden Sie mit der Verwendung dieses Downloaders sicherlich zufrieden sein. <\/p> <\/div> <div class=\"schema-faq-section\" id=\"faq-question-1639379070227\"><strong class=\"schema-faq-question\"><strong>Wo werden meine Videos auf meinem Ger\u00e4t gespeichert, nachdem ich sie mit Pinterest Downloader heruntergeladen habe?<\/strong><\/strong> <p class=\"schema-faq-answer\">Wenn Sie Y2mate &#8211; Pinterest Downloader verwenden, um Ihre gew\u00fcnschten Pinterest-Videos herunterzuladen, werden diese normalerweise in dem Ordner gespeichert, den Sie als &#8222;Standard&#8220; festgelegt haben. Auf Ihrem Mobiltelefon wird das Video im &#8218;Download-Ordner&#8216; oder in der Galerie Ihres Telefons gespeichert. Wenn Sie jedoch Ihren PC zum Herunterladen der Videos verwenden, werden sie im Ordner &#8222;Downloads&#8220; Ihres Computers gespeichert. <\/p> <\/div> <div class=\"schema-faq-section\" id=\"faq-question-1639379082957\"><strong class=\"schema-faq-question\"><strong>Kann ich die Pinterest-Videos in mehr als einem Format herunterladen?<\/strong><\/strong> <p class=\"schema-faq-answer\">Ja, Sie k\u00f6nnen die Videos in mehr als einem Format herunterladen. Sie k\u00f6nnen es in verschiedenen Formaten herunterladen, darunter MP4, M4A, 3GP, WEBM und JPG. Sie erhalten f\u00fcr jedes Video verschiedene verf\u00fcgbare Optionen in Bezug auf das Format. Klicken Sie einfach auf das gew\u00fcnschte und genie\u00dfen Sie es. Sparen Sie Geld und Zeit mit gro\u00dfer Effizienz!<\/p> <\/div> <div class=\"schema-faq-section\" id=\"faq-question-1639379094863\"><strong class=\"schema-faq-question\"><strong>Ist dieses Tool vollkommen kostenlos?<\/strong><\/strong> <p class=\"schema-faq-answer\">Dieser Online-Video-Downloader ist v\u00f6llig kostenlos. Sie m\u00fcssen keinen Betrag f\u00fcr das Herunterladen Ihrer Lieblingsvideos ausgeben.<\/p> <\/div> <div class=\"schema-faq-section\" id=\"faq-question-1639379116112\"><strong class=\"schema-faq-question\"><strong>Kann ich die heruntergeladenen Videos mit anderen sozialen Netzwerkplattformen teilen?<\/strong><\/strong> <p class=\"schema-faq-answer\">Jawohl! Sie k\u00f6nnen die heruntergeladenen Videos je nach Bedarf auf allen anderen sozialen Netzwerkplattformen teilen.<\/p> <\/div> <\/div>\n","protected":false},"excerpt":{"rendered":"<p>Kostenloser Online Downloader f\u00fcr Pinterest Videos: Haben Sie Probleme bei der Suche nach einem effizienten [&#8230;..]<\/p>\n","protected":false},"author":1,"featured_media":216,"parent":0,"menu_order":0,"comment_status":"closed","ping_status":"closed","template":"pinterest-page.php","meta":{"footnotes":""},"class_list":["post-370","page","type-page","status-publish","has-post-thumbnail","hentry"],"acf":[],"aioseo_notices":[],"_links":{"self":[{"href":"https:\/\/y2mate.me\/de\/wp-json\/wp\/v2\/pages\/370","targetHints":{"allow":["GET"]}}],"collection":[{"href":"https:\/\/y2mate.me\/de\/wp-json\/wp\/v2\/pages"}],"about":[{"href":"https:\/\/y2mate.me\/de\/wp-json\/wp\/v2\/types\/page"}],"author":[{"embeddable":true,"href":"https:\/\/y2mate.me\/de\/wp-json\/wp\/v2\/users\/1"}],"replies":[{"embeddable":true,"href":"https:\/\/y2mate.me\/de\/wp-json\/wp\/v2\/comments?post=370"}],"version-history":[{"count":0,"href":"https:\/\/y2mate.me\/de\/wp-json\/wp\/v2\/pages\/370\/revisions"}],"wp:featuredmedia":[{"embeddable":true,"href":"https:\/\/y2mate.me\/de\/wp-json\/wp\/v2\/media\/216"}],"wp:attachment":[{"href":"https:\/\/y2mate.me\/de\/wp-json\/wp\/v2\/media?parent=370"}],"curies":[{"name":"wp","href":"https:\/\/api.w.org\/{rel}","templated":true}]}}