{"id":339,"date":"2021-12-21T10:19:19","date_gmt":"2021-12-21T10:19:19","guid":{"rendered":"https:\/\/y2mate.me\/facebook-video-downloaden"},"modified":"2022-01-06T10:41:30","modified_gmt":"2022-01-06T10:41:30","slug":"facebook-video-downloaden","status":"publish","type":"page","link":"https:\/\/y2mate.me\/de\/facebook-video-downloaden","title":{"rendered":"Facebook Video Downloaden"},"content":{"rendered":"\n<h2 class=\"wp-block-heading\">Kostenloser Online Y2Mate Facebook Video Downloader<\/h2>\n\n<p><strong>Y2mate &#8211; Facebook Video Downloader<\/strong> ist eines der besten kostenlosen Online-Download-Video-Facebook-Tools, mit dem Sie die Facebook-Videos Ihrer Wahl im FB-Format in MP4 (Video) herunterladen k\u00f6nnen. Es erm\u00f6glicht seinen Benutzern, Facebook-Videos in HD Qualit\u00e4t kostenlos auf ihre Ger\u00e4te zu konvertieren. Dieser Dienst funktioniert f\u00fcr Ihr Android, Mac, iPhone, Windows und Linux usw.<\/p>\n\n<p>Dieser fortschrittliche Video Downloader geht zu dieser Facebook Seite und extrahiert direkt die MP4 Links des gew\u00fcnschten Videos. Ohne Plugins oder Software installieren zu m\u00fcssen, ist Y2mate v\u00f6llig kosten und problemlos. Also viel Spa\u00df bei der Nutzung unserer Website!<\/p>\n\n<h2 class=\"wp-block-heading\">Wie verwende ich einen Facebook Video Downloader?<\/h2>\n\n<ul class=\"wp-block-list\"><li>Kopieren Sie die Facebook-Video-URL, die Sie herunterladen m\u00f6chten.<\/li><li>F\u00fcgen Sie den Link zum Herunterladen des Videos in das angegebene Feld ein.<\/li><li>Klicken Sie auf die Schaltfl\u00e4che oder das Symbol &#8222;Herunterladen&#8220;, um das FB Video zu speichern.<\/li><\/ul>\n\n<h3 class=\"wp-block-heading\">Wie kann ich Facebook Videos mit dem Y2 Mate Facebook Video herunterladen? <\/h3>\n\n<p>Hier sind die einfachen Schritte, um Ihre Lieblingsvideos von Facebook \u00fcber unsere Website herunterzuladen: <\/p>\n\n<ol class=\"wp-block-list\"><li><strong>\u00d6ffnen Sie die Site:<\/strong><br\/>\u00d6ffnen Sie die Seite <a href=\"https:\/\/y2mate.me\/de\/facebook-video-downloaden\">https:\/\/y2mate.me\/facebook-video-downloader<\/a> . \u00d6ffnen Sie dann die Facebook App und suchen Sie das Video, das Sie herunterladen m\u00f6chten.<\/li><li><strong>Kopieren Sie die URL:<\/strong><\/li><\/ol>\n\n<p>Gehen Sie dann zu der entsprechenden Seite auf Facebook, die das Video enth\u00e4lt, das Sie herunterladen m\u00f6chten, und kopieren Sie den Link dieses FB Videos.<\/p>\n\n<ol class=\"wp-block-list\" start=\"3\"><li><strong>F\u00fcgen Sie die URL ein:<\/strong><\/li><\/ol>\n\n<p>F\u00fcgen Sie nun die URL (den Link, den Sie kopiert haben) in das Eingabetextfeld des Y2 Mate FB Downloader (oben) ein und klicken Sie auf das Symbol &#8222;Download&#8220;.<\/p>\n\n<ol class=\"wp-block-list\" start=\"4\"><li><strong>W\u00e4hlen Sie Formatieren und Videos herunterladen:<\/strong><\/li><\/ol>\n\n<p>Unser Y2mate FB Video Downloader extrahiert dann hochwertige MP4 Video links und gibt Ihnen die M\u00f6glichkeit, die gew\u00fcnschte Qualit\u00e4t (HD oder SD) auszuw\u00e4hlen. <\/p>\n\n<h2 class=\"wp-block-heading\">Hauptmerkmale:<\/h2>\n\n<p>Die Nutzung unserer Website ist kostenlos und es ist keine Software oder Registrierung erforderlich. Lassen Sie es sich gut gehen und nutzen Sie unsere Website.<\/p>\n\n<h4 class=\"wp-block-heading\">Exzellente Qualit\u00e4t<\/h4>\n\n<p>Sie k\u00f6nnen Facebook Videos in FULL HD und 4K mit Ton von unserem kostenlosen Facebook Downloader herunterladen. Die \u00fcberwiegende Mehrheit der derzeit verf\u00fcgbaren Tools unterst\u00fctzt nur HD Video.<\/p>\n\n<h4 class=\"wp-block-heading\">Leicht<\/h4>\n\n<p>F\u00fcr jedes Ger\u00e4t (Telefon, PC oder Tablet) und Betriebssystem gibt es einen Facebook Video Downloader (Android, IOS). Es muss keine Software installiert werden.<\/p>\n\n<h4 class=\"wp-block-heading\">Kostenlos<\/h4>\n\n<p>Es wird jederzeit uneingeschr\u00e4nkt bleiben. Um unsere Expansion zu finanzieren, schalten wir nur ein paar Anzeigen.<\/p>\n\n<h2 class=\"wp-block-heading\">H\u00e4ufig gestellte Fragen:<\/h2>\n\n<div class=\"schema-faq wp-block-yoast-faq-block\"><div class=\"schema-faq-section\" id=\"faq-question-1639333213941\"><strong class=\"schema-faq-question\"><strong>Wo werden meine Facebook Videos gespeichert, nachdem sie vom &#8218;Y2mate FB Video Downloader&#8216; heruntergeladen wurden?<\/strong><\/strong> <p class=\"schema-faq-answer\">Wenn Sie unsere Website zum Herunterladen Ihrer Facebook Videos verwenden, werden heruntergeladene Videos im Ordner \u201eDownloads\u201c und sogar in der Galerie Ihres Mobiltelefons gespeichert. Sie werden jedoch normalerweise in dem Ordner gespeichert, den Sie als &#8222;Standard&#8220; festgelegt haben. Wenn Sie Ihren PC zum Herunterladen von Facebook-Videos auf Ihren Computer verwendet haben, wird das Video im Ordner \u201eDownloads\u201c Ihres Computers gespeichert.<\/p> <\/div> <div class=\"schema-faq-section\" id=\"faq-question-1639333245949\"><strong class=\"schema-faq-question\"><strong>Wie lade ich Live Facebook Videos herunter?<\/strong><\/strong> <p class=\"schema-faq-answer\">Sie k\u00f6nnen auch ganz einfach Live-Facebook-Videos herunterladen, indem Sie unseren FB-Downloader verwenden. Alles, was Sie tun m\u00fcssen, ist zu warten, bis das Streaming abgeschlossen ist. Danach k\u00f6nnen Sie das Live-Video wie die anderen Facebook-Videos herunterladen, indem Sie den Download-Video-Link kopieren und dann die URL des Live-FB-Videos in das Textfeld eingeben und auf klicken das &#8218;Herunterladen&#8216;-Symbol. <\/p> <\/div> <div class=\"schema-faq-section\" id=\"faq-question-1639333263634\"><strong class=\"schema-faq-question\"><strong>Speichert der Y2mate Facebook Downloader die heruntergeladenen Videos oder beh\u00e4lt er eine Kopie davon?<\/strong><\/strong> <p class=\"schema-faq-answer\">Nein, der Y2mate videos von facebook downloaden speichert die Videos nicht und unsere Website bewahrt auch keine Kopien der Facebook Videos auf, die Sie heruntergeladen haben. Da wir den Downloadverlauf der FB-Videos des Benutzers nicht verfolgen, ist die Verwendung von Y2mate sicher und anonym.<\/p> <\/div> <\/div>\n","protected":false},"excerpt":{"rendered":"<p>Kostenloser Online Y2Mate Facebook Video Downloader Y2mate &#8211; Facebook Video Downloader ist eines der besten [&#8230;..]<\/p>\n","protected":false},"author":1,"featured_media":204,"parent":0,"menu_order":0,"comment_status":"closed","ping_status":"closed","template":"facebook-page.php","meta":{"footnotes":""},"class_list":["post-339","page","type-page","status-publish","has-post-thumbnail","hentry"],"acf":[],"aioseo_notices":[],"_links":{"self":[{"href":"https:\/\/y2mate.me\/de\/wp-json\/wp\/v2\/pages\/339","targetHints":{"allow":["GET"]}}],"collection":[{"href":"https:\/\/y2mate.me\/de\/wp-json\/wp\/v2\/pages"}],"about":[{"href":"https:\/\/y2mate.me\/de\/wp-json\/wp\/v2\/types\/page"}],"author":[{"embeddable":true,"href":"https:\/\/y2mate.me\/de\/wp-json\/wp\/v2\/users\/1"}],"replies":[{"embeddable":true,"href":"https:\/\/y2mate.me\/de\/wp-json\/wp\/v2\/comments?post=339"}],"version-history":[{"count":0,"href":"https:\/\/y2mate.me\/de\/wp-json\/wp\/v2\/pages\/339\/revisions"}],"wp:featuredmedia":[{"embeddable":true,"href":"https:\/\/y2mate.me\/de\/wp-json\/wp\/v2\/media\/204"}],"wp:attachment":[{"href":"https:\/\/y2mate.me\/de\/wp-json\/wp\/v2\/media?parent=339"}],"curies":[{"name":"wp","href":"https:\/\/api.w.org\/{rel}","templated":true}]}}