{"id":298,"date":"2021-12-21T05:21:31","date_gmt":"2021-12-21T05:21:31","guid":{"rendered":"https:\/\/y2mate.me\/tiktok-videos-herunterladen"},"modified":"2022-04-29T06:42:02","modified_gmt":"2022-04-29T06:42:02","slug":"tiktok-videos-herunterladen","status":"publish","type":"page","link":"https:\/\/y2mate.me\/de\/tiktok-videos-herunterladen","title":{"rendered":"TikTok-Video-Downloader"},"content":{"rendered":"\n<p>TikTok ist Gold f\u00fcr diejenigen, die gerne lustige Lippensynchronisationsvideos erstellen und sie mit ihren Freunden und Familien teilen. Die Entscheidung, welchen <em>TikTok Video Downloader<\/em> verwendet werden soll, kann schwierig sein, da heutzutage so viele davon im Internet schweben. Wenn Sie sich im gleichen Dilemma befinden, dann machen Sie sich keine Sorgen, denn jetzt sind Sie auf der richtigen Website gelandet! Der <em>Y2mate TikTok Video Downloader<\/em> ist das beste kostenlose Online-Tool, mit dem Sie Ihre Lieblings-TikTok-Videos im Format Ihrer Wahl herunterladen k\u00f6nnen. Das Unglaublichste daran ist, dass keine Software oder Plugins installiert werden m\u00fcssen. Wenn jemand vielleicht nicht sehr technikaffin ist, dann ist dieser y2mate TikTok-Video-Downloader genau das Richtige f\u00fcr ihn, da er es ihm erm\u00f6glicht, seine Lieblings-TikTok-Videos problemlos herunterzuladen.<\/p>\n\n<h2 class=\"wp-block-heading\" id=\"looking-for-the-best-tiktok-video-downloader\">Auf der Suche nach dem besten TikTok-Video-Downloader?<\/h2>\n\n<p><strong>Tiktok<\/strong> ist eine Kurzfilm-Video-Sharing-App, die es ihren Nutzern erm\u00f6glicht, kurze Videos f\u00fcr etwa 15 Sekunden zu erstellen und diese mit ihren Freunden und Fans zu teilen. Wie jede andere beliebte Plattform erlaubt Tiktok seinen Benutzern jedoch auch nicht, die darauf verf\u00fcgbaren Inhalte direkt herunterzuladen. Es bietet keinen Zugriff, um seine Videos herunterzuladen und auf unseren Ger\u00e4ten zu speichern. Aber daf\u00fcr sind Tools von Drittanbietern wie die TikTok Downloaders App da!<\/p>\n\n<p>Es erm\u00f6glicht uns, TikTok-Videos jeder Art herunterzuladen, damit wir einfach<strong> <\/strong>Sieh sie dir sp\u00e4ter an, auch wenn wir offline sind. Wir m\u00fcssen lediglich die \u201eURL\u201c des Videos, das wir herunterladen m\u00f6chten, kopieren und zur weiteren Verarbeitung in die Website des Tools einf\u00fcgen. Was wir am Herunterladen von TikTok-Videos am meisten lieben, ist, dass Sie nicht einmal irgendeine Art von Software oder Plugin herunterladen oder installieren m\u00fcssen, um diesen Online-Dienst zu nutzen. Es bietet den besten Service, indem es die Videolinks (MP4) des von Ihnen ausgew\u00e4hlten Videos direkt extrahiert. Diese Seite kann helfen und wird den Job garantiert erledigen!<\/p>\n\n<h2 class=\"wp-block-heading\" id=\"how-to-use-a-tiktok-video-downloader\">Wie verwende ich einen TikTok-Video-Downloader? <\/h2>\n\n<ul class=\"wp-block-list\"><li>Kopieren Sie die URL des TikTok-Videos, das Sie herunterladen m\u00f6chten.<\/li><li>F\u00fcgen Sie die URL, die Sie kopiert haben, in das nebenstehende Feld ein. <\/li><li>Klicken Sie auf die Schaltfl\u00e4che oder das Symbol &#8222;Herunterladen&#8220;, um das TikTok-Video zu speichern. <\/li><\/ul>\n\n<div class=\"schema-how-to wp-block-yoast-how-to-block\"><p class=\"schema-how-to-total-time\"><span class=\"schema-how-to-duration-time-text\">Ben\u00f6tigte Zeit:<\/span> 1 Minute. <\/p><p class=\"schema-how-to-description\"><strong>Wie kann ich TikTok-Videos mit dem Y2mate<\/strong> <strong>TikTok Video Downloader herunterladen?<\/strong> <br>Dies ist ein sehr einfaches Tool und von hier aus sind Sie dem Herunterladen Ihrer TikTok-Videos einen Schritt n\u00e4her, und das auch, ohne Software oder Add-Ons installieren zu m\u00fcssen. Alles, was Sie tun m\u00fcssen, ist, die unten aufgef\u00fchrten Anweisungen zu befolgen, und Ihre Arbeit ist innerhalb weniger Sekunden erledigt. <\/p> <ol class=\"schema-how-to-steps\"><li class=\"schema-how-to-step\" id=\"how-to-step-1638940679578\"><strong class=\"schema-how-to-step-name\">\u00d6ffnen Sie die Site:<\/strong> <p class=\"schema-how-to-step-text\">\u00d6ffnen Sie die Seite <a href=\"https:\/\/y2mate.me\/de\/tiktok-videos-herunterladen\">https:\/\/y2mate.me\/tiktok-video-downloader<\/a> . \u00d6ffnen Sie die TikTok-App und suchen Sie das Video, das Sie herunterladen m\u00f6chten.<\/p> <\/li><li class=\"schema-how-to-step\" id=\"how-to-step-1638940835252\"><strong class=\"schema-how-to-step-name\">Kopieren Sie die URL:<\/strong> <p class=\"schema-how-to-step-text\">Kopieren Sie die URL dieses TikTok-Videos.<\/p> <\/li><li class=\"schema-how-to-step\" id=\"how-to-step-1638940865355\"><strong class=\"schema-how-to-step-name\">F\u00fcgen Sie die URL ein:<\/strong> <p class=\"schema-how-to-step-text\">F\u00fcgen Sie nun die URL in das Eingabetextfeld von y2 mate TikTok (oben) ein und klicken Sie auf das Symbol \u201eHerunterladen\u201c.<\/p> <\/li><li class=\"schema-how-to-step\" id=\"how-to-step-1638940899875\"><strong class=\"schema-how-to-step-name\">W\u00e4hlen Sie Formatieren und Videos herunterladen:<\/strong> <p class=\"schema-how-to-step-text\">Unser Y2mate-TikTok Video-Downloader extrahiert dann hochwertige MP4-Videolinks des Videos und gibt Ihnen die M\u00f6glichkeit, die Qualit\u00e4t auszuw\u00e4hlen, in der Sie Ihr Video speichern m\u00f6chten. (HD oder SD). <br>Ihr Video wird erfolgreich heruntergeladen und auf Ihrem Ger\u00e4t gespeichert. <\/p> <\/li><\/ol><\/div>\n\n<h2 class=\"wp-block-heading\" id=\"key-features\">Hauptmerkmale:<\/h2>\n\n<h3 class=\"wp-block-heading\" id=\"1-unlimited-downloads\">1. Unbegrenzte Downloads:<\/h3>\n\n<p>Eines der Hauptmerkmale, das Benutzer dazu veranlasst, diesen fantastischen Online-y2mate-TikTok-Download weiterhin zu verwenden, ist, dass er keine Beschr\u00e4nkungen oder Beschr\u00e4nkungen f\u00fcr den Umfang seiner Verwendung auferlegt. Laden Sie unbegrenzt Videos herunter, ohne sich um die vorherigen Downloads k\u00fcmmern zu m\u00fcssen, und nutzen Sie diese einzigartige Gelegenheit!<\/p>\n\n<h3 class=\"wp-block-heading\" id=\"2-free-service\"><strong>2.<\/strong> Kostenloser Service:<\/h3>\n\n<p>Laden <strong><a href=\"https:\/\/www.tiktok.com\/\">Sie Tiktok-<\/a><\/strong> Videos absolut kostenlos online herunter! Von PCs und Laptops bis hin zu Smartphones entscheiden Sie sich einfach f\u00fcr diese spezielle Website, um Ihre geliebten Tiktok-Videos herunterzuladen, ohne einen Cent ausgeben zu m\u00fcssen.<\/p>\n\n<h3 class=\"wp-block-heading\" id=\"3-fast-speed\"><strong>3.<\/strong> Schnelle Geschwindigkeit:<\/h3>\n\n<p>Dieses Tool ist eines der schnellsten Tools, die Sie heute im Internet finden. Es hat die F\u00e4higkeit, Videos von extrahierten Links in Sekundenschnelle zu konvertieren und herunterzuladen.<\/p>\n\n<h3 class=\"wp-block-heading\" id=\"4-downloads-y2mate-mp4-tiktok-without-a-watermark\"><strong>4.<\/strong> L\u00e4dt y2mate mp4 TikTok ohne Wasserzeichen herunter:<\/h3>\n\n<p>Die meisten Online-Tiktok-Download-Videos erlauben es ihren Benutzern nicht, Videos ohne Wasserzeichen herunterzuladen. Gl\u00fccklicherweise erlaubt unser Service ihnen, Tiktok-Videos ohne Wasserzeichen zu speichern!<\/p>\n\n<h2 class=\"wp-block-heading\" id=\"ways-to-find-the-best-tiktok-videos-to-download\">So finden Sie die besten TikTok-Videos zum Herunterladen:<\/h2>\n\n<p>\u00d6ffnen Sie das Tiktok-Konto, von dem Sie das Video TikTok y2mate herunterladen m\u00f6chten, und kopieren Sie den Link, indem Sie auf das Symbol \u201e <strong>Teilen<\/strong> \u201c auf der Seite klicken. Wenn Sie jedoch kein bestimmtes Video zum Herunterladen im Sinn haben, k\u00f6nnen Sie mit der Hashtag-Funktion auch nach interessanten Tiktok-Videos suchen. Jetzt k\u00f6nnen Sie mit Hilfe von Such-Tags ber\u00fchmte Tiktok-Videos durchsuchen, z. B. Trendvideos, Autovideos, Basketballvideos usw. Benutzer k\u00f6nnen sogar eine Google-Suche durchf\u00fchren, um die neuesten Videos zu finden, indem sie Ausdr\u00fccke wie \u201eTiktok-Trends\u201c verwenden.<\/p>\n\n<h2 class=\"wp-block-heading\" id=\"frequently-asked-questions-faqs\">H\u00e4ufig gestellte Fragen &#8211; FAQs:<\/h2>\n\n<div class=\"schema-faq wp-block-yoast-faq-block\"><div class=\"schema-faq-section\" id=\"faq-question-1638940146576\"><strong class=\"schema-faq-question\">1. <strong>Warum l\u00e4dt dieses Tool meine Tiktok-Videos nicht herunter?<\/strong><\/strong> <p class=\"schema-faq-answer\">Es ist ein gro\u00dfartiges Tool zum kostenlosen Herunterladen von Tiktok-Videos. Wenn Sie jedoch beim Herunterladen Ihrer Lieblings-TikTok-Videos auf dieses Tool Probleme haben, k\u00f6nnen dies die Hauptursachen sein:<br>1. Der Eigent\u00fcmer hat das Video von seinem Tiktok-Konto entfernt.<br>2. Das Tiktok-Video ist in Ihrem Land nicht verf\u00fcgbar.<br>3. Die von Ihnen ausgew\u00e4hlten Videos sind privat.<br>4. Die Download-Links werden nicht korrekt kopiert.<\/p> <\/div> <div class=\"schema-faq-section\" id=\"faq-question-1638940278209\"><strong class=\"schema-faq-question\">2. <strong>Wo werden meine Tiktok-Videos gespeichert?<\/strong><\/strong> <p class=\"schema-faq-answer\">Wenn Sie dar\u00fcber nachdenken, wohin Ihre heruntergeladenen Videos nach dem Speichern gehen, hier ist Ihre Antwort: Wenn Sie diesen y2 mate TikTok-Video-Download verwenden, um Ihre Videos herunterzuladen, werden die heruntergeladenen Dateien normalerweise in dem Ordner gespeichert, den Sie als \u201eStandard\u201c Ihres Telefons festgelegt haben. . Apropos Mobiltelefone, das Video wird im &#8218;Download-Ordner&#8216; oder direkt in der Galerie Ihres Telefons gespeichert. Aber wenn Sie Ihren PC verwenden, um Videos von TikTok y2mate herunterzuladen, werden sie wahrscheinlich im Ordner \u201eDownloads\u201c Ihres Computers gespeichert.<\/p> <\/div> <div class=\"schema-faq-section\" id=\"faq-question-1638940304976\"><strong class=\"schema-faq-question\">3. <strong>Unterst\u00fctzt dieses Tool auch andere Websites?<\/strong><\/strong> <p class=\"schema-faq-answer\">Ja, unser Tool unterst\u00fctzt derzeit mehr als 30 Social-Media-Websites, darunter Facebook, Instagram, Twitter, Snack Video, Snapchat und viele andere.<\/p> <\/div> <div class=\"schema-faq-section\" id=\"faq-question-1638940333832\"><strong class=\"schema-faq-question\">4. <strong>Ist die Verwendung von y2mate tik tok sicher?<\/strong><\/strong> <p class=\"schema-faq-answer\">Ja, die Sicherheit unserer Kunden liegt uns am Herzen. Aus diesem Grund k\u00f6nnen wir mit Stolz sagen, dass die Nutzung unserer Website absolut sicher ist, da wir niemals die Historie unserer Benutzer oder heruntergeladene Dateien verfolgen. Dies bedeutet, dass Ihre Identit\u00e4t anonym bleibt und Sie unbegrenzt TikTok-Videos ohne jegliche H\u00fcrden sicher herunterladen k\u00f6nnen.<\/p> <\/div> <div class=\"schema-faq-section\" id=\"faq-question-1638940403578\"><strong class=\"schema-faq-question\">5. <strong>Ist dieses Tool ein kostenloser Service?<\/strong><\/strong> <p class=\"schema-faq-answer\">Ja, unser <strong>TikTok-Downloader<\/strong> ist absolut kostenlos und erm\u00f6glicht Millionen von Benutzern, ihre Lieblings-TikTok-Videos direkt auf ihre Ger\u00e4te herunterzuladen. Da unser Server brillante plattformunabh\u00e4ngige Software verwendet, k\u00f6nnen Sie ihn mit Android, Mac, Linux-PC und IOS (iPhone) verwenden. Sie k\u00f6nnen die heruntergeladenen Videos sogar mit Ihren Followern und Freunden teilen. Es wird auch als y2mate tiktok mp3 verwendet.<\/p> <\/div> <\/div>\n","protected":false},"excerpt":{"rendered":"<p>TikTok ist Gold f\u00fcr diejenigen, die gerne lustige Lippensynchronisationsvideos erstellen und sie mit ihren Freunden [&#8230;..]<\/p>\n","protected":false},"author":1,"featured_media":10567,"parent":0,"menu_order":0,"comment_status":"closed","ping_status":"closed","template":"","meta":{"footnotes":""},"class_list":["post-298","page","type-page","status-publish","has-post-thumbnail","hentry"],"acf":[],"aioseo_notices":[],"_links":{"self":[{"href":"https:\/\/y2mate.me\/de\/wp-json\/wp\/v2\/pages\/298","targetHints":{"allow":["GET"]}}],"collection":[{"href":"https:\/\/y2mate.me\/de\/wp-json\/wp\/v2\/pages"}],"about":[{"href":"https:\/\/y2mate.me\/de\/wp-json\/wp\/v2\/types\/page"}],"author":[{"embeddable":true,"href":"https:\/\/y2mate.me\/de\/wp-json\/wp\/v2\/users\/1"}],"replies":[{"embeddable":true,"href":"https:\/\/y2mate.me\/de\/wp-json\/wp\/v2\/comments?post=298"}],"version-history":[{"count":2,"href":"https:\/\/y2mate.me\/de\/wp-json\/wp\/v2\/pages\/298\/revisions"}],"predecessor-version":[{"id":880,"href":"https:\/\/y2mate.me\/de\/wp-json\/wp\/v2\/pages\/298\/revisions\/880"}],"wp:featuredmedia":[{"embeddable":true,"href":"https:\/\/y2mate.me\/de\/wp-json\/wp\/v2\/media\/10567"}],"wp:attachment":[{"href":"https:\/\/y2mate.me\/de\/wp-json\/wp\/v2\/media?parent=298"}],"curies":[{"name":"wp","href":"https:\/\/api.w.org\/{rel}","templated":true}]}}