{"id":286,"date":"2021-12-21T04:52:26","date_gmt":"2021-12-21T04:52:26","guid":{"rendered":"https:\/\/y2mate.me\/instagram-reels-downloader"},"modified":"2022-01-06T05:04:18","modified_gmt":"2022-01-06T05:04:18","slug":"instagram-reels-downloader","status":"publish","type":"page","link":"https:\/\/y2mate.me\/de\/instagram-reels-downloader","title":{"rendered":"Instagram Reels Downloader"},"content":{"rendered":"\n<p>Instagram Reels sind der neue Trend dieser Tage, mit denen Benutzer interessante kurze Clips problemlos innerhalb der Insta-App teilen k\u00f6nnen. Es ist TikTok-Videos ziemlich \u00e4hnlich, aber diese Videos werden die Benutzer wahrscheinlich an ihre Smartphones binden. Bist du auch ein Fan von Instagram-Rollen und m\u00f6chtest sie auf deinem Ger\u00e4t speichern, um sie mit deinen Freunden zu teilen? Sie k\u00f6nnen die heruntergeladenen Dateien auch problemlos auf anderen Social-Media-Plattformen verwenden. Aber wie kann ich sie herunterladen?<\/p>\n\n<p>Wenn Sie nach einer M\u00f6glichkeit gesucht haben, Ihre Lieblings-Instagram-Videos direkt in die Galerie Ihres Telefons herunterzuladen, dann werden Sie erfreut sein zu erfahren, dass Ihre Suche mit dem Reel-Downloader Insta hier endet! <\/p>\n\n<p>Unser Instagram Reels Video Downloader ist ein <strong>kostenloses und schnelles<\/strong> webbasiertes Tool. Dadurch k\u00f6nnen t\u00e4glich Tausende von Benutzern Instagram-Videos direkt auf ihre Smartphones, Tablets und Laptops herunterladen. Das Beste an Reels-Downloads auf Instagram ist, dass Sie keine zus\u00e4tzliche geb\u00fcndelte Software installieren oder sich f\u00fcr ein Konto anmelden m\u00fcssen, um diese Website zu nutzen. <\/p>\n\n<h2 class=\"wp-block-heading\">Herunterladen von Rollen <\/h2>\n\n<p>Sobald Sie mit dem Herunterladen Ihrer bevorzugten Instagram-Videos auf Instagram fertig sind, k\u00f6nnen Sie sie \u00fcber den Download von Instagram-Videos auch auf anderen gro\u00dfen Social-Media-Plattformen teilen.<\/p>\n\n<p>Kopieren Sie einfach die URL-Adresse des Instagram-Videospeichers der Rolle, die Sie herunterladen m\u00f6chten, und f\u00fcgen Sie sie f\u00fcr einen reibungslosen Download-Vorgang in unser Tool ein. Diese Methode zum Speichern von Insta-Fotos ist der einfachste Weg, um Instagram-reelsin HD-Qualit\u00e4t herunterzuladen.<\/p>\n\n<h2 class=\"wp-block-heading\">Wie lade ich Instagram Reels herunter?<\/h2>\n\n<h3 class=\"wp-block-heading\">Befolgen Sie diese schnellen Schritte, um mit diesem Tool eine beliebige Rolle von Instagram herunterzuladen:<\/h3>\n\n<ul class=\"wp-block-list\"><li>\u00d6ffnen Sie <strong>Instagram.com<\/strong> in Ihrem Browser oder der App.<\/li><li>Suchen Sie nach den Videos, die Sie herunterladen m\u00f6chten.<\/li><li>Tippen Sie darauf, um die Linkadresse dieser bestimmten Rolle zu <strong>kopieren<\/strong> .<\/li><li>Gehen Sie nun zu unserer Online-Website zum Speichern von Insta Reels Downloader und <strong>f\u00fcgen<\/strong> Sie den zuvor kopierten Link in das Textfeld auf der Seite des Tools ein.<\/li><li>Klicken Sie auf das Symbol \u201e <strong>Herunterladen<\/strong> \u201c.<\/li><li>Geben Sie das Format, die Gr\u00f6\u00dfe und die Qualit\u00e4t Ihrer Wahl ein, um die Videos direkt auf Ihrem Android-Ger\u00e4t zu speichern.<\/li><li>F\u00fcr PC (Windows oder Mac).<\/li><\/ul>\n\n<h3 class=\"wp-block-heading\">Befolgen Sie diese Anweisungen, wenn Sie Instagram-reels mit Hilfe unseres Tools auf Ihren PC herunterladen m\u00f6chten.<\/h3>\n\n<ul class=\"wp-block-list\"><li>\u00d6ffnen Sie Instagram.com und finden Sie Ihre gew\u00fcnschten Videos.<\/li><li>Kopieren Sie den Link aus dem Adressfeld oben auf Ihrem Bildschirm.<\/li><li>Rufen Sie dann unser Instagram Reels Download-Tool in Ihrem Browser auf und f\u00fcgen Sie den Link in das oben angegebene Textfeld auf dieser Seite ein.<\/li><li>Klicken Sie nun auf die Schaltfl\u00e4che \u201eHerunterladen\u201c.<\/li><li>Es \u00f6ffnet sich sofort ein neuer Tab, der Ihnen eine Liste mit verschiedenen Dateiqualit\u00e4ten, -gr\u00f6\u00dfen und -formaten zur Auswahl bietet.<\/li><li>Tippen Sie auf diejenigen, die Ihren Anforderungen am besten entsprechen, und die Filmdatei wird in Sekundenschnelle auf Ihrem PC gespeichert.<\/li><li>F\u00fcr IOS-Ger\u00e4te:<\/li><\/ul>\n\n<h3 class=\"wp-block-heading\">Das Herunterladen oder Konvertieren von Instagram-reels f\u00fcr IOS-Ger\u00e4te unterscheidet sich nicht so sehr von Android-Ger\u00e4ten.<\/h3>\n\n<ul class=\"wp-block-list\"><li>\u00d6ffnen Sie Instagram.com in einem beliebigen Browser, den Sie verwenden, und suchen Sie nach dem Video, das Sie herunterladen m\u00f6chten.<\/li><li>Wenn Sie genau hinsehen, finden Sie oben rechts auf Ihrem Bildschirm drei Punkte. W\u00e4hlen Sie die Option \u201eLink kopieren\u201c.<\/li><li>Gehen Sie nun zu unserem Instagram Video Download und f\u00fcgen Sie die kopierte URL-Adresse in das Feldtextfeld unseres Tools ein.<\/li><li>W\u00e4hlen Sie das gew\u00fcnschte Format (mp3 oder mp4) und die Qualit\u00e4t (HD oder SD).<\/li><li>Klicken Sie auf die Schaltfl\u00e4che \u201eHerunterladen\u201c, damit das Video auf Ihrem IOS-Ger\u00e4t gespeichert wird.<\/li><\/ul>\n\n<h2 class=\"wp-block-heading\">Hauptmerkmale:<\/h2>\n\n<p><strong>Hier ist eine detaillierte Liste der Hauptfunktionen dieses Instagram Reels Downloader online<\/strong> :<\/p>\n\n<p><strong>Blitzschnelle Geschwindigkeit:<\/strong> Jetzt m\u00fcssen Sie nicht mehr stundenlang versuchen, alle Ihre Lieblingsvideos <span style=\"font-size: revert; color: initial;\">insta<\/span> herunterzuladen, da unser Tool alles mit ultraschneller Geschwindigkeit erledigt. Wir begrenzen auch nicht die Bandbreite von Videos, die Insta herunterladen, um Instagram Reels herunterzuladen.<\/p>\n\n<ul class=\"wp-block-list\"><li><strong>Gesch\u00fctzt und sicher: <\/strong><\/li><\/ul>\n\n<p>Wir haben unser Tool zum Speichern von Instagram Reels Download entwickelt, um den Schutz unserer Ger\u00e4te zu ber\u00fccksichtigen. Beim Reel-Downloader m\u00fcssen Sie sich also keine Sorgen \u00fcber das Risiko von Malware oder Viren machen. In Ihrem System, wenn Sie unser Tool verwenden. Instagram-Videos laden webbasierte Software herunter, die mit dem besten HTTPS-Protokoll absolut sicher und sicher zu verwenden ist. <\/p>\n\n<ul class=\"wp-block-list\"><li><strong>Dateien in HD-Qualit\u00e4t: <\/strong><\/li><\/ul>\n\n<p>Sparen Sie Reel Insta Sie genie\u00dfen die Nutzung von Insta Downloader unserer effizienten. Speichern Sie Instagram Reel Video-Download, der Instagram-Fotos speichert. Bietet eine Vielzahl von verschiedenen Qualit\u00e4ten und Formaten als Download-Rollen. Folgen Sie einfach den oben angegebenen Schritten f\u00fcr den Online-Download von Instagram-Videos und laden Sie Ihre Dateien herunter, ohne dass sie die Originalqualit\u00e4t verlieren.<\/p>\n\n<ul class=\"wp-block-list\"><li><strong>Komplett frei: <\/strong><\/li><\/ul>\n\n<p>Derzeit ist unser Service f\u00fcr alle v\u00f6llig kostenlos! Wir haben keinem Benutzer f\u00fcr die Nutzung unseres Dienstes Download-Reels in Rechnung gestellt, noch bitten wir sie um kostspielige Abonnements oder Anmeldeinformationen. Stellen Sie also sicher, dass Sie Ihre gew\u00fcnschten Instagram Reels mit unserem kostenlosen Online-Downloader herunterladen!<\/p>\n\n<ul class=\"wp-block-list\"><li><strong>Benutzerfreundliches Bedienfeld: <\/strong><\/li><\/ul>\n\n<p>Reel Download Insta, kein Computerfreak? Die benutzerfreundlichen und einfach zu bedienenden Oberfl\u00e4chenvideos der Website Insta-Downloads machen sie ideal f\u00fcr den t\u00e4glichen Gebrauch f\u00fcr Insta-Downloader. Es erfordert nur ein paar Schritte, um seine Aufgabe zu erf\u00fcllen.<\/p>\n\n<h2 class=\"wp-block-heading\">Wie kann ich die URL f\u00fcr Instagram Reels kopieren?<\/h2>\n\n<p><strong>So k\u00f6nnen Sie die URL-Adresse f\u00fcr Instagram Reels kopieren: <\/strong><\/p>\n\n<ol class=\"wp-block-list\"><li>\u00d6ffnen Sie die Instagram-App oder -Website.<\/li><li>\u00d6ffnen Sie die Rolle, die Sie herunterladen m\u00f6chten.<\/li><li>In der oberen rechten Ecke Ihres Bildschirms befindet sich das 3-Punkte-Symbol.<\/li><li>Nachdem Sie darauf geklickt haben, wird ein Popup-Men\u00fc angezeigt.<\/li><li>Tippen Sie dort auf die Option \u201eLink kopieren\u201c, um den Link in Ihrer Zwischenablage zu speichern.<\/li><\/ol>\n\n<h2 class=\"wp-block-heading\">Warum Instagram Reels Video Downloader verwenden?<\/h2>\n\n<p>Heutzutage gibt es viele Tools im Internet, die eine gro\u00dfe Liste unn\u00f6tiger Schritte verwenden, was es f\u00fcr Benutzer schwieriger macht, reels online herunterzuladen. Im Gegenteil, unser Tool Instagram Reel Download online erledigt die ganze harte Arbeit an Download-Rollen alleine. Instagram Reel Downloader online ist schnell und kostenlos und liefert hochaufl\u00f6sende Ergebnisse ohne das Vorhandensein eines Wasserzeichens. Seine einzigartigen Funktionen f\u00fcr den Online-Download von Instagram-Videos und die hohe Geschwindigkeit machen es zum bevorzugten Tool des Benutzers f\u00fcr den t\u00e4glichen Gebrauch. Wenn Sie das n\u00e4chste Mal beim Scrollen eine lustige oder n\u00fctzliche Instagram-Download-Rolle finden. F\u00fchlen Sie sich frei, Rollen auf Insta it herunterzuladen, indem Sie unseren besten Insta-Video-Downloader verwenden, um erstklassige Ergebnisse zu erzielen!<\/p>\n\n<h2 class=\"wp-block-heading\">H\u00c4UFIG GESTELLTE FRAGEN &#8211; FAQs:<\/h2>\n\n<div class=\"schema-faq wp-block-yoast-faq-block\"><div class=\"schema-faq-section\" id=\"faq-question-1638270810280\"><strong class=\"schema-faq-question\"><strong>Wie speichere ich reels auf Instagram?<\/strong><\/strong> <p class=\"schema-faq-answer\">Es ist wichtig zu wissen, dass wenn ein Instagram-Konto privat ist, wir Ihnen nicht erlauben k\u00f6nnen, Reels Insta direkt von diesem Konto herunterzuladen, nur um die Privatsph\u00e4re dieses Profils zu sch\u00fctzen. Sie k\u00f6nnen jedoch unbegrenzt Instagram Reels von \u00f6ffentlichen Konten herunterladen, die die offene Nutzung ihrer Inhalte erlaubt haben <\/p> <\/div> <div class=\"schema-faq-section\" id=\"faq-question-1638270850019\"><strong class=\"schema-faq-question\"><strong>Werden Konten benachrichtigt, wenn ich Reels von Instagram herunterlade? <\/strong> <\/strong> <p class=\"schema-faq-answer\">Nein, wir stellen sicher, dass die Konten von Insta-Reels-Downloadern nicht benachrichtigt werden, wenn Benutzer Rollen von ihnen herunterladen. Mit Hilfe unseres smarten Insta Videos Download online k\u00f6nnen Sie Rollen anonym speichern. Sie k\u00f6nnen Ihre heruntergeladenen Videos in v\u00f6lliger Anonymit\u00e4t genie\u00dfen, ohne sich Sorgen machen zu m\u00fcssen, dass die Eigent\u00fcmer es herausfinden.<\/p> <\/div> <div class=\"schema-faq-section\" id=\"faq-question-1638270885623\"><strong class=\"schema-faq-question\"><strong>Wie lade ich Instagram Reels online herunter? <\/strong> <\/strong> <p class=\"schema-faq-answer\">Um das Instagram Reels-Video herunterzuladen, kopieren Sie einfach die URL der Rolle in das Textfeld unseres Tools und klicken Sie auf die Schaltfl\u00e4che \u201e <strong>Download<\/strong> \u201c. Download-Dateien f\u00fcr Instagram Reel-Videos werden automatisch auf Ihren Smartphones, Tablets, Laptops oder IOS-Ger\u00e4ten gespeichert. \u00d6ffnen Sie also unsere kostenlosen Online-Instagram-Videos Download und legen Sie los! <\/p> <\/div> <div class=\"schema-faq-section\" id=\"faq-question-1638270924323\"><strong class=\"schema-faq-question\"><strong>Kann ich Instagram Reel online in HD-Qualit\u00e4t herunterladen? <\/strong> <\/strong> <p class=\"schema-faq-answer\">Ja, unser Tool unterst\u00fctzt eine Vielzahl von Formaten f\u00fcr die Konvertierung von Instagram Reels, aber das beliebteste ist HD-Qualit\u00e4t. Sie k\u00f6nnen auch reels von Instagram in der Qualit\u00e4t herunterladen, in der das Video urspr\u00fcnglich auf Instagram hochgeladen wurde. Diese Website gew\u00e4hrleistet jedes Mal Downloads in HD-Qualit\u00e4t!<\/p> <\/div> <div class=\"schema-faq-section\" id=\"faq-question-1638270954117\"><strong class=\"schema-faq-question\"><strong>Ist es illegal, Instagram Reels Videos online herunterzuladen? <\/strong> <\/strong> <p class=\"schema-faq-answer\">Um fair zu sein, Sie werden ziemlich \u00fcberrascht sein zu wissen, dass das Herunterladen oder Konvertieren von Instagram Reels von \u00f6ffentlichen Seiten keine gro\u00dfe Sache ist, vorausgesetzt, dass Sie die Urheberrechte an diesem Video haben. Wenn Sie die heruntergeladenen Dateien f\u00fcr den pers\u00f6nlichen Gebrauch verwenden m\u00f6chten, gilt dies ebenfalls nicht als illegal. Wenn Sie jedoch planen, dass Sie Insta herunterladen, um dieses Video f\u00fcr unternehmerische oder kommerzielle Zwecke zu verwenden, m\u00fcssen Sie die Urheberrechtsgenehmigung vom Eigent\u00fcmer der Rolle einholen.<\/p> <\/div> <div class=\"schema-faq-section\" id=\"faq-question-1638270978704\"><strong class=\"schema-faq-question\"><strong>Wie viele Instagram Reels kann ich mit diesem Tool herunterladen? <\/strong> <br><\/strong> <p class=\"schema-faq-answer\">Das Erstaunlichste an diesem herausragenden Tool ist, dass es f\u00fcr jeden Benutzer unbegrenzte Downloads bietet! Es ist an der Zeit, sich keine Sorgen mehr \u00fcber die Einschr\u00e4nkungen zu machen und den Insta-Reel-Downloader frei zu verwenden, so viele Instagram-Rollen wie m\u00f6glich an einem Tag installiert sind. Wir bieten in der Regel einen 24\/7-Service, 7 Tage die Woche, und sind gleichzeitig v\u00f6llig KOSTENLOS. Wie wundervoll<\/p> <\/div> <\/div>\n\n<h2 class=\"wp-block-heading\">Abschluss:<\/h2>\n\n<p>Jetzt kennen Sie jedes einzelne Detail \u00fcber Instagram-reels und wie sie funktionieren. Das Hauptgeheimnis der Erstellung solch interessanter und ansprechender Instagram Reels ist endlich gel\u00fcftet und wir freuen uns, es zuerst mit Ihnen geteilt zu haben. Mit diesem ausgezeichneten Instagram Reels Downloader k\u00f6nnen Sie Videos auf Instagram f\u00fcr Ihre Favoriten speichern und sie sp\u00e4ter offline ansehen. Nachdem der Download-Prozess der Download-Videos abgeschlossen ist, k\u00f6nnen Sie die konvertierte Datei auf jeder beliebigen Social-Media-Plattform teilen, einschlie\u00dflich Facebook, Snapchat, TikTok und sogar auf WhatsApp. Laden Sie also so viele Instagram-reels herunter, wie Sie m\u00f6chten, indem Sie unsere Website verwenden, ohne Einschr\u00e4nkungen oder Einschr\u00e4nkungen. Also, worauf wartest Du? Es ist Zeit f\u00fcr Sie, in den Zug zu steigen und einige epische Insta-reels zu erstellen! Viel Gl\u00fcck!<\/p>\n","protected":false},"excerpt":{"rendered":"<p>Instagram Reels sind der neue Trend dieser Tage, mit denen Benutzer interessante kurze Clips problemlos [&#8230;..]<\/p>\n","protected":false},"author":1,"featured_media":603,"parent":0,"menu_order":0,"comment_status":"closed","ping_status":"closed","template":"","meta":{"footnotes":""},"class_list":["post-286","page","type-page","status-publish","has-post-thumbnail","hentry"],"acf":[],"aioseo_notices":[],"_links":{"self":[{"href":"https:\/\/y2mate.me\/de\/wp-json\/wp\/v2\/pages\/286","targetHints":{"allow":["GET"]}}],"collection":[{"href":"https:\/\/y2mate.me\/de\/wp-json\/wp\/v2\/pages"}],"about":[{"href":"https:\/\/y2mate.me\/de\/wp-json\/wp\/v2\/types\/page"}],"author":[{"embeddable":true,"href":"https:\/\/y2mate.me\/de\/wp-json\/wp\/v2\/users\/1"}],"replies":[{"embeddable":true,"href":"https:\/\/y2mate.me\/de\/wp-json\/wp\/v2\/comments?post=286"}],"version-history":[{"count":0,"href":"https:\/\/y2mate.me\/de\/wp-json\/wp\/v2\/pages\/286\/revisions"}],"wp:featuredmedia":[{"embeddable":true,"href":"https:\/\/y2mate.me\/de\/wp-json\/wp\/v2\/media\/603"}],"wp:attachment":[{"href":"https:\/\/y2mate.me\/de\/wp-json\/wp\/v2\/media?parent=286"}],"curies":[{"name":"wp","href":"https:\/\/api.w.org\/{rel}","templated":true}]}}