{"id":236,"date":"2021-12-20T15:08:54","date_gmt":"2021-12-20T15:08:54","guid":{"rendered":"https:\/\/y2mate.me\/youtube-shorts-downloader"},"modified":"2022-01-03T10:52:25","modified_gmt":"2022-01-03T10:52:25","slug":"youtube-shorts-downloader","status":"publish","type":"page","link":"https:\/\/y2mate.me\/de\/youtube-shorts-downloader","title":{"rendered":"YouTube Shorts herunterladen"},"content":{"rendered":"\n<h2 class=\"wp-block-heading\">\u00dcber YouTube Shorts Downloader<\/h2>\n\n<p>In einfachen Worten, der YouTube Shorts Downloader ist ein Tool, das es Benutzern erm\u00f6glicht, YouTube Shorts ohne Probleme direkt auf ihr Ger\u00e4t herunterzuladen. Es ist ein m\u00fcheloser Prozess. Alles, was Sie tun m\u00fcssen, ist, die oben genannten Schritte zum Herunterladen von YouTube-Shorts gr\u00fcndlich zu verstehen. Sobald Sie es verstanden haben, k\u00f6nnen Sie Ihre Lieblings-Youtube-Shorts innerhalb einer Minute auf Ihr Ger\u00e4t herunterladen. <\/p>\n\n<h3 class=\"wp-block-heading\">Hauptfunktionen des YouTube Shorts Downloaders<\/h3>\n\n<p>Im Folgenden sind die wichtigsten Funktionen des Shorts-Downloaders aufgef\u00fchrt, die Sie kennen m\u00fcssen:<\/p>\n\n<ul class=\"wp-block-list\"><li><strong>Virenfrei<\/strong><br\/>Wenn Sie neugierig sind, dass die Verwendung dieses Tools Ihrem Ger\u00e4t schaden k\u00f6nnte, m\u00fcssen Sie sich keine Sorgen machen, da der YT Shorts-Downloader virenfrei ist. Es gibt keine damit verbundenen Risiken von Malware, da dieses Tool vollst\u00e4ndig sicher ist.<\/li><\/ul>\n\n<ul class=\"wp-block-list\"><li><strong>Keine Kompromisse bei der Qualit\u00e4t<\/strong><br\/>Die YouTube-Shorts werden \u00fcber dieses Tool in HD-Qualit\u00e4t heruntergeladen. Es gibt nicht einmal einen geringf\u00fcgigen Unterschied in der Qualit\u00e4t der heruntergeladenen YouTube-Shorts im Vergleich zum Original. <\/li><\/ul>\n\n<ul class=\"wp-block-list\"><li><strong>Ein kostenloses Tool<\/strong><br\/>Es ist ein kostenloses Tool, was bedeutet, dass Sie keinen einzigen Cent bezahlen m\u00fcssen, um dieses Tool zu verwenden und Offline-YouTube-Shorts zu genie\u00dfen. <\/li><\/ul>\n\n<ul class=\"wp-block-list\"><li><strong>Leicht zu handhaben<\/strong><br\/>Bei der Verwendung dieses Tools sind keine technischen Details erforderlich, was es benutzerfreundlich macht. Sie m\u00fcssen nur ein paar einfache Schritte ausf\u00fchren, um YouTube-Shorts herunterzuladen, und Sie sind fertig. <\/li><\/ul>\n","protected":false},"excerpt":{"rendered":"<p>\u00dcber YouTube Shorts Downloader In einfachen Worten, der YouTube Shorts Downloader ist ein Tool, das [&#8230;..]<\/p>\n","protected":false},"author":1,"featured_media":743,"parent":0,"menu_order":0,"comment_status":"closed","ping_status":"closed","template":"","meta":{"footnotes":""},"class_list":["post-236","page","type-page","status-publish","has-post-thumbnail","hentry"],"acf":[],"aioseo_notices":[],"_links":{"self":[{"href":"https:\/\/y2mate.me\/de\/wp-json\/wp\/v2\/pages\/236","targetHints":{"allow":["GET"]}}],"collection":[{"href":"https:\/\/y2mate.me\/de\/wp-json\/wp\/v2\/pages"}],"about":[{"href":"https:\/\/y2mate.me\/de\/wp-json\/wp\/v2\/types\/page"}],"author":[{"embeddable":true,"href":"https:\/\/y2mate.me\/de\/wp-json\/wp\/v2\/users\/1"}],"replies":[{"embeddable":true,"href":"https:\/\/y2mate.me\/de\/wp-json\/wp\/v2\/comments?post=236"}],"version-history":[{"count":0,"href":"https:\/\/y2mate.me\/de\/wp-json\/wp\/v2\/pages\/236\/revisions"}],"wp:featuredmedia":[{"embeddable":true,"href":"https:\/\/y2mate.me\/de\/wp-json\/wp\/v2\/media\/743"}],"wp:attachment":[{"href":"https:\/\/y2mate.me\/de\/wp-json\/wp\/v2\/media?parent=236"}],"curies":[{"name":"wp","href":"https:\/\/api.w.org\/{rel}","templated":true}]}}