{"id":185,"date":"2021-12-08T04:15:51","date_gmt":"2021-12-08T04:15:51","guid":{"rendered":"https:\/\/y2mate.me\/y2mate-video-downloader"},"modified":"2021-12-08T05:26:04","modified_gmt":"2021-12-08T05:26:04","slug":"y2mate-video-downloader","status":"publish","type":"page","link":"https:\/\/y2mate.me\/de","title":{"rendered":"Y2mate Video Downloader"},"content":{"rendered":"\n<h2 class=\"wp-block-heading\">Y2mate.me; Kostenloser Online-Video-Downloader; Videos in hoher Qualit\u00e4t online herunterladen<\/h2>\n\n\n\n<p>Jeder lebt heute in einer digitalen Welt. Jeden Moment werden Tausende von Videos auf mehreren Video-Sharing-Websites hochgeladen, die von unterhaltsamen bis hin zu Tutorial-Videos reichen. Milliarden von Nutzern sehen sich diese Videos aus der ganzen Welt an.<\/p>\n\n\n\n<p>Da Video-Sharing-Websites begrenzt sind, besuchen eine Reihe von Benutzern diese Websites jedes Mal. Aber diese Video-Sharing-Plattformen erm\u00f6glichen es den Leuten nur, das Video anzusehen, aber nicht herunterzuladen. Wenn jemand ein bestimmtes Video mag, muss er immer wieder zur\u00fcckgehen, um sich dieses Video anzusehen. Die Leute neigen dazu, dar\u00fcber frustriert zu sein und eine L\u00f6sung f\u00fcr dieses umst\u00e4ndliche Problem zu suchen. <\/p>\n\n\n\n<p>Wenn wir Ihnen sagen, dass es ein System gibt, mit dem Sie Ihre Lieblingsvideos herunterladen und jederzeit ansehen k\u00f6nnen. Nun, mit unserem Video-Downloader k\u00f6nnen Sie jetzt Videos ohne Einschr\u00e4nkungen herunterladen.<\/p>\n\n\n\n<p>Mit <a href=\"https:\/\/y2mate.me\/de\">y2mate.me<\/a> (kostenloser Online-Video-Downloader) k\u00f6nnen Sie von jeder Social-Media-Plattform so viele Videos herunterladen, wie Sie m\u00f6chten. Alle Videos k\u00f6nnen ohne zus\u00e4tzliche Anforderungen in einem fuzz-freien Prozess heruntergeladen werden. Benutzer m\u00fcssen nur die URL ihres Lieblingsvideos kopieren und einf\u00fcgen, und sie erhalten das heruntergeladene Video sofort. <\/p>\n\n\n\n<h2 class=\"wp-block-heading\">\u00dcber den kostenlosen Online-Video-Downloader<\/h2>\n\n\n\n<p>Free Online Video Downloader (von y2mate.me) ist ein kostenloser Downloader, mit dem Benutzer Videos ihrer Wahl herunterladen k\u00f6nnen. Die Schnittstelle dieses Downloaders ist benutzerfreundlich und einfach zu bedienen. <\/p>\n\n\n\n<p>Dieser y2mate &#8211; Video-Downloader bietet qualitativ hochwertiges Herunterladen mit hoher Geschwindigkeit. Mit effektiver Funktionalit\u00e4t und einer schlanken Benutzeroberfl\u00e4che wurde dieser Video-Downloader entwickelt, um den Benutzern die besten Dienste zu bieten. Videos k\u00f6nnen in mehreren Formaten wie MP4, M4A, 3gp usw. heruntergeladen werden.<\/p>\n\n\n\n<p>Wenn Sie mehrere Videos gleichzeitig und in hoher Aufl\u00f6sung herunterladen m\u00f6chten, ist Free Online Video Downloader die beste Wahl f\u00fcr Sie. Sie k\u00f6nnen jedes Video in wenigen Minuten herunterladen und es genie\u00dfen, es sogar offline anzusehen. <\/p>\n","protected":false},"excerpt":{"rendered":"<p>Y2mate.me; Kostenloser Online-Video-Downloader; Videos in hoher Qualit\u00e4t online herunterladen Jeder lebt heute in einer digitalen [&#8230;..]<\/p>\n","protected":false},"author":1,"featured_media":0,"parent":0,"menu_order":0,"comment_status":"closed","ping_status":"closed","template":"font-home.php","meta":{"footnotes":""},"class_list":["post-185","page","type-page","status-publish","hentry"],"acf":[],"aioseo_notices":[],"_links":{"self":[{"href":"https:\/\/y2mate.me\/de\/wp-json\/wp\/v2\/pages\/185","targetHints":{"allow":["GET"]}}],"collection":[{"href":"https:\/\/y2mate.me\/de\/wp-json\/wp\/v2\/pages"}],"about":[{"href":"https:\/\/y2mate.me\/de\/wp-json\/wp\/v2\/types\/page"}],"author":[{"embeddable":true,"href":"https:\/\/y2mate.me\/de\/wp-json\/wp\/v2\/users\/1"}],"replies":[{"embeddable":true,"href":"https:\/\/y2mate.me\/de\/wp-json\/wp\/v2\/comments?post=185"}],"version-history":[{"count":0,"href":"https:\/\/y2mate.me\/de\/wp-json\/wp\/v2\/pages\/185\/revisions"}],"wp:attachment":[{"href":"https:\/\/y2mate.me\/de\/wp-json\/wp\/v2\/media?parent=185"}],"curies":[{"name":"wp","href":"https:\/\/api.w.org\/{rel}","templated":true}]}}